{"id":21759,"date":"2024-11-18T12:45:26","date_gmt":"2024-11-18T12:45:26","guid":{"rendered":"https:\/\/flaxmanlaw.wpenginepowered.com\/preguntas-frecuentes-sobre-resbalones-y-caidas-abogados-de-responsabilidad-predial-del-grupo-legal-flaxman-en-hollywood\/"},"modified":"2025-05-06T09:30:05","modified_gmt":"2025-05-06T09:30:05","slug":"preguntas-frecuentes-sobre-resbalones-y-caidas-abogados-de-responsabilidad-predial-del-grupo-legal-flaxman-en-hollywood","status":"publish","type":"page","link":"https:\/\/flaxmanlaw.com\/es\/preguntas-frecuentes-sobre-resbalones-y-caidas-abogados-de-responsabilidad-predial-del-grupo-legal-flaxman-en-hollywood\/","title":{"rendered":"Preguntas sobre Resbalones y Ca\u00eddas"},"content":{"rendered":"<div class=\"bodytext\">\n<h2>Preguntas frecuentes sobre resbalones y ca\u00eddas<\/h2>\n<div class=\"description\">\n<ul id=\"top\" class=\"no-spacing-list\">\n<li><a href=\"resbal\u00f3n-ca\u00edda-preguntas.html#Demanda\">\u00bfTengo derecho a reclamar?<\/a><\/li>\n<li><a href=\"resbal\u00f3n-ca\u00edda-preguntas.html#ReclamarValor\">\u00bfCu\u00e1nto vale mi reclamaci\u00f3n?<\/a><\/li>\n<li><a href=\"resbal\u00f3n-ca\u00edda-preguntas.html#Resbal\u00f3nCa\u00eddaLesi\u00f3nCasaPrivada\">\u00bfQu\u00e9 ocurre si mi lesi\u00f3n por resbal\u00f3n y ca\u00edda ocurri\u00f3 en una casa o residencia privada?<\/a><\/li>\n<li><a href=\"resbal\u00f3n-ca\u00edda-preguntas.html#Todav\u00edaTengoQueReclamarLesionesParcialmenteObligatorias\">\u00bfTodav\u00eda tengo derecho a reclamar si puedo ser parcialmente responsable de mis lesiones?<\/a><\/li>\n<li><a href=\"resbal\u00f3n-ca\u00edda-preguntas.html#ContactoAbogado\">\u00bfCu\u00e1ndo debo ponerme en contacto con un abogado?<\/a><\/li>\n<\/ul>\n<p><strong id=\"Claim\" class=\"heading4\"> \u00bfTengo derecho a reclamar? <\/strong><\/p>\n<p>Las leyes de Florida y Hollywood establecen que si una persona resulta lesionada por las acciones imprudentes, los actos il\u00edcitos o el comportamiento negligente de otra persona o parte, puede tener una reclamaci\u00f3n legal si esas acciones provocan una lesi\u00f3n. En algunos casos, puede resultar obvio que tienes derecho a reclamar. Por ejemplo, si est\u00e1s visitando una piscina p\u00fablica u otra propiedad fuera de tu casa y resbalas y caes sobre un vertido o una acera irregular, puedes entender que tienes una reclamaci\u00f3n.<\/p>\n<p>En otros casos, puede ser m\u00e1s dif\u00edcil saber si tienes derecho a reclamar. Por ejemplo, si resbalas y te caes en la ba\u00f1era de casa, \u00bftienes derecho a reclamar al fabricante que dise\u00f1\u00f3 la ba\u00f1era o la ducha? Puede ser dif\u00edcil saberlo. Tambi\u00e9n puede ser dif\u00edcil saber si tienes derecho a reclamar si te has ca\u00eddo en una acera, rampa de aparcamiento u otra zona que no tenga defectos evidentes. En estas situaciones, puede ser importante consultar a un ingeniero o investigador para averiguar la causa de tus lesiones.<\/p>\n<p>Si quieres saber si tienes derecho a reclamar, tu mejor opci\u00f3n es obtener una investigaci\u00f3n personalizada de tu situaci\u00f3n concreta. Puedes hacerlo contactando a un abogado de lesiones personales, como la firma del Grupo Legal Flaxman. Los abogados del Grupo Legal Flaxman comprenden que preguntarse si tienes una demanda puede ser muy estresante. Por eso nuestra firma ofrece consultas gratuitas y sin compromiso, para que puedas entender tus opciones sin tener que arriesgar dinero por adelantado.<\/p>\n<p><a href=\"resbalones-ca\u00eddas-preguntas.html#top\">Volver arriba<\/a><\/p>\n<p><strong id=\"ClaimWorth\" class=\"heading4\">\u00bfCu\u00e1nto vale mi reclamaci\u00f3n?<\/strong><\/p>\n<p>El valor de tu posible reclamaci\u00f3n depende de muchas cosas, entre ellas:<\/p>\n<ul class=\"no-spacing-list\">\n<li>Los costes totales relacionados con las lesiones y da\u00f1os sufridos<\/li>\n<li>Los costes futuros totales previstos relacionados con las lesiones y da\u00f1os sufridos<\/li>\n<li>Los responsables implicados<\/li>\n<li>El n\u00famero de responsables implicados<\/li>\n<li>La fuerza del caso<\/li>\n<\/ul>\n<p>Tambi\u00e9n puede haber otras cuestiones que puedan afectar al valor de tu caso. Para obtener una estimaci\u00f3n concreta del valor de tu posible reclamaci\u00f3n, habla con un abogado especializado en lesiones personales que pueda ayudarte a comprender tus derechos y opciones legales.<\/p>\n<p><a href=\"resbalones-ca\u00eddas-preguntas.html#top\">Volver arriba<\/a><\/p>\n<p><strong id=\"SlipFallInjuryPrivateHome\" class=\"heading4\">\u00bfQu\u00e9 ocurre si mi lesi\u00f3n por resbal\u00f3n y ca\u00edda se produjo en una casa o residencia privada?<\/strong><\/p>\n<p>La gente supone que s\u00f3lo puede reclamar por lesiones por resbal\u00f3n y ca\u00edda o por tropiezo y ca\u00edda si se ha lesionado en un local p\u00fablico o en otro negocio de Hollywood o Florida. Esto no es as\u00ed. Si est\u00e1s visitando a unos amigos o familiares cuando sufres una lesi\u00f3n por resbal\u00f3n y ca\u00edda, puedes presentar una demanda contra la compa\u00f1\u00eda de seguros de la residencia privada.<\/p>\n<p>Incluso en tu propia casa, un accidente por resbal\u00f3n y ca\u00edda puede deberse a que un contratista instale incorrectamente tus suelos o a que el fabricante de suelos, ba\u00f1eras o duchas dise\u00f1e o fabrique un producto defectuoso. En estos casos tambi\u00e9n puedes tener derecho a reclamar. Si no est\u00e1s seguro de si tienes o no derecho a reclamar, tu mejor opci\u00f3n es consultar a un abogado especializado en lesiones personales que pueda ayudarte a comprender tus derechos.<\/p>\n<p><a href=\"resbalones-ca\u00eddas-preguntas.html#top\">Volver arriba<\/a><\/p>\n<p><strong id=\"StillHaveClaimPartlyLiableInjuries\" class=\"heading4\">\u00bfTodav\u00eda tengo derecho a reclamar si puedo ser parcialmente responsable de mis lesiones?<\/strong><\/p>\n<p>Muchas personas no obtienen asesoramiento jur\u00eddico sobre sus lesiones o no presentan una reclamaci\u00f3n legal, en algunos casos pensando que no tienen derecho a reclamar porque sus propias acciones contribuyeron a la ca\u00edda. Esto ocurre a menudo con las ca\u00eddas desde balcones, por ejemplo. Una persona puede haberse ca\u00eddo de un balc\u00f3n tras haber bebido y suponer err\u00f3neamente que, por haber bebido, no podr\u00e1 reclamar. Pero no es as\u00ed. Una persona que haya sufrido lesiones puede reclamar aunque sus acciones hayan contribuido a la ca\u00edda.<\/p>\n<p><a href=\"resbalones-ca\u00eddas-preguntas.html#top\">Volver arriba<\/a><\/p>\n<p><strong id=\"ContactAttorney\" class=\"heading4\">\u00bfCu\u00e1ndo debo ponerme en contacto con un abogado?<\/strong><\/p>\n<p>Lo importante es no dudar a la hora de contactar con un abogado. Si has sufrido lesiones, siempre es buena idea consultar a un abogado de lesiones personales. Aunque no est\u00e9s seguro de si tienes derecho a reclamar o aunque no est\u00e9s seguro de si quieres iniciar una reclamaci\u00f3n, es importante obtener asesoramiento jur\u00eddico e iniciar el proceso. Un abogado puede ayudarte con el proceso del seguro y puede ayudarte a comprender tus derechos.<\/p>\n<p>Es importante que consultes a un abogado de lesiones personales inmediatamente despu\u00e9s de tu accidente o lo antes posible tras una lesi\u00f3n. Las pruebas empezar\u00e1n a desaparecer casi de inmediato y querr\u00e1s a alguien que luche para proteger tus derechos y tu futuro. Si quieres contactar r\u00e1pidamente con un abogado, siempre puedes contactar con <a href=\"contacta con nosotros.html\">el Grupo Legal Flaxman<\/a>. La l\u00ednea directa de 24 horas de nuestro bufete, en el 866-352-9626, est\u00e1 atendida las 24 horas del d\u00eda, los siete d\u00edas de la semana, para que siempre puedas contactar con alguien.<\/p>\n<p><a href=\"resbalones-ca\u00eddas-preguntas.html#top\">Volver arriba<\/a><\/p>\n<\/div>\n<\/div>\n","protected":false},"excerpt":{"rendered":"<p>Sin honorarios a menos que ganemos. Llama al 866-352-9626 para una &#8230; <\/p>\n","protected":false},"author":3,"featured_media":0,"parent":0,"menu_order":0,"comment_status":"closed","ping_status":"closed","template":"template-practice-areas.php","meta":{"footnotes":""},"class_list":["post-21759","page","type-page","status-publish","hentry"],"featured_image_src":null,"featured_image_src_square":null,"_links":{"self":[{"href":"https:\/\/flaxmanlaw.com\/es\/wp-json\/wp\/v2\/pages\/21759","targetHints":{"allow":["GET"]}}],"collection":[{"href":"https:\/\/flaxmanlaw.com\/es\/wp-json\/wp\/v2\/pages"}],"about":[{"href":"https:\/\/flaxmanlaw.com\/es\/wp-json\/wp\/v2\/types\/page"}],"author":[{"embeddable":true,"href":"https:\/\/flaxmanlaw.com\/es\/wp-json\/wp\/v2\/users\/3"}],"replies":[{"embeddable":true,"href":"https:\/\/flaxmanlaw.com\/es\/wp-json\/wp\/v2\/comments?post=21759"}],"version-history":[{"count":0,"href":"https:\/\/flaxmanlaw.com\/es\/wp-json\/wp\/v2\/pages\/21759\/revisions"}],"wp:attachment":[{"href":"https:\/\/flaxmanlaw.com\/es\/wp-json\/wp\/v2\/media?parent=21759"}],"curies":[{"name":"wp","href":"https:\/\/api.w.org\/{rel}","templated":true}]}}