{"id":21760,"date":"2024-11-18T12:45:26","date_gmt":"2024-11-18T12:45:26","guid":{"rendered":"https:\/\/flaxmanlaw.wpenginepowered.com\/accidentes-de-vuelco-en-south-miami-abogados-de-accidentes-de-coche-en-el-condado-de-miami-dade\/"},"modified":"2024-11-18T12:45:26","modified_gmt":"2024-11-18T12:45:26","slug":"accidentes-de-vuelco-en-south-miami-abogados-de-accidentes-de-coche-en-el-condado-de-miami-dade","status":"publish","type":"page","link":"https:\/\/flaxmanlaw.com\/es\/accidentes-de-vuelco-en-south-miami-abogados-de-accidentes-de-coche-en-el-condado-de-miami-dade\/","title":{"rendered":"Accidentes de vuelco en South Miami | Abogados de accidentes de coche en el condado de Miami-Dade"},"content":{"rendered":"<div class=\"bodytext\">\n<h2>Accidentes por vuelco en South Miami<\/h1><\/h2>\n<div class=\"description\">\n<p>Los accidentes por vuelco en South Miami y otras comunidades son graves y pueden dar lugar tambi\u00e9n a serias complicaciones legales. Seg\u00fan un estudio de 2007 publicado por la Administraci\u00f3n Nacional de Seguridad del Tr\u00e1fico en Carretera (NHTSA), de las 10.553 muertes por vuelco en EEUU en 2004, unas 8.565 se produjeron por accidentes de un solo veh\u00edculo. Por desgracia, sufrir lesiones en un accidente de un solo veh\u00edculo puede acarrear complicaciones a la hora de presentar una reclamaci\u00f3n al seguro. No hay m\u00e1s conductor culpable que t\u00fa mismo para poder reclamar a trav\u00e9s del seguro. Las personas que han sufrido lesiones de este tipo suelen descubrir que la negligencia no s\u00f3lo se debe a otro conductor, sino tambi\u00e9n a un municipio que no cuida las carreteras o a un defecto de fabricaci\u00f3n del veh\u00edculo. En estos casos, iniciar una reclamaci\u00f3n judicial puede ser la \u00fanica forma de obtener una indemnizaci\u00f3n justa por las lesiones sufridas.     <\/p>\n<p>\u00bfT\u00fa o un ser querido hab\u00e9is resultado heridos en un accidente con vuelco? Si es as\u00ed, necesitar\u00e1s un abogado experimentado que abogue por ti y por tu familia. Los abogados del Grupo Legal Flaxman son abogados de accidentes automovil\u00edsticos y lesiones personales con m\u00e1s de seis d\u00e9cadas de experiencia combinada. Puedes ponerte en contacto con nosotros en cualquier momento a trav\u00e9s de nuestra p\u00e1gina web o de nuestra l\u00ednea de atenci\u00f3n 24 horas al 866-352-9626. Llama hoy mismo para una revisi\u00f3n gratuita de tu caso.    <\/p>\n<p><strong class=\"heading4\">\u00bfTienes una reclamaci\u00f3n por colisi\u00f3n de coche en South Miami o en tu comunidad?<\/strong><\/p>\n<p>En muchos casos, es dif\u00edcil para el lego medio saber si tiene una reclamaci\u00f3n legal. Puede ser a\u00fan m\u00e1s dif\u00edcil evaluar las ofertas de las compa\u00f1\u00edas de seguros. \u00bfC\u00f3mo puedes saber si la cantidad que te ofrece tu compa\u00f1\u00eda de seguros cubrir\u00e1 realmente todos tus gastos de asistencia m\u00e9dica a largo plazo y de reparaci\u00f3n del coche?  <\/p>\n<p>En muchos casos, el seguro te ofrece dinero muy r\u00e1pidamente, antes incluso de que conozcas el alcance total de tus lesiones. Los abogados de lesiones personales de South Miami y otras ciudades del sur de Florida han tratado miles de casos similares al tuyo. Conocen las probables dificultades a las que te enfrentar\u00e1s, as\u00ed como los tipos de costes que puedes esperar en tu zona. Pueden ayudarte a evaluar cu\u00e1nto es probable que pagues de tu bolsillo y pueden ayudarte a ver si tienes una reclamaci\u00f3n legal. Bas\u00e1ndote en esta informaci\u00f3n, podr\u00e1s tomar una decisi\u00f3n informada sobre si t\u00fa y tu familia quer\u00e9is presentar una demanda contra las partes responsables de tu caso.    <\/p>\n<p><strong class=\"heading4\">\u00bfTe gustar\u00eda conocer tus opciones legales?<\/strong><\/p>\n<p>Charles Flaxman, del Grupo Legal Flaxman, cuenta con 10 a\u00f1os de experiencia en la industria de los seguros, as\u00ed como con m\u00e1s de 25 a\u00f1os de experiencia en los tribunales. Esta experiencia \u00fanica en la industria de los seguros significa que entiende exactamente qu\u00e9 pol\u00edticas y t\u00e1cticas utilizan las aseguradoras en la sala del tribunal y en la mesa de negociaciones. Entiende las cuestiones que afectan a tu reclamaci\u00f3n de seguro y a tu proceso judicial. Para poner a Charles Flaxman y a los otros abogados de gastos del <a href=\"contacta con nosotros.html\">Grupo Legal Flaxman<\/a> a trabajar en tu caso, contacta hoy mismo a la firma de servicios integrales del <a href=\"contacta con nosotros.html\">Grupo Legal Flaxman<\/a>.   <\/p>\n<\/p><\/div>\n<\/p><\/div>\n","protected":false},"excerpt":{"rendered":"<p>Sin honorarios a menos que ganemos. Llama al 866-352-9626 para una &#8230; <\/p>\n","protected":false},"author":3,"featured_media":0,"parent":0,"menu_order":0,"comment_status":"closed","ping_status":"closed","template":"template-practice-areas.php","meta":{"footnotes":""},"class_list":["post-21760","page","type-page","status-publish","hentry"],"featured_image_src":null,"featured_image_src_square":null,"_links":{"self":[{"href":"https:\/\/flaxmanlaw.com\/es\/wp-json\/wp\/v2\/pages\/21760","targetHints":{"allow":["GET"]}}],"collection":[{"href":"https:\/\/flaxmanlaw.com\/es\/wp-json\/wp\/v2\/pages"}],"about":[{"href":"https:\/\/flaxmanlaw.com\/es\/wp-json\/wp\/v2\/types\/page"}],"author":[{"embeddable":true,"href":"https:\/\/flaxmanlaw.com\/es\/wp-json\/wp\/v2\/users\/3"}],"replies":[{"embeddable":true,"href":"https:\/\/flaxmanlaw.com\/es\/wp-json\/wp\/v2\/comments?post=21760"}],"version-history":[{"count":0,"href":"https:\/\/flaxmanlaw.com\/es\/wp-json\/wp\/v2\/pages\/21760\/revisions"}],"wp:attachment":[{"href":"https:\/\/flaxmanlaw.com\/es\/wp-json\/wp\/v2\/media?parent=21760"}],"curies":[{"name":"wp","href":"https:\/\/api.w.org\/{rel}","templated":true}]}}