{"id":21761,"date":"2024-11-18T12:45:26","date_gmt":"2024-11-18T12:45:26","guid":{"rendered":"https:\/\/flaxmanlaw.wpenginepowered.com\/accidentes-de-una-sola-moto-en-south-miami-abogados-de-lesiones-de-motocicleta-del-condado-de-miami-dade\/"},"modified":"2024-11-18T12:45:26","modified_gmt":"2024-11-18T12:45:26","slug":"accidentes-de-una-sola-moto-en-south-miami-abogados-de-lesiones-de-motocicleta-del-condado-de-miami-dade","status":"publish","type":"page","link":"https:\/\/flaxmanlaw.com\/es\/accidentes-de-una-sola-moto-en-south-miami-abogados-de-lesiones-de-motocicleta-del-condado-de-miami-dade\/","title":{"rendered":"Accidentes de una sola moto en South Miami | Abogados de lesiones de motocicleta del condado de Miami-Dade"},"content":{"rendered":"<div class=\"bodytext\">\n<h2>Accidentes de una sola bicicleta en South Miami<\/h1><\/h2>\n<div class=\"description\">\n<p>Los errores al conducir una motocicleta pueden provocar lesiones graves y devastadoras o incluso muertes en South Miami y otras comunidades. S\u00f3lo una fracci\u00f3n de segundo puede provocar un deslizamiento grave, la p\u00e9rdida de control en un giro o el vuelco de la motocicleta, lo que a su vez suele provocar lesiones graves. <\/p>\n<p>Si usted ha resultado lesionado en un accidente de motocicleta simple, no dude en contactar al Grupo Legal Flaxman para revisar su situaci\u00f3n en una consulta gratuita y confidencial de su caso. Dependiendo de tu situaci\u00f3n, puedes tener opciones legales para obtener una compensaci\u00f3n justa para pagar los salarios perdidos, las facturas m\u00e9dicas y otros gastos relacionados con tus lesiones. <\/p>\n<p><strong class=\"heading4\">Los fallos mec\u00e1nicos en el sur de Miami y Florida pueden provocar accidentes de moto<\/strong><\/p>\n<p>Los accidentes de una sola moto pueden deberse a diversos factores. Por ejemplo, los conductores negligentes en la carretera pueden hacer que los motoristas se salgan de control y choquen contra un objeto inm\u00f3vil. Un dise\u00f1o deficiente de la carretera o un mantenimiento deficiente de la misma tambi\u00e9n son problemas habituales en los accidentes de una sola moto, ya que los motoristas son m\u00e1s vulnerables a los baches y a las superficies irregulares de la carretera, as\u00ed como a otros problemas de dise\u00f1o.  <\/p>\n<p>Sin embargo, algunos accidentes de moto aislados se deben a un fallo mec\u00e1nico. El fallo mec\u00e1nico puede implicar: <\/p>\n<ul>\n<li>Reventones de neum\u00e1ticos<\/li>\n<li>Fugas de gas<\/li>\n<li>Aver\u00eda de frenos<\/li>\n<li>Problemas de maniobrabilidad<\/li>\n<li>Problemas con los faros o las luces<\/li>\n<li>Problemas con el motor<\/li>\n<\/ul>\n<p>Cada vez que falla una pieza de la motocicleta, el motorista corre peligro. En estas situaciones, es importante consultar a un abogado especializado en lesiones personales si un fallo mec\u00e1nico parece haber causado un accidente. En algunos casos, estos problemas est\u00e1n causados por defectos de fabricaci\u00f3n y el motorista que ha resultado herido puede tener una reclamaci\u00f3n por responsabilidad civil por productos defectuosos en South Miami o en su comunidad que le permita solicitar una indemnizaci\u00f3n por los salarios perdidos, las reparaciones de la motocicleta, los gastos m\u00e9dicos y los muchos otros gastos a los que tendr\u00e1 que hacer frente.  <\/p>\n<p>Se espera que los fabricantes de motocicletas fabriquen y vendan motocicletas seguras y cuidadosamente probadas. Cuando no lo hacen debido a un mal dise\u00f1o, un proceso de fabricaci\u00f3n deficiente u otros problemas, pueden ser considerados responsables si su producto defectuoso causa una lesi\u00f3n. En estos casos, es importante que el motorista busque justicia e indemnizaci\u00f3n. No s\u00f3lo garantiza recursos econ\u00f3micos para una atenci\u00f3n m\u00e9dica de calidad y otros gastos, sino que en muchos casos una demanda en este tipo de situaci\u00f3n puede provocar una retirada del mercado o importantes cambios de fabricaci\u00f3n o dise\u00f1o que pueden ayudar a evitar que otros motoristas sufran lesiones.   <\/p>\n<p><strong class=\"heading4\">\u00bfNecesitas hablar con un abogado de lesiones personales sobre tu colisi\u00f3n?<\/strong><\/p>\n<p>Puedes solicitar hablar con un abogado del Grupo Legal Flaxman enviando una solicitud en nuestro sitio web o llamando a nuestra firma legal en cualquier momento al 866-352-9626. Las l\u00edneas telef\u00f3nicas de nuestra firma legal est\u00e1n atendidas las 24 horas del d\u00eda, los siete d\u00edas de la semana, as\u00ed que siempre contactar\u00e1s a un operador en vivo para tus preguntas. Tenemos tres oficinas convenientemente situadas en Homestead, Hollywood y Miami, pero si est\u00e1s demasiado lesionado para desplazarte, un miembro de nuestro equipo jur\u00eddico estar\u00e1 encantado de reunirse contigo en tu habitaci\u00f3n del hospital, lugar de trabajo o domicilio. Incluso podemos ofrecerte asistencia telef\u00f3nica si la necesitas.   <\/p>\n<\/p><\/div>\n<\/p><\/div>\n","protected":false},"excerpt":{"rendered":"<p>Sin honorarios a menos que ganemos. Llama al 866-352-9626 para una &#8230; <\/p>\n","protected":false},"author":3,"featured_media":0,"parent":0,"menu_order":0,"comment_status":"closed","ping_status":"closed","template":"template-practice-areas.php","meta":{"footnotes":""},"class_list":["post-21761","page","type-page","status-publish","hentry"],"featured_image_src":null,"featured_image_src_square":null,"_links":{"self":[{"href":"https:\/\/flaxmanlaw.com\/es\/wp-json\/wp\/v2\/pages\/21761","targetHints":{"allow":["GET"]}}],"collection":[{"href":"https:\/\/flaxmanlaw.com\/es\/wp-json\/wp\/v2\/pages"}],"about":[{"href":"https:\/\/flaxmanlaw.com\/es\/wp-json\/wp\/v2\/types\/page"}],"author":[{"embeddable":true,"href":"https:\/\/flaxmanlaw.com\/es\/wp-json\/wp\/v2\/users\/3"}],"replies":[{"embeddable":true,"href":"https:\/\/flaxmanlaw.com\/es\/wp-json\/wp\/v2\/comments?post=21761"}],"version-history":[{"count":0,"href":"https:\/\/flaxmanlaw.com\/es\/wp-json\/wp\/v2\/pages\/21761\/revisions"}],"wp:attachment":[{"href":"https:\/\/flaxmanlaw.com\/es\/wp-json\/wp\/v2\/media?parent=21761"}],"curies":[{"name":"wp","href":"https:\/\/api.w.org\/{rel}","templated":true}]}}