{"id":21762,"date":"2024-11-18T12:45:26","date_gmt":"2024-11-18T12:45:26","guid":{"rendered":"https:\/\/flaxmanlaw.wpenginepowered.com\/peligros-de-las-carreteras-de-south-miami-abogados-de-accidentes-de-trafico-del-condado-de-miami-dade\/"},"modified":"2024-11-18T12:45:26","modified_gmt":"2024-11-18T12:45:26","slug":"peligros-de-las-carreteras-de-south-miami-abogados-de-accidentes-de-trafico-del-condado-de-miami-dade","status":"publish","type":"page","link":"https:\/\/flaxmanlaw.com\/es\/peligros-de-las-carreteras-de-south-miami-abogados-de-accidentes-de-trafico-del-condado-de-miami-dade\/","title":{"rendered":"Peligros de las carreteras de South Miami | Abogados de accidentes de tr\u00e1fico del condado de Miami-Dade"},"content":{"rendered":"<div class=\"bodytext\">\n<h2>Peligros de las carreteras de South Miami  <\/h1><\/h2>\n<div class=\"description\">\n<p>Es frustrante y molesto ver que hay escombros en la carretera, baches profundos, grietas en el asfalto y otros peligros viales evitables. Eliges a los representantes de tu comunidad para que mantengan las carreteras en buen estado y para que la comunidad sea segura. Por desgracia, cuando las carreteras est\u00e1n mal mantenidas, mal dise\u00f1adas o presentan otros defectos, el resultado habitual son graves accidentes de coche y de moto en South Miami.  <\/p>\n<p>Si has resultado lesionado en un accidente de tr\u00e1fico que crees que fue causado por peligros viales evitables, puedes tener una demanda legal. Para averiguar si tienes un caso, y para revisar todas tus opciones legales, contacta con el Grupo Legal Flaxman en cualquier momento para una evaluaci\u00f3n gratuita y sin compromiso de tu caso. <\/p>\n<p><strong class=\"heading4\">Actuar con rapidez tras un accidente de coche en South Miami es importante<\/strong><\/p>\n<p>No te equivoques: si has tenido un accidente de coche grave, necesitas un abogado de lesiones personales. Puede que pienses que est\u00e1s cubierto por el seguro del coche, pero ten en cuenta que, una vez que firmas los documentos y aceptas el dinero del seguro, puedes haber perdido tu derecho a buscar una reparaci\u00f3n legal o una indemnizaci\u00f3n adicional m\u00e1s adelante. Incluso si, como tantos pacientes, descubres que el dinero de tu seguro no cubre el coste total de las facturas m\u00e9dicas a largo plazo, as\u00ed como la p\u00e9rdida de ingresos, puede que te queden pocos recursos.  <\/p>\n<p>Puede ser dif\u00edcil para un profano saber cu\u00e1nto pueden acabar costando sus lesiones. La mayor\u00eda de nosotros sencillamente no tenemos que hacer frente a gastos m\u00e9dicos, p\u00e9rdida de ingresos y otros problemas hasta que sufrimos lesiones graves, y a menos que as\u00ed sea. En cambio, los <a href=\"charles-flaxman.html\">abogados especializados<\/a> en <a href=\"charles-flaxman.html\">lesiones personales<\/a> se pasan el d\u00eda tramitando casos similares y comprenden exactamente lo que cuesta conseguir una asistencia m\u00e9dica de calidad, as\u00ed como el tratamiento de diversos tipos de lesiones. Los abogados de lesiones personales tambi\u00e9n comprenden las t\u00e1cticas que utilizan las compa\u00f1\u00edas de seguros para infravalorar las reclamaciones y los tipos de opciones legales que pueden tener los demandantes en este tipo de casos.  <\/p>\n<p>Un abogado especializado en lesiones personales puede ayudarte a comprender los derechos que te asisten en virtud de la legislaci\u00f3n de Florida para obtener una indemnizaci\u00f3n justa. Tambi\u00e9n puede ayudarte a comprender a cu\u00e1nto puedes optar si presentas una demanda y a cu\u00e1nto pueden ascender los costes de tus lesiones, para que puedas tomar la decisi\u00f3n que m\u00e1s te convenga. Si decides interponer una demanda judicial o incluso si decides negociar las ofertas del seguro, un abogado de lesiones personales puede ayudarte en cada paso del camino para que tengas a tu lado a un poderoso profesional del Derecho, que te ayude a proteger a tu familia y tu futuro.  <\/p>\n<p>Los abogados <a href=\"index.html\">del Grupo Legal Flaxman<\/a> cuentan con m\u00e1s de 60 a\u00f1os de experiencia combinada ayudando a demandantes por lesiones personales en todo Florida del Sur. Han ayudado a miles de sobrevivientes de lesiones personales como t\u00fa a obtener una compensaci\u00f3n justa por sus lesiones despu\u00e9s de accidentes de tr\u00e1fico y otras lesiones. De hecho, han recuperado colectivamente m\u00e1s de 100 millones de d\u00f3lares en nombre de sus clientes. Con tres oficinas en la zona del sur de Florida, nuestro equipo jur\u00eddico est\u00e1 preparado para ayudarte si tienes preguntas sobre tus lesiones y tu caso. <a href=\"contacta con nosotros.html\">Ponte en contacto con nosotros<\/a> a cualquier hora del d\u00eda o de la noche para hablar con un profesional y programar una consulta gratuita y sin compromiso.   <\/p>\n<\/p><\/div>\n<\/p><\/div>\n","protected":false},"excerpt":{"rendered":"<p>Sin honorarios a menos que ganemos. Llama al 866-352-9626 para una &#8230; <\/p>\n","protected":false},"author":3,"featured_media":0,"parent":0,"menu_order":0,"comment_status":"closed","ping_status":"closed","template":"template-practice-areas.php","meta":{"footnotes":""},"class_list":["post-21762","page","type-page","status-publish","hentry"],"featured_image_src":null,"featured_image_src_square":null,"_links":{"self":[{"href":"https:\/\/flaxmanlaw.com\/es\/wp-json\/wp\/v2\/pages\/21762","targetHints":{"allow":["GET"]}}],"collection":[{"href":"https:\/\/flaxmanlaw.com\/es\/wp-json\/wp\/v2\/pages"}],"about":[{"href":"https:\/\/flaxmanlaw.com\/es\/wp-json\/wp\/v2\/types\/page"}],"author":[{"embeddable":true,"href":"https:\/\/flaxmanlaw.com\/es\/wp-json\/wp\/v2\/users\/3"}],"replies":[{"embeddable":true,"href":"https:\/\/flaxmanlaw.com\/es\/wp-json\/wp\/v2\/comments?post=21762"}],"version-history":[{"count":0,"href":"https:\/\/flaxmanlaw.com\/es\/wp-json\/wp\/v2\/pages\/21762\/revisions"}],"wp:attachment":[{"href":"https:\/\/flaxmanlaw.com\/es\/wp-json\/wp\/v2\/media?parent=21762"}],"curies":[{"name":"wp","href":"https:\/\/api.w.org\/{rel}","templated":true}]}}