{"id":21765,"date":"2024-11-18T12:45:26","date_gmt":"2024-11-18T12:45:26","guid":{"rendered":"https:\/\/flaxmanlaw.wpenginepowered.com\/agresion-sexual-en-south-miami-abogados-de-lesiones-en-el-condado-de-miami-dade\/"},"modified":"2024-11-18T12:45:26","modified_gmt":"2024-11-18T12:45:26","slug":"agresion-sexual-en-south-miami-abogados-de-lesiones-en-el-condado-de-miami-dade","status":"publish","type":"page","link":"https:\/\/flaxmanlaw.com\/es\/agresion-sexual-en-south-miami-abogados-de-lesiones-en-el-condado-de-miami-dade\/","title":{"rendered":"Agresi\u00f3n sexual en South Miami | Abogados de lesiones en el condado de Miami-Dade"},"content":{"rendered":"<div class=\"bodytext\">\n<h2>Agresi\u00f3n sexual en South Miami<\/h1><\/h2>\n<div class=\"description\">\n<p>Las agresiones sexuales y las agresiones con lesiones son delitos en South Miami y Florida, pero este tipo de agresiones siguen ocurriendo. Las agresiones sexuales, en particular, pueden provocar lesiones terribles y los supervivientes pueden tardar a\u00f1os o incluso toda la vida en recuperarse. <\/p>\n<p>Los abogados <a href=\"contacta con nosotros.html\">del Grupo Legal Flaxman<\/a> quieren ayudarte a evitar que una mala situaci\u00f3n empeore. Nuestro objetivo es ayudar a los demandantes a buscar la recuperaci\u00f3n y ofrecemos asesor\u00eda y asistencia legal r\u00e1pida y bien informada si has resultado lesionado. Simplemente contacta hoy mismo con nuestro bufete para una consulta gratuita sobre accidentes y averiguar qu\u00e9 reparaci\u00f3n legal es posible en tu caso.  <\/p>\n<p><strong class=\"heading4\">Qu\u00e9 hacer si te han agredido sexualmente en South Miami o Florida<\/strong><\/p>\n<p>Sufrir una agresi\u00f3n sexual puede ser una de las experiencias m\u00e1s aterradoras que puede tener una persona. Si has sobrevivido a una agresi\u00f3n sexual, querr\u00e1s: <\/p>\n<p><strong>1) Busca inmediatamente asistencia m\u00e9dica de urgencia<\/strong>. La agresi\u00f3n sexual es un delito y una urgencia m\u00e9dica. Puedes haberte expuesto a enfermedades y haber sufrido una lesi\u00f3n grave al intentar luchar contra tu agresor. Algunas supervivientes sufren fracturas \u00f3seas, traumatismos craneoencef\u00e1licos e incluso traumatismos medulares como consecuencia de sus agresiones. Acude a un servicio de urgencias para obtener asistencia inmediata y para que los m\u00e9dicos recojan pruebas de la agresi\u00f3n. Si decides presentar cargos o interponer una demanda civil, estas pruebas pueden ser importantes.     <\/p>\n<p><strong>2) Cu\u00eddate<\/strong>. Una agresi\u00f3n sexual puede ser uno de los delitos m\u00e1s traumatizantes. Puede dejarte asustada, alterada e incluso deprimida. En urgencias o en la consulta de tu m\u00e9dico, inf\u00f3rmate sobre los grupos de apoyo a v\u00edctimas de agresiones sexuales, los centros de crisis por violaci\u00f3n y otros recursos disponibles en tu comunidad. Habla con alguien si tienes problemas para afrontar las secuelas de la agresi\u00f3n.    <\/p>\n<p><strong>3) Re\u00fane pruebas<\/strong>. Lleva un diario de los gastos relacionados con tu agresi\u00f3n, as\u00ed como de los s\u00edntomas que puedas tener, y ten cualquier prueba del delito en s\u00ed. Si decides buscar justicia en tu caso, las pruebas pueden ayudarte a demostrar tu demanda.  <\/p>\n<p><strong>4) Decide si hablar con las autoridades<\/strong>. Querr\u00e1s obtener asesoramiento jur\u00eddico tras tu agresi\u00f3n. Tal vez quieras hablar con un abogado de lesiones personales para averiguar si querr\u00e1s presentar una demanda civil para reclamar una indemnizaci\u00f3n al agresor, as\u00ed como a otras partes responsables. Adem\u00e1s, tal vez quieras hablar con las autoridades si decides presentar cargos penales por la agresi\u00f3n. Decidir presentar cargos civiles y penales es una decisi\u00f3n profundamente personal y puede resultar dif\u00edcil para muchos supervivientes. Es posible que desees obtener asesoramiento jur\u00eddico para explorar todas tus opciones y que desees hablar con un asesor o un grupo de apoyo si tienes problemas para decidir si buscas justicia en tu caso.     <\/p>\n<p>Si has resultado lesionado en un ataque o agresi\u00f3n, contacta inmediatamente con <a href=\"contacta con nosotros.html\">el Grupo Legal Flaxman<\/a>. Tu consulta telef\u00f3nica inicial es gratuita y sin compromiso. Puedes hablar sobre tu situaci\u00f3n con un miembro de nuestro atento y profesional equipo legal para hacer preguntas y obtener asesor\u00eda legal personalizada sobre tu situaci\u00f3n. Podemos ayudarte a comprender tus derechos para que puedas tomar una decisi\u00f3n informada sobre los pasos que quieras dar.   <\/p>\n<\/p><\/div>\n<\/p><\/div>\n","protected":false},"excerpt":{"rendered":"<p>Sin honorarios a menos que ganemos. Llama al 866-352-9626 para una &#8230; <\/p>\n","protected":false},"author":3,"featured_media":0,"parent":0,"menu_order":0,"comment_status":"closed","ping_status":"closed","template":"template-practice-areas.php","meta":{"footnotes":""},"class_list":["post-21765","page","type-page","status-publish","hentry"],"featured_image_src":null,"featured_image_src_square":null,"_links":{"self":[{"href":"https:\/\/flaxmanlaw.com\/es\/wp-json\/wp\/v2\/pages\/21765","targetHints":{"allow":["GET"]}}],"collection":[{"href":"https:\/\/flaxmanlaw.com\/es\/wp-json\/wp\/v2\/pages"}],"about":[{"href":"https:\/\/flaxmanlaw.com\/es\/wp-json\/wp\/v2\/types\/page"}],"author":[{"embeddable":true,"href":"https:\/\/flaxmanlaw.com\/es\/wp-json\/wp\/v2\/users\/3"}],"replies":[{"embeddable":true,"href":"https:\/\/flaxmanlaw.com\/es\/wp-json\/wp\/v2\/comments?post=21765"}],"version-history":[{"count":0,"href":"https:\/\/flaxmanlaw.com\/es\/wp-json\/wp\/v2\/pages\/21765\/revisions"}],"wp:attachment":[{"href":"https:\/\/flaxmanlaw.com\/es\/wp-json\/wp\/v2\/media?parent=21765"}],"curies":[{"name":"wp","href":"https:\/\/api.w.org\/{rel}","templated":true}]}}