{"id":21770,"date":"2024-11-18T12:45:26","date_gmt":"2024-11-18T12:45:26","guid":{"rendered":"https:\/\/flaxmanlaw.wpenginepowered.com\/lesiones-personales-en-south-miami-abogados-de-accidentes-en-el-condado-de-miami-dade\/"},"modified":"2025-05-06T08:38:24","modified_gmt":"2025-05-06T08:38:24","slug":"lesiones-personales-en-south-miami-abogados-de-accidentes-en-el-condado-de-miami-dade","status":"publish","type":"page","link":"https:\/\/flaxmanlaw.com\/es\/lesiones-personales-en-south-miami-abogados-de-accidentes-en-el-condado-de-miami-dade\/","title":{"rendered":"Lesiones personales en South Miami | Abogados en Miami-Dade"},"content":{"rendered":"<div class=\"bodytext\">\n<h2>Lesiones personales en South Miami<\/h1><\/h2>\n<div class=\"description\">\n<p>El sur de Miami, en Florida, se conoce a veces como La Ciudad de la Vida Agradable, debido a sus numerosos espacios verdes, barrios arbolados, edificios hist\u00f3ricos y su concurrido centro. Situado en el condado de Miami-Dade, South Miami est\u00e1 cerca de Miami y de la Universidad de Miami. Culturalmente diversa, South Miami es una de las comunidades m\u00e1s antiguas del condado (se constituy\u00f3 en 1927) y ofrece multitud de servicios modernos, as\u00ed como restaurantes y lugares de ocio.<\/p>\n<p>Aunque South Miami es un gran lugar para vivir y visitar, sin embargo, como cualquier ciudad, tiene sus peligros. Por ejemplo, en el sur de Miami, la autopista 1 (South Dixie Highway) es una calle muy transitada por la que pasan decenas de miles de veh\u00edculos cada d\u00eda. Cualquier calle con esta cantidad de tr\u00e1fico ve su cuota de <a href=\"accidentes-coche.html\">accidentes de coche<\/a> en South Miami y las consiguientes <a href=\"lesiones-personales.html\">lesiones personales<\/a>. Si has sufrido lesiones en un accidente o por otros medios en el Sur de Miami, contacta al equipo legal del Grupo Legal Flaxman para obtener ayuda inmediata y una consulta gratuita y sin compromiso para hablar sobre tu caso.<\/p>\n<p>Si has sufrido lesiones personales en South Miami, puedes sentirte asustado y confuso. Puedes sentirte presionado para firmar documentos o reclamaciones de seguros que no entiendes. Puedes estar perdiendo ingresos y enfrent\u00e1ndote a grandes facturas m\u00e9dicas. Un experimentado abogado de lesiones personales del Grupo Legal Flaxman en Miami del Sur puede ayudarte. Un buen abogado puede revisar los documentos antes de que los firmes, puede investigar tu accidente o lesi\u00f3n y puede ayudarte a comprender tus derechos. Tu abogado puede mostrarte c\u00f3mo puedes asegurarte de no pagar t\u00fa mismo la mayor parte de tus lesiones.<\/p>\n<p>El equipo legal del <a href=\"sobre nosotros.html\">Grupo Legal Flaxman<\/a> se enorgullece de servir al \u00e1rea del Sur de Miami y de haber podido ayudar a miles de sobrevivientes de lesiones personales del Sur de Miami y de Florida. Con experiencia en una variedad de \u00e1reas de pr\u00e1ctica &#8211; incluyendo accidentes automovil\u00edsticos, <a href=\"accidentes por resbalones y ca\u00eddas.html\">accidentes por resbal\u00f3n y ca\u00edda<\/a>, <a href=\"responsabilidad patrimonial.html\">responsabilidad de predios<\/a>, y m\u00e1s &#8211; y con una extensa experiencia en juicios, el equipo legal del Grupo Legal Flaxman est\u00e1 altamente capacitado y experimentado para ayudar a gente como t\u00fa. Llama hoy para concertar una cita gratuita y hablar de tu caso.<\/p>\n<p>El Sur de Miami, Florida, est\u00e1 a s\u00f3lo 12 minutos en coche de las oficinas del Grupo Legal Flaxman en Miami. Para llegar a las oficinas desde South Miami, conduce hacia el sur por SW 62nd Avenue y gira a la derecha en SW 72nd Street\/Sunset Drive. Gira ligeramente a la derecha para incorporarte a FL-826 N\/Palmetto Expressway. Toma la rampa hacia FL-826 N y luego toma la salida FL-836 E\/FL-836 W hacia el aeropuerto. Incorp\u00f3rate a FL-836 E y luego sal a FL-959 S\/NW 57th Avenue\/N Red Road. Gira a la derecha en Blue Lagoon Drive. El despacho del Grupo Legal Flaxman estar\u00e1 a la derecha, en el 6303 de Blue Lagoon Drive.<\/p>\n<\/div>\n<div class=\"subpageslist\"><strong class=\"heading4 widget-title\"><a href=\"accidente-coche-sur-miami.html\">Accidentes de tr\u00e1fico<\/a><\/strong> <strong class=\"heading4 widget-title\"><a href=\"accidente-cami\u00f3n-sur-miami.html\">Accidentes de cami\u00f3n<\/a><\/strong> <strong class=\"heading4 widget-title\"><a href=\"accidente-motocicleta-sur-miami.html\">Accidentes de moto<\/a><\/strong> <strong class=\"heading4 widget-title\"><a href=\"deslizamiento y ca\u00edda del sur de miami.html\">Accidentes por resbalones y ca\u00eddas<\/a><\/strong> <strong class=\"heading4 widget-title\"><a href=\"muerte por negligencia.html\">Muerte por negligencia<\/a><\/strong> <strong class=\"heading4 widget-title\"><a href=\"lesi\u00f3n-cabeza-miami-sur.html\">Lesi\u00f3n en la cabeza<\/a><\/strong> <strong class=\"heading4 widget-title\"><a href=\"accidente-bicicleta-sur-miami.html\">Accidentes de bicicleta<\/a><\/strong> <strong class=\"heading4 widget-title\"><a href=\"responsabilidad-productos-sur-miami.html\">Responsabilidad por productos defectuosos<\/a><\/strong> <strong class=\"heading4 widget-title\"><a href=\"accidente-autobus-sur-miami.html\">Accidentes de autob\u00fas<\/a><\/strong> <strong class=\"heading4 widget-title\"><a href=\"negligencia-m\u00e9dica-sur-miami.html\">Negligencia m\u00e9dica<\/a><\/strong> <strong class=\"heading4 widget-title\"><a href=\"abuso en residencias de ancianos del sur de miami.html\">Abuso en residencias de ancianos<\/a><\/strong> <strong class=\"heading4 widget-title\"><a href=\"lesiones-trabajo-sur-miami.html\">Lesiones laborales<\/a><\/strong> <strong class=\"heading4 widget-title\"><a href=\"lesiones-ni\u00f1os-miami-sur.html\">Lesiones infantiles<\/a><\/strong> <strong class=\"heading4 widget-title\"><a href=\"negligencia-farmac\u00e9utica-miami-sur.html\">Negligencia farmac\u00e9utica<\/a><\/strong> <strong class=\"heading4 widget-title\"><a href=\"impacto del lado sur de miami.html\">Impacto lateral<\/a><\/strong> <strong class=\"heading4 widget-title\"><a href=\"derecho-sur-miami-seguros.html\">Derecho de seguros<\/a><\/strong> <strong class=\"heading4 widget-title\"><a href=\"south-miami-atropellado-por-un-conductor-borracho.html\">Atropellado por un conductor ebrio<\/a><\/strong> <strong class=\"heading4 widget-title\"><a href=\"accidente con fuga en el sur de miami.html\">Accidentes con fuga<\/a><\/strong> <strong class=\"heading4 widget-title\"><a href=\"amputaciones-miami-sur.html\">Amputaciones<\/a><\/strong> <strong class=\"heading4 widget-title\"><a href=\"lesiones-parto-sur-miami.html\">Lesiones en el parto<\/a><\/strong> <strong class=\"heading4 widget-title\"><a href=\"south-miami-dog-bites.html\">Mordeduras de perro<\/a><\/strong> <strong class=\"heading4 widget-title\"><a href=\"accidentes en el sur de miami.html\">Accidentes por no ceder el paso<\/a><\/strong> <strong class=\"heading4 widget-title\"><a href=\"south-miami-choque frontal.html\">Colisi\u00f3n frontal<\/a><\/strong> <strong class=\"heading4 widget-title\"><a href=\"south-miami-accidente-de-motorista-sin-seguro.html\">Accidentes de motoristas con seguro insuficiente<\/a><\/strong> <strong class=\"heading4 widget-title\"><a href=\"peligros de las carreteras del sur de miami.html\">Peligros de la carretera<\/a><\/strong> <strong class=\"heading4 widget-title\"><a href=\"south-miami-beach-poor-road-design.html\">Mal dise\u00f1o de las carreteras<\/a><\/strong> <strong class=\"heading4 widget-title\"><a href=\"fallo-miami-sur.html\">Fallo mec\u00e1nico<\/a><\/strong> <strong class=\"heading4 widget-title\"><a href=\"accidentes-en-cadena-miami-sur.html\">Accidentes en cadena<\/a><\/strong> <strong class=\"heading4 widget-title\"><a href=\"accidentes-volcaduras-miami-sur.html\">Accidentes por vuelco<\/a><\/strong> <strong class=\"heading4 widget-title\"><a href=\"colisiones-sur-de-miami.html\">Colisiones en Broadside<\/a><\/strong> <strong class=\"heading4 widget-title\"><a href=\"south-miami-accidentes de cambio de carril inseguro.html\">Accidentes por cambio de carril inseguro<\/a><\/strong> <strong class=\"heading4 widget-title\"><a href=\"accidentes-intersecciones-miami-sur.html\">Accidentes en intersecciones<\/a><\/strong> <strong class=\"heading4 widget-title\"><a href=\"seguridad-pasajeros-sur-miami.html\">Seguridad de los pasajeros<\/a><\/strong> <strong class=\"heading4 widget-title\"><a href=\"colisiones de giro a la izquierda en miami-sur.html\">Colisiones por giro a la izquierda<\/a><\/strong> <strong class=\"heading4 widget-title\"><a href=\"accidentes en el sur de miami.html\">Accidentes por alcance<\/a><\/strong> <strong class=\"heading4 widget-title\"><a href=\"sur-miami-automovil-motocicleta.html\">Autom\u00f3vil y Motocicleta<\/a><\/strong> <strong class=\"heading4 widget-title\"><a href=\"south-miami-equipamiento-pesado-fracasos.html\">Aver\u00edas de maquinaria pesada<\/a><\/strong> <strong class=\"heading4 widget-title\"><a href=\"sur-miami-drogas-peligrosas.html\">Drogas peligrosas<\/a><\/strong> <strong class=\"heading4 widget-title\"><a href=\"abandono-fisico-sur-miami.html\">Negligencia f\u00edsica<\/a><\/strong> <strong class=\"heading4 widget-title\"><a href=\"south-miami-medical-neglect.html\">Negligencia m\u00e9dica<\/a><\/strong> <strong class=\"heading4 widget-title\"><a href=\"sur-miami-supervisi\u00f3n-inadecuada.html\">Supervisi\u00f3n inadecuada<\/a><\/strong> <strong class=\"heading4 widget-title\"><a href=\"vida-asistida-miami-sur-negligencia.html\">Negligencia en residencias asistidas<\/a><\/strong> <strong class=\"heading4 widget-title\"><a href=\"abuso de ancianos en el sur de miami.html\">Abuso de ancianos<\/a><\/strong> <strong class=\"heading4 widget-title\"><a href=\"abuso-fisico-sur-miami.html\">Maltrato f\u00edsico<\/a><\/strong> <strong class=\"heading4 widget-title\"><a href=\"asalto-sexual-miami-sur.html\">Agresi\u00f3n sexual<\/a><\/strong> <strong class=\"heading4 widget-title\"><a href=\"lesiones cerebrales.html\">Lesi\u00f3n cerebral<\/a><\/strong> <strong class=\"heading4 widget-title\"><a href=\"accidente-bus-escolar-sur-miami.html\">Accidentes de autob\u00fas escolar<\/a><\/strong> <strong class=\"heading4 widget-title\"><a href=\"accidente-transporte-p\u00fablico-sur-miami.html\">Accidentes en el transporte p\u00fablico<\/a><\/strong> <strong class=\"heading4 widget-title\"><a href=\"south-miami-private-buses.html\">Autobuses privados<\/a><\/strong> <strong class=\"heading4 widget-title\"><a href=\"responsabilidad-local-sur-de-miami.html\">Responsabilidad de los locales<\/a><\/strong> <strong class=\"heading4 widget-title\"><a href=\"sur-miami-seguridad-inadecuada.html\">Seguridad inadecuada<\/a><\/strong> <strong class=\"heading4 widget-title\"><a href=\"south-miami-dwi-dui-car-accidents.html\">Accidentes de tr\u00e1fico por DWI\/DUI<\/a><\/strong><\/div>\n<\/div>\n","protected":false},"excerpt":{"rendered":"<p>Sin honorarios a menos que ganemos. Llama al 866-352-9626 para una &#8230; <\/p>\n","protected":false},"author":3,"featured_media":0,"parent":0,"menu_order":0,"comment_status":"closed","ping_status":"closed","template":"template-practice-areas.php","meta":{"footnotes":""},"class_list":["post-21770","page","type-page","status-publish","hentry"],"featured_image_src":null,"featured_image_src_square":null,"_links":{"self":[{"href":"https:\/\/flaxmanlaw.com\/es\/wp-json\/wp\/v2\/pages\/21770","targetHints":{"allow":["GET"]}}],"collection":[{"href":"https:\/\/flaxmanlaw.com\/es\/wp-json\/wp\/v2\/pages"}],"about":[{"href":"https:\/\/flaxmanlaw.com\/es\/wp-json\/wp\/v2\/types\/page"}],"author":[{"embeddable":true,"href":"https:\/\/flaxmanlaw.com\/es\/wp-json\/wp\/v2\/users\/3"}],"replies":[{"embeddable":true,"href":"https:\/\/flaxmanlaw.com\/es\/wp-json\/wp\/v2\/comments?post=21770"}],"version-history":[{"count":0,"href":"https:\/\/flaxmanlaw.com\/es\/wp-json\/wp\/v2\/pages\/21770\/revisions"}],"wp:attachment":[{"href":"https:\/\/flaxmanlaw.com\/es\/wp-json\/wp\/v2\/media?parent=21770"}],"curies":[{"name":"wp","href":"https:\/\/api.w.org\/{rel}","templated":true}]}}