{"id":21772,"date":"2024-11-18T12:45:26","date_gmt":"2024-11-18T12:45:26","guid":{"rendered":"https:\/\/flaxmanlaw.wpenginepowered.com\/seguridad-de-los-pasajeros-en-south-miami-abogados-de-accidentes-de-coche-en-el-condado-de-miami-dade\/"},"modified":"2024-11-18T12:45:26","modified_gmt":"2024-11-18T12:45:26","slug":"seguridad-de-los-pasajeros-en-south-miami-abogados-de-accidentes-de-coche-en-el-condado-de-miami-dade","status":"publish","type":"page","link":"https:\/\/flaxmanlaw.com\/es\/seguridad-de-los-pasajeros-en-south-miami-abogados-de-accidentes-de-coche-en-el-condado-de-miami-dade\/","title":{"rendered":"Seguridad de los pasajeros en South Miami | Abogados de accidentes de coche en el condado de Miami-Dade"},"content":{"rendered":"<div class=\"bodytext\">\n<h2>Seguridad de los pasajeros en South Miami<\/h1><\/h2>\n<div class=\"description\">\n<p>Los conductores suelen creer que controlan su destino, pero como pasajeros a menudo nos sentimos m\u00e1s vulnerables. Puede ser especialmente perturbador sufrir lesiones como pasajero. Como automovilista, probablemente pagas tu seguro y eliges la cobertura que m\u00e1s te conviene. Si sufres lesiones como conductor, puedes ponerte en contacto con tu compa\u00f1\u00eda de seguros para presentar una reclamaci\u00f3n. Como ocupante de un veh\u00edculo, sin embargo, dependes de la cobertura del seguro del conductor, que puede no tener seguro o tenerlo insuficiente. Adem\u00e1s, puede resultar inc\u00f3modo intentar negociar con las compa\u00f1\u00edas de seguros cuando una de ellas representa al conductor y no a ti. No obstante, si has resultado herido como ocupante en un accidente de coche en South Miami o en cualquier lugar de Florida, tienes derechos. Puedes ponerte en contacto con un abogado de lesiones personales para negociar con las compa\u00f1\u00edas de seguros o para presentar una reclamaci\u00f3n judicial o buscar otras v\u00edas de indemnizaci\u00f3n.       <\/p>\n<p>Como conductores y pasajeros ocasionales nosotros mismos, en el Grupo Legal Flaxman trabajamos para proteger a quienes han resultado lesionados en choques viales. Nuestro equipo de abogados trabaja con investigadores, expertos en reconstrucci\u00f3n de accidentes, ingenieros y otros para buscar una compensaci\u00f3n por todas las v\u00edas posibles. Al mismo tiempo, sin embargo, comprendemos que los accidentes de tr\u00e1fico suelen ser momentos muy dif\u00edciles y hacemos todo lo posible para proporcionar a nuestros clientes la asistencia atenta y compasiva que se merecen. Para saber m\u00e1s sobre nuestra firma legal y lo que podemos hacer por usted, contacte al Grupo Legal Flaxman para una evaluaci\u00f3n gratuita de su caso.   <\/p>\n<p><strong class=\"heading4\">Las lesiones de los pasajeros son frecuentes en las colisiones de autom\u00f3viles<\/strong><\/p>\n<p>Los pasajeros de un accidente de tr\u00e1fico pueden sufrir muchos tipos de lesiones, entre ellas:<\/p>\n<ul>\n<li>Laceraciones<\/li>\n<li>Lesiones en la cabeza<\/li>\n<li>Latigazo cervical<\/li>\n<li>Lesiones internas<\/li>\n<li>Lesiones de tejidos blandos<\/li>\n<li>Amputaciones<\/li>\n<li>Lesiones en pies y piernas<\/li>\n<li>Fracturas<\/li>\n<li>Lesiones medulares<\/li>\n<li>Hernia discal<\/li>\n<\/ul>\n<p><strong class=\"heading4\">Lesiones de ni\u00f1os pasajeros en South Miami y Florida<\/strong><\/p>\n<p>Aunque los pasajeros adultos sufren muchos tipos de lesiones, los ni\u00f1os ocupantes de un coche pueden ser a\u00fan m\u00e1s vulnerables en caso de accidente. La mejor forma de prevenir las lesiones infantiles es colocar a los ni\u00f1os en el asiento trasero del coche y utilizar un sistema de retenci\u00f3n de seguridad adecuado a su edad. <\/p>\n<p>No hay motivo para que un ni\u00f1o viaje en un veh\u00edculo sin un sistema de retenci\u00f3n adecuado. Un sistema de retenci\u00f3n adecuado a la edad del ni\u00f1o, como una silla de coche o un asiento elevador, puede mejorar mucho las posibilidades de que sobreviva a un accidente de coche. Estos asientos est\u00e1n especialmente dise\u00f1ados para mantener a los ni\u00f1os en su sitio y evitar que salgan despedidos por el interior del veh\u00edculo.  <\/p>\n<p>Los abogados <a href=\"index.html\">del Grupo Legal Flaxman<\/a> han visto los efectos de los choques viales graves y trabajamos duro a favor de los clientes lesionados porque comprendemos lo devastadoras que pueden ser estas colisiones que cambian la vida. Nuestro equipo de abogados negocia con las aseguradoras, construye casos s\u00f3lidos, y persigue agresivamente los casos ante los tribunales. Nuestro objetivo en todo esto es el mismo: ofrecer a nuestros clientes la mejor posibilidad de indemnizaci\u00f3n posible y proporcionarles el apoyo que necesitan mientras empiezan a curarse. Para enterarte de lo que nuestra firma de servicios integrales puede hacer por ti y para saber si tienes una demanda legal, <a href=\"contacta con nosotros.html\">contacta<\/a> hoy mismo al Grupo Legal Flaxman para recibir una consulta gratuita sobre tu caso.   <\/p>\n<\/p><\/div>\n<\/p><\/div>\n","protected":false},"excerpt":{"rendered":"<p>Sin honorarios a menos que ganemos. Llama al 866-352-9626 para una &#8230; <\/p>\n","protected":false},"author":3,"featured_media":0,"parent":0,"menu_order":0,"comment_status":"closed","ping_status":"closed","template":"template-practice-areas.php","meta":{"footnotes":""},"class_list":["post-21772","page","type-page","status-publish","hentry"],"featured_image_src":null,"featured_image_src_square":null,"_links":{"self":[{"href":"https:\/\/flaxmanlaw.com\/es\/wp-json\/wp\/v2\/pages\/21772","targetHints":{"allow":["GET"]}}],"collection":[{"href":"https:\/\/flaxmanlaw.com\/es\/wp-json\/wp\/v2\/pages"}],"about":[{"href":"https:\/\/flaxmanlaw.com\/es\/wp-json\/wp\/v2\/types\/page"}],"author":[{"embeddable":true,"href":"https:\/\/flaxmanlaw.com\/es\/wp-json\/wp\/v2\/users\/3"}],"replies":[{"embeddable":true,"href":"https:\/\/flaxmanlaw.com\/es\/wp-json\/wp\/v2\/comments?post=21772"}],"version-history":[{"count":0,"href":"https:\/\/flaxmanlaw.com\/es\/wp-json\/wp\/v2\/pages\/21772\/revisions"}],"wp:attachment":[{"href":"https:\/\/flaxmanlaw.com\/es\/wp-json\/wp\/v2\/media?parent=21772"}],"curies":[{"name":"wp","href":"https:\/\/api.w.org\/{rel}","templated":true}]}}