{"id":21773,"date":"2024-11-18T12:45:26","date_gmt":"2024-11-18T12:45:26","guid":{"rendered":"https:\/\/flaxmanlaw.wpenginepowered.com\/negligencia-fisica-en-south-miami-abogados-de-abuso-de-ancianos-en-el-condado-de-miami-dade\/"},"modified":"2024-11-18T12:45:26","modified_gmt":"2024-11-18T12:45:26","slug":"negligencia-fisica-en-south-miami-abogados-de-abuso-de-ancianos-en-el-condado-de-miami-dade","status":"publish","type":"page","link":"https:\/\/flaxmanlaw.com\/es\/negligencia-fisica-en-south-miami-abogados-de-abuso-de-ancianos-en-el-condado-de-miami-dade\/","title":{"rendered":"Negligencia F\u00edsica en South Miami | Abogados de Abuso de Ancianos en el Condado de Miami-Dade"},"content":{"rendered":"<div class=\"bodytext\">\n<h2>Negligencia f\u00edsica en South Miami<\/h1><\/h2>\n<div class=\"description\">\n<p>La negligencia f\u00edsica y los malos tratos a ancianos en South Miami y Florida no se limitan a v\u00edctimas, comunidades o instalaciones concretas. Puede ocurrir literalmente en cualquier lugar y a cualquier persona. Por desgracia, suele afectar a los m\u00e1s vulnerables, incluidos los que deben vivir en un centro de asistencia o en una residencia de ancianos porque no pueden valerse por s\u00ed mismos. Por supuesto, cuando se ingresa a un ser querido en un entorno de cuidados de larga duraci\u00f3n, la familia suele esperar que se le proporcione la mejor atenci\u00f3n de calidad posible. De hecho, la mayor\u00eda de las familias dedican hoy un tiempo considerable a considerar e investigar diferentes centros. Sin embargo, incluso con una investigaci\u00f3n cuidadosa, es posible que se produzcan negligencias y abusos f\u00edsicos. En estos casos, es importante buscar asesoramiento jur\u00eddico y presentar todas las demandas posibles para enviar un mensaje firme de que el maltrato y el abandono de ancianos son siempre totalmente inaceptables.      <\/p>\n<p>Los abogados del Grupo Legal Flaxman han sido la voz de las v\u00edctimas de abuso y negligencia en asilos de ancianos, as\u00ed como de otros demandantes en todo Florida del Sur. Para saber si tienes una demanda, contacta hoy mismo con el Grupo Legal Flaxman para averiguar qu\u00e9 se puede hacer en tu caso. <\/p>\n<p><strong class=\"heading4\">\u00bfQu\u00e9 Suceder\u00e1 Cuando Contacte al Grupo Legal Flaxman para Hablar de mi Caso de Negligencia F\u00edsica en Miami del Sur?<\/strong><\/p>\n<p>Cuando contactes con el Grupo Legal Flaxman, una de las primeras cosas que suceder\u00e1 es que te pondr\u00e1s en contacto con un asistente legal o abogado si llamas a nuestro n\u00famero gratuito de 24 horas al d\u00eda, siete d\u00edas a la semana, al 866-352-9626. Si <a href=\"contacta con nosotros.html\">te pones en contacto con nosotros a trav\u00e9s de nuestro formulario online<\/a>, una persona de nuestro bufete se pondr\u00e1 r\u00e1pidamente en contacto contigo. Podr\u00e1s hacer preguntas y tambi\u00e9n concertar una consulta gratuita y confidencial sobre tu caso. Si lo necesitas, tambi\u00e9n puedes solicitar asesoramiento jur\u00eddico por tel\u00e9fono.   <\/p>\n<p>Si te re\u00fanes con nosotros en una evaluaci\u00f3n de tu caso sin compromiso, puedes hacer preguntas, aprender m\u00e1s sobre el Grupo Legal Flaxman, y obtener respuestas sobre el valor de tu caso potencial, as\u00ed como sobre tu capacidad para buscar una compensaci\u00f3n legal. Si decides trabajar con el Grupo Legal Flaxman, nuestra firma de servicios integrales se encargar\u00e1 de todos los detalles. Podemos ayudarte a encontrar m\u00e9dicos para tus lesiones y podemos construir un caso s\u00f3lido en tu nombre. Te mantendremos informado mientras tu caso se abre camino en los tribunales o mientras negociamos con las aseguradoras en tu nombre.   <\/p>\n<p><strong class=\"heading4\">Consigue asistencia jur\u00eddica hoy<\/strong><\/p>\n<p>Con el Grupo Legal Flaxman en el caso, no tendr\u00e1s que tratar con compa\u00f1\u00edas de seguros, acusados, u otros en tu caso porque nuestros abogados y equipo legal se encargar\u00e1n de todo. Si ganas un acuerdo extrajudicial o un veredicto judicial, nuestros abogados se pondr\u00e1n en contacto contigo. Si necesitas ayuda o recursos adicionales, nuestro personal est\u00e1 siempre disponible para ayudarte. Si te preocupan los costos de asegurar una firma de servicios legales completos en tu nombre, ten en mente que el Grupo Legal Flaxman acepta casos en base a honorarios de contingencia. Esto significa que usted no tendr\u00e1 que pagar costos u honorarios hasta que y a menos que recuperemos dinero en su nombre.    <\/p>\n<\/p><\/div>\n<\/p><\/div>\n","protected":false},"excerpt":{"rendered":"<p>Sin honorarios a menos que ganemos. Llama al 866-352-9626 para una &#8230; <\/p>\n","protected":false},"author":3,"featured_media":0,"parent":0,"menu_order":0,"comment_status":"closed","ping_status":"closed","template":"template-practice-areas.php","meta":{"footnotes":""},"class_list":["post-21773","page","type-page","status-publish","hentry"],"featured_image_src":null,"featured_image_src_square":null,"_links":{"self":[{"href":"https:\/\/flaxmanlaw.com\/es\/wp-json\/wp\/v2\/pages\/21773","targetHints":{"allow":["GET"]}}],"collection":[{"href":"https:\/\/flaxmanlaw.com\/es\/wp-json\/wp\/v2\/pages"}],"about":[{"href":"https:\/\/flaxmanlaw.com\/es\/wp-json\/wp\/v2\/types\/page"}],"author":[{"embeddable":true,"href":"https:\/\/flaxmanlaw.com\/es\/wp-json\/wp\/v2\/users\/3"}],"replies":[{"embeddable":true,"href":"https:\/\/flaxmanlaw.com\/es\/wp-json\/wp\/v2\/comments?post=21773"}],"version-history":[{"count":0,"href":"https:\/\/flaxmanlaw.com\/es\/wp-json\/wp\/v2\/pages\/21773\/revisions"}],"wp:attachment":[{"href":"https:\/\/flaxmanlaw.com\/es\/wp-json\/wp\/v2\/media?parent=21773"}],"curies":[{"name":"wp","href":"https:\/\/api.w.org\/{rel}","templated":true}]}}