{"id":21774,"date":"2024-11-18T12:45:26","date_gmt":"2024-11-18T12:45:26","guid":{"rendered":"https:\/\/flaxmanlaw.wpenginepowered.com\/camiones-con-sobrepeso-sobrecarga-en-south-miami-abogados-de-accidentes-de-camion-en-el-condado-de-miami-dade\/"},"modified":"2024-11-18T12:45:26","modified_gmt":"2024-11-18T12:45:26","slug":"camiones-con-sobrepeso-sobrecarga-en-south-miami-abogados-de-accidentes-de-camion-en-el-condado-de-miami-dade","status":"publish","type":"page","link":"https:\/\/flaxmanlaw.com\/es\/camiones-con-sobrepeso-sobrecarga-en-south-miami-abogados-de-accidentes-de-camion-en-el-condado-de-miami-dade\/","title":{"rendered":"Camiones con sobrepeso \/ sobrecarga en South Miami | Abogados de accidentes de cami\u00f3n en el condado de Miami-Dade"},"content":{"rendered":"<div class=\"bodytext\">\n<h2>Camiones con sobrepeso \/ sobrecarga en South Miami<\/h1><\/h2>\n<div class=\"description\">\n<p>Probablemente hayas visto las estaciones de pesaje visibles a lo largo de las autopistas y carreteras principales de Florida y de todo el pa\u00eds. Estas estaciones est\u00e1n dise\u00f1adas para garantizar que los camiones comerciales, como los de gran tonelaje y los tractores-remolque, obedezcan los l\u00edmites federales de peso establecidos para proteger las carreteras y a los usuarios de las mismas en todo el pa\u00eds. Los camiones con exceso de peso suponen un grave peligro no s\u00f3lo para la infraestructura y la seguridad de las carreteras, sino tambi\u00e9n para los dem\u00e1s conductores. Cada a\u00f1o, hay personas que resultan gravemente heridas o mueren cuando los camioneros pierden el control de sus veh\u00edculos o se ven implicados en accidentes de vuelco en South Miami y otras comunidades porque su carga estaba correctamente cargada o porque \u00e9sta superaba los l\u00edmites de peso seguros.   <\/p>\n<p>Si no est\u00e1s seguro de qu\u00e9 hacer despu\u00e9s de un accidente de cami\u00f3n o no est\u00e1s seguro de si tienes una demanda legal, contacta a los abogados del Grupo Legal Flaxman para una evaluaci\u00f3n gratuita de tu caso. Tu consulta inicial es tu oportunidad de hablar con un miembro de nuestro equipo legal para evaluar los m\u00e9ritos de tu demanda y obtener asesor\u00eda legal sobre c\u00f3mo puedes buscar un recurso legal en tu situaci\u00f3n. Podemos ayudarte a comprender el valor de tu caso, la solidez de tu caso potencial y el probable coste total de tus lesiones. Incluso podemos ayudarte a encontrar recursos locales que puedan ayudarte a ti y a tu familia mientras empiezas a curarte.   <\/p>\n<p><strong class=\"heading4\">Costes a tener en cuenta tras un accidente grave de cami\u00f3n o coche en South Miami o en tu comunidad<\/strong><\/p>\n<p>Un accidente de cami\u00f3n puede ser muy caro y despu\u00e9s de este tipo de accidente puede que tengas que pagar:<\/p>\n<ul>\n<li>Tratamiento m\u00e9dico de urgencia<\/li>\n<li>Medicaci\u00f3n<\/li>\n<li>Estancias hospitalarias<\/li>\n<li>Salarios perdidos<\/li>\n<li>Cuidados a domicilio o en residencias asistidas si has sufrido lesiones permanentes<\/li>\n<li>Sillas de ruedas, aparatos ortop\u00e9dicos, pr\u00f3tesis, muletas y otros dispositivos farmac\u00e9uticos o m\u00e9dicos<\/li>\n<li>Tratamiento m\u00e9dico continuado, incluyendo fisioterapia, terapia ocupacional, asesoramiento y otros servicios.<\/li>\n<li>Los llamados procedimientos electivos, como injertos de piel para laceraciones<\/li>\n<li>Da\u00f1os materiales<\/li>\n<li>Reparaci\u00f3n de coches<\/li>\n<li>Costes de sustituci\u00f3n de tu veh\u00edculo si est\u00e1 demasiado da\u00f1ado para repararlo<\/li>\n<li>Gastos de alquiler de coche y de transporte mientras reparan tu coche<\/li>\n<li>El coste de instalar barras de apoyo en tu cuarto de ba\u00f1o, rampas para sillas de ruedas en tu casa u otros elementos para que tu casa sea accesible mientras te recuperas.<\/li>\n<li>Servicios y tratamientos m\u00e9dicos<\/li>\n<li>Citas con especialistas<\/li>\n<li>Gastos accesorios<\/li>\n<\/ul>\n<p>Obviamente, estos gastos pueden acabar costando decenas de miles de d\u00f3lares o incluso cientos de miles de d\u00f3lares. Una lesi\u00f3n grave y permanente en Florida, como una lesi\u00f3n cerebral o una lesi\u00f3n medular, puede acabar costando millones de d\u00f3lares a lo largo de la vida del paciente en gastos m\u00e9dicos, p\u00e9rdida de ingresos, gastos imprevistos y mucho m\u00e1s. Si te has lesionado por causas ajenas a tu voluntad, es importante que protejas tus derechos y hables con un abogado especializado en lesiones personales para revisar tus opciones de obtener una indemnizaci\u00f3n en tu caso.  <\/p>\n<p><strong class=\"heading4\">\u00bfQuieres m\u00e1s informaci\u00f3n sobre los derechos legales que puedes tener tras un accidente grave de cami\u00f3n?<\/strong><\/p>\n<p>Programa hoy mismo una consulta confidencial y sin compromiso con <a href=\"index.html\">el Grupo Legal Flaxman<\/a>. La evaluaci\u00f3n gratuita de su caso es su oportunidad para que un miembro de nuestro equipo legal responda a sus inquietudes y preguntas. Nuestra firma de servicios integrales cuenta con abogados que tienen m\u00e1s de 60 a\u00f1os de experiencia combinada y podemos ayudarle a comprender sus opciones legales, as\u00ed como los siguientes pasos que puede dar para protegerse y proteger a su familia.  <\/p>\n<\/p><\/div>\n<\/p><\/div>\n","protected":false},"excerpt":{"rendered":"<p>Sin honorarios a menos que ganemos. Llama al 866-352-9626 para una &#8230; <\/p>\n","protected":false},"author":3,"featured_media":0,"parent":0,"menu_order":0,"comment_status":"closed","ping_status":"closed","template":"template-practice-areas.php","meta":{"footnotes":""},"class_list":["post-21774","page","type-page","status-publish","hentry"],"featured_image_src":null,"featured_image_src_square":null,"_links":{"self":[{"href":"https:\/\/flaxmanlaw.com\/es\/wp-json\/wp\/v2\/pages\/21774","targetHints":{"allow":["GET"]}}],"collection":[{"href":"https:\/\/flaxmanlaw.com\/es\/wp-json\/wp\/v2\/pages"}],"about":[{"href":"https:\/\/flaxmanlaw.com\/es\/wp-json\/wp\/v2\/types\/page"}],"author":[{"embeddable":true,"href":"https:\/\/flaxmanlaw.com\/es\/wp-json\/wp\/v2\/users\/3"}],"replies":[{"embeddable":true,"href":"https:\/\/flaxmanlaw.com\/es\/wp-json\/wp\/v2\/comments?post=21774"}],"version-history":[{"count":0,"href":"https:\/\/flaxmanlaw.com\/es\/wp-json\/wp\/v2\/pages\/21774\/revisions"}],"wp:attachment":[{"href":"https:\/\/flaxmanlaw.com\/es\/wp-json\/wp\/v2\/media?parent=21774"}],"curies":[{"name":"wp","href":"https:\/\/api.w.org\/{rel}","templated":true}]}}