{"id":21775,"date":"2024-11-18T12:45:26","date_gmt":"2024-11-18T12:45:26","guid":{"rendered":"https:\/\/flaxmanlaw.wpenginepowered.com\/abuso-fisico-en-south-miami-abogados-de-lesiones-en-el-condado-de-miami-dade\/"},"modified":"2024-11-18T12:45:26","modified_gmt":"2024-11-18T12:45:26","slug":"abuso-fisico-en-south-miami-abogados-de-lesiones-en-el-condado-de-miami-dade","status":"publish","type":"page","link":"https:\/\/flaxmanlaw.com\/es\/abuso-fisico-en-south-miami-abogados-de-lesiones-en-el-condado-de-miami-dade\/","title":{"rendered":"Abuso f\u00edsico en South Miami | Abogados de lesiones en el condado de Miami-Dade"},"content":{"rendered":"<div class=\"bodytext\">\n<h2>Abuso f\u00edsico en South Miami<\/h1><\/h2>\n<div class=\"description\">\n<p>Cuando la mayor\u00eda de la gente piensa en casos de lesiones personales en South Miami y Florida, se imagina negligencias m\u00e9dicas, accidentes de coche o situaciones similares. Sin embargo, estos actos no intencionados no son las \u00fanicas situaciones en las que son posibles las demandas civiles. Los agravios intencionados o il\u00edcitos civiles se producen cuando el demandado supuestamente hace algo intencionado y causa lesiones. Los casos de agresi\u00f3n con lesiones son un ejemplo de ello. Si has resultado lesionado en una agresi\u00f3n, puedes tener derecho a reclamar da\u00f1os y perjuicios.    <\/p>\n<p>Contacta con <a href=\"index.html\">el Grupo Legal Flaxman<\/a> en cualquier momento para concertar una revisi\u00f3n gratuita y confidencial de tu caso y averiguar si tienes una demanda. Nuestros experimentados abogados litigantes en lesiones personales ya han recuperado m\u00e1s de 100 millones de d\u00f3lares a favor de demandantes por lesiones personales y cuentan con m\u00e1s de 60 a\u00f1os de experiencia combinada en seguros y leyes que pueden ser puestos a trabajar en su caso. <\/p>\n<p><strong class=\"heading4\">Comprender los casos de agresi\u00f3n y asalto<\/strong><\/p>\n<p>Muchas demandas por lesiones personales -incluidos los accidentes de cami\u00f3n y los casos de resbalones y ca\u00eddas- son consecuencia de un acto accidental e imprevisto. Los casos de agresi\u00f3n y asalto son distintos porque son consecuencia de actos intencionados. En consecuencia, se conocen como casos de agravio intencionado derivados de il\u00edcitos civiles. En estos casos, no tienes que demostrar que el agresor ten\u00eda intenci\u00f3n de lesionarte, pero puedes reclamar judicialmente si demuestras que la agresi\u00f3n fue intencionada.   <\/p>\n<p>Los casos de agresi\u00f3n y asalto tambi\u00e9n son diferentes de muchos casos de lesiones personales, porque en estas situaciones tambi\u00e9n suelen presentarse cargos penales. La buena noticia es que, pase lo que pase en la parte penal del caso, es posible que puedas reclamar da\u00f1os civiles en tu caso. Aunque el agresor nunca sea detenido o sea absuelto en el tribunal penal, es posible que puedas reclamar da\u00f1os y perjuicios y justicia a trav\u00e9s de los tribunales civiles.  <\/p>\n<p><strong class=\"heading4\">Prevenci\u00f3n de agresiones en South Miami y en tu comunidad<\/strong><\/p>\n<p>Hay muchas formas de prevenir las agresiones f\u00edsicas:<\/p>\n<ul>\n<li>Con iluminaci\u00f3n adecuada en zonas remotas<\/li>\n<li>Con seguridad o polic\u00eda fuera de servicio<\/li>\n<li>Con un control adecuado de los empleados y otros visitantes de una propiedad<\/li>\n<li>Con avisos que alerten a los visitantes de cualquier peligro en una propiedad<\/li>\n<li>Con un buen control de multitudes<\/li>\n<li>Con c\u00e1maras de seguridad y otros sistemas de seguridad<\/li>\n<li>Publicando informaci\u00f3n sobre las c\u00e1maras de seguridad instaladas<\/li>\n<\/ul>\n<p>Por desgracia, muchos propietarios no toman estas sencillas precauciones porque les preocupan los costes. La realidad es que una buena seguridad no es cara y puede ayudar a evitar lesiones graves y agresiones. Cuando los propietarios son negligentes porque recortan gastos, pueden ser considerados responsables si se produce una agresi\u00f3n o un asalto en su propiedad. Si el propietario fue parcialmente responsable en tu caso, puedes reclamar contra tu agresor y contra el propietario.   <\/p>\n<p>Si te has lesionado en cualquier comunidad del sur de Florida, necesitas buscar la m\u00e1xima indemnizaci\u00f3n por p\u00e9rdida de ingresos, lesiones, gastos m\u00e9dicos y mucho m\u00e1s. Para buscar la m\u00e1xima indemnizaci\u00f3n, necesitar\u00e1s la ayuda de un abogado cualificado en lesiones personales. Si crees que puedes tener una demanda o tienes preguntas sobre tu accidente o lesiones, <a href=\"contacta con nosotros.html\">contacta con<\/a> el Grupo Legal Flaxman para obtener ayuda inmediata.  <\/p>\n<\/p><\/div>\n<\/p><\/div>\n","protected":false},"excerpt":{"rendered":"<p>Sin honorarios a menos que ganemos. Llama al 866-352-9626 para una &#8230; <\/p>\n","protected":false},"author":3,"featured_media":0,"parent":0,"menu_order":0,"comment_status":"closed","ping_status":"closed","template":"template-practice-areas.php","meta":{"footnotes":""},"class_list":["post-21775","page","type-page","status-publish","hentry"],"featured_image_src":null,"featured_image_src_square":null,"_links":{"self":[{"href":"https:\/\/flaxmanlaw.com\/es\/wp-json\/wp\/v2\/pages\/21775","targetHints":{"allow":["GET"]}}],"collection":[{"href":"https:\/\/flaxmanlaw.com\/es\/wp-json\/wp\/v2\/pages"}],"about":[{"href":"https:\/\/flaxmanlaw.com\/es\/wp-json\/wp\/v2\/types\/page"}],"author":[{"embeddable":true,"href":"https:\/\/flaxmanlaw.com\/es\/wp-json\/wp\/v2\/users\/3"}],"replies":[{"embeddable":true,"href":"https:\/\/flaxmanlaw.com\/es\/wp-json\/wp\/v2\/comments?post=21775"}],"version-history":[{"count":0,"href":"https:\/\/flaxmanlaw.com\/es\/wp-json\/wp\/v2\/pages\/21775\/revisions"}],"wp:attachment":[{"href":"https:\/\/flaxmanlaw.com\/es\/wp-json\/wp\/v2\/media?parent=21775"}],"curies":[{"name":"wp","href":"https:\/\/api.w.org\/{rel}","templated":true}]}}