{"id":21778,"date":"2024-11-18T12:45:24","date_gmt":"2024-11-18T12:45:24","guid":{"rendered":"https:\/\/flaxmanlaw.wpenginepowered.com\/tropiezo-y-caida-en-un-centro-comercial-hollywood-florida-abogados-de-responsabilidad-de-locales\/"},"modified":"2025-12-04T04:08:00","modified_gmt":"2025-12-04T04:08:00","slug":"tropiezo-y-caida-en-un-centro-comercial-hollywood-florida-abogados-de-responsabilidad-de-locales","status":"publish","type":"page","link":"https:\/\/flaxmanlaw.com\/es\/tropiezo-y-caida-en-un-centro-comercial-hollywood-florida-abogados-de-responsabilidad-de-locales\/","title":{"rendered":"Viaje al centro comercial y ca\u00edda"},"content":{"rendered":"<div class=\"bodytext\">\n<h2>Viaje al centro comercial y ca\u00edda<\/h2>\n<div class=\"description\">\n<p>Hollywood y otras comunidades del sur de Florida son conocidas como grandes lugares para ir de compras, con muchos peque\u00f1os grandes centros comerciales y centros comerciales. Aunque los centros comerciales ofrecen una forma muy c\u00f3moda de ir de compras, sin embargo, estos locales comerciales son tambi\u00e9n el lugar de muchas lesiones y, en concreto, de muchas lesiones por tropiezos y ca\u00eddas cada a\u00f1o.<\/p>\n<p>Si has resultado lesionado en un accidente de tropez\u00f3n y ca\u00edda en Hollywood o en cualquier parte de Florida del Sur, es importante que tengas en mente que las leyes del estado te protegen. Si deseas asesor\u00eda legal sobre tus lesiones, siempre puedes contactar a los abogados de lesiones personales del Grupo Legal Flaxman. Ya que el equipo de nuestro bufete entiende lo estresantes y aterradoras que pueden ser las lesiones, ofrecemos consultas gratuitas y sin compromiso. Si usted ha resultado lesionado, ll\u00e1menos hoy mismo para programar su consulta sin costo.<\/p>\n<p><strong class=\"heading4\">Los centros comerciales pueden suponer un mayor riesgo de lesiones por tropiezos y ca\u00eddas<\/strong><\/p>\n<p>Hay muchas razones por las que los centros comerciales plantean un riesgo especialmente alto de accidentes por tropiezos y ca\u00eddas y por resbalones y ca\u00eddas:<\/p>\n<ul>\n<li>En los centros comerciales hay muchas tiendas y zonas comunes, lo que puede crear cierta confusi\u00f3n sobre qui\u00e9n es responsable de cada zona.<\/li>\n<li>En las zonas comerciales puede haber muchos compradores, sobre todo en horas punta, y esto puede hacer m\u00e1s probables los accidentes por tropiezos y ca\u00eddas<\/li>\n<li>Muchos centros comerciales tienen ascensores, escaleras mec\u00e1nicas, escaleras y otras zonas de mayor riesgo<\/li>\n<li>Los compradores pueden distraerse con los escaparates, lo que puede hacer m\u00e1s probables los accidentes por tropiezos y ca\u00eddas<\/li>\n<li>Los compradores pueden dejar restos o bebidas derramadas, causando un riesgo para los dem\u00e1s<\/li>\n<li>Muchos centros comerciales tienen una alta rotaci\u00f3n de personal, y el personal reci\u00e9n contratado puede no estar familiarizado con todas las pol\u00edticas y tareas laborales (como la limpieza de suelos).<\/li>\n<li>Los objetos peque\u00f1os pueden caerse de las estanter\u00edas o baldas, lo que supone un peligro de tropiezo<\/li>\n<li>Las zonas comerciales tienen \u00e1reas de mucho tr\u00e1nsito y los suelos de estas zonas pueden desgastarse r\u00e1pidamente, suponiendo un peligro de tropiezo<\/li>\n<\/ul>\n<p>A pesar de estos riesgos, se espera que los directores de los centros comerciales, as\u00ed como los encargados de las tiendas individuales, tomen precauciones razonables para evitar lesiones. De hecho, las empresas tienen un alto deber de diligencia para con sus clientes. Cuando las empresas y los centros comerciales no toman las precauciones adecuadas, los clientes lesionados pueden tener derecho a reclamar una indemnizaci\u00f3n mediante una demanda judicial.<\/p>\n<p><strong class=\"heading4\">\u00bfC\u00f3mo te indemnizar\u00e1n si te lesionas en un centro comercial?<\/strong><\/p>\n<p>Por desgracia, a las personas que sufren lesiones en centros comerciales a veces les resulta dif\u00edcil obtener indemnizaci\u00f3n y justicia por sus lesiones. Los propietarios del centro comercial y las empresas que alquilan la propiedad del centro comercial a veces se se\u00f1alan mutuamente con el dedo, y puede ser dif\u00edcil determinar la causa exacta de una lesi\u00f3n. En algunos casos, a los compradores se les ofrece una cantidad de indemnizaci\u00f3n muy peque\u00f1a, aunque esta cantidad no cubra los costes de las facturas m\u00e9dicas, los salarios perdidos y otros gastos.<\/p>\n<p><strong class=\"heading4\">\u00bfTienes derecho a reclamar?<\/strong><\/p>\n<p>La buena noticia es que si te has lesionado en un centro comercial puede haber varias partes responsables, lo que puede mejorar las posibilidades de buscar coempsnaci\u00f3n y justicia. Por desgracia, estos casos suelen ser complejos y requieren un equipo jur\u00eddico muy experimentado en lesiones personales.<\/p>\n<p>Si has resultado lesionado, siempre puedes ponerte en contacto con <a href=\"contacta con nosotros.html\">el Grupo Legal Flaxman<\/a> para una revisi\u00f3n gratuita y sin compromiso de tu caso. Los abogados de nuestro equipo cuentan con m\u00e1s de sesenta a\u00f1os de experiencia combinada. Nuestro equipo ya ha ayudado a asegurar m\u00e1s de 100 millones de d\u00f3lares en victorias judiciales y acuerdos para nuestros clientes. Si usted desea una evaluaci\u00f3n legal honesta de sus opciones legales, contacte hoy mismo a la firma del Grupo Legal Flaxman para obtener una revisi\u00f3n de su caso sin costo alguno.<\/p>\n<\/div>\n<div class=\"subpageslist\"><\/div>\n<\/div>\n","protected":false},"excerpt":{"rendered":"<p>Sin honorarios a menos que ganemos. Llama al 866-352-9626 para una &#8230; <\/p>\n","protected":false},"author":3,"featured_media":0,"parent":0,"menu_order":0,"comment_status":"closed","ping_status":"closed","template":"template-practice-areas.php","meta":{"footnotes":""},"class_list":["post-21778","page","type-page","status-publish","hentry"],"featured_image_src":null,"featured_image_src_square":null,"_links":{"self":[{"href":"https:\/\/flaxmanlaw.com\/es\/wp-json\/wp\/v2\/pages\/21778","targetHints":{"allow":["GET"]}}],"collection":[{"href":"https:\/\/flaxmanlaw.com\/es\/wp-json\/wp\/v2\/pages"}],"about":[{"href":"https:\/\/flaxmanlaw.com\/es\/wp-json\/wp\/v2\/types\/page"}],"author":[{"embeddable":true,"href":"https:\/\/flaxmanlaw.com\/es\/wp-json\/wp\/v2\/users\/3"}],"replies":[{"embeddable":true,"href":"https:\/\/flaxmanlaw.com\/es\/wp-json\/wp\/v2\/comments?post=21778"}],"version-history":[{"count":0,"href":"https:\/\/flaxmanlaw.com\/es\/wp-json\/wp\/v2\/pages\/21778\/revisions"}],"wp:attachment":[{"href":"https:\/\/flaxmanlaw.com\/es\/wp-json\/wp\/v2\/media?parent=21778"}],"curies":[{"name":"wp","href":"https:\/\/api.w.org\/{rel}","templated":true}]}}