{"id":21779,"date":"2024-11-18T12:45:24","date_gmt":"2024-11-18T12:45:24","guid":{"rendered":"https:\/\/flaxmanlaw.wpenginepowered.com\/colisiones-de-un-solo-vehiculo-abogados-de-accidentes-de-trafico-en-hollywood-florida\/"},"modified":"2025-12-04T04:02:09","modified_gmt":"2025-12-04T04:02:09","slug":"colisiones-de-un-solo-vehiculo-abogados-de-accidentes-de-trafico-en-hollywood-florida","status":"publish","type":"page","link":"https:\/\/flaxmanlaw.com\/es\/colisiones-de-un-solo-vehiculo-abogados-de-accidentes-de-trafico-en-hollywood-florida\/","title":{"rendered":"Colisiones de un solo veh\u00edculo"},"content":{"rendered":"<div class=\"bodytext\">\n<h2>Colisiones de un solo veh\u00edculo<\/h2>\n<div class=\"description\">\n<p>Cuando la mayor\u00eda de nosotros pensamos en un accidente de coche, nos imaginamos dos coches chocando entre s\u00ed. Sin embargo, muchos accidentes de coche en ciudades del sur de Florida, como Hollywood, implican a un solo veh\u00edculo. Este tipo de colisiones pueden ser tan mortales como las que implican a varios veh\u00edculos. En algunos casos, estos accidentes pueden ser incluso m\u00e1s peligrosos.<\/p>\n<p>Si has resultado herido en un accidente con un solo veh\u00edculo, \u00bfsabes si tu compa\u00f1\u00eda de seguros te proteger\u00e1? Obviamente, no puedes ponerte en contacto con la compa\u00f1\u00eda de seguros que representa al otro conductor porque puede que no haya otro conductor implicado. Sin embargo, no cometas el error de suponer que no hay responsables ni opciones. Puede que tengas m\u00e1s opciones legales de las que crees. Para revisar sus derechos, contacte al Grupo Legal Flaxman, una firma de abogados con oficinas en Hollywood, Homestead y Miami. Nuestro equipo local de abogados de lesiones personales en Florida del Sur puede reunirse contigo en una revisi\u00f3n gratuita de tu caso para averiguar qu\u00e9 opciones existen en tu situaci\u00f3n.<\/p>\n<p><strong class=\"heading4\">Las colisiones de un solo veh\u00edculo pueden provocar lesiones graves<\/strong><\/p>\n<p>Hay varias cosas que hacen que las colisiones de un solo veh\u00edculo sean especialmente peligrosas:<\/p>\n<ul>\n<li>Puede que no haya otro motorista disponible para prestar ayuda a tiempo para proporcionar ayuda m\u00e9dica que salve la vida del accidentado<\/li>\n<li>Las colisiones de un solo veh\u00edculo suelen producirse en tramos largos de carretera o en autopistas, donde la velocidad puede ser un factor a tener en cuenta<\/li>\n<li>Puede ser m\u00e1s dif\u00edcil reclamar una indemnizaci\u00f3n en los accidentes de un solo veh\u00edculo que en los accidentes en los que intervienen varias compa\u00f1\u00edas de seguros.<\/li>\n<li>La compa\u00f1\u00eda de seguros o las autoridades pueden culpar autom\u00e1ticamente al conductor implicado, sin tener en cuenta todas las posibles causas del accidente<\/li>\n<\/ul>\n<p><strong class=\"heading4\">Buscar indemnizaci\u00f3n tras una colisi\u00f3n de un solo coche<\/strong><\/p>\n<p>Muchos conductores suponen que, si se ven implicados en una colisi\u00f3n de un solo veh\u00edculo, no tienen el mismo derecho a reclamar una indemnizaci\u00f3n a su compa\u00f1\u00eda de seguros. Al fin y al cabo, si no hay otro motorista implicado, pueden suponer err\u00f3neamente que ellos han causado el accidente. Pero no siempre es as\u00ed.<\/p>\n<p>Incluso en las colisiones de un solo veh\u00edculo, puede haber varias partes responsables. Por ejemplo, si una se\u00f1alizaci\u00f3n inadecuada o un mal dise\u00f1o de la carretera causaron la colisi\u00f3n, el automovilista puede reclamar una indemnizaci\u00f3n al municipio donde se produjo el accidente. Si la colisi\u00f3n se debi\u00f3 a un fallo mec\u00e1nico o a un defecto del veh\u00edculo, el conductor puede reclamar al fabricante del veh\u00edculo o a otras partes responsables. El hecho de que no pareciera haber nadie m\u00e1s implicado en el accidente no significa que la colisi\u00f3n fuera enteramente culpa tuya.<\/p>\n<p><strong class=\"heading4\">Obtener respuestas tras un accidente de tr\u00e1fico<\/strong><\/p>\n<p>Si has sufrido una colisi\u00f3n de un solo veh\u00edculo, puede ser m\u00e1s dif\u00edcil obtener informaci\u00f3n sobre lo que caus\u00f3 el accidente. Puede que no haya otros testigos que te ayuden a comprender qu\u00e9 caus\u00f3 la colisi\u00f3n y las causas del accidente pueden ser sutiles problemas de dise\u00f1o de la carretera o defectos mec\u00e1nicos que t\u00fa mismo no puedes ver. Por eso es importante consultar a un abogado de lesiones personales que pueda analizar tu reclamaci\u00f3n y te ayude a comprender si tienes derecho a reclamar una indemnizaci\u00f3n.<\/p>\n<p>La realidad es que no hay dos choques automovil\u00edsticos iguales. Si has resultado herido en una colisi\u00f3n en la que no se vio implicado otro veh\u00edculo y te gustar\u00eda revisar los detalles de tu caso para averiguar qu\u00e9 opciones existen, contacta hoy mismo con el Grupo Legal Flaxman. Nuestro equipo de abogados cuenta con m\u00e1s de seis d\u00e9cadas de experiencia en juicios y negociaciones, y tenemos una red de expertos en reconstrucci\u00f3n de accidentes, investigadores, consultores m\u00e9dicos, ingenieros, y otros expertos a quienes recurrir para crear un caso s\u00f3lido en su nombre. <a href=\"contacta con nosotros.html\">Ponte en contacto con nosotros<\/a> hoy mismo para una consulta gratuita sobre accidentes.<\/p>\n<\/div>\n<div class=\"subpageslist\"><\/div>\n<\/div>\n","protected":false},"excerpt":{"rendered":"<p>Sin honorarios a menos que ganemos. Llama al 866-352-9626 para una &#8230; <\/p>\n","protected":false},"author":3,"featured_media":0,"parent":0,"menu_order":0,"comment_status":"closed","ping_status":"closed","template":"template-practice-areas.php","meta":{"footnotes":""},"class_list":["post-21779","page","type-page","status-publish","hentry"],"featured_image_src":null,"featured_image_src_square":null,"_links":{"self":[{"href":"https:\/\/flaxmanlaw.com\/es\/wp-json\/wp\/v2\/pages\/21779","targetHints":{"allow":["GET"]}}],"collection":[{"href":"https:\/\/flaxmanlaw.com\/es\/wp-json\/wp\/v2\/pages"}],"about":[{"href":"https:\/\/flaxmanlaw.com\/es\/wp-json\/wp\/v2\/types\/page"}],"author":[{"embeddable":true,"href":"https:\/\/flaxmanlaw.com\/es\/wp-json\/wp\/v2\/users\/3"}],"replies":[{"embeddable":true,"href":"https:\/\/flaxmanlaw.com\/es\/wp-json\/wp\/v2\/comments?post=21779"}],"version-history":[{"count":0,"href":"https:\/\/flaxmanlaw.com\/es\/wp-json\/wp\/v2\/pages\/21779\/revisions"}],"wp:attachment":[{"href":"https:\/\/flaxmanlaw.com\/es\/wp-json\/wp\/v2\/media?parent=21779"}],"curies":[{"name":"wp","href":"https:\/\/api.w.org\/{rel}","templated":true}]}}