{"id":21783,"date":"2024-11-18T12:45:24","date_gmt":"2024-11-18T12:45:24","guid":{"rendered":"https:\/\/flaxmanlaw.wpenginepowered.com\/caidas-en-la-acera-hollywood-florida-abogados-de-responsabilidad-de-locales\/"},"modified":"2024-11-18T12:45:24","modified_gmt":"2024-11-18T12:45:24","slug":"caidas-en-la-acera-hollywood-florida-abogados-de-responsabilidad-de-locales","status":"publish","type":"page","link":"https:\/\/flaxmanlaw.com\/es\/caidas-en-la-acera-hollywood-florida-abogados-de-responsabilidad-de-locales\/","title":{"rendered":"Ca\u00eddas en la acera | Hollywood, Florida Abogados de Responsabilidad de Locales"},"content":{"rendered":"<div class=\"bodytext\">\n<h2>Ca\u00eddas en la acera<\/h1><\/h2>\n<div class=\"description\">\n<p>Cuando consideramos los lugares peligrosos de las ca\u00eddas, pocos pensamos en las aceras. La mayor\u00eda de nosotros caminamos por las aceras de Hollywood y alrededores todos los d\u00edas, ya sea paseando a nuestros perros, dirigi\u00e9ndonos a nuestra cafeter\u00eda favorita, saliendo hacia nuestro coche o haciendo footing por nuestro barrio. Sin embargo, las aceras son uno de los lugares m\u00e1s frecuentes de ca\u00eddas graves y accidentes por tropiezos y ca\u00eddas en todo Florida.  <\/p>\n<p>\u00bfTe has ca\u00eddo en una acera fuera de un negocio o de una casa particular? Aseg\u00farate de que una de las primeras llamadas que hagas sea al Grupo Legal Flaxman al 866-352-9626. Nuestro atento y profesional personal puede organizar una consulta gratuita sobre accidentes para que puedas hablar de tu situaci\u00f3n con un miembro de nuestro equipo legal. Nuestro bufete puede ofrecerte asesor\u00eda legal y ayudarte a entender si puedes buscar una compensaci\u00f3n a trav\u00e9s de una demanda civil.   <\/p>\n<p><strong class=\"heading4\">Lesiones comunes en las ca\u00eddas en aceras<\/strong><\/p>\n<p>Dado que las aceras de Hollywood y de la mayor parte de Florida son de hormig\u00f3n, pueden producirse una serie de lesiones graves por una ca\u00edda en una acera, entre ellas:<\/p>\n<ul>\n<li>Rotura de tendones<\/li>\n<li>Traumatismo cerebral<\/li>\n<li>Lesiones de tejidos blandos<\/li>\n<li>Lesiones medulares<\/li>\n<li>Hernias discales<\/li>\n<li>Dolor de espalda cr\u00f3nico<\/li>\n<li>Huesos fracturados o rotos<\/li>\n<li>Lesiones faciales<\/li>\n<\/ul>\n<p>Una de las lesiones m\u00e1s comunes que se producen afecta a las manos y los antebrazos. Esto se debe a que muchas personas que se caen se bracean, extendiendo las manos y los antebrazos para detener o amortiguar la ca\u00edda. Por desgracia, en una ca\u00edda grave, esto puede provocar roturas de huesos, fracturas, laceraciones y otras lesiones en brazos y antebrazos. Por desgracia, los diestros tienden a sacar la mano derecha para detener la ca\u00edda, mientras que los zurdos intentan sacar la mano izquierda para detenerla. Esto significa que, en caso de fractura, la mano dominante es la que tiene m\u00e1s probabilidades de fracturarse. En caso de fractura o lesi\u00f3n grave, esto puede significar que alguien no pueda volver al trabajo durante semanas o incluso meses.     <\/p>\n<p><strong class=\"heading4\">\u00bfQui\u00e9n es responsable de las aceras?<\/strong><\/p>\n<p>Una de las cuestiones que pueden surgir con las ca\u00eddas en las aceras es qui\u00e9n es responsable. Las aceras suelen ser dise\u00f1adas y mantenidas por los ayuntamientos. Sin embargo, se espera que los propietarios de viviendas y las empresas situadas frente a la acera hagan su parte para mantenerla despejada. Por desgracia, tras una ca\u00edda, las m\u00faltiples partes potencialmente responsables suelen empezar a se\u00f1alar con el dedo. Un comerciante o un particular pueden alegar que el ayuntamiento no mantuvo la acera correctamente o no respondi\u00f3 a problemas como aceras desniveladas. El ayuntamiento, por su parte, puede alegar que una empresa o un domicilio particular no informaron de los problemas de la acera o no la mantuvieron despejada. Por desgracia, la persona lesionada puede acabar atrapada en el medio, con problemas para obtener indemnizaci\u00f3n de cualquiera de las partes.      <\/p>\n<p>La realidad es que en un accidente por resbal\u00f3n y ca\u00edda en una acera, puede haber m\u00faltiples partes responsables. Tanto el ayuntamiento como el propietario y los propietarios cercanos pueden ser considerados parcialmente responsables de la lesi\u00f3n en la acera. Lo mejor es hablar con un abogado especializado en lesiones personales para revisar qu\u00e9 opciones existen y para discutir qui\u00e9n puede ser responsable.  <\/p>\n<p>Si te has ca\u00eddo en la banqueta y has sufrido una lesi\u00f3n, siempre puedes contactar al Grupo Legal Flaxman para una consulta gratuita y confidencial de tu caso. En una investigaci\u00f3n minuciosa y honesta, los abogados del <a href=\"contacta con nosotros.html\">Grupo Legal<\/a> Flaxman pueden echar un vistazo a los detalles espec\u00edficos de tu caso y pueden ayudarte a entender si tienes una demanda legal. Siempre puedes contactarnos en nuestras oficinas en Hollywood, Homestead, o Miami, llamando al 866-352-9626.  <\/p>\n<\/div>\n<div class=\"subpageslist\">\n<ul> <\/ul>\n<\/p><\/div>\n<\/p><\/div>\n","protected":false},"excerpt":{"rendered":"<p>Sin honorarios a menos que ganemos. Llama al 866-352-9626 para una &#8230; <\/p>\n","protected":false},"author":3,"featured_media":0,"parent":0,"menu_order":0,"comment_status":"closed","ping_status":"closed","template":"template-practice-areas.php","meta":{"footnotes":""},"class_list":["post-21783","page","type-page","status-publish","hentry"],"featured_image_src":null,"featured_image_src_square":null,"_links":{"self":[{"href":"https:\/\/flaxmanlaw.com\/es\/wp-json\/wp\/v2\/pages\/21783","targetHints":{"allow":["GET"]}}],"collection":[{"href":"https:\/\/flaxmanlaw.com\/es\/wp-json\/wp\/v2\/pages"}],"about":[{"href":"https:\/\/flaxmanlaw.com\/es\/wp-json\/wp\/v2\/types\/page"}],"author":[{"embeddable":true,"href":"https:\/\/flaxmanlaw.com\/es\/wp-json\/wp\/v2\/users\/3"}],"replies":[{"embeddable":true,"href":"https:\/\/flaxmanlaw.com\/es\/wp-json\/wp\/v2\/comments?post=21783"}],"version-history":[{"count":0,"href":"https:\/\/flaxmanlaw.com\/es\/wp-json\/wp\/v2\/pages\/21783\/revisions"}],"wp:attachment":[{"href":"https:\/\/flaxmanlaw.com\/es\/wp-json\/wp\/v2\/media?parent=21783"}],"curies":[{"name":"wp","href":"https:\/\/api.w.org\/{rel}","templated":true}]}}