{"id":21784,"date":"2024-11-18T12:45:24","date_gmt":"2024-11-18T12:45:24","guid":{"rendered":"https:\/\/flaxmanlaw.wpenginepowered.com\/hollywood-florida-abogados-de-lesiones-automovilisticas-grupo-legal-flaxman-2\/"},"modified":"2025-12-04T04:07:25","modified_gmt":"2025-12-04T04:07:25","slug":"hollywood-florida-abogados-de-lesiones-automovilisticas-grupo-legal-flaxman-2","status":"publish","type":"page","link":"https:\/\/flaxmanlaw.com\/es\/hollywood-florida-abogados-de-lesiones-automovilisticas-grupo-legal-flaxman-2\/","title":{"rendered":"Lesiones Automovil\u00edsticas Hollywood"},"content":{"rendered":"<div class=\"bodytext\">\n<h2>Accidentes por alcance<\/h2>\n<div class=\"description\">\n<p>Los accidentes por alcance se producen cuando un veh\u00edculo entra en contacto con el lateral de otro. La mayor\u00eda de las veces, esto ocurre cuando los coches circulan en la misma direcci\u00f3n, uno al lado del otro, y un veh\u00edculo se mete en el carril del otro. Esto puede ocurrir porque un conductor no est\u00e1 prestando atenci\u00f3n y, sin darse cuenta, se desv\u00eda hacia otro carril. Tambi\u00e9n puede ocurrir si un conductor est\u00e1 fatigado o borracho. En algunos casos, los accidentes por viraje lateral ocurren en Miami porque los conductores cambian de carril sin avisar y sin comprobar si hay otro coche en el carril contiguo. Los accidentes por alcance en Miami tambi\u00e9n son bastante frecuentes en las rampas de entrada y salida de autopistas y autov\u00edas. Una incorporaci\u00f3n incorrecta puede provocar f\u00e1cilmente este tipo de accidentes de tr\u00e1fico.<\/p>\n<p>Si te has lesionado en un accidente de coche por alcance lateral en Miami, es posible que te lleven a un hospital con lesiones graves. Es normal que est\u00e9s asustado y alterado por el accidente. Sin embargo, una vez atendidas tus necesidades inmediatas de emergencia, querr\u00e1s empezar a considerar tu futuro y el tiempo de recuperaci\u00f3n. Quiz\u00e1 quieras ponerte en contacto con tu compa\u00f1\u00eda de seguros para presentar una reclamaci\u00f3n. Tambi\u00e9n querr\u00e1s ponerte en contacto con un abogado de lesiones personales en Miami que tenga experiencia en reclamaciones por accidentes de coche. De esta forma, podr\u00e1s entender tus derechos y comprender qu\u00e9 opciones tienes para afrontar el accidente y sus secuelas. El equipo jur\u00eddico <a href=\"index.html\">del Grupo Legal Flaxman<\/a> ha estado ayudando a v\u00edctimas de lesiones personales y de accidentes automovil\u00edsticos en Miami y sus alrededores durante m\u00e1s de 25 a\u00f1os. Han visto de primera mano lo que ocurre cuando las v\u00edctimas renuncian inadvertidamente a sus derechos y luego descubren que el dinero del seguro no cubre totalmente el coste de la atenci\u00f3n m\u00e9dica. Por desgracia, algunas v\u00edctimas de accidentes descubren que la devastaci\u00f3n econ\u00f3mica de su accidente es a\u00fan peor que el dolor f\u00edsico y el tiempo de recuperaci\u00f3n. No dejes que esto te ocurra a ti. Ponte en contacto con un abogado de lesiones personales en Miami para asegurarte de que haces todo lo posible para obtener una indemnizaci\u00f3n justa por tus lesiones.<\/p>\n<p><strong class=\"heading4\"> Accidentes por alcance en Miami y las lesiones que causan <\/strong><\/p>\n<p>Independientemente de por qu\u00e9 se produzcan, los accidentes por alcance lateral en Miami suelen tener un impacto devastador. La mayor\u00eda de los coches est\u00e1n dise\u00f1ados para ofrecer la m\u00e1xima protecci\u00f3n en colisiones traseras y frontales. En estos dos tipos de colisiones, hay grandes zonas de seguridad traseras y delanteras, as\u00ed como parachoques delanteros y traseros para absorber el impacto. En las colisiones laterales, como los choques por alcance, simplemente no existe esta zona de protecci\u00f3n. De hecho, la cantidad de espacio y metal entre los pasajeros y el coche que choca es muy peque\u00f1a. Incluso cuando los coches tienen airbags de impacto lateral, esto puede no ser suficiente para proteger a los ocupantes del interior del coche de lesiones graves, como traumatismos craneales, lesiones medulares y otras lesiones catastr\u00f3ficas.<\/p>\n<p><strong class=\"heading4\"> Llama a un abogado de lesiones personales en Miami para que te ayude <\/strong><\/p>\n<p>Durante m\u00e1s de 25 a\u00f1os, familias, v\u00edctimas de lesiones, y abogados remitentes han buscado a Charles Flaxman, del Grupo Legal Flaxman, en casos de accidentes automovil\u00edsticos y lesiones personales. El Grupo Legal Flaxman ha recuperado m\u00e1s de $25 millones de d\u00f3lares a favor de miles de v\u00edctimas de lesiones personales y de accidentes automovil\u00edsticos en el \u00e1rea de Florida del Sur. El Grupo Legal Flaxman es una firma de servicios integrales, con los recursos para investigar y perseguir agresivamente una demanda legal contra todas las partes responsables en un accidente automovil\u00edstico. El equipo legal trabaja con investigadores privados, testigos expertos, profesionales en reconstrucci\u00f3n de accidentes, y otros profesionales que pueden ayudar a construir un caso s\u00f3lido. Si usted ha resultado lesionado en un accidente automovil\u00edstico en Miami, <a href=\"contacta con nosotros.html\">contacte<\/a> hoy mismo al Grupo Legal Flaxman para programar una consulta gratuita sobre accidentes y hablar sobre su caso.<\/p>\n<\/div>\n<div class=\"subpageslist\"><\/div>\n<\/div>\n","protected":false},"excerpt":{"rendered":"<p>Sin honorarios a menos que ganemos. Llama al 866-352-9626 para una &#8230; <\/p>\n","protected":false},"author":3,"featured_media":0,"parent":0,"menu_order":0,"comment_status":"closed","ping_status":"closed","template":"template-practice-areas.php","meta":{"footnotes":""},"class_list":["post-21784","page","type-page","status-publish","hentry"],"featured_image_src":null,"featured_image_src_square":null,"_links":{"self":[{"href":"https:\/\/flaxmanlaw.com\/es\/wp-json\/wp\/v2\/pages\/21784","targetHints":{"allow":["GET"]}}],"collection":[{"href":"https:\/\/flaxmanlaw.com\/es\/wp-json\/wp\/v2\/pages"}],"about":[{"href":"https:\/\/flaxmanlaw.com\/es\/wp-json\/wp\/v2\/types\/page"}],"author":[{"embeddable":true,"href":"https:\/\/flaxmanlaw.com\/es\/wp-json\/wp\/v2\/users\/3"}],"replies":[{"embeddable":true,"href":"https:\/\/flaxmanlaw.com\/es\/wp-json\/wp\/v2\/comments?post=21784"}],"version-history":[{"count":0,"href":"https:\/\/flaxmanlaw.com\/es\/wp-json\/wp\/v2\/pages\/21784\/revisions"}],"wp:attachment":[{"href":"https:\/\/flaxmanlaw.com\/es\/wp-json\/wp\/v2\/media?parent=21784"}],"curies":[{"name":"wp","href":"https:\/\/api.w.org\/{rel}","templated":true}]}}