{"id":21785,"date":"2024-11-18T12:45:24","date_gmt":"2024-11-18T12:45:24","guid":{"rendered":"https:\/\/flaxmanlaw.wpenginepowered.com\/accidente-por-impacto-lateral-hollywood-florida-abogados-de-lesiones-de-coche\/"},"modified":"2025-12-04T04:06:29","modified_gmt":"2025-12-04T04:06:29","slug":"accidente-por-impacto-lateral-hollywood-florida-abogados-de-lesiones-de-coche","status":"publish","type":"page","link":"https:\/\/flaxmanlaw.com\/es\/accidente-por-impacto-lateral-hollywood-florida-abogados-de-lesiones-de-coche\/","title":{"rendered":"Accidente con impacto lateral"},"content":{"rendered":"<div class=\"bodytext\">\n<h2>Accidente con impacto lateral<\/h2>\n<div class=\"description\">\n<p><strong class=\"heading4\"> La colisi\u00f3n mortal m\u00e1s com\u00fan: Accidentes por impacto lateral <\/strong><\/p>\n<p>Aunque los accidentes por impacto lateral son el tipo m\u00e1s com\u00fan de accidente de coche, mucha gente los percibe como \u00abmenos peligrosos\u00bb que las colisiones frontales. Hubo un tiempo en que eso era cierto. Y como era cierto, gran parte de la tecnolog\u00eda de seguridad en accidentes de coche se dirig\u00eda a reducir los riesgos asociados a las colisiones frontales m\u00e1s que a los accidentes por impacto lateral. Pero el \u00e9xito de esos avances tecnol\u00f3gicos, como los airbags y la mejora de las zonas de deformaci\u00f3n, as\u00ed como el mayor uso de los cinturones de seguridad, ha convertido el accidente por impacto lateral en el accidente de coche con m\u00e1s probabilidades de causar la muerte o lesiones graves.<\/p>\n<p>Por regla general, los veh\u00edculos actuales son mucho m\u00e1s resistentes a los choques que antes. Sin embargo, el aumento del n\u00famero de veh\u00edculos y conductores en las carreteras hoy en d\u00eda significa que tambi\u00e9n es m\u00e1s probable que se produzcan accidentes de coche -de cualquier tipo-, lo que a su vez significa que los accidentes por impacto lateral ocurren con mayor frecuencia. Para hacer frente al riesgo de muerte y lesiones por accidentes de impacto lateral -que engloban cualquier colisi\u00f3n que se produzca en \u00e1ngulo (es decir, que no sea una colisi\u00f3n <a href=\"accidente frontal.html\">frontal<\/a> o <a href=\"accidente trasero.html\">trasera<\/a> )-, cada vez m\u00e1s fabricantes de autom\u00f3viles prestan mayor atenci\u00f3n a los peligros asociados a las colisiones laterales. Estas medidas de seguridad incluyen la incorporaci\u00f3n en sus veh\u00edculos de airbags laterales tanto para el conductor como para los pasajeros, y el refuerzo de los componentes de la \u00abjaula de seguridad\u00bb que rodea el habit\u00e1culo, como los pilares de las puertas.<\/p>\n<p>Una de las razones por las que las colisiones laterales son tan peligrosas es que existen riesgos asociados a los accidentes por impacto lateral que no entran en juego de forma tan cr\u00edtica en las colisiones frontales y traseras. En primer lugar, hay muy pocos elementos que protejan a los ocupantes de un veh\u00edculo de sufrir la peor parte de un accidente por impacto lateral: normalmente, s\u00f3lo hay una puerta entre el veh\u00edculo que se aproxima y el ocupante, en lugar de un motor o un maletero que absorba la mayor parte del impacto.<\/p>\n<p>En segundo lugar, la gran variaci\u00f3n entre los tama\u00f1os de los veh\u00edculos que circulan hoy en d\u00eda y, en particular, la prevalencia de camiones y todoterrenos de gran tama\u00f1o, puede significar que en un accidente por impacto lateral se vean implicados veh\u00edculos de alturas y pesos muy dispares. Si un conductor de un coche compacto es golpeado en el lado del conductor por un veh\u00edculo pesado y alto, como un cami\u00f3n o un todoterreno, las probabilidades de que sufra una lesi\u00f3n mortal o un traumatismo craneoencef\u00e1lico aumentan considerablemente, sobre todo si el conductor es de complexi\u00f3n delgada.<\/p>\n<p>En tercer lugar, aparte de cuando se despliegan los airbags de impacto lateral, hay poco que impida que el conductor y los pasajeros golpeados en un accidente de impacto lateral sufran fuertes sacudidas en la cabeza y el cuello, y que sus cuerpos salgan despedidos dentro del habit\u00e1culo, a pesar de que unos cinturones de seguridad correctamente utilizados y en buen estado de funcionamiento pueden limitar los movimientos bruscos. Esto significa que las colisiones por impacto lateral pueden provocar graves <a href=\"lesiones cerebrales.html\">lesiones en la cabeza<\/a> o <a href=\"lesiones cerebrales.html\">en la columna vertebral<\/a> que pueden provocar una discapacidad permanente.<\/p>\n<p>Nadie quiere experimentar ning\u00fan tipo de <a href=\"lesiones de la columna vertebral.html\">lesi\u00f3n por accidente automovil\u00edstico<\/a>, ni tener que lidiar con sus secuelas, que a menudo implican complicadas reclamaciones al seguro, costosas facturas m\u00e9dicas, una dolorosa recuperaci\u00f3n, o incluso algo peor. Pero si usted o alg\u00fan miembro de su familia se ha visto involucrado en un accidente por impacto lateral en el \u00e1rea de Florida del Sur, el Grupo Legal Flaxman puede ayudarle.<\/p>\n<p>Nuestros abogados de accidentes por impacto lateral del sur de Florida pueden reunirse en tu habitaci\u00f3n del hospital, oficina o domicilio, o puedes hablar por tel\u00e9fono con uno de nuestros cualificados abogados de accidentes de coche del sur de Florida en cualquier momento que lo necesites -7 d\u00edas a la semana, 24 horas al d\u00eda- para hablar de tus opciones y darte la informaci\u00f3n que necesitas para decidir qu\u00e9 hacer. Nuestras consultas son gratuitas y sin compromiso alguno. Si aceptamos ayudarte a proceder, no hay costos ocultos y no tendr\u00e1s que pagar nada al Grupo Legal Flaxman si no ganamos tu caso u obtenemos un acuerdo extrajudicial.<\/p>\n<p><strong>S\u00f3lo tienes que <a href=\"contacta con nosotros.html\">ponerte en contacto con nosotros por Internet<\/a> o llamarnos al 866-352-9626 para concertar tu primera consulta gratuita o hablar con un abogado de inmediato. <\/strong><\/p>\n<\/div>\n<div class=\"subpageslist\"><\/div>\n<\/div>\n","protected":false},"excerpt":{"rendered":"<p>Sin honorarios a menos que ganemos. Llama al 866-352-9626 para una &#8230; <\/p>\n","protected":false},"author":3,"featured_media":0,"parent":0,"menu_order":0,"comment_status":"closed","ping_status":"closed","template":"template-practice-areas.php","meta":{"footnotes":""},"class_list":["post-21785","page","type-page","status-publish","hentry"],"featured_image_src":null,"featured_image_src_square":null,"_links":{"self":[{"href":"https:\/\/flaxmanlaw.com\/es\/wp-json\/wp\/v2\/pages\/21785","targetHints":{"allow":["GET"]}}],"collection":[{"href":"https:\/\/flaxmanlaw.com\/es\/wp-json\/wp\/v2\/pages"}],"about":[{"href":"https:\/\/flaxmanlaw.com\/es\/wp-json\/wp\/v2\/types\/page"}],"author":[{"embeddable":true,"href":"https:\/\/flaxmanlaw.com\/es\/wp-json\/wp\/v2\/users\/3"}],"replies":[{"embeddable":true,"href":"https:\/\/flaxmanlaw.com\/es\/wp-json\/wp\/v2\/comments?post=21785"}],"version-history":[{"count":0,"href":"https:\/\/flaxmanlaw.com\/es\/wp-json\/wp\/v2\/pages\/21785\/revisions"}],"wp:attachment":[{"href":"https:\/\/flaxmanlaw.com\/es\/wp-json\/wp\/v2\/media?parent=21785"}],"curies":[{"name":"wp","href":"https:\/\/api.w.org\/{rel}","templated":true}]}}