{"id":21786,"date":"2024-11-18T12:45:21","date_gmt":"2024-11-18T12:45:21","guid":{"rendered":"https:\/\/flaxmanlaw.wpenginepowered.com\/lesiones-infantiles-pompano-beach-abogados-de-accidentes-del-condado-de-broward\/"},"modified":"2024-11-18T12:45:21","modified_gmt":"2024-11-18T12:45:21","slug":"lesiones-infantiles-pompano-beach-abogados-de-accidentes-del-condado-de-broward","status":"publish","type":"page","link":"https:\/\/flaxmanlaw.com\/es\/lesiones-infantiles-pompano-beach-abogados-de-accidentes-del-condado-de-broward\/","title":{"rendered":"Lesiones infantiles Pompano Beach | Abogados de accidentes del condado de Broward"},"content":{"rendered":"<div class=\"bodytext\">\n<h2>Lesiones infantiles en Pompano Beach<\/h1><\/h2>\n<div class=\"description\">\n<p>Pompano Beach, en el condado de Broward, es una ciudad de Florida conocida por ser la sede del Goodyear Blimp Spirit of Innovation. El dirigible se encuentra en el Pompano Beach Airpark, y no es ni mucho menos la \u00fanica atracci\u00f3n que ofrece la ciudad. La ciudad tambi\u00e9n alberga el Campo de Golf de Pompano Beach, el Parque Kester, el Parque Harbors Edge, el Museo Educativo Ely, la Galer\u00eda Meridian, el Teatro Curtain Call, la Galer\u00eda de Arte de Pompano Beach, el Parque Pompano, el Parque Natural Fern Forest, el Parque Conmemorativo Scott Meyers y muchas otras atracciones. Cada a\u00f1o, la ciudad acoge muchos festivales, como el Festival del Marisco de Pompano Beach, el Festival Italiano de San Coleman, el Festival Irland\u00e9s de San Patricio, el Desfile Navide\u00f1o de Barcos de Pompano Beach y otros acontecimientos especiales.   <\/p>\n<p><strong class=\"heading4\">Lesiones infantiles comunes en Pompano Beach y alrededores<\/strong><\/p>\n<p>Es dif\u00edcil disfrutar de todo lo que Pompano Beach puede ofrecer si tu hijo ha sufrido una lesi\u00f3n grave. Por desgracia, las lesiones infantiles son demasiado frecuentes en el sur de Florida. Entre las demandas por lesiones infantiles m\u00e1s frecuentes en Pompano Beach se incluyen:  <\/p>\n<ul>\n<li>Lesiones de nacimiento<\/li>\n<li>Accidentes de tr\u00e1fico<\/li>\n<li>Accidentes de bicicleta<\/li>\n<li>Lesiones en la cabeza<\/li>\n<li>Lesiones medulares<\/li>\n<li>Quemaduras<\/li>\n<li>Negligencia m\u00e9dica<\/li>\n<\/ul>\n<p><strong class=\"heading4\">Un abogado de lesiones personales en Pompano Beach puede trabajar para proteger a tu hijo y a tu familia<\/strong><\/p>\n<p>Si tu hijo ha sufrido lesiones en Pompano Beach o en otra comunidad de Florida, un abogado de lesiones personales puede ayudarte a proteger a tu familia y el futuro de tu hijo. Hay muchas formas en que un abogado de lesiones personales en Pompano Beach o en tu comunidad puede hacerlo: <\/p>\n<ul>\n<li>Revisando las ofertas de reclamaciones de seguros y negociando con las compa\u00f1\u00edas de seguros en tu nombre para conseguirte la cantidad de reclamaci\u00f3n m\u00e1s justa posible.<\/li>\n<li>Inform\u00e1ndote de tus derechos y opciones para que tomes la mejor decisi\u00f3n para tu familia<\/li>\n<li>Interponiendo agresivamente una demanda judicial en tu nombre, si decides interponer una demanda, y buscando la indemnizaci\u00f3n m\u00e1s justa para ti y tu familia.<\/li>\n<li>Buscar la indemnizaci\u00f3n m\u00e1s justa de todas las partes responsables para que tu familia disponga de recursos econ\u00f3micos para pagar la asistencia domiciliaria, los gastos m\u00e9dicos y otros recursos que puedan ayudar a tu hijo.<\/li>\n<li>Ayud\u00e1ndote a comprender los recursos y leyes locales que pueden ayudarte<\/li>\n<li>Investigando la causa del accidente y ayud\u00e1ndote a comprender qu\u00e9 ha provocado una lesi\u00f3n<\/li>\n<\/ul>\n<p>Aunque algunas lesiones infantiles, como rozaduras y quemaduras, son bastante comunes, cada a\u00f1o los ni\u00f1os son llevados a urgencias hospitalarias con lesiones graves derivadas de accidentes de coche, lesiones en piscinas de Pompano Beach y otras situaciones a las que ning\u00fan ni\u00f1o deber\u00eda tener que enfrentarse. Los ni\u00f1os se lesionan de muchas de las mismas formas que los adultos, pero tambi\u00e9n se enfrentan a algunas lesiones \u00fanicas que tienen m\u00e1s probabilidades de ocurrirles a los ni\u00f1os. Por ejemplo, los ni\u00f1os tienen m\u00e1s probabilidades de sufrir lesiones en <a href=\"accidentes-de-bicicleta.html\">accidentes de bicicleta<\/a> en Pompano Beach y otras comunidades, porque es m\u00e1s probable que monten en bicicleta que los adultos. Adem\u00e1s, los ni\u00f1os son vulnerables a los juguetes defectuosos y a los productos infantiles defectuosos, como las sillas de coche.   <\/p>\n<p>El Grupo Legal Flaxman ha trabajado con muchas familias que se han visto afectadas por lesiones infantiles y ha ayudado a buscar compensaci\u00f3n para estas familias, de modo que tengan los recursos financieros para ayudar a proporcionar el mejor cuidado posible a los ni\u00f1os. Si tu hijo ha sufrido una lesi\u00f3n grave, siempre puedes ponerte en contacto con el <a href=\"contacta con nosotros.html\">Grupo Legal<\/a> Flaxman para programar una consulta gratuita sobre accidentes y hablar sobre tu situaci\u00f3n. <\/p>\n<\/p><\/div>\n<\/p><\/div>\n","protected":false},"excerpt":{"rendered":"<p>Sin honorarios a menos que ganemos. Llama al 866-352-9626 para una &#8230; <\/p>\n","protected":false},"author":3,"featured_media":0,"parent":0,"menu_order":0,"comment_status":"closed","ping_status":"closed","template":"template-practice-areas.php","meta":{"footnotes":""},"class_list":["post-21786","page","type-page","status-publish","hentry"],"featured_image_src":null,"featured_image_src_square":null,"_links":{"self":[{"href":"https:\/\/flaxmanlaw.com\/es\/wp-json\/wp\/v2\/pages\/21786","targetHints":{"allow":["GET"]}}],"collection":[{"href":"https:\/\/flaxmanlaw.com\/es\/wp-json\/wp\/v2\/pages"}],"about":[{"href":"https:\/\/flaxmanlaw.com\/es\/wp-json\/wp\/v2\/types\/page"}],"author":[{"embeddable":true,"href":"https:\/\/flaxmanlaw.com\/es\/wp-json\/wp\/v2\/users\/3"}],"replies":[{"embeddable":true,"href":"https:\/\/flaxmanlaw.com\/es\/wp-json\/wp\/v2\/comments?post=21786"}],"version-history":[{"count":0,"href":"https:\/\/flaxmanlaw.com\/es\/wp-json\/wp\/v2\/pages\/21786\/revisions"}],"wp:attachment":[{"href":"https:\/\/flaxmanlaw.com\/es\/wp-json\/wp\/v2\/media?parent=21786"}],"curies":[{"name":"wp","href":"https:\/\/api.w.org\/{rel}","templated":true}]}}