{"id":21788,"date":"2024-11-18T12:45:21","date_gmt":"2024-11-18T12:45:21","guid":{"rendered":"https:\/\/flaxmanlaw.wpenginepowered.com\/accidentes-de-trafico-por-conducir-ebrio-en-pompano-beach-abogados-de-lesiones-del-condado-de-broward\/"},"modified":"2024-11-18T12:45:21","modified_gmt":"2024-11-18T12:45:21","slug":"accidentes-de-trafico-por-conducir-ebrio-en-pompano-beach-abogados-de-lesiones-del-condado-de-broward","status":"publish","type":"page","link":"https:\/\/flaxmanlaw.com\/es\/accidentes-de-trafico-por-conducir-ebrio-en-pompano-beach-abogados-de-lesiones-del-condado-de-broward\/","title":{"rendered":"Accidentes de tr\u00e1fico por conducir ebrio en Pompano Beach | Abogados de lesiones del condado de Broward"},"content":{"rendered":"<div class=\"bodytext\">\n<h2>Pompano Beach DWI\/DUI Accidentes de Coche<\/h1><\/h2>\n<div class=\"description\">\n<p>Simplemente no hay excusa para conducir ebrio en Pompano Beach y otras comunidades de Florida. A todos los automovilistas se les ense\u00f1an los peligros de conducir en estado de embriaguez, pero por desgracia algunos conductores de Florida siguen siendo negligentes y se ponen al volante cuando han tomado drogas ilegales o han bebido alcohol. <\/p>\n<p>Si usted ha resultado lesionado en un accidente automovil\u00edstico o de tr\u00e1fico causado por un conductor ebrio, no dude en contactar al Grupo Legal Flaxman para una evaluaci\u00f3n gratuita y sin compromiso de su caso. Tu consulta gratuita sobre accidentes es tu oportunidad de hacer preguntas y de enterarte de las opciones legales que existen para ti y para tu familia. <\/p>\n<p><strong class=\"heading4\">Prevenir las colisiones por conducir ebrio<\/strong><\/p>\n<p>Hay muchas formas de prevenir las colisiones por conducir ebrio:<\/p>\n<ul>\n<li>Designar un conductor en caso de fiesta o salida nocturna especial<\/li>\n<li>Evitar beber si sabes que vas a conducir<\/li>\n<li>Tener una lista de amigos o familiares a los que llamar para que te lleven a casa \u00absin hacer preguntas<\/li>\n<li>Firmar el compromiso de conducir ebrio<\/li>\n<li>Hablar con adolescentes y j\u00f3venes conductores sobre los peligros de conducir ebrio<\/li>\n<li>Tener dinero extra a mano para taxis o habitaciones de hotel si sales a beber<\/li>\n<\/ul>\n<p>Por desgracia, no todo el mundo es responsable y hace estas cosas para evitar colisiones por conducir ebrio. Si has resultado herido por culpa de un conductor ebrio, tienes derechos. Un conductor ebrio es claramente negligente e imprudente en su comportamiento, y si has resultado herido por ello, puedes solicitar una indemnizaci\u00f3n por salarios perdidos, facturas m\u00e9dicas, gastos imprevistos, dolor y sufrimiento, y mucho m\u00e1s. Incluso puedes solicitar una indemnizaci\u00f3n punitiva en tu caso.   <\/p>\n<p><strong class=\"heading4\">Los conductores ebrios eligen la negligencia<\/strong><\/p>\n<p>Cuando un automovilista no toma precauciones sencillas y conduce ebrio, puede ser considerado responsable de las lesiones o accidentes que cause. Si te ha lesionado un conductor ebrio, es importante que consultes a un abogado de lesiones personales de Pompano Beach o de tu comunidad para asegurarte de que el conductor no pueda eludir la justicia y responda de sus actos. <\/p>\n<p>Si has resultado lesionado en un accidente por conducir ebrio, es importante que un abogado experto en lesiones personales luche por tus derechos. \u00c9sta es la \u00fanica forma de garantizar que obtengas la m\u00e1xima indemnizaci\u00f3n que mereces y que el conductor negligente sea considerado responsable de su conducta imprudente. Desafortunadamente, con demasiada frecuencia, los abogados del <a href=\"index.html\">Grupo Legal Flaxman<\/a> han visto a conductores ebrios salirse con la suya porque han peleado su caso en la corte y han contratado poderosos abogados defensores para ellos. Los abogados del Grupo Legal Flaxman comprenden lo perturbador que es resultar gravemente lesionado por un conductor ebrio s\u00f3lo para ver que el conductor no tiene que enfrentar consecuencia alguna. Los abogados de nuestra firma de servicios integrales utilizan todas las herramientas legales disponibles para buscar justicia y compensaci\u00f3n financiera en casos de conductores ebrios. Para averiguar la fuerza de su caso y el valor de su caso potencial, <a href=\"contacta con nosotros.html\">contacte<\/a> hoy mismo al Grupo Legal Flaxman para una evaluaci\u00f3n gratuita y sin compromiso de su caso.     <\/p>\n<\/p><\/div>\n<\/p><\/div>\n","protected":false},"excerpt":{"rendered":"<p>Sin honorarios a menos que ganemos. Llama al 866-352-9626 para una &#8230; <\/p>\n","protected":false},"author":3,"featured_media":0,"parent":0,"menu_order":0,"comment_status":"closed","ping_status":"closed","template":"template-practice-areas.php","meta":{"footnotes":""},"class_list":["post-21788","page","type-page","status-publish","hentry"],"featured_image_src":null,"featured_image_src_square":null,"_links":{"self":[{"href":"https:\/\/flaxmanlaw.com\/es\/wp-json\/wp\/v2\/pages\/21788","targetHints":{"allow":["GET"]}}],"collection":[{"href":"https:\/\/flaxmanlaw.com\/es\/wp-json\/wp\/v2\/pages"}],"about":[{"href":"https:\/\/flaxmanlaw.com\/es\/wp-json\/wp\/v2\/types\/page"}],"author":[{"embeddable":true,"href":"https:\/\/flaxmanlaw.com\/es\/wp-json\/wp\/v2\/users\/3"}],"replies":[{"embeddable":true,"href":"https:\/\/flaxmanlaw.com\/es\/wp-json\/wp\/v2\/comments?post=21788"}],"version-history":[{"count":0,"href":"https:\/\/flaxmanlaw.com\/es\/wp-json\/wp\/v2\/pages\/21788\/revisions"}],"wp:attachment":[{"href":"https:\/\/flaxmanlaw.com\/es\/wp-json\/wp\/v2\/media?parent=21788"}],"curies":[{"name":"wp","href":"https:\/\/api.w.org\/{rel}","templated":true}]}}