{"id":21792,"date":"2024-11-18T12:45:21","date_gmt":"2024-11-18T12:45:21","guid":{"rendered":"https:\/\/flaxmanlaw.wpenginepowered.com\/accidente-de-autobus-en-pompano-beach-abogados-de-lesiones-personales-en-el-condado-de-broward\/"},"modified":"2024-11-18T12:45:21","modified_gmt":"2024-11-18T12:45:21","slug":"accidente-de-autobus-en-pompano-beach-abogados-de-lesiones-personales-en-el-condado-de-broward","status":"publish","type":"page","link":"https:\/\/flaxmanlaw.com\/es\/accidente-de-autobus-en-pompano-beach-abogados-de-lesiones-personales-en-el-condado-de-broward\/","title":{"rendered":"Accidente de autob\u00fas en Pompano Beach | Abogados de lesiones personales en el condado de Broward"},"content":{"rendered":"<div class=\"bodytext\">\n<h2>Accidente de autob\u00fas en Pompano Beach<\/h1><\/h2>\n<div class=\"description\">\n<p>Pompano Beach es una comunidad del sur de Florida situada en el condado de Broward. La comunidad est\u00e1 cerca de Fort Lauderdale, en el sur del estado. Pompano Beach es famosa por ser la cuna del dirigible Goodyear y por sus numerosos festivales anuales, entre ellos el del marisco. Pompano Beach es popular entre turistas y visitantes por sus c\u00e1lidas aguas y playas. Pompano Beach est\u00e1 situada justo en la Costa Dorada, lo que significa que las playas y las aguas permanecen c\u00e1lidas y hermosas, gracias a la Corriente del Golfo. Cerca de Miami, pero ofreciendo un respiro del bullicio de la gran ciudad, Pompano Beach es una atracci\u00f3n popular para los visitantes.     <\/p>\n<p>Los visitantes de Pompano Beach conf\u00edan a menudo en el transporte en autob\u00fas, los autobuses fletados y los autobuses tur\u00edsticos para ver la ciudad y para ir y venir entre Pompano Beach y las atracciones de los alrededores. Aunque los accidentes de autob\u00fas son mucho menos frecuentes que los accidentes de coche de Pompano Beach, los accidentes de autob\u00fas ocurren y pueden causar lesiones devastadoras, como fracturas \u00f3seas, lesiones medulares, lesiones craneales y otras lesiones graves. <\/p>\n<p>Como los pasajeros de autobuses no suelen tener la opci\u00f3n de llevar cinturones de seguridad, sus lesiones pueden ser devastadoras. Adem\u00e1s, como en la mayor\u00eda de los autobuses hay varios pasajeros, \u00e9stos pueden chocar entre s\u00ed en una colisi\u00f3n, causando lesiones a\u00fan m\u00e1s devastadoras que las frecuentes en los accidentes de tr\u00e1fico de Pompano Beach. Como muchos pasajeros llevan objetos personales a bordo de los autobuses y como estos objetos suelen ir sin asegurar, se convierten en proyectiles en caso de choque, causando m\u00e1s lesiones en la cabeza, contusiones y otras lesiones. Debido al tama\u00f1o y la fuerza del autob\u00fas y a la alta probabilidad de vuelco en los accidentes de autob\u00fas <a href=\"accidentes-autob\u00fas.html\">de Pompano<\/a> Beach, las muertes tambi\u00e9n son devastadoramente frecuentes en este tipo de accidentes de tr\u00e1fico.   <\/p>\n<p>Si usted ha sufrido lesiones en un accidente de autob\u00fas o de tr\u00e1fico en Pompano Beach, contacte al <a href=\"index.html\">Grupo Legal Flaxman<\/a> para obtener una respuesta inmediata y asesor\u00eda legal inmediata. Puedes hablar r\u00e1pidamente con uno de nuestros abogados o concertar una consulta gratuita sobre accidentes para hablar a fondo de tu caso. Todo el equipo jur\u00eddico del Grupo Legal Flaxman se ha dedicado a proporcionar un servicio legal de la m\u00e1s alta calidad a las v\u00edctimas de lesiones y accidentes. El equipo jur\u00eddico se ha ganado la reputaci\u00f3n de ser profesionales, compasivos y experimentados, dedicados a ayudar a sus clientes a recuperar la m\u00e1xima compensaci\u00f3n posible. El Grupo Legal Flaxman puede proporcionar servicios en base a honorarios de contingencia, lo que significa que no hay costos ni honorarios a menos que el Grupo Legal Flaxman pueda recuperar dinero en tu nombre.    <\/p>\n<p>Si has sufrido lesiones en un accidente de autob\u00fas en Pompano Beach, es importante que no renuncies a tus derechos. El equipo jur\u00eddico del Grupo Legal Flaxman ha visto muchos casos desafortunados en los que una v\u00edctima ha renunciado a sus derechos y ha aceptado una oferta baja, s\u00f3lo para darse cuenta despu\u00e9s del hecho de que los costos de sus lesiones y p\u00e9rdida de ingresos son mucho m\u00e1s sustanciales de lo que hab\u00edan estimado inicialmente. Hablar con el Grupo Legal Flaxman puede ayudarle a obtener una representaci\u00f3n precisa de cu\u00e1nto puede valer su caso, as\u00ed como informaci\u00f3n sobre la solidez de su caso. Contacte hoy mismo al Grupo Legal Flaxman para programar su consulta gratuita sobre accidentes y hablar a fondo sobre su caso con un abogado experimentado.   <\/p>\n<\/p><\/div>\n<\/p><\/div>\n","protected":false},"excerpt":{"rendered":"<p>Sin honorarios a menos que ganemos. Llama al 866-352-9626 para una &#8230; <\/p>\n","protected":false},"author":3,"featured_media":0,"parent":0,"menu_order":0,"comment_status":"closed","ping_status":"closed","template":"template-practice-areas.php","meta":{"footnotes":""},"class_list":["post-21792","page","type-page","status-publish","hentry"],"featured_image_src":null,"featured_image_src_square":null,"_links":{"self":[{"href":"https:\/\/flaxmanlaw.com\/es\/wp-json\/wp\/v2\/pages\/21792","targetHints":{"allow":["GET"]}}],"collection":[{"href":"https:\/\/flaxmanlaw.com\/es\/wp-json\/wp\/v2\/pages"}],"about":[{"href":"https:\/\/flaxmanlaw.com\/es\/wp-json\/wp\/v2\/types\/page"}],"author":[{"embeddable":true,"href":"https:\/\/flaxmanlaw.com\/es\/wp-json\/wp\/v2\/users\/3"}],"replies":[{"embeddable":true,"href":"https:\/\/flaxmanlaw.com\/es\/wp-json\/wp\/v2\/comments?post=21792"}],"version-history":[{"count":0,"href":"https:\/\/flaxmanlaw.com\/es\/wp-json\/wp\/v2\/pages\/21792\/revisions"}],"wp:attachment":[{"href":"https:\/\/flaxmanlaw.com\/es\/wp-json\/wp\/v2\/media?parent=21792"}],"curies":[{"name":"wp","href":"https:\/\/api.w.org\/{rel}","templated":true}]}}