{"id":21793,"date":"2024-11-18T12:45:21","date_gmt":"2024-11-18T12:45:21","guid":{"rendered":"https:\/\/flaxmanlaw.wpenginepowered.com\/conduccion-distraida-en-pompano-beach-abogados-de-accidentes-de-trafico-en-el-condado-de-broward\/"},"modified":"2024-11-18T12:45:21","modified_gmt":"2024-11-18T12:45:21","slug":"conduccion-distraida-en-pompano-beach-abogados-de-accidentes-de-trafico-en-el-condado-de-broward","status":"publish","type":"page","link":"https:\/\/flaxmanlaw.com\/es\/conduccion-distraida-en-pompano-beach-abogados-de-accidentes-de-trafico-en-el-condado-de-broward\/","title":{"rendered":"Conducci\u00f3n distra\u00edda en Pompano Beach | Abogados de accidentes de tr\u00e1fico en el condado de Broward"},"content":{"rendered":"<div class=\"bodytext\">\n<h2>Conducci\u00f3n distra\u00edda en Pompano Beach<\/h1><\/h2>\n<div class=\"description\">\n<p>Florida no tiene la mejor reputaci\u00f3n en materia de prevenci\u00f3n de la conducci\u00f3n distra\u00edda. De hecho, Florida ha sido uno de los \u00faltimos estados en promulgar leyes contra los mensajes de texto y la conducci\u00f3n. En las calles de Pompano Beach se puede ver a muchos automovilistas que conducen con el m\u00f3vil pegado al a\u00f1o o que conducen mientras env\u00edan mensajes de texto. Aunque las leyes contra el env\u00edo de mensajes de texto y la conducci\u00f3n se aprobaron a finales de 2013, muchos expertos consideran que estas leyes no van lo suficientemente lejos en la prevenci\u00f3n de la conducci\u00f3n distra\u00edda.   <\/p>\n<p>El Grupo Legal Flaxman, antes conocido como Flaxman y L\u00f3pez, es una firma de servicios integrales especializada en leyes de lesiones personales y de seguros. Nuestros abogados cuentan con m\u00e1s de sesenta a\u00f1os de experiencia combinada y ya han recuperado m\u00e1s de 100 millones de d\u00f3lares a favor de miles de v\u00edctimas de lesiones personales en todo Florida del Sur. Con tres oficinas convenientemente ubicadas en Homestead, Hollywood, y Miami, el Grupo Legal Flaxman est\u00e1 preparado para ayudar a toda el \u00e1rea de Florida del Sur. Su consulta inicial es gratuita y sin compromiso, as\u00ed que llame hoy mismo para su cita gratuita.   <\/p>\n<p><strong class=\"heading4\">\u00bfPor qu\u00e9 se conduce distra\u00eddo en Pompano Beach y otras comunidades?<\/strong><\/p>\n<p>Aunque en Florida se ha prohibido enviar mensajes de texto y conducir, hacer cumplir estas leyes es dif\u00edcil, ya que muchos conductores siguen pensando que pueden conducir distra\u00eddos sin consecuencias. En una encuesta de 2011 de la Fundaci\u00f3n AAA, por ejemplo, el 23% de los conductores de entre 17 y 26 a\u00f1os admitieron que ellos o sus compa\u00f1eros env\u00edan mensajes de texto y conducen. Muchos conductores conf\u00edan demasiado en sus habilidades al volante o no tienen en cuenta las consecuencias de la conducci\u00f3n distra\u00edda. Adem\u00e1s, es imposible legislar contra todas las distracciones posibles, como:   <\/p>\n<ul>\n<li>Comer o beber mientras conduces<\/li>\n<li>Aseo<\/li>\n<li>Cambiar la m\u00fasica en el coche<\/li>\n<li>Ajustar la tecnolog\u00eda del coche (como los sistemas GPS)<\/li>\n<li>Leer mapas u otros materiales<\/li>\n<li>Hablar con los pasajeros<\/li>\n<li>So\u00f1ar despierto<\/li>\n<li>Mirando el paisaje<\/li>\n<li>Recuperar objetos de la guantera, el suelo o el asiento trasero del coche<\/li>\n<\/ul>\n<p>Sin embargo, este tipo de distracciones provocan accidentes y lesiones graves cada a\u00f1o.<\/p>\n<p><strong class=\"heading4\">\u00bfQu\u00e9 puedes hacer si sospechas que tu accidente de coche fue causado por un conductor distra\u00eddo?<\/strong><\/p>\n<p>Si has tenido un accidente de coche, tu primera prioridad debe ser recibir atenci\u00f3n m\u00e9dica para ti o para cualquiera que pueda haber resultado herido en el accidente. Tambi\u00e9n querr\u00e1s intercambiar informaci\u00f3n con el otro conductor y reunir pruebas en el lugar del accidente. Una vez hecho esto, ponte en contacto con tu compa\u00f1\u00eda de seguros. Adem\u00e1s, querr\u00e1s consultar enseguida a un abogado de lesiones personales de Pompano Beach o de tu comunidad para que tu abogado pueda empezar a reunir pruebas de conducci\u00f3n distra\u00edda de inmediato.   <\/p>\n<p>\u00bfEst\u00e1 usted buscando un abogado de accidentes de tr\u00e1fico en el sur de Florida? Contacte al Grupo Legal Flaxman, una firma de servicios integrales con un historial de representaci\u00f3n agresiva de clientes y compasiva atenci\u00f3n al cliente. Nuestros abogados ya han recuperado m\u00e1s de $100 millones de d\u00f3lares en victorias judiciales y acuerdos extrajudiciales para miles de v\u00edctimas de lesiones personales como usted. Nuestros abogados tienen m\u00e1s de sesenta a\u00f1os de experiencia trabajando en una gran variedad de casos de reclamaciones de seguros y casos de lesiones personales. Te representamos agresivamente en la mesa de negociaciones y en la sala del tribunal y nos encargamos de todos los detalles para que puedas centrarte en tu familia y en tu proceso de curaci\u00f3n mientras nosotros nos encargamos del proceso de reclamaci\u00f3n. Para saber m\u00e1s, contacta hoy mismo al Grupo Legal Flaxman para tu revisi\u00f3n de caso gratuita y sin compromiso.     <\/p>\n<\/p><\/div>\n<\/p><\/div>\n","protected":false},"excerpt":{"rendered":"<p>Sin honorarios a menos que ganemos. Llama al 866-352-9626 para una &#8230; <\/p>\n","protected":false},"author":3,"featured_media":0,"parent":0,"menu_order":0,"comment_status":"closed","ping_status":"closed","template":"template-practice-areas.php","meta":{"footnotes":""},"class_list":["post-21793","page","type-page","status-publish","hentry"],"featured_image_src":null,"featured_image_src_square":null,"_links":{"self":[{"href":"https:\/\/flaxmanlaw.com\/es\/wp-json\/wp\/v2\/pages\/21793","targetHints":{"allow":["GET"]}}],"collection":[{"href":"https:\/\/flaxmanlaw.com\/es\/wp-json\/wp\/v2\/pages"}],"about":[{"href":"https:\/\/flaxmanlaw.com\/es\/wp-json\/wp\/v2\/types\/page"}],"author":[{"embeddable":true,"href":"https:\/\/flaxmanlaw.com\/es\/wp-json\/wp\/v2\/users\/3"}],"replies":[{"embeddable":true,"href":"https:\/\/flaxmanlaw.com\/es\/wp-json\/wp\/v2\/comments?post=21793"}],"version-history":[{"count":0,"href":"https:\/\/flaxmanlaw.com\/es\/wp-json\/wp\/v2\/pages\/21793\/revisions"}],"wp:attachment":[{"href":"https:\/\/flaxmanlaw.com\/es\/wp-json\/wp\/v2\/media?parent=21793"}],"curies":[{"name":"wp","href":"https:\/\/api.w.org\/{rel}","templated":true}]}}