{"id":21794,"date":"2024-11-18T12:45:21","date_gmt":"2024-11-18T12:45:21","guid":{"rendered":"https:\/\/flaxmanlaw.wpenginepowered.com\/colisiones-en-pompano-beach-abogados-de-accidentes-de-coche-en-el-condado-de-broward\/"},"modified":"2024-11-18T12:45:21","modified_gmt":"2024-11-18T12:45:21","slug":"colisiones-en-pompano-beach-abogados-de-accidentes-de-coche-en-el-condado-de-broward","status":"publish","type":"page","link":"https:\/\/flaxmanlaw.com\/es\/colisiones-en-pompano-beach-abogados-de-accidentes-de-coche-en-el-condado-de-broward\/","title":{"rendered":"Colisiones en Pompano Beach | Abogados de accidentes de coche en el condado de Broward"},"content":{"rendered":"<div class=\"bodytext\">\n<h2>Colisiones en Pompano Beach<\/h1><\/h2>\n<div class=\"description\">\n<p>En Pompano Beach y otras ciudades de Florida, los accidentes de tr\u00e1fico se cobran demasiadas vidas y devastan a demasiadas familias. Uno de los tipos m\u00e1s devastadores de accidentes de tr\u00e1fico en estas comunidades es la colisi\u00f3n lateral. Tambi\u00e9n conocido como colisi\u00f3n lateral, un accidente de tr\u00e1fico lateral se produce cuando un coche roza o choca contra el lateral de otro veh\u00edculo. Este tipo de colisiones laterales suelen ser accidentes en puntos ciegos o en intersecciones. Suelen ocurrir porque un conductor es negligente al comprobar sus \u00e1ngulos muertos o es negligente de otro modo en una intersecci\u00f3n o en cualquier otro lugar de la calzada.    <\/p>\n<p>Desafortunadamente, este tipo de colisiones de impacto lateral causan lesiones devastadoras. Si usted ha resultado gravemente lesionado en este tipo de accidente, por favor si\u00e9ntase libre de contactar <a href=\"contacta con nosotros.html\">al Grupo Legal Flaxman<\/a> en cualquier momento al 866-352-9626. Estaremos encantados de proporcionarle una revisi\u00f3n gratuita y sin compromiso de su caso para que pueda hablar sobre su situaci\u00f3n con un abogado de lesiones personales.  <\/p>\n<p><strong class=\"heading4\">Lesiones frecuentes en colisiones en \u00e1ngulo lateral<\/strong><\/p>\n<p>Dado que los laterales de un coche pr\u00e1cticamente no tienen zona de deformaci\u00f3n, las colisiones laterales suelen causar lesiones catastr\u00f3ficas, entre otras:<\/p>\n<ul>\n<li>Amputaciones<\/li>\n<li>Lesiones de espalda y de m\u00e9dula espinal<\/li>\n<li>Par\u00e1lisis<\/li>\n<li>Desfiguraci\u00f3n<\/li>\n<li>Lesiones por aplastamiento<\/li>\n<li>Latigazo cervical<\/li>\n<li>Lesiones internas<\/li>\n<li>Fracturas<\/li>\n<li>Lesiones craneales y cerebrales<\/li>\n<li>Lesiones de mu\u00f1eca<\/li>\n<\/ul>\n<p><strong>Buscando Indemnizaci\u00f3n Tras un Accidente Grave de Coche o Cami\u00f3n en Pompano Beach<\/strong><\/p>\n<p>Si has sufrido lesiones graves en una colisi\u00f3n de tr\u00e1fico, es importante que inicies el proceso de reclamaci\u00f3n al seguro, pero tambi\u00e9n que obtengas asesoramiento jur\u00eddico antes de aceptar el dinero del seguro. De hecho, en tu caso querr\u00e1s obtener asesoramiento jur\u00eddico inmediatamente, porque puede que tengas otras opciones seg\u00fan la legislaci\u00f3n de Florida para conseguir una indemnizaci\u00f3n justa por tus lesiones. Por ejemplo, puedes presentar una reclamaci\u00f3n por responsabilidad civil por productos defectuosos, o una reclamaci\u00f3n por lesiones personales. Un abogado experto en lesiones personales tambi\u00e9n puede negociar con las compa\u00f1\u00edas de seguros para conseguir una indemnizaci\u00f3n mejor para ti. Buscar la m\u00e1xima indemnizaci\u00f3n en tu caso es importante, ya que te permite permitirte una atenci\u00f3n m\u00e9dica de calidad y te ayuda a reponer los ingresos perdidos o los bienes da\u00f1ados, al tiempo que te ayuda a pagar las facturas m\u00e9dicas.    <\/p>\n<p><strong class=\"heading4\">Obtenci\u00f3n de ayuda tras un grave accidente de tr\u00e1fico en Pompano Beach<\/strong><\/p>\n<p>Tras un grave accidente de coche, lo que necesitas es tranquilidad y un buen apoyo mientras empiezas a reconstruir tu vida. Tambi\u00e9n necesitas recursos financieros para poder pagar una atenci\u00f3n m\u00e9dica de calidad, las reparaciones del auto, y los muchos otros costos asociados con tu accidente automovil\u00edstico. Para obtener ayuda de manera profesional y compasiva, contacta hoy mismo al Grupo Legal Flaxman para una consulta gratuita y sin compromiso de tu caso.  <\/p>\n<p>En <a href=\"index.html\">el Grupo Legal Flaxman<\/a>, nuestros abogados se esfuerzan por brindarle tranquilidad al proporcionarle asesor\u00eda legal sobre sus opciones y sus derechos. Nuestros abogados tambi\u00e9n le proporcionan apoyo ayud\u00e1ndole a encontrar recursos locales y encarg\u00e1ndose de todos los detalles de su caso para que pueda concentrarse en usted y en su familia. Nuestro equipo de expertos legales tambi\u00e9n construye casos s\u00f3lidos en nombre de los clientes y lucha agresivamente por los derechos de los demandantes. Queremos que tengas una buena oportunidad de obtener una indemnizaci\u00f3n justa para pagar el dolor y el sufrimiento, la p\u00e9rdida de ingresos y otros gastos. Llama hoy mismo al Grupo Legal Flaxman al 866-352-9626 para averiguar si tienes un caso.    <\/p>\n<\/p><\/div>\n<\/p><\/div>\n","protected":false},"excerpt":{"rendered":"<p>Sin honorarios a menos que ganemos. Llama al 866-352-9626 para una &#8230; <\/p>\n","protected":false},"author":3,"featured_media":0,"parent":0,"menu_order":0,"comment_status":"closed","ping_status":"closed","template":"template-practice-areas.php","meta":{"footnotes":""},"class_list":["post-21794","page","type-page","status-publish","hentry"],"featured_image_src":null,"featured_image_src_square":null,"_links":{"self":[{"href":"https:\/\/flaxmanlaw.com\/es\/wp-json\/wp\/v2\/pages\/21794","targetHints":{"allow":["GET"]}}],"collection":[{"href":"https:\/\/flaxmanlaw.com\/es\/wp-json\/wp\/v2\/pages"}],"about":[{"href":"https:\/\/flaxmanlaw.com\/es\/wp-json\/wp\/v2\/types\/page"}],"author":[{"embeddable":true,"href":"https:\/\/flaxmanlaw.com\/es\/wp-json\/wp\/v2\/users\/3"}],"replies":[{"embeddable":true,"href":"https:\/\/flaxmanlaw.com\/es\/wp-json\/wp\/v2\/comments?post=21794"}],"version-history":[{"count":0,"href":"https:\/\/flaxmanlaw.com\/es\/wp-json\/wp\/v2\/pages\/21794\/revisions"}],"wp:attachment":[{"href":"https:\/\/flaxmanlaw.com\/es\/wp-json\/wp\/v2\/media?parent=21794"}],"curies":[{"name":"wp","href":"https:\/\/api.w.org\/{rel}","templated":true}]}}