{"id":21798,"date":"2024-11-18T12:45:21","date_gmt":"2024-11-18T12:45:21","guid":{"rendered":"https:\/\/flaxmanlaw.wpenginepowered.com\/lesiones-cerebrales-en-pompano-beach-abogados-de-accidentes-en-el-condado-de-broward\/"},"modified":"2024-11-18T12:45:21","modified_gmt":"2024-11-18T12:45:21","slug":"lesiones-cerebrales-en-pompano-beach-abogados-de-accidentes-en-el-condado-de-broward","status":"publish","type":"page","link":"https:\/\/flaxmanlaw.com\/es\/lesiones-cerebrales-en-pompano-beach-abogados-de-accidentes-en-el-condado-de-broward\/","title":{"rendered":"Lesiones cerebrales en Pompano Beach | Abogados de accidentes en el condado de Broward"},"content":{"rendered":"<div class=\"bodytext\">\n<h2>Lesiones cerebrales en Pompano Beach<\/h1><\/h2>\n<div class=\"description\">\n<p>Los pacientes con lesiones cerebrales de Pompano Beach y otras comunidades se enfrentan a grandes retos mientras se recuperan. En algunos casos, la recuperaci\u00f3n lleva a\u00f1os y puede implicar problemas de movilidad, cambios de personalidad, dificultades cognitivas, p\u00e9rdida de visi\u00f3n y otros problemas graves. En algunos casos, los pacientes nunca se recuperan del todo y deben depender de tratamiento m\u00e9dico y cuidados a largo plazo.  <\/p>\n<p>Si t\u00fa o un ser querido hab\u00e9is sufrido una lesi\u00f3n cerebral grave, buscar una reclamaci\u00f3n legal puede no mejorar el resultado de vuestra salud. Sin embargo, puede ayudarte a buscar una indemnizaci\u00f3n que pueda comprar atenci\u00f3n m\u00e9dica y tratamiento de calidad para que t\u00fa o tu ser querido teng\u00e1is la mejor oportunidad de recuperaci\u00f3n. Si deseas saber si tienes una demanda legal, contacta hoy mismo al Grupo Legal Flaxman para programar una consulta gratuita sobre tu caso. El Grupo Legal Flaxman es una firma de servicios integrales con oficinas en Homestead, Hollywood y Miami. Nuestro equipo se complace en servir a las comunidades del Condado de Miami-Dade, Condado de Palm Beach, South Miami Heights, Condado de Broward, y \u00e1reas circundantes.    <\/p>\n<p><strong class=\"heading4\">Las lesiones cerebrales pueden ser dif\u00edciles de detectar<\/strong><\/p>\n<p>Las lesiones cerebrales a veces no se tratan porque pueden ser muy dif\u00edciles de detectar. Alguien puede salir de un accidente de coche en Pompano Beach, por ejemplo, y sentirse bien. Puede que no se d\u00e9 cuenta de que ha sufrido una lesi\u00f3n cerebral grave, s\u00f3lo para desarrollar s\u00edntomas al cabo de unas horas. En ese momento, puede resultar evidente que la persona ha sufrido una lesi\u00f3n cerebral potencialmente mortal. Debido a la naturaleza sutil de algunos traumatismos craneoencef\u00e1licos cerrados, es importante que te sometas siempre a una revisi\u00f3n si sospechas que puedes haber sufrido una lesi\u00f3n cerebral. Aunque no tengas s\u00edntomas, haz que un profesional m\u00e9dico te examine adecuadamente para descartar una lesi\u00f3n cerebral. Esta simple precauci\u00f3n podr\u00eda salvarte la vida.      <\/p>\n<p><strong class=\"heading4\">Los retos de buscar dinero del seguro tras una lesi\u00f3n cerebral traum\u00e1tica<\/strong><\/p>\n<p>Por desgracia, a los pacientes que han sufrido una lesi\u00f3n cerebral grave en Florida a veces les resulta dif\u00edcil conseguir dinero del seguro u otro tipo de compensaci\u00f3n por su reclamaci\u00f3n. En muchos casos, las aseguradoras se basan en informaci\u00f3n antigua o err\u00f3nea sobre las lesiones cerebrales al evaluar las reclamaciones. Por ejemplo, algunos peritos de seguros pueden suponer que si el paciente no presenta s\u00edntomas inmediatos de lesi\u00f3n cerebral es que no est\u00e1 gravemente lesionado. Del mismo modo, los peritos de seguros pueden suponer que una lesi\u00f3n cerebral traum\u00e1tica leve no presentar\u00e1 s\u00edntomas a largo plazo ni requerir\u00e1 m\u00e1s tratamiento m\u00e9dico. Los investigadores han demostrado que ambas suposiciones son falsas. Incluso las lesiones cerebrales leves pueden provocar sufrimiento y dolor a largo plazo, y muchos pacientes que sufren lesiones cerebrales potencialmente mortales no presentan s\u00edntomas de inmediato.     <\/p>\n<p>Debido a los mitos y a la desinformaci\u00f3n que existen sobre las lesiones cerebrales traum\u00e1ticas, si has sufrido una lesi\u00f3n de este tipo es importante que busques la orientaci\u00f3n de un abogado especializado en lesiones personales antes de hablar con un perito del seguro o de tomar cualquier decisi\u00f3n sobre tu caso. Los abogados expertos en lesiones personales est\u00e1n familiarizados con la informaci\u00f3n m\u00e9dica m\u00e1s reciente sobre lesiones cerebrales y saben exactamente c\u00f3mo evaluar este tipo de lesiones. Un abogado de lesiones personales cualificado puede guiarte a trav\u00e9s del proceso de reclamaci\u00f3n al seguro o puede presentar una reclamaci\u00f3n legal en tu nombre para que puedas obtener una indemnizaci\u00f3n completa y justa por tus lesiones.  <\/p>\n<p>Si desea hablar hoy mismo con un abogado de lesiones personales, <a href=\"contacta con nosotros.html\">contacte<\/a> al Grupo Legal Flaxman para una revisi\u00f3n gratuita de su caso. Los abogados del <a href=\"index.html\">Grupo Legal<\/a> Flaxman cuentan con m\u00e1s de 60 a\u00f1os de experiencia combinada y han ganado exitosamente acuerdos o compensaciones para miles de demandantes por lesiones personales. Averigua si tienes una demanda contactando hoy mismo con el bufete.  <\/p>\n<\/p><\/div>\n<\/p><\/div>\n","protected":false},"excerpt":{"rendered":"<p>Sin honorarios a menos que ganemos. Llama al 866-352-9626 para una &#8230; <\/p>\n","protected":false},"author":3,"featured_media":0,"parent":0,"menu_order":0,"comment_status":"closed","ping_status":"closed","template":"template-practice-areas.php","meta":{"footnotes":""},"class_list":["post-21798","page","type-page","status-publish","hentry"],"featured_image_src":null,"featured_image_src_square":null,"_links":{"self":[{"href":"https:\/\/flaxmanlaw.com\/es\/wp-json\/wp\/v2\/pages\/21798","targetHints":{"allow":["GET"]}}],"collection":[{"href":"https:\/\/flaxmanlaw.com\/es\/wp-json\/wp\/v2\/pages"}],"about":[{"href":"https:\/\/flaxmanlaw.com\/es\/wp-json\/wp\/v2\/types\/page"}],"author":[{"embeddable":true,"href":"https:\/\/flaxmanlaw.com\/es\/wp-json\/wp\/v2\/users\/3"}],"replies":[{"embeddable":true,"href":"https:\/\/flaxmanlaw.com\/es\/wp-json\/wp\/v2\/comments?post=21798"}],"version-history":[{"count":0,"href":"https:\/\/flaxmanlaw.com\/es\/wp-json\/wp\/v2\/pages\/21798\/revisions"}],"wp:attachment":[{"href":"https:\/\/flaxmanlaw.com\/es\/wp-json\/wp\/v2\/media?parent=21798"}],"curies":[{"name":"wp","href":"https:\/\/api.w.org\/{rel}","templated":true}]}}