{"id":21799,"date":"2024-11-18T12:45:24","date_gmt":"2024-11-18T12:45:24","guid":{"rendered":"https:\/\/flaxmanlaw.wpenginepowered.com\/accidentes-por-resbalones-y-caidas-hollywood-florida-abogados-de-responsabilidad-de-locales\/"},"modified":"2025-08-26T03:11:52","modified_gmt":"2025-08-26T03:11:52","slug":"accidentes-por-resbalones-y-caidas-hollywood-florida-abogados-de-responsabilidad-de-locales","status":"publish","type":"page","link":"https:\/\/flaxmanlaw.com\/es\/accidentes-por-resbalones-y-caidas-hollywood-florida-abogados-de-responsabilidad-de-locales\/","title":{"rendered":"Abogados de resbalones y ca\u00eddas en Hollywood, Florida"},"content":{"rendered":"<div class=\"bodytext\">\n<h2>Accidentes por resbalones y ca\u00eddas<\/h1><\/h2>\n<div class=\"description\">\n<p>Cuando sale a pasear, la mayor\u00eda de la gente no piensa que est\u00e1 haciendo nada arriesgado. Sin embargo, cada a\u00f1o ocurren muchos miles de accidentes por resbal\u00f3n y ca\u00edda en todo el pa\u00eds. En las oficinas de Miami, Hollywood y Homestead del Grupo Legal Flaxman, regularmente recibimos llamadas de individuos en busca de un abogado de accidentes por resbal\u00f3n y ca\u00edda.<\/p>\n<p><iframe src=\"https:\/\/www.youtube.com\/embed\/rn2i6WijPRo?rel=0&amp;showinfo=0&amp;autohide=1&amp;modestbranding=1\" width=\"430\" height=\"242\" frameborder=\"0\" allowfullscreen=\"allowfullscreen\"><\/iframe><\/p>\n<p>En muchos casos, los accidentes por resbal\u00f3n y ca\u00edda son lo bastante graves como para requerir atenci\u00f3n m\u00e9dica y, en unos pocos casos, estas lesiones resultan mortales. Los accidentes por resbalones y ca\u00eddas pueden ocurrir por muchas razones: por aceras desiguales, por charcos o hielo y nieve en las pasarelas, por iluminaci\u00f3n inadecuada, por obst\u00e1culos en las superficies de paso o porque no se ha hecho accesible una propiedad. En todos los casos, puede producirse una lesi\u00f3n grave si el propietario no tiene cuidado de mantener la seguridad de las aceras. Si resbalas y caes porque el due\u00f1o de una propiedad ha sido negligente, contacta a los calificados abogados de Florida del Grupo Legal Flaxman. Los profesionales del Grupo Legal Flaxman han ayudado a muchos sobrevivientes de accidentes, y podemos ayudarte a ti.<\/p>\n<p><strong class=\"heading4\"> \u00bfQu\u00e9 es una demanda por accidente de resbal\u00f3n y ca\u00edda? <\/strong><\/p>\n<p>La mayor\u00eda de los accidentes por resbalones y ca\u00eddas implican <a href=\"responsabilidad patrimonial.html\">reclamaciones por responsabilidad de las instalaciones<\/a>. Esto significa que tu abogado de Florida debe demostrar que el propietario fue negligente y que la negligencia o imprudencia provoc\u00f3 tu lesi\u00f3n. Esto puede implicar demostrar que el propietario conoc\u00eda las condiciones inseguras y que no advirti\u00f3 a los visitantes o inquilinos. Tambi\u00e9n puede ser importante en tu caso si las condiciones inseguras eran permanentes o temporales.<\/p>\n<p>Aunque tengas la tentaci\u00f3n de ignorar un resbal\u00f3n o una ca\u00edda, es importante que te tomes en serio las lesiones. Si te has golpeado la cabeza, por ejemplo, es conveniente que acudas a urgencias. Una lesi\u00f3n en la cabeza puede ser mortal, y querr\u00e1s un tratamiento m\u00e9dico r\u00e1pido para evitar la tragedia.<\/p>\n<p>Si has sufrido alguna lesi\u00f3n en tu accidente por resbal\u00f3n y ca\u00edda, quiz\u00e1 quieras consultar a un abogado especializado en resbalones y ca\u00eddas de Hollywood o del sur de Florida, o a un abogado de tu ciudad. Tanto si has sufrido una conmoci\u00f3n cerebral, una fractura o cualquier lesi\u00f3n, es posible que tengas que hacer frente a facturas. Est\u00e1n las facturas hospitalarias y m\u00e9dicas que tendr\u00e1s que pagar, y gastos menores, como un taxi de ida y vuelta al hospital. Puede que necesites medicaci\u00f3n o que tengas que cambiar el tel\u00e9fono si se ha estropeado. Puede que tengas que perder tiempo en el trabajo. Todo esto puede sumar, y un abogado con experiencia puede buscar una indemnizaci\u00f3n para ti, para que estos costes no salgan totalmente de tu bolsillo.<\/p>\n<p><strong class=\"heading4\"> \u00bfPor Qu\u00e9 Contactar con el Grupo Legal Flaxman Tras un Resbal\u00f3n y Ca\u00edda? <\/strong><\/p>\n<p>El equipo de abogados de resbal\u00f3n y ca\u00edda en Florida del Grupo Legal Flaxman puede ayudar a garantizar que usted obtenga una representaci\u00f3n en la corte que se dedique a conseguirle una compensaci\u00f3n justa. Si usted ha sufrido un accidente por resbal\u00f3n y ca\u00edda, el Grupo Legal Flaxman puede ayudarle a comprender sus derechos y puede trabajar para asegurarse de que usted obtenga toda la ayuda a la que tiene derecho seg\u00fan la ley. Las prestaciones pueden ayudarte a pagar tus facturas m\u00e9dicas, p\u00e9rdida de ingresos, dolor, tratamiento y cualquier da\u00f1o a la propiedad que hayas sufrido. El Grupo Legal Flaxman puede ayudarte a buscar la indemnizaci\u00f3n que mereces para que puedas seguir adelante con tu vida despu\u00e9s de un doloroso accidente.<\/p>\n<p><strong>Si usted ha sufrido un accidente por resbal\u00f3n y ca\u00edda que pudo haber sido causado por la negligencia del due\u00f1o de una propiedad, llame a los profesionales del Grupo Legal Flaxman al 866-352-9626 o <a href=\"contacta con nosotros.html\">cont\u00e1ctenos en l\u00ednea<\/a>.<\/strong> Podemos reunirnos en su casa, oficina, o cuarto de hospital para una consulta sobre accidentes GRATUITA y sin compromiso. Esto te da la oportunidad de discutir tus opciones legales con un abogado calificado que puede revisar tu caso personalmente.<\/p>\n<\/div>\n<div class=\"subpageslist\">\n<ul>\n<li><a href=\"accidentes-escaleras.html\">Accidentes en escaleras<\/a><\/li>\n<li><a href=\"determinar la negligencia del propietario de una empresa.html\">Determinar la negligencia de un empresario\/propietario<\/a><\/li>\n<li><a href=\"ca\u00eddas en superficies resbaladizas.html\">Ca\u00eddas en superficies resbaladizas<\/a><\/li>\n<li><a href=\"ca\u00edda-de-una-terraza-balc\u00f3n.html\">Ca\u00edda desde una terraza\/balc\u00f3n<\/a><\/li>\n<li><a href=\"rampa-aparcamiento-ca\u00eddas.html\">Ca\u00edda de la rampa del aparcamiento<\/a><\/li>\n<li><a href=\"aceras-ca\u00eddas.html\">Ca\u00eddas en la acera<\/a><\/li>\n<li><a href=\"ba\u00f1era-ducha-ca\u00eddas.html\">Ca\u00eddas de ba\u00f1era\/ducha<\/a><\/li>\n<li><a href=\"quejas-anteriores-sobre-un-peligro-existente.html\">Quejas previas sobre un peligro existente<\/a><\/li>\n<li><a href=\"determinar-la-negligencia-del-individuo-perjudicado.html\">Determinar la negligencia del lesionado<\/a><\/li>\n<li><a href=\"determinar-responsabilidad.html\">Decidir la responsabilidad<\/a><\/li>\n<li><a href=\"da\u00f1os-que-pueden-recuperarse.html\">Da\u00f1os indemnizables<\/a><\/li>\n<li><a href=\"construcci\u00f3n-deslizamiento-ca\u00edda.html\">Resbalones y ca\u00eddas en la construcci\u00f3n<\/a><\/li>\n<li><a href=\"casa de reposo-ca\u00edda.html\">Resbalones y ca\u00eddas en residencias de ancianos<\/a><\/li>\n<li><a href=\"piscina-deslizamiento-ca\u00edda.html\">Resbal\u00f3n y ca\u00edda en piscina<\/a><\/li>\n<li><a href=\"lesiones por resbal\u00f3n-ca\u00edda.html\">Lesiones por resbal\u00f3n y ca\u00edda<\/a><\/li>\n<li><a href=\"hotel-deslizamiento-ca\u00edda.html\">Resbal\u00f3n y ca\u00edda en un hotel<\/a><\/li>\n<li><a href=\"moqueta-desgarrada.html\">Moqueta rota<\/a><\/li>\n<li><a href=\"centro comercial-viaje-oto\u00f1o.html\">Viaje al centro comercial y ca\u00edda<\/a><\/li>\n<li><a href=\"supermercado-viaje-ca\u00edda.html\">Tropiezo y ca\u00edda en el supermercado<\/a><\/li>\n<li><a href=\"escalera-viaje-ca\u00edda.html\">Ca\u00edda y tropiezo en la escalera<\/a><\/li>\n<li><a href=\"hotel-viaje-oto\u00f1o.html\">Viaje al hotel y ca\u00edda<\/a><\/li>\n<\/ul>\n<\/div>\n<\/div>\n","protected":false},"excerpt":{"rendered":"<p>Sin honorarios a menos que ganemos. Llama al 866-352-9626 para una &#8230; <\/p>\n","protected":false},"author":3,"featured_media":0,"parent":0,"menu_order":0,"comment_status":"closed","ping_status":"closed","template":"template-practice-areas.php","meta":{"footnotes":""},"class_list":["post-21799","page","type-page","status-publish","hentry"],"featured_image_src":null,"featured_image_src_square":null,"_links":{"self":[{"href":"https:\/\/flaxmanlaw.com\/es\/wp-json\/wp\/v2\/pages\/21799","targetHints":{"allow":["GET"]}}],"collection":[{"href":"https:\/\/flaxmanlaw.com\/es\/wp-json\/wp\/v2\/pages"}],"about":[{"href":"https:\/\/flaxmanlaw.com\/es\/wp-json\/wp\/v2\/types\/page"}],"author":[{"embeddable":true,"href":"https:\/\/flaxmanlaw.com\/es\/wp-json\/wp\/v2\/users\/3"}],"replies":[{"embeddable":true,"href":"https:\/\/flaxmanlaw.com\/es\/wp-json\/wp\/v2\/comments?post=21799"}],"version-history":[{"count":0,"href":"https:\/\/flaxmanlaw.com\/es\/wp-json\/wp\/v2\/pages\/21799\/revisions"}],"wp:attachment":[{"href":"https:\/\/flaxmanlaw.com\/es\/wp-json\/wp\/v2\/media?parent=21799"}],"curies":[{"name":"wp","href":"https:\/\/api.w.org\/{rel}","templated":true}]}}