{"id":21801,"date":"2024-11-18T12:45:24","date_gmt":"2024-11-18T12:45:24","guid":{"rendered":"https:\/\/flaxmanlaw.wpenginepowered.com\/los-accidentes-por-resbalones-y-caidas-son-lesiones-laborales-comunes-en-florida\/"},"modified":"2025-12-04T04:02:30","modified_gmt":"2025-12-04T04:02:30","slug":"los-accidentes-por-resbalones-y-caidas-son-lesiones-laborales-comunes-en-florida","status":"publish","type":"page","link":"https:\/\/flaxmanlaw.com\/es\/los-accidentes-por-resbalones-y-caidas-son-lesiones-laborales-comunes-en-florida\/","title":{"rendered":"Resbalones y Ca\u00eddas Laborales en FL"},"content":{"rendered":"<div class=\"bodytext\">\n<h2>Los accidentes por resbalones y ca\u00eddas son lesiones laborales comunes en Florida<\/h2>\n<div class=\"description\">\n<p>En las oficinas de Hollywood, Miami y Homestead del Grupo Legal Flaxman, nuestros abogados de compensaci\u00f3n al trabajador han trabajado con muchos empleados esforzados que han resultado gravemente lesionados despu\u00e9s de un accidente de resbal\u00f3n y ca\u00edda en el trabajo. De hecho, los accidentes por resbal\u00f3n y ca\u00edda son lesiones laborales comunes en Florida, y tienden a ser m\u00e1s graves de lo que mucha gente cree. Si usted ha sufrido un incidente de este tipo, contacte al Grupo Legal Flaxman para recibir una consulta gratuita sobre accidentes y averiguar qu\u00e9 puede hacer para obtener beneficios justos en su caso.<\/p>\n<p><strong class=\"heading4\">Los accidentes graves por resbalones y ca\u00eddas son lesiones laborales comunes en Florida<\/strong><\/p>\n<p>El clima c\u00e1lido de Florida, las zonas costeras y el tiempo a veces tormentoso pueden aumentar el riesgo de <a href=\"resbalones-ca\u00eddas-preguntas.html\">accidentes por resbalones y ca\u00eddas<\/a>, incluso en el lugar de trabajo. Las superficies resbaladizas, los suelos mojados, las pasarelas desiguales y los locales mal mantenidos son causas frecuentes de tales accidentes. Estos accidentes pueden provocar lesiones graves, entre otras:<\/p>\n<ul class=\"no-spacing-list\">\n<li>Huesos rotos<\/li>\n<li>Lesiones de espalda y de m\u00e9dula espinal<\/li>\n<li>Traumatismos craneoencef\u00e1licos<\/li>\n<li>Abrasiones y cicatrices<\/li>\n<li>Esguinces y lesiones de tejidos blandos<\/li>\n<\/ul>\n<p><strong class=\"heading4\">Puede que necesites un abogado con experiencia en Indemnizaci\u00f3n Laboral en Hollywood<\/strong><\/p>\n<p>Cuando se produce un accidente de resbal\u00f3n y ca\u00edda en el lugar de trabajo, puedes solicitar <a href=\"indemnizacion-trabajadores-beneficios.html\">prestaciones de indemnizaci\u00f3n por accidente laboral<\/a> para reponer los ingresos perdidos, pagar las facturas m\u00e9dicas y ayudarte con la carga econ\u00f3mica de una lesi\u00f3n grave. Sin embargo, conseguir las prestaciones que te corresponden no siempre es f\u00e1cil. Los empresarios y sus aseguradoras pueden intentar minimizar tu lesi\u00f3n o incluso alegar que no tienes derecho a prestaciones.<\/p>\n<p>Aqu\u00ed es donde puede ayudarte un abogado experto en compensaci\u00f3n de los trabajadores de Florida. Los abogados pueden investigar las circunstancias de tu accidente y exigir responsabilidades a las partes negligentes. Su objetivo es asegurarse de que recibas una indemnizaci\u00f3n justa por tus lesiones, gastos m\u00e9dicos, salarios perdidos y dolor y sufrimiento.<\/p>\n<p>La experiencia importa cuando contratas a un abogado. En el Grupo Legal Flaxman, nuestros abogados tienen m\u00e1s de 60 a\u00f1os de experiencia combinada ayudando a trabajadores lesionados como t\u00fa. Adem\u00e1s, nuestros abogados tambi\u00e9n tienen experiencia en la industria aseguradora, as\u00ed que entienden las demandas de ambos lados del pasillo. Nuestro equipo ya ha recuperado m\u00e1s de 100 millones de d\u00f3lares en victorias judiciales y acuerdos, as\u00ed que puedes ver nuestro historial de <a href=\"veredictos-acuerdos.html\">resultados reales<\/a>. Lo mejor de todo es que estamos profundamente comprometidos con Hollywood, Homestead y Hollywood y con las personas que trabajan en estas comunidades. Nuestro atento equipo de abogados padre-hijo forma parte de un bufete de derecho de familia que se preocupa.<\/p>\n<p>Por eso ofrecemos una consulta gratuita y sin compromiso sobre accidentes a cualquier persona que haya sufrido lesiones. Tu consulta gratuita y confidencial es tu oportunidad de hablar sin compromiso con un abogado experto en indemnizaci\u00f3n por accidente laboral en Florida. Averigua si tienes un caso, cu\u00e1nto puede valer tu caso y ten la oportunidad de hacer preguntas. Creemos que ofrecer esta consulta gratuita sobre accidentes te da la oportunidad de tomar una decisi\u00f3n desde una posici\u00f3n de fuerza.<\/p>\n<p>Para programar tu consulta gratuita sobre accidentes, simplemente llama a nuestras oficinas al 866-352-9626 para hablar con una persona en vivo 24\/7 o <a href=\"contacta con nosotros.html\">cont\u00e1ctanos en l\u00ednea<\/a> o env\u00eda un correo electr\u00f3nico directamente al abogado de accidentes Charles Flaxman a <a href=\"mailto:cf******@********aw.com\" data-original-string=\"yPydnfxlVbqh3mqHZ5Pyzg==6140G72vfcYYvco2OdRqA\/WMjkE45RRHg9qGPS0ANUe0YM=\" title=\"This contact has been encoded by Anti-Spam by CleanTalk. Click to decode. To finish the decoding make sure that JavaScript is enabled in your browser.\"><span \n                data-original-string='iL3pgwLYF+oVYz131EAwDg==614WdppscxTMZ\/josReZgdr4u3ip\/44kUzEEVRbA2w8OuU='\n                class='apbct-email-encoder'\n                title='This contact has been encoded by Anti-Spam by CleanTalk. Click to decode. To finish the decoding make sure that JavaScript is enabled in your browser.'>cf<span class=\"apbct-blur\">******<\/span>@<span class=\"apbct-blur\">********<\/span>aw.com<\/span>.<\/a> Podemos programar su consulta gratuita sobre accidentes para que podamos hablar. El Grupo Legal Flaxman se enorgullece de servir a toda el \u00e1rea de Florida del Sur, as\u00ed que no importa en qu\u00e9 comunidad se encuentre usted, podemos ayudarle.<\/p>\n<\/div>\n<\/div>\n","protected":false},"excerpt":{"rendered":"<p>Sin honorarios a menos que ganemos. Llama al 866-352-9626 para una &#8230; <\/p>\n","protected":false},"author":3,"featured_media":0,"parent":0,"menu_order":0,"comment_status":"closed","ping_status":"closed","template":"template-practice-areas.php","meta":{"footnotes":""},"class_list":["post-21801","page","type-page","status-publish","hentry"],"featured_image_src":null,"featured_image_src_square":null,"_links":{"self":[{"href":"https:\/\/flaxmanlaw.com\/es\/wp-json\/wp\/v2\/pages\/21801","targetHints":{"allow":["GET"]}}],"collection":[{"href":"https:\/\/flaxmanlaw.com\/es\/wp-json\/wp\/v2\/pages"}],"about":[{"href":"https:\/\/flaxmanlaw.com\/es\/wp-json\/wp\/v2\/types\/page"}],"author":[{"embeddable":true,"href":"https:\/\/flaxmanlaw.com\/es\/wp-json\/wp\/v2\/users\/3"}],"replies":[{"embeddable":true,"href":"https:\/\/flaxmanlaw.com\/es\/wp-json\/wp\/v2\/comments?post=21801"}],"version-history":[{"count":0,"href":"https:\/\/flaxmanlaw.com\/es\/wp-json\/wp\/v2\/pages\/21801\/revisions"}],"wp:attachment":[{"href":"https:\/\/flaxmanlaw.com\/es\/wp-json\/wp\/v2\/media?parent=21801"}],"curies":[{"name":"wp","href":"https:\/\/api.w.org\/{rel}","templated":true}]}}