{"id":21802,"date":"2024-11-18T12:45:24","date_gmt":"2024-11-18T12:45:24","guid":{"rendered":"https:\/\/flaxmanlaw.wpenginepowered.com\/los-accidentes-por-resbalones-y-caidas-son-lesiones-laborales-comunes-en-colorado\/"},"modified":"2024-11-18T12:45:24","modified_gmt":"2024-11-18T12:45:24","slug":"los-accidentes-por-resbalones-y-caidas-son-lesiones-laborales-comunes-en-colorado","status":"publish","type":"page","link":"https:\/\/flaxmanlaw.com\/es\/los-accidentes-por-resbalones-y-caidas-son-lesiones-laborales-comunes-en-colorado\/","title":{"rendered":"Los accidentes por resbalones y ca\u00eddas son lesiones laborales comunes en Colorado"},"content":{"rendered":"<div class=\"bodytext\">\n<h2>Los accidentes por resbalones y ca\u00eddas son lesiones laborales comunes en Colorado<\/h1><\/h2>\n<div class=\"description\">\n<p>Los accidentes por resbal\u00f3n y ca\u00edda son alarmantemente comunes en los lugares de trabajo de Colorado. En las oficinas de Denver del Grupo Legal Flaxman, nuestros dedicados abogados de compensaci\u00f3n al trabajador han visto las graves consecuencias que estos accidentes pueden tener en las vidas de los trabajadores y hemos trabajado estrechamente con trabajadores lesionados para conseguirles sus leg\u00edtimos beneficios de compensaci\u00f3n al trabajador. Si usted ha sufrido una lesi\u00f3n despu\u00e9s de un accidente de resbal\u00f3n y ca\u00edda en el trabajo, no lo dude. Contacta al Grupo Legal Flaxman al 970-999-0530 tan pronto como sea posible para una consulta gratuita sobre accidentes y hablar sobre tu situaci\u00f3n con un abogado de compensaci\u00f3n al trabajador.   <\/p>\n<p><strong class=\"heading4\">Comprender c\u00f3mo los accidentes por resbalones y ca\u00eddas son lesiones laborales comunes en Colorado<\/strong><\/p>\n<p>Los accidentes por resbalones y ca\u00eddas pueden ocurrir y ocurren en cualquier lugar de trabajo, desde oficinas a f\u00e1bricas. Todos los trabajadores deben ser conscientes de ello. En Denver y otras comunidades de Colorado, las causas habituales de los accidentes por resbal\u00f3n y ca\u00edda incluyen:  <\/p>\n<ul>\n<li><strong>Superficies resbaladizas.<\/strong>  Los vertidos y las fugas pueden crear superficies resbaladizas, aumentando el riesgo de accidentes por resbalones y ca\u00eddas. En Denver y en todo Colorado, la nieve y otras condiciones meteorol\u00f3gicas tambi\u00e9n pueden crear condiciones resbaladizas en los lugares de trabajo, especialmente cerca de las entradas. <\/li>\n<li><strong>Pasarelas irregulares.<\/strong>  Los suelos, escaleras y otras superficies agrietados o mal mantenidos pueden provocar ca\u00eddas inesperadas.<\/li>\n<li><strong>Espacios de trabajo desordenados.<\/strong>  Las zonas de trabajo desordenadas pueden aumentar la probabilidad de tropiezos y ca\u00eddas.<\/li>\n<li><strong>Iluminaci\u00f3n insuficiente.<\/strong>  Una iluminaci\u00f3n deficiente puede dificultar que los trabajadores vean posibles peligros, provocando accidentes.<\/li>\n<\/ul>\n<p><strong class=\"heading4\">Por qu\u00e9 necesitas un abogado de indemnizaci\u00f3n laboral en Denver tras un resbal\u00f3n y ca\u00edda<\/strong><\/p>\n<p>La buena noticia es que si te lesionas en un resbal\u00f3n y ca\u00edda en tu lugar de trabajo, puedes tener derecho a <a href=\"tipos-de-prestaciones-de-trabajadores-en-colorado.html\">prestaciones de indemnizaci\u00f3n por accidente laboral<\/a>, que pueden pagar la asistencia m\u00e9dica, reponer parte de tus ingresos perdidos y ayudarte a volver a la normalidad econ\u00f3mica tras una lesi\u00f3n laboral devastadora.<\/p>\n<p>La mala noticia es que presentar una <a href=\"indemnizaci\u00f3n-obrera-en-colorado.html\">demanda de indemnizaci\u00f3n por accidente laboral en Colorado<\/a> puede ser complicado, y lo har\u00e1s cuando est\u00e9s sufriendo y lidiando con una lesi\u00f3n. Adem\u00e1s, algunos trabajadores con reclamaciones leg\u00edtimas se encuentran con que tienen dificultades para obtener las prestaciones que les corresponden porque los empresarios y las aseguradoras intentan denegar la reclamaci\u00f3n o minimizar la lesi\u00f3n. <\/p>\n<p>En estos casos, trabajar con un abogado experto en indemnizaci\u00f3n por accidente laboral en Colorado puede ser de gran ayuda. Tu abogado vela por tus intereses, negociando con las compa\u00f1\u00edas de seguros y construyendo un caso s\u00f3lido para ti. Se ocupan de los detalles para que puedas centrarte en tu salud. Tambi\u00e9n tienen la experiencia y el conocimiento de las leyes de Colorado para buscar prestaciones para ti.   <\/p>\n<p>Cuando usted elige trabajar con el Grupo Legal Flaxman, est\u00e1 trabajando con una firma de derecho familiar con un serio compromiso con los trabajadores lesionados. Nuestro equipo legal cuenta con m\u00e1s de 60 a\u00f1os de experiencia combinada y nuestro equipo de abogados padre-hijo ha ayudado a miles de trabajadores lesionados y personas lesionadas a lo largo de los a\u00f1os, asegurando m\u00e1s de $100 millones de d\u00f3lares para quienes m\u00e1s lo necesitan. Lo que nuestros clientes aprecian especialmente es nuestro enfoque compasivo y nuestro experimentado equipo.  <\/p>\n<p>Si usted ha sufrido lesiones por resbal\u00f3n y ca\u00edda en el trabajo, contacte al Grupo Legal Flaxman para recibir una consulta gratuita sobre accidentes tan pronto como sea posible. Puede contactar a nuestro equipo de Denver al 970-999-0530 para hablar sobre cu\u00e1les pueden ser sus siguientes pasos. <\/p>\n<\/p><\/div>\n<\/p><\/div>\n","protected":false},"excerpt":{"rendered":"<p>Sin honorarios a menos que ganemos. Llama al 866-352-9626 para una &#8230; <\/p>\n","protected":false},"author":3,"featured_media":0,"parent":0,"menu_order":0,"comment_status":"closed","ping_status":"closed","template":"template-practice-areas.php","meta":{"footnotes":""},"class_list":["post-21802","page","type-page","status-publish","hentry"],"featured_image_src":null,"featured_image_src_square":null,"_links":{"self":[{"href":"https:\/\/flaxmanlaw.com\/es\/wp-json\/wp\/v2\/pages\/21802","targetHints":{"allow":["GET"]}}],"collection":[{"href":"https:\/\/flaxmanlaw.com\/es\/wp-json\/wp\/v2\/pages"}],"about":[{"href":"https:\/\/flaxmanlaw.com\/es\/wp-json\/wp\/v2\/types\/page"}],"author":[{"embeddable":true,"href":"https:\/\/flaxmanlaw.com\/es\/wp-json\/wp\/v2\/users\/3"}],"replies":[{"embeddable":true,"href":"https:\/\/flaxmanlaw.com\/es\/wp-json\/wp\/v2\/comments?post=21802"}],"version-history":[{"count":0,"href":"https:\/\/flaxmanlaw.com\/es\/wp-json\/wp\/v2\/pages\/21802\/revisions"}],"wp:attachment":[{"href":"https:\/\/flaxmanlaw.com\/es\/wp-json\/wp\/v2\/media?parent=21802"}],"curies":[{"name":"wp","href":"https:\/\/api.w.org\/{rel}","templated":true}]}}