{"id":21804,"date":"2024-11-18T12:45:24","date_gmt":"2024-11-18T12:45:24","guid":{"rendered":"https:\/\/flaxmanlaw.wpenginepowered.com\/privacion-del-sueno-hollywood-florida-abogados-de-accidentes-automovilisticos-grupo-legal-flaxman\/"},"modified":"2025-05-06T09:29:45","modified_gmt":"2025-05-06T09:29:45","slug":"privacion-del-sueno-hollywood-florida-abogados-de-accidentes-automovilisticos-grupo-legal-flaxman","status":"publish","type":"page","link":"https:\/\/flaxmanlaw.com\/es\/privacion-del-sueno-hollywood-florida-abogados-de-accidentes-automovilisticos-grupo-legal-flaxman\/","title":{"rendered":"Privaci\u00f3n del Sue\u00f1o y Accidentes"},"content":{"rendered":"<div class=\"bodytext\">\n<h2>Privaci\u00f3n de sue\u00f1o<\/h2>\n<div class=\"description\">\n<p>Dormir bien es mucho m\u00e1s que un lujo confortable. Tambi\u00e9n es esencial para tu salud, sobre todo si eres conductor en Hollywood o en cualquier lugar del sur de Florida. Dormir bien te mantiene sano y te permite hacer frente al intenso tr\u00e1fico de nuestras carreteras. Cuando los conductores se ponen al volante fatigados, corren el riesgo de causarse lesiones a s\u00ed mismos y a los dem\u00e1s.<\/p>\n<p>En cuanto sufras una lesi\u00f3n grave en Hollywood o Florida, necesitas asesoramiento jur\u00eddico y empezar a trabajar para preservar las pruebas de tu caso. Te conviene consultar inmediatamente a un abogado de lesiones personales para empezar a proteger tus intereses. Ten en cuenta que la ley de prescripci\u00f3n de Florida exige que presentes cualquier reclamaci\u00f3n legal con prontitud. Si usted ha resultado lesionado, un abogado del Grupo Legal Flaxman puede ofrecerle asesor\u00eda r\u00e1pida y puede asesorarle sobre su situaci\u00f3n. El equipo legal del Grupo Legal Flaxman cuenta con m\u00e1s de sesenta a\u00f1os de experiencia combinada en la presentaci\u00f3n de demandas y en la representaci\u00f3n de demandantes lesionados ante los tribunales. Para averiguar si calificas para una demanda, contacta con nuestras oficinas de Hollywood, Homestead o Miami para tu consulta gratuita sobre accidentes con nuestro equipo.<\/p>\n<p><strong class=\"heading4\">\u00bfQu\u00e9 causa la privaci\u00f3n del sue\u00f1o?<\/strong><\/p>\n<p>La fatiga lo suficientemente grave como para causar un accidente de coche no s\u00f3lo es consecuencia de pasar muchas horas despierto. Hay muchas cosas que pueden provocar una conducci\u00f3n fatigada, entre ellas:<\/p>\n<ul>\n<li>Algunos medicamentos que tienen somnolencia como efecto secundario<\/li>\n<li>Trastornos del sue\u00f1o<\/li>\n<li>Trastornos del sue\u00f1o<\/li>\n<li>Sue\u00f1o de mala calidad (a menudo causado por dormir en un lugar luminoso o ruidoso)<\/li>\n<li>Consumo de alcohol o drogas<\/li>\n<li>Estr\u00e9s, que puede dificultar conciliar el sue\u00f1o<\/li>\n<li>Apnea del sue\u00f1o<\/li>\n<li>Mala gesti\u00f3n del tiempo, que puede llevar a trasnochar<\/li>\n<li>Cambios hormonales<\/li>\n<li>Algunas enfermedades o tratamientos m\u00e9dicos<\/li>\n<\/ul>\n<p>Hay muchas cosas que pueden provocar somnolencia al volante, y es importante prestar atenci\u00f3n a las se\u00f1ales de tu cuerpo antes de salir a la carretera. Aunque te hayas acostado pronto y hayas permanecido en la cama durante horas, ten en cuenta que podr\u00edas estar sufriendo privaci\u00f3n de sue\u00f1o sin saberlo si padeces apnea del sue\u00f1o u otro problema y no lo sabes. Si est\u00e1s cansado, tienes mucho sue\u00f1o o bostezas, puede que est\u00e9s demasiado cansado para conducir.<\/p>\n<p><strong class=\"heading4\">La falta de sue\u00f1o y los accidentes de tr\u00e1fico<\/strong><\/p>\n<p>La falta de sue\u00f1o puede provocar colisiones de tr\u00e1fico de varias maneras:<\/p>\n<ul>\n<li>Se ha demostrado que la fatiga afecta al juicio y a los tiempos de respuesta tanto como la bebida.<\/li>\n<li>La somnolencia puede hacer que los conductores se queden dormidos al volante y pierdan el control del coche.<\/li>\n<li>La privaci\u00f3n grave de sue\u00f1o puede provocar hipertensi\u00f3n arterial y otros trastornos m\u00e9dicos, que pueden dar lugar a urgencias m\u00e9dicas en la carretera.<\/li>\n<li>La fatiga puede dificultar la concentraci\u00f3n en la conducci\u00f3n, lo que puede llevar a un tipo de conducci\u00f3n distra\u00edda.<\/li>\n<li>La somnolencia puede llevar al malhumor, que puede allanar el camino a la rabia al volante y a la conducci\u00f3n agresiva.<\/li>\n<li>La fatiga puede exacerbar los efectos del alcohol, el sol o algunos medicamentos, haciendo que las colisiones sean a\u00fan m\u00e1s probables.<\/li>\n<\/ul>\n<p><strong class=\"heading4\">Hablar con un abogado de lesiones personales tras tu accidente de tr\u00e1fico<\/strong><\/p>\n<p>Si usted result\u00f3 lesionado en un accidente automovil\u00edstico causado por un conductor fatigado, contacte a los abogados profesionales y compasivos del Grupo Legal Flaxman. Podemos ofrecerle una consulta inicial gratuita para que pueda obtener respuestas sin riesgo alguno. El Grupo Legal Flaxman ha manejado casos de lesiones personales y accidentes automovil\u00edsticos en todo Florida del Sur y nuestros abogados han ganado acuerdos e indemnizaciones en miles de casos. Podemos reunirnos con usted en nuestras oficinas en Hollywood, Homestead o Miami, o en su casa, lugar de trabajo o cuarto de hospital. <a href=\"contacta con nosotros.html\">Ponte en contacto con nosotros<\/a> hoy mismo en el 866-352-9626 para tu consulta gratuita sobre accidentes.<\/p>\n<\/div>\n<div class=\"subpageslist\"><\/div>\n<\/div>\n","protected":false},"excerpt":{"rendered":"<p>Sin honorarios a menos que ganemos. Llama al 866-352-9626 para una &#8230; <\/p>\n","protected":false},"author":3,"featured_media":0,"parent":0,"menu_order":0,"comment_status":"closed","ping_status":"closed","template":"template-practice-areas.php","meta":{"footnotes":""},"class_list":["post-21804","page","type-page","status-publish","hentry"],"featured_image_src":null,"featured_image_src_square":null,"_links":{"self":[{"href":"https:\/\/flaxmanlaw.com\/es\/wp-json\/wp\/v2\/pages\/21804","targetHints":{"allow":["GET"]}}],"collection":[{"href":"https:\/\/flaxmanlaw.com\/es\/wp-json\/wp\/v2\/pages"}],"about":[{"href":"https:\/\/flaxmanlaw.com\/es\/wp-json\/wp\/v2\/types\/page"}],"author":[{"embeddable":true,"href":"https:\/\/flaxmanlaw.com\/es\/wp-json\/wp\/v2\/users\/3"}],"replies":[{"embeddable":true,"href":"https:\/\/flaxmanlaw.com\/es\/wp-json\/wp\/v2\/comments?post=21804"}],"version-history":[{"count":0,"href":"https:\/\/flaxmanlaw.com\/es\/wp-json\/wp\/v2\/pages\/21804\/revisions"}],"wp:attachment":[{"href":"https:\/\/flaxmanlaw.com\/es\/wp-json\/wp\/v2\/media?parent=21804"}],"curies":[{"name":"wp","href":"https:\/\/api.w.org\/{rel}","templated":true}]}}