{"id":21805,"date":"2024-11-18T12:45:21","date_gmt":"2024-11-18T12:45:21","guid":{"rendered":"https:\/\/flaxmanlaw.wpenginepowered.com\/accidente-de-bicicleta-en-pompano-beach-abogados-de-accidentes-de-bicicleta-en-el-condado-de-broward\/"},"modified":"2024-11-18T12:45:21","modified_gmt":"2024-11-18T12:45:21","slug":"accidente-de-bicicleta-en-pompano-beach-abogados-de-accidentes-de-bicicleta-en-el-condado-de-broward","status":"publish","type":"page","link":"https:\/\/flaxmanlaw.com\/es\/accidente-de-bicicleta-en-pompano-beach-abogados-de-accidentes-de-bicicleta-en-el-condado-de-broward\/","title":{"rendered":"Accidente de Bicicleta en Pompano Beach | Abogados de Accidentes de Bicicleta en el Condado de Broward"},"content":{"rendered":"<div class=\"bodytext\">\n<h2>Accidente de bicicleta en Pompano Beach<\/h1><\/h2>\n<div class=\"description\">\n<p>Pompano Beach, Florida, es una ciudad del condado de Broward. Situada en la parte sur del estado, la ciudad est\u00e1 cerca de Fort Lauderdale. Pompano Beach es famosa por su festival anual del marisco y por ser la sede del Goodyear Blimp. Como su nombre indica, Pompano Beach tambi\u00e9n ofrece kil\u00f3metros de playas. Situadas en la Costa Dorada, las playas son c\u00e1lidas gracias a la Corriente del Golfo y ofrecen muchas oportunidades recreativas y de navegaci\u00f3n. La zona de Pompano Beach tambi\u00e9n est\u00e1 cerca de los servicios de Miami y las ciudades cercanas.     <\/p>\n<p>Una forma estupenda de explorar Pompano Beach y sus playas es en bicicleta. Por desgracia para los aficionados a la bicicleta de Pompano Beach, en la ciudad se producen cada a\u00f1o varios <a href=\"accidentes-de-bicicleta.html\">accidentes<\/a> graves de <a href=\"accidentes-de-bicicleta.html\">bicicleta<\/a>. En muchos casos, los accidentes est\u00e1n causados por la falta de atenci\u00f3n del conductor, <a href=\"productos-responsabilidad.html\">defectos de la bicicleta<\/a>, errores del fabricante del coche y otros problemas. Sin embargo, a veces puede resultar dif\u00edcil para los supervivientes de accidentes de bicicleta en Pompano Beach obtener una indemnizaci\u00f3n justa por sus lesiones.   <\/p>\n<p>Una de las razones por las que muchas v\u00edctimas de accidentes de bicicleta en Pompano Beach acuden <a href=\"index.html\">al Grupo Legal Flaxman<\/a> es porque en muchos casos las aseguradoras culpan a los ciclistas y esperan que \u00e9stos simplemente se vayan y abandonen sus demandas. En muchos otros casos, una compa\u00f1\u00eda de seguros ofrecer\u00e1 una peque\u00f1a oferta de reclamaci\u00f3n, una que no cubre todos los gastos m\u00e9dicos, gastos de rehabilitaci\u00f3n, gastos de fisioterapia, p\u00e9rdida de ingresos y otros gastos asociados con un accidente de tr\u00e1fico en Pompano Beach. En estas situaciones, un abogado de lesiones personales de Pompano Beach puede negociar con la compa\u00f1\u00eda de seguros e incluso presentar una demanda judicial para garantizar que el ciclista disponga del dinero necesario para pagar los gastos de sus lesiones.  <\/p>\n<p>Es muy importante tener en cuenta los costes totales de tu accidente de bicicleta en Pompano Beach antes de tomar decisiones definitivas sobre las ofertas de seguros. Adem\u00e1s de las lesiones devastadoras y la p\u00e9rdida de ingresos, tambi\u00e9n puedes tener muchos gastos secundarios relacionados con tu accidente de bicicleta en Pompano Beach. Por ejemplo, puede que tengas que pagar una cantidad considerable para que tu casa sea accesible. Puede que tengas que pagar asistencia domiciliaria, rehabilitaci\u00f3n y transporte de ida y vuelta a especialistas y citas m\u00e9dicas. En muchos casos, la mejor forma de recuperar el dinero de todos estos gastos es consultar a un abogado cualificado en lesiones personales de Pompano Beach. Si tu accidente fue causado por un acto il\u00edcito o por negligencia, puedes tener derecho a una indemnizaci\u00f3n que te ayude a pagar muchos de los gastos asociados a tus lesiones.     <\/p>\n<p>Consultar a un abogado cualificado en lesiones personales de Pompano Beach es tambi\u00e9n una forma de determinar los costes totales probables de tus lesiones. Puede que descubras que estos costes son significativamente superiores a lo que tu compa\u00f1\u00eda de seguros est\u00e1 dispuesta a pagar. Conocer los costes reales de tus lesiones puede impulsarte a buscar justicia para que no acabes pagando esos gastos de tu bolsillo.  <\/p>\n<p>Si est\u00e1s listo para buscar justicia en tu caso o simplemente quieres m\u00e1s informaci\u00f3n sobre tu caso, <a href=\"contacta con nosotros.html\">contacta al Grupo Legal Flaxman<\/a>. El equipo jur\u00eddico del Grupo Legal Flaxman cuenta con d\u00e9cadas de experiencia en evaluar los verdaderos costos de las demandas por lesiones personales en Florida. El equipo jur\u00eddico tambi\u00e9n ha recuperado con \u00e9xito indemnizaciones para miles de demandantes por lesiones personales en Florida. Para averiguar lo que esta experiencia podr\u00eda hacer por usted, contacte hoy mismo al Grupo Legal Flaxman para programar una consulta gratuita y sin compromiso para hablar confidencialmente sobre su caso con un abogado de lesiones personales.   <\/p>\n<\/p><\/div>\n<\/p><\/div>\n","protected":false},"excerpt":{"rendered":"<p>Sin honorarios a menos que ganemos. Llama al 866-352-9626 para una &#8230; <\/p>\n","protected":false},"author":3,"featured_media":0,"parent":0,"menu_order":0,"comment_status":"closed","ping_status":"closed","template":"template-practice-areas.php","meta":{"footnotes":""},"class_list":["post-21805","page","type-page","status-publish","hentry"],"featured_image_src":null,"featured_image_src_square":null,"_links":{"self":[{"href":"https:\/\/flaxmanlaw.com\/es\/wp-json\/wp\/v2\/pages\/21805","targetHints":{"allow":["GET"]}}],"collection":[{"href":"https:\/\/flaxmanlaw.com\/es\/wp-json\/wp\/v2\/pages"}],"about":[{"href":"https:\/\/flaxmanlaw.com\/es\/wp-json\/wp\/v2\/types\/page"}],"author":[{"embeddable":true,"href":"https:\/\/flaxmanlaw.com\/es\/wp-json\/wp\/v2\/users\/3"}],"replies":[{"embeddable":true,"href":"https:\/\/flaxmanlaw.com\/es\/wp-json\/wp\/v2\/comments?post=21805"}],"version-history":[{"count":0,"href":"https:\/\/flaxmanlaw.com\/es\/wp-json\/wp\/v2\/pages\/21805\/revisions"}],"wp:attachment":[{"href":"https:\/\/flaxmanlaw.com\/es\/wp-json\/wp\/v2\/media?parent=21805"}],"curies":[{"name":"wp","href":"https:\/\/api.w.org\/{rel}","templated":true}]}}