{"id":21806,"date":"2024-11-18T12:45:18","date_gmt":"2024-11-18T12:45:18","guid":{"rendered":"https:\/\/flaxmanlaw.wpenginepowered.com\/accidente-de-moto-en-plantation-abogados-de-lesiones-de-moto-en-el-condado-de-broward\/"},"modified":"2024-11-18T12:45:18","modified_gmt":"2024-11-18T12:45:18","slug":"accidente-de-moto-en-plantation-abogados-de-lesiones-de-moto-en-el-condado-de-broward","status":"publish","type":"page","link":"https:\/\/flaxmanlaw.com\/es\/accidente-de-moto-en-plantation-abogados-de-lesiones-de-moto-en-el-condado-de-broward\/","title":{"rendered":"Accidente de moto en Plantation | Abogados de lesiones de moto en el condado de Broward"},"content":{"rendered":"<div class=\"bodytext\">\n<h2>Accidente de moto en Plantation<\/h1><\/h2>\n<div class=\"description\">\n<p>Plantation, que debe su nombre a la Everglades Plantation Company, es famosa por su fuerte econom\u00eda y sus hermosas casas. Muchos famosos, incluidos atletas profesionales, eligen Plantation como su hogar. Muchas grandes empresas y organizaciones, incluida la sede mundial de DHL, tambi\u00e9n eligen Plantation como su hogar. La comunidad ha sido reconocida como una de las \u00abMejores Comunidades para J\u00f3venes\u00bb del pa\u00eds y tambi\u00e9n ha obtenido reconocimientos. Hollywood tambi\u00e9n ha acudido a la llamada, y aqu\u00ed se han rodado algunas pel\u00edculas muy conocidas, como There&#8217;s Something About Mary.    <\/p>\n<p>Como ciudad muy transitada, Plantation tiene su cuota de accidentes de tr\u00e1fico y de accidentes de moto. Si has sufrido un accidente de moto en Plantation, puedes sufrir lesiones graves y elevadas facturas m\u00e9dicas. Sin embargo, un accidente de moto en Plantation puede costar m\u00e1s de lo que crees. Una lesi\u00f3n grave de la m\u00e9dula espinal causada por un accidente de moto en Florida, por ejemplo, puede costar m\u00e1s de 100.000 d\u00f3lares anuales de tratamiento. Tambi\u00e9n puedes perder ingresos como consecuencia del accidente, y puede que tengas que sustituir o reparar tu motocicleta. Adem\u00e1s, puede que tengas que tener en cuenta los costes a largo plazo y los gastos m\u00e9dicos. Puede que necesites hacer tu casa m\u00e1s accesible, por ejemplo, si tus lesiones son permanentes o lo bastante graves como para afectar a tu movilidad. Es posible que todos estos gastos tengas que pagarlos t\u00fa, a menos que consigas un acuerdo justo o la cobertura del seguro.       <\/p>\n<p>Por desgracia, la mayor\u00eda de las partes responsables no ofrecen autom\u00e1ticamente acuerdos generosos ni indemnizaciones del seguro. A menudo, hace falta un abogado cualificado en accidentes de moto en Plantation para investigar un accidente, reunir pruebas, encontrar a todas las partes responsables y buscar acuerdos verdaderamente justos y ofertas de seguros que cubran todos los costes de tu accidente. Sin esta ayuda legal, podr\u00edas tener que pagar de tu bolsillo cantidades considerables por los da\u00f1os sufridos.  <\/p>\n<p>Si usted necesita un abogado calificado en accidentes de motocicleta en Plantation, <a href=\"contacta con nosotros.html\">contacte al Grupo Legal Flaxman<\/a> para programar una consulta gratuita y sin compromiso con un abogado calificado. El personal comprensivo y compasivo del Grupo Legal Flaxman puede encargarse de todos los detalles por usted, desde ayudarle a encontrar asistencia m\u00e9dica inicial hasta ayudarle a asegurar un arreglo justo o un pago del seguro que cubra la mayor parte posible de sus costos. <\/p>\n<p>Plantation est\u00e1 a unos veinte minutos de los despachos de Hollywood del <a href=\"index.html\">Grupo Legal Flaxman<\/a>. Para llegar, sigue Coconut Terrace, 59th Avenue, Cypress Road, Royal Palm Court, W Broward Boulevard y FL-7 hasta Johnson Street. El Grupo Legal Flaxman est\u00e1 situado en el 5715 de Johnson Street. Si no puedes viajar a nuestras oficinas debido a la gravedad de tus lesiones, el equipo legal del Grupo Legal Flaxman puede arreglar una cita en tu casa, lugar de trabajo, o cuarto de hospital. Tu consulta gratuita sobre accidentes es una buena forma de hacer preguntas y de aprender m\u00e1s sobre tus opciones y derechos. Con esta informaci\u00f3n en la mano, usted puede tomar la decisi\u00f3n correcta en su caso, ya que estar\u00e1 decidiendo desde una posici\u00f3n de fuerza. Llama hoy mismo al Grupo Legal Flaxman para concertar tu consulta gratuita sobre accidentes.      <\/p>\n<\/p><\/div>\n<\/p><\/div>\n","protected":false},"excerpt":{"rendered":"<p>Sin honorarios a menos que ganemos. Llama al 866-352-9626 para una &#8230; <\/p>\n","protected":false},"author":3,"featured_media":0,"parent":0,"menu_order":0,"comment_status":"closed","ping_status":"closed","template":"template-practice-areas.php","meta":{"footnotes":""},"class_list":["post-21806","page","type-page","status-publish","hentry"],"featured_image_src":null,"featured_image_src_square":null,"_links":{"self":[{"href":"https:\/\/flaxmanlaw.com\/es\/wp-json\/wp\/v2\/pages\/21806","targetHints":{"allow":["GET"]}}],"collection":[{"href":"https:\/\/flaxmanlaw.com\/es\/wp-json\/wp\/v2\/pages"}],"about":[{"href":"https:\/\/flaxmanlaw.com\/es\/wp-json\/wp\/v2\/types\/page"}],"author":[{"embeddable":true,"href":"https:\/\/flaxmanlaw.com\/es\/wp-json\/wp\/v2\/users\/3"}],"replies":[{"embeddable":true,"href":"https:\/\/flaxmanlaw.com\/es\/wp-json\/wp\/v2\/comments?post=21806"}],"version-history":[{"count":0,"href":"https:\/\/flaxmanlaw.com\/es\/wp-json\/wp\/v2\/pages\/21806\/revisions"}],"wp:attachment":[{"href":"https:\/\/flaxmanlaw.com\/es\/wp-json\/wp\/v2\/media?parent=21806"}],"curies":[{"name":"wp","href":"https:\/\/api.w.org\/{rel}","templated":true}]}}