{"id":21807,"date":"2024-11-18T12:45:24","date_gmt":"2024-11-18T12:45:24","guid":{"rendered":"https:\/\/flaxmanlaw.wpenginepowered.com\/accidentes-de-esqui-en-colorado-denver-co-abogados-de-litigios-entre-arrendadores-e-inquilinos\/"},"modified":"2024-12-19T13:19:34","modified_gmt":"2024-12-19T13:19:34","slug":"accidentes-de-esqui-en-colorado-denver-co-abogados-de-litigios-entre-arrendadores-e-inquilinos","status":"publish","type":"page","link":"https:\/\/flaxmanlaw.com\/es\/accidentes-de-esqui-en-colorado-denver-co-abogados-de-litigios-entre-arrendadores-e-inquilinos\/","title":{"rendered":"Accidentes de Esqu\u00ed en Colorado | Denver, CO Abogados de Litigios entre Arrendadores e Inquilinos"},"content":{"rendered":"<div class=\"bodytext\">\n<h2>Accidentes de esqu\u00ed en Colorado<\/h1><\/h2>\n<div class=\"description\">\n<p>Colorado se enorgullece de ofrecer algunas de las mejores pistas de esqu\u00ed del pa\u00eds, con monta\u00f1as accesibles para todos, excursiones y clases de esqu\u00ed, complejos de lujo y muchas otras formas de disfrutar de esta popular actividad. Millones de personas vienen al estado cada a\u00f1o para disfrutar del esqu\u00ed en Aspen, Vail, Winter Park y los muchos otros destinos de esqu\u00ed. Incluso los atletas ol\u00edmpicos vienen aqu\u00ed a entrenarse, debido a las magn\u00edficas condiciones.<\/p>\n<p>Aunque esquiar es estimulante, tambi\u00e9n puede ser peligroso, y los accidentes pueden provocar lesiones graves. Los abogados de demandas por accidentes de esqu\u00ed en Colorado del Grupo Legal Flaxman trabajan con sobrevivientes de accidentes de esqu\u00ed cuyas vidas han sido cambiadas para siempre por sus lesiones. Nuestro papel es buscar una compensaci\u00f3n justa para estos supervivientes, para que puedan empezar a reconstruir sus vidas.<\/p>\n<p>Si usted ha resultado lesionado en un accidente de esqu\u00ed en Colorado, puede tener derecho a una indemnizaci\u00f3n por sus gastos m\u00e9dicos, tiempo perdido en el trabajo, dolor y sufrimiento, y m\u00e1s. Si has resultado lesionado, contacta al Grupo Legal Flaxman para averiguar m\u00e1s.<\/p>\n<p><strong class=\"heading4\">Causas comunes de los accidentes de esqu\u00ed<\/strong><\/p>\n<p>Los accidentes y lesiones de esqu\u00ed en Colorado pueden producirse por:<\/p>\n<ul class=\"no-spacing-list\">\n<li>Colisiones con otros esquiadores o practicantes de snowboard<\/li>\n<li>Colisiones con \u00e1rboles u otros objetos fijos<\/li>\n<li>Accidentes en remontes mec\u00e1nicos<\/li>\n<li>Aver\u00eda o mal funcionamiento del equipo<\/li>\n<li>Avalanchas<\/li>\n<\/ul>\n<p><strong class=\"heading4\">\u00bfQui\u00e9n es responsable de mi accidente de esqu\u00ed en Colorado?<\/strong><\/p>\n<p>Aunque los llamamos \u00abaccidentes de esqu\u00ed\u00bb, en muchos casos las lesiones derivadas del esqu\u00ed son evitables. En tu caso puede haber partes responsables que no actuaron para evitar tus lesiones. Si es as\u00ed, puede que tengas una reclamaci\u00f3n legal y puedas solicitar una indemnizaci\u00f3n por tus p\u00e9rdidas. Para ello, primero debes determinar qui\u00e9n es responsable de tus lesiones.<\/p>\n<p>Un buen lugar donde buscar primero es la estaci\u00f3n de esqu\u00ed en la que esquiabas cuando sufriste la lesi\u00f3n. En Colorado, las estaciones de esqu\u00ed son legalmente responsables de proporcionar un entorno de esqu\u00ed seguro a sus hu\u00e9spedes. Las estaciones de esqu\u00ed deben mantener sus instalaciones, proporcionar una se\u00f1alizaci\u00f3n adecuada y advertir a los clientes de cualquier peligro potencial. Si una estaci\u00f3n de esqu\u00ed no cumple estas obligaciones, puede ser responsable de las lesiones que se produzcan en sus instalaciones.<\/p>\n<p>Adem\u00e1s, los esquiadores y practicantes de snowboard tambi\u00e9n deben tener un cuidado razonable mientras est\u00e1n en las pistas. Deben tener cuidado para evitar colisiones. Si un esquiador es imprudente y provoca un accidente, puede ser considerado responsable de las lesiones resultantes.<\/p>\n<p>Otro lugar donde buscar responsables es el equipo de esqu\u00ed. Si el equipo de esqu\u00ed est\u00e1 dise\u00f1ado o fabricado de forma defectuosa, el fabricante puede ser considerado responsable si estos defectos causan una lesi\u00f3n.<\/p>\n<p>A menudo, es dif\u00edcil saber qu\u00e9 caus\u00f3 exactamente tus lesiones. Por esta raz\u00f3n, puede ser \u00fatil ponerse en contacto con un abogado experto en reclamaciones por accidentes de esqu\u00ed en Colorado, que pueda investigar la causa de tu accidente, pueda encontrar a todas las partes responsables y pueda ayudarte a presentar una reclamaci\u00f3n, si eso es lo que decides hacer.<\/p>\n<p><strong class=\"heading4\">Pasos a seguir tras una lesi\u00f3n de esqu\u00ed en Colorado<\/strong><\/p>\n<p>Los momentos posteriores a una lesi\u00f3n de esqu\u00ed son cruciales, tanto para asegurarte de que te recuperas de tus lesiones como para proteger tus derechos. Esto es lo que debes hacer<\/p>\n<ul>\n<li><strong>Busca atenci\u00f3n m\u00e9dica.<\/strong> Aunque tus lesiones parezcan leves o no parezcas estar lesionado, haz que te eval\u00fae un m\u00e9dico. Hay personas que han salido de un accidente de esqu\u00ed sinti\u00e9ndose bien, s\u00f3lo para acabar muriendo a causa de sus lesiones. Las lesiones graves, como las lesiones cerebrales traum\u00e1ticas, pueden no ser evidentes y buscar atenci\u00f3n m\u00e9dica r\u00e1pidamente puede salvarte la vida.<\/li>\n<li><strong>Informa del accidente.<\/strong> Informa del accidente a la patrulla de esqu\u00ed o a la direcci\u00f3n de la estaci\u00f3n lo antes posible. Consigue una copia del informe del accidente.<\/li>\n<li><strong>Docum\u00e9ntalo todo.<\/strong> Si es posible, haz fotos del lugar del accidente, de las lesiones y del equipo implicado en el accidente. Anota todo lo que recuerdes. Si puedes, recoge los datos de contacto de los testigos del accidente.<\/li>\n<li><strong>Ponte en contacto con un abogado de Colorado especializado en reclamaciones por accidentes de esqu\u00ed. <\/strong>Si te has lesionado en un accidente de esqu\u00ed, las partes responsables, como las estaciones de esqu\u00ed, tendr\u00e1n sus propios abogados, que trabajar\u00e1n para limitar la responsabilidad de sus clientes. Ponerse en contacto con un abogado experto en lesiones personales lo antes posible tras una lesi\u00f3n es importante, porque tu abogado puede empezar a reunir pruebas y proteger tus derechos.<\/li>\n<\/ul>\n<p>Las demandas por lesiones en accidentes de esqu\u00ed pueden ser complejas, y un abogado experto en lesiones de esqu\u00ed de Colorado puede investigar el accidente, reunir pruebas y trabajar con expertos para determinar la responsabilidad. Puede negociar con las compa\u00f1\u00edas de seguros en tu nombre y buscar una indemnizaci\u00f3n justa por tus lesiones. Un abogado con experiencia tambi\u00e9n se asegura de que tu reclamaci\u00f3n se presente correctamente y dentro del plazo adecuado.<\/p>\n<p>Si te has lesionado en un accidente de esqu\u00ed en Colorado, no esperes a ponerte en contacto con un abogado. Puedes <strong>contacta hoy mismo con el equipo legal del Grupo Legal Flaxman en el 970-999-0530. Podemos programar una consulta gratuita y sin compromiso. <\/strong> para que puedas empezar a proteger tus derechos.<\/p>\n<\/div>\n<\/div>\n","protected":false},"excerpt":{"rendered":"<p>Sin honorarios a menos que ganemos. Llama al 866-352-9626 para una &#8230; <\/p>\n","protected":false},"author":3,"featured_media":0,"parent":0,"menu_order":0,"comment_status":"closed","ping_status":"closed","template":"template-practice-areas-lt.php","meta":{"footnotes":""},"class_list":["post-21807","page","type-page","status-publish","hentry"],"featured_image_src":null,"featured_image_src_square":null,"_links":{"self":[{"href":"https:\/\/flaxmanlaw.com\/es\/wp-json\/wp\/v2\/pages\/21807","targetHints":{"allow":["GET"]}}],"collection":[{"href":"https:\/\/flaxmanlaw.com\/es\/wp-json\/wp\/v2\/pages"}],"about":[{"href":"https:\/\/flaxmanlaw.com\/es\/wp-json\/wp\/v2\/types\/page"}],"author":[{"embeddable":true,"href":"https:\/\/flaxmanlaw.com\/es\/wp-json\/wp\/v2\/users\/3"}],"replies":[{"embeddable":true,"href":"https:\/\/flaxmanlaw.com\/es\/wp-json\/wp\/v2\/comments?post=21807"}],"version-history":[{"count":0,"href":"https:\/\/flaxmanlaw.com\/es\/wp-json\/wp\/v2\/pages\/21807\/revisions"}],"wp:attachment":[{"href":"https:\/\/flaxmanlaw.com\/es\/wp-json\/wp\/v2\/media?parent=21807"}],"curies":[{"name":"wp","href":"https:\/\/api.w.org\/{rel}","templated":true}]}}