{"id":21808,"date":"2024-11-18T12:45:18","date_gmt":"2024-11-18T12:45:18","guid":{"rendered":"https:\/\/flaxmanlaw.wpenginepowered.com\/demandas-pip-proteccion-de-danos-personales-abogados-de-accidentes-de-hollywood-florida\/"},"modified":"2025-12-04T03:51:07","modified_gmt":"2025-12-04T03:51:07","slug":"demandas-pip-proteccion-de-danos-personales-abogados-de-accidentes-de-hollywood-florida","status":"publish","type":"page","link":"https:\/\/flaxmanlaw.com\/es\/demandas-pip-proteccion-de-danos-personales-abogados-de-accidentes-de-hollywood-florida\/","title":{"rendered":"Demandas PIP (Protecci\u00f3n de Da\u00f1os Personales)"},"content":{"rendered":"<div class=\"bodytext\">\n<h2>Demandas PIP (Protecci\u00f3n de Da\u00f1os Personales)<\/h2>\n<div class=\"description\">\n<p>Florida es un estado sin culpa, lo que significa que los conductores deben tener un seguro de Protecci\u00f3n de Lesiones Personales (PIP) para sus veh\u00edculos. En caso de accidente de tr\u00e1fico, el proveedor del seguro debe pagar los gastos m\u00e9dicos y la p\u00e9rdida de ingresos. Los proveedores m\u00e9dicos dependen del dinero del PIP para pagar sus gastos en el tratamiento de pacientes con traumatismos craneoencef\u00e1licos, fracturas y otras lesiones graves causadas por accidentes de tr\u00e1fico en Florida. En algunos casos, los profesionales m\u00e9dicos y las cl\u00ednicas tienen dificultades para recuperar de las aseguradoras las prestaciones de protecci\u00f3n por lesiones personales. Las facturas pueden ser denegadas o un proveedor de seguros puede argumentar que los gastos del tratamiento no est\u00e1n justificados.<\/p>\n<p>Cuando esto ocurre, los proveedores m\u00e9dicos pueden interponer una demanda PIP. Este tipo de acci\u00f3n legal la presenta un abogado en nombre de una cl\u00ednica o profesional m\u00e9dico contra un proveedor de seguros. Los proveedores m\u00e9dicos pueden reclamar no s\u00f3lo las prestaciones PIP a las que tienen derecho, sino tambi\u00e9n los honorarios legales asociados a la tramitaci\u00f3n de la reclamaci\u00f3n, as\u00ed como posibles sanciones e intereses asociados al retraso en las prestaciones.<\/p>\n<p><strong class=\"heading4\">Las demandas PIP son diferentes de las demandas por lesiones personales<\/strong><\/p>\n<p>Una demanda PIP es muy distinta de una demanda por lesiones personales. Mientras que en una demanda por lesiones personales interviene el derecho de da\u00f1os, en una demanda PIP interviene el derecho contractual. Mientras que una demanda por lesiones personales tiene un plazo de prescripci\u00f3n de cuatro a\u00f1os, el plazo de prescripci\u00f3n de una demanda PIP es de cinco a\u00f1os. Existen tambi\u00e9n otras diferencias significativas, que es una de las razones por las que muchos abogados de lesiones personales en Miami y Florida no aceptan demandas PIP. El <a href=\"index.html\">Grupo Legal Flaxman<\/a> ha ayudado a clientes con ambos tipos de casos.<\/p>\n<p><strong class=\"heading4\">Qu\u00e9 puedes hacer si te han denegado o reducido las facturas<\/strong><\/p>\n<p>El Grupo Legal Flaxman puede representarte en una demanda PIP si eres proveedor m\u00e9dico y te han negado los beneficios PIP. Consultar con el Grupo Legal Flaxman no cuesta nada por adelantado. Nuestro equipo legal ofrece una consulta gratuita y sin compromiso a todos los nuevos clientes. El Grupo Legal Flaxman tambi\u00e9n est\u00e1 dispuesto a trabajar en base a honorarios de contingencia, as\u00ed que usted podr\u00eda no tener que preocuparse por los costos legales por adelantado. En las demandas PIP, la compa\u00f1\u00eda aseguradora tambi\u00e9n pagar\u00e1 tus honorarios legales si tu demanda tiene \u00e9xito.<\/p>\n<p><strong class=\"heading4\">Ponte en contacto con un abogado especializado en PIP en Miami para hablar de cuestiones relacionadas con el PIP y de tus derechos<\/strong><\/p>\n<p>En muchos casos, es imposible que los profesionales m\u00e9dicos determinen si un proveedor de seguros tiene motivos razonables para denegar o reducir una reclamaci\u00f3n PIP. Los profesionales m\u00e9dicos est\u00e1n en el negocio de salvar vidas, no en el de investigar p\u00f3lizas de seguros. Ah\u00ed es donde el Grupo Legal Flaxman puede ser de ayuda. Si te han negado facturas PIP o te las han reducido en los \u00faltimos cinco a\u00f1os, <a href=\"contacta con nosotros.html\">contacta con<\/a> el Grupo Legal Flaxman para obtener informaci\u00f3n detallada sobre tus opciones. Charles Flaxman, del Grupo Legal Flaxman, trabaj\u00f3 durante diez a\u00f1os en la industria de seguros antes de dedicar su vida a la ley. Su perspectiva \u00fanica le permite entender las pol\u00edticas y t\u00e1cticas que utilizan los proveedores de seguros, y esto puede ser una poderosa ventaja para tu caso. Los tel\u00e9fonos del Grupo Legal Flaxman est\u00e1n atendidos las 24 horas del d\u00eda, los siete d\u00edas de la semana, as\u00ed que si tienes preguntas sobre tus beneficios PIP o te gustar\u00eda saber si tienes una demanda, llama hoy mismo.<\/p>\n<\/div>\n<div class=\"subpageslist\"><\/div>\n<\/div>\n","protected":false},"excerpt":{"rendered":"<p>Sin honorarios a menos que ganemos. Llama al 866-352-9626 para una &#8230; <\/p>\n","protected":false},"author":3,"featured_media":0,"parent":0,"menu_order":0,"comment_status":"closed","ping_status":"closed","template":"template-practice-areas.php","meta":{"footnotes":""},"class_list":["post-21808","page","type-page","status-publish","hentry"],"featured_image_src":null,"featured_image_src_square":null,"_links":{"self":[{"href":"https:\/\/flaxmanlaw.com\/es\/wp-json\/wp\/v2\/pages\/21808","targetHints":{"allow":["GET"]}}],"collection":[{"href":"https:\/\/flaxmanlaw.com\/es\/wp-json\/wp\/v2\/pages"}],"about":[{"href":"https:\/\/flaxmanlaw.com\/es\/wp-json\/wp\/v2\/types\/page"}],"author":[{"embeddable":true,"href":"https:\/\/flaxmanlaw.com\/es\/wp-json\/wp\/v2\/users\/3"}],"replies":[{"embeddable":true,"href":"https:\/\/flaxmanlaw.com\/es\/wp-json\/wp\/v2\/comments?post=21808"}],"version-history":[{"count":0,"href":"https:\/\/flaxmanlaw.com\/es\/wp-json\/wp\/v2\/pages\/21808\/revisions"}],"wp:attachment":[{"href":"https:\/\/flaxmanlaw.com\/es\/wp-json\/wp\/v2\/media?parent=21808"}],"curies":[{"name":"wp","href":"https:\/\/api.w.org\/{rel}","templated":true}]}}