{"id":21809,"date":"2024-11-18T12:45:24","date_gmt":"2024-11-18T12:45:24","guid":{"rendered":"https:\/\/flaxmanlaw.wpenginepowered.com\/signature-healthcare-center-of-waterford-abogados-de-abusos-en-residencias-de-ancianos-de-hialeah\/"},"modified":"2024-11-18T12:45:24","modified_gmt":"2024-11-18T12:45:24","slug":"signature-healthcare-center-of-waterford-abogados-de-abusos-en-residencias-de-ancianos-de-hialeah","status":"publish","type":"page","link":"https:\/\/flaxmanlaw.com\/es\/signature-healthcare-center-of-waterford-abogados-de-abusos-en-residencias-de-ancianos-de-hialeah\/","title":{"rendered":"Signature Healthcare Center of Waterford | Abogados de abusos en residencias de ancianos de Hialeah"},"content":{"rendered":"<div class=\"bodytext\">\n<h2>Centro de atenci\u00f3n sanitaria Signature de Waterford<\/h1><\/h2>\n<div class=\"description\">\n<p>Signature Healthcare Center of Waterford es una residencia de ancianos con \u00e1nimo de lucro situada en 8333 W Okeechobee Road, en Hialeah Gardens, Florida. Est\u00e1 cerca de tiendas y de la Universidad Nacional de Florida. Esta residencia tiene 214 camas certificadas y participa en Medicare y Medicaid. Signature Healthcare Center of Waterford no est\u00e1 en un hospital ni en una Comunidad de Jubilados de Atenci\u00f3n Continuada (CCRC). Puedes ponerte en contacto con la residencia llamando al (305) 556-9900 o a trav\u00e9s de su p\u00e1gina web: <a href=\"https:\/\/shccenterofwaterford.com\/\" target=\"_blank\" rel=\"noopener\">https:\/\/shccenterofwaterford.com\/.<\/a>    <\/p>\n<p>El Signature Healthcare Center de Waterford dispone de una unidad de cuidados transitorios, Excelerated Care, para ofrecer servicios a los residentes que han tenido una estancia hospitalaria reciente. La AHCA ha otorgado a esta residencia una calificaci\u00f3n de 5 estrellas y los Centros de Servicios de Medicare y Medicaid de EE.UU. califican este centro como superior a la media. En su sitio web, Signature Healthcare Center of Waterford se\u00f1ala que su centro ha recibido el Premio Campe\u00f3n de Medicare por el tratamiento del dolor, la designaci\u00f3n de Residencia de Ancianos Top de EE.UU. por el Consejo de Investigaci\u00f3n del Consumidor, el Premio a la Excelencia en Acci\u00f3n y el Premio a la D\u00e9cada de Excelencia por la AHCA.  <\/p>\n<p>El Signature Healthcare Center de Waterford ofrece servicios cl\u00ednicos y de rehabilitaci\u00f3n, como fisioterapia, terapia ocupacional y logopedia, as\u00ed como cuidados de traqueotom\u00eda, tratamiento del dolor, cuidado de heridas, cuidados posquir\u00fargicos, cuidados para diab\u00e9ticos, cuidados paliativos, servicios de recuperaci\u00f3n ortop\u00e9dica, servicios de gesti\u00f3n de la nutrici\u00f3n y mucho m\u00e1s. La residencia dispone de un programa de espiritualidad, servicios de conserjer\u00eda, habitaciones privadas y televisi\u00f3n por sat\u00e9lite. <\/p>\n<p><strong class=\"heading4\">  Inspecciones de Signature Healthcare Center of Waterford  <\/strong><\/p>\n<p>La calificaci\u00f3n de la inspecci\u00f3n sanitaria otorgada a esta residencia de ancianos por los Centros de Servicios de Medicare y Medicaid de EE.UU. es \u00abinferior a la media\u00bb. En septiembre de 2018, el \u00faltimo informe de inspecci\u00f3n disponible de Signature Healthcare Center of Waterford es del 16\/01\/2018 y en \u00e9l se enumeraban nueve citaciones. Durante esa inspecci\u00f3n, los inspectores concluyeron que \u00abel centro no manten\u00eda las habitaciones de los residentes en condiciones seguras, limpias y c\u00f3modas\u00bb. En cuatro habitaciones hab\u00eda diversos problemas, como un agujero en la pared, manchas en una almohada, marcas en el yeso y el techo, y otros problemas. Los inspectores tambi\u00e9n descubrieron que la residencia no \u00abaplicaba planes de cuidados\u00bb a dos de los 35 residentes observados. Entre los que no segu\u00edan sus planes de cuidados hab\u00eda residentes con afecciones cut\u00e1neas y \u00falceras por presi\u00f3n.     <\/p>\n<p>Adem\u00e1s, la inspecci\u00f3n descubri\u00f3 que Signature Healthcare Center of Waterford no \u00absigui\u00f3 las normas de pr\u00e1ctica profesional de enfermer\u00eda para un residente que no respond\u00eda\u00bb. El residente sufri\u00f3 un episodio de hipoglucemia y los inspectores concluyeron que el personal no document\u00f3 correctamente los resultados de glucemia ni el ofrecimiento de hidratos de carbono simples seg\u00fan el Protocolo de Gesti\u00f3n de la Hipoglucemia del centro. En un caso, los inspectores descubrieron que un residente con diabetes mellitus no recib\u00eda la atenci\u00f3n adecuada, tal como se define en el protocolo para diab\u00e9ticos hipogluc\u00e9micos.  <\/p>\n<p>Los inspectores que elaboraron el informe del 16\/01\/2018 tambi\u00e9n descubrieron que la residencia de ancianos \u00abno proporcion\u00f3 tratamiento ni servicios\u00bb para ayudar a un paciente de alto riesgo a evitar una \u00ab\u00falcera por presi\u00f3n adquirida en las instalaciones\u00bb. Seg\u00fan los inspectores, se encontr\u00f3 a un paciente con movilidad reducida con un vendaje sin fecha que indicara cu\u00e1ndo se hab\u00eda cambiado por \u00faltima vez. El paciente ten\u00eda una ampolla formada en el pie y no ten\u00eda las piernas elevadas cuando estaba en su silla de ruedas.  <\/p>\n<p>El mismo informe indicaba que, en dos de los cinco pacientes observados, \u00abel centro no evalu\u00f3 adecuadamente ni administr\u00f3 a tiempo tratamientos\/intervenciones farmacol\u00f3gicos y no farmacol\u00f3gicos\u00bb para el tratamiento del dolor. En ambos casos, los pacientes ten\u00edan un dolor evidente, gritaban, hac\u00edan muecas y lloraban de dolor. Los investigadores tambi\u00e9n concluyeron que la residencia de ancianos \u00abno garantizaba una administraci\u00f3n eficaz\u00bb y no \u00abse aseguraba de que el personal segu\u00eda las normas de la pr\u00e1ctica profesional de enfermer\u00eda\u00bb, al tiempo que tampoco se aseguraba de que el personal siguiera el protocolo de la residencia. La inspecci\u00f3n tambi\u00e9n concluy\u00f3 que la residencia de ancianos \u00abno garantizaba que la medicaci\u00f3n de urgencia estuviera a disposici\u00f3n del personal\u00bb. Los inspectores citaron tambi\u00e9n como aspectos destacables la garant\u00eda de calidad y la aplicaci\u00f3n de planes de acci\u00f3n eficaces para resolver los problemas. Algunos vendajes de la residencia no se eliminaban seg\u00fan las normas sobre riesgos biol\u00f3gicos.     <\/p>\n<p>Entre 2015 y 2018, Signature Healthcare Center de Waterford ha visto dos quejas que dieron lugar a una citaci\u00f3n.<\/p>\n<p>En cuanto a la inspecci\u00f3n de seguridad contra incendios, la \u00faltima inspecci\u00f3n realizada fue el 18\/01\/2018. Se observaron dos citaciones, lo que es mejor que la media de Florida (2,1 citaciones) y la media nacional (3 citaciones). El Signature Healthcare Center de Waterford dispone de sistemas autom\u00e1ticos de rociadores de agua en todas las \u00e1reas necesarias.  <\/p>\n<p><strong class=\"heading4\">  Dotaci\u00f3n de personal  <\/strong><\/p>\n<p>Signature Healthcare Center of Waterford recibi\u00f3 una calificaci\u00f3n superior a la media en dotaci\u00f3n de personal. Los residentes de esta residencia de ancianos reciben 1 hora y 31 minutos con licencia de enfermer\u00eda de media al d\u00eda. Esto es similar a las medias estatal (1 hora y 36 minutos) y nacional (1 hora y 33 minutos). Signature Healthcare Center of Waterford atiende a m\u00e1s residentes al d\u00eda (195,4) en comparaci\u00f3n con las residencias de ancianos de Florida (107,7) y nacionales (86,6). Los residentes de esta residencia reciben 2 horas y 34 minutos de auxiliares de enfermer\u00eda al d\u00eda, de media, lo que es inferior a las 2 horas y 41 minutos del estado, pero superior a la media nacional de 2 horas y 18 minutos. Los residentes de Signature Healthcare Center of Waterford reciben m\u00e1s horas diarias de personal fisioterapeuta (9 minutos) en comparaci\u00f3n con los residentes de Florida (8 minutos) y los de residencias de ancianos de toda Am\u00e9rica (7 minutos).     <\/p>\n<p>Signature Healthcare Center de Waterford se sit\u00faa muy por encima de la media en lo que se refiere al acceso a enfermeras tituladas (RN). En esta residencia, los residentes reciben 1 hora y 9 minutos de tiempo de RN al d\u00eda, de media, por residente. En comparaci\u00f3n, los residentes de residencias de ancianos de Florida y de todo el pa\u00eds tienen una media de 40 minutos de tiempo de RN por residente y d\u00eda.  <\/p>\n<p><strong class=\"heading4\">  Calidad de la atenci\u00f3n a los residentes  <\/strong><\/p>\n<p>El Centro de Asistencia Sanitaria Signature de Waterford se sit\u00faa muy por encima de la media en lo que se refiere a la atenci\u00f3n a los residentes. El 71,6% de los residentes de corta estancia son dados de alta a la comunidad, frente a una media estatal del 55,6%. S\u00f3lo el 4% de los residentes de corta estancia manifiestan dolor de moderado a intenso, en comparaci\u00f3n con el 9,5% de los residentes de Florida y el 13,1% de los residentes de residencias de ancianos de corta estancia a nivel nacional. El 0,2% de los residentes en residencias de ancianos de este centro declaran \u00falceras por presi\u00f3n nuevas o m\u00e1s graves, frente a la media estatal del 0,5% y la nacional del 0,9%. Adem\u00e1s, ning\u00fan residente de larga estancia declar\u00f3 dolor o depresi\u00f3n moderados o graves.    <\/p>\n<div data-medicare-stats=\"true\" data-resource-id=\"105554\">\n<div class=\"topbottommargin\"> <strong class=\"number\">1<\/strong> <strong class=\"specialheading\">Estad\u00edsticas vitales<\/strong> <\/p>\n<div class=\"p-div\"> <strong>N\u00famero de camas:<\/strong> 214 camas certificadas<img decoding=\"async\" src=\"files\/iratingicon.png\" class=\"irating\" alt=\"informaci\u00f3n\"> <\/p>\n<div class=\"pop-box pb-beds\">\n<p>Camas en la residencia de ancianos que han sido aprobadas por el gobierno federal para participar en Medicare o Medicaid.<\/p>\n<\/p><\/div>\n<\/p><\/div>\n<div class=\"p-div\"> <strong>Acepta:<\/strong> Medicare y Medicaid<img decoding=\"async\" src=\"files\/iratingicon.png\" class=\"irating\" alt=\"informaci\u00f3n\"> <\/p>\n<div class=\"pop-box pb-accepts\">\n<p>Muestra si la residencia participa en Medicare, Medicaid o ambos.<\/p>\n<\/p><\/div>\n<\/p><\/div>\n<\/p><\/div>\n<div class=\"topbottommargin\"> <strong class=\"number\">2<\/strong> <strong class=\"specialheading\">Clasificaciones clave<\/strong> <\/p>\n<table class=\"ratingstable\">\n<tbody>\n<tr>\n<td><strong>Resumen de la clasificaci\u00f3n por estrellas<\/strong><\/td>\n<td><\/td>\n<td><\/td>\n<\/tr>\n<tr>\n<td><strong>Valoraci\u00f3n global<\/strong> <img decoding=\"async\" src=\"files\/iratingicon.png\" class=\"irating\" alt=\"informaci\u00f3n\"> <\/p>\n<div class=\"pop-box pb-rating\">\n<p>  Medicare asigna la clasificaci\u00f3n general por estrellas bas\u00e1ndose en los resultados de una residencia de ancianos en 3 medidas distintas: Inspecciones sanitarias, dotaci\u00f3n de personal y medidas de calidad. Cada uno de estos \u00e1mbitos tiene su propia clasificaci\u00f3n por estrellas, y un mayor n\u00famero de estrellas significa una mejor calidad de la asistencia   <\/p>\n<\/p><\/div>\n<\/td>\n<td><img decoding=\"async\" src=\"photos\/2starsimage.jpg.png\" alt=\"Dos estrellas\" class=\"amp-include\" width=\"110\" height=\"40\"><\/td>\n<td>Por debajo de la media<\/td>\n<\/tr>\n<tr>\n<td><strong>Inspecci\u00f3n sanitaria<\/strong> <img decoding=\"async\" src=\"files\/iratingicon.png\" class=\"irating\" alt=\"informaci\u00f3n\"> <\/p>\n<div class=\"pop-box pb-inspection\">\n<p>  Medicare asigna la clasificaci\u00f3n por estrellas bas\u00e1ndose en la puntuaci\u00f3n ponderada de una residencia de ancianos en inspecciones sanitarias recientes. M\u00e1s estrellas significa menos riesgos para la salud   <\/p>\n<\/p><\/div>\n<\/td>\n<td><img decoding=\"async\" src=\"photos\/1starimage.jpg\" alt=\"Una estrella\" class=\"amp-include\" width=\"110\" height=\"40\"><\/td>\n<td>Muy por debajo de la media<\/td>\n<\/tr>\n<tr>\n<td><strong>Dotaci\u00f3n de personal<\/strong> <img decoding=\"async\" src=\"files\/iratingicon.png\" class=\"irating\" alt=\"informaci\u00f3n\"> <\/p>\n<div class=\"pop-box pb-staffing\">\n<p>  Medicare asigna la clasificaci\u00f3n por estrellas en funci\u00f3n de las horas de dotaci\u00f3n de personal de la residencia de ancianos para enfermeras tituladas (RN), enfermeras diplomadas (LPN), enfermeras vocacionales tituladas (LVN) y auxiliares de enfermer\u00eda. M\u00e1s estrellas significa un mejor nivel de dotaci\u00f3n de personal por residente en residencia de ancianos   <\/p>\n<\/p><\/div>\n<\/td>\n<td><img decoding=\"async\" src=\"photos\/4starsimage.jpg\" alt=\"Cuatro estrellas\" class=\"amp-include\" width=\"110\" height=\"40\"><\/td>\n<td>Superior a la media<\/td>\n<\/tr>\n<tr>\n<td><strong>Dotaci\u00f3n de personal RN<\/strong><\/td>\n<td><img decoding=\"async\" src=\"photos\/4starsimage.jpg\" alt=\"Cuatro estrellas\" class=\"amp-include\" width=\"110\" height=\"40\"><\/td>\n<td>Por encima de la media<\/td>\n<\/tr>\n<tr>\n<td><strong>Medidas de calidad<\/strong> <img decoding=\"async\" src=\"files\/iratingicon.png\" class=\"irating\" alt=\"informaci\u00f3n\"> <\/p>\n<div class=\"pop-box pb-measures\">\n<p>  Medicare asigna la clasificaci\u00f3n por estrellas bas\u00e1ndose en los datos de un conjunto selecto de medidas de datos cl\u00ednicos. M\u00e1s estrellas significa mejor calidad asistencial   <\/p>\n<\/p><\/div>\n<\/td>\n<td><img decoding=\"async\" src=\"photos\/5starsimage.jpg\" alt=\"Cinco estrellas\" class=\"amp-include\" width=\"110\" height=\"40\"><\/td>\n<td>Muy por encima de la media<\/td>\n<\/tr>\n<\/tbody>\n<\/table><\/div>\n<div class=\"topbottommargin\"> <strong class=\"number\">3<\/strong> <strong class=\"specialheading\">Estad\u00edsticas clave de la corta estancia<\/strong> <\/p>\n<table>\n<thead>\n<tr>\n<td><em>Descripci\u00f3n<\/em><\/td>\n<td><em>Centro de atenci\u00f3n sanitaria Signature de Waterford<\/em><\/td>\n<td><em>Florida<br \/> Media<\/em><\/td>\n<\/tr>\n<\/thead>\n<tbody>\n<tr>\n<td><strong>Porcentaje de residentes de corta estancia que declaran dolor de moderado a intenso<\/strong><br \/> <small><em> Los porcentajes m\u00e1s bajos son mejores<\/em>.<\/small><\/td>\n<td>1.8%<\/td>\n<td>8.9%<\/td>\n<\/tr>\n<tr>\n<td><strong>Porcentaje de residentes de SNF con \u00falceras por presi\u00f3n nuevas o que han empeorado.<\/strong><br \/> <small><em> Los porcentajes m\u00e1s bajos son mejores<\/em>.<\/small><\/td>\n<td>0.7%<\/td>\n<td>No disponible<\/td>\n<\/tr>\n<tr>\n<td><strong>Porcentaje de residentes de corta estancia evaluados y a los que se administr\u00f3, adecuadamente, la vacuna contra la gripe estacional.<\/strong><br \/> <small><em> Los porcentajes m\u00e1s altos son mejores<\/em>.<\/small><\/td>\n<td>7.6%<\/td>\n<td>88.3%<\/td>\n<\/tr>\n<tr>\n<td><strong>Porcentaje de residentes de corta estancia evaluados y a los que se administr\u00f3, adecuadamente, la vacuna antineumoc\u00f3cica.<\/strong><br \/> <small><em> Los porcentajes m\u00e1s altos son mejores<\/em>.<\/small><\/td>\n<td>5.4%<\/td>\n<td>91.8%<\/td>\n<\/tr>\n<tr>\n<td><strong>Porcentaje de residentes de corta estancia que recibieron medicaci\u00f3n antipsic\u00f3tica por primera vez<\/strong><br \/> <small><em> Los porcentajes m\u00e1s bajos son mejores<\/em>.<\/small><\/td>\n<td>1.4%<\/td>\n<td>2.1%<\/td>\n<\/tr>\n<\/tbody>\n<\/table><\/div>\n<div class=\"topbottommargin\"> <strong class=\"number\">4<\/strong> <strong class=\"specialheading\">Estad\u00edsticas clave de larga estancia<\/strong> <\/p>\n<table>\n<thead>\n<tr>\n<td><em>Descripci\u00f3n<\/em><\/td>\n<td><em>Centro de atenci\u00f3n sanitaria Signature de Waterford<\/em><\/td>\n<td><em>Florida<br \/> Media<\/em><\/td>\n<\/tr>\n<\/thead>\n<tbody>\n<tr>\n<td><strong>Porcentaje de residentes de larga estancia que sufren una o m\u00e1s ca\u00eddas con lesiones graves<\/strong><br \/> <small><em> Los porcentajes m\u00e1s bajos son mejores<\/em>.<\/small><\/td>\n<td>1.3%<\/td>\n<td>2.7%<\/td>\n<\/tr>\n<tr>\n<td><strong>Porcentaje de residentes de larga estancia con infecci\u00f3n urinaria<\/strong><br \/> <small><em> Los porcentajes m\u00e1s bajos son mejores<\/em>.<\/small><\/td>\n<td>1.8%<\/td>\n<td>2.7%<\/td>\n<\/tr>\n<tr>\n<td><strong>Porcentaje de residentes de larga estancia que declaran dolor de moderado a intenso<\/strong><br \/> <small><em> Los porcentajes m\u00e1s bajos son mejores<\/em>.<\/small><\/td>\n<td>0.0%<\/td>\n<td>4.3%<\/td>\n<\/tr>\n<tr>\n<td><strong>Porcentaje de residentes de larga estancia y alto riesgo con \u00falceras por presi\u00f3n<\/strong><br \/> <small><em> Los porcentajes m\u00e1s bajos son mejores<\/em>.<\/small><\/td>\n<td>7.0%<\/td>\n<td>8.0%<\/td>\n<\/tr>\n<tr>\n<td><strong>Porcentaje de residentes de larga estancia y bajo riesgo que pierden el control de sus esf\u00ednteres<\/strong><br \/> <small><em> Los porcentajes m\u00e1s bajos son mejores<\/em>.<\/small><\/td>\n<td>73.6%<\/td>\n<td>54.5%<\/td>\n<\/tr>\n<tr>\n<td><strong>Porcentaje de residentes de larga estancia que tienen o han tenido una sonda insertada y dejada en la vejiga<\/strong><br \/> <small><em> Los porcentajes m\u00e1s bajos son mejores<\/em>.<\/small><\/td>\n<td>0.7%<\/td>\n<td>1.8%<\/td>\n<\/tr>\n<tr>\n<td><strong>Porcentaje de residentes de larga estancia que fueron sujetados f\u00edsicamente<\/strong><br \/> <small><em> Los porcentajes m\u00e1s bajos son mejores<\/em>.<\/small><\/td>\n<td>2.6%<\/td>\n<td>0.2%<\/td>\n<\/tr>\n<tr>\n<td><strong>Porcentaje de residentes de larga estancia cuya capacidad para moverse de forma independiente empeor\u00f3<\/strong><br \/> <small><em> Los porcentajes m\u00e1s bajos son mejores<\/em>.<\/small><\/td>\n<td>9.7%<\/td>\n<td>16.4%<\/td>\n<\/tr>\n<tr>\n<td><strong>Porcentaje de residentes de larga estancia cuya necesidad de ayuda para las actividades cotidianas ha aumentado<\/strong><br \/> <small><em> Los porcentajes m\u00e1s bajos son mejores<\/em>.<\/small><\/td>\n<td>7.5%<\/td>\n<td>12.7%<\/td>\n<\/tr>\n<tr>\n<td><strong>Porcentaje de residentes de larga estancia que pierden mucho peso<\/strong><br \/> <small><em> Los porcentajes m\u00e1s bajos son mejores<\/em>.<\/small><\/td>\n<td>8.3%<\/td>\n<td>5.5%<\/td>\n<\/tr>\n<tr>\n<td><strong>Porcentaje de residentes de larga estancia que tienen s\u00edntomas depresivos<\/strong><br \/> <small><em> Los porcentajes m\u00e1s bajos son mejores<\/em>.<\/small><\/td>\n<td>0.0%<\/td>\n<td>1.0%<\/td>\n<\/tr>\n<tr>\n<td><strong>Porcentaje de residentes de larga estancia que recibieron un ansiol\u00edtico o hipn\u00f3tico<\/strong><br \/> <small><em> Los porcentajes m\u00e1s bajos son mejores<\/em>.<\/small><\/td>\n<td>23.2%<\/td>\n<td>24.3%<\/td>\n<\/tr>\n<tr>\n<td><strong>Porcentaje de residentes de larga estancia evaluados y a los que se administr\u00f3, adecuadamente, la vacuna contra la gripe estacional.<\/strong><br \/> <small><em> Los porcentajes m\u00e1s altos son mejores<\/em>.<\/small><\/td>\n<td>90.2%<\/td>\n<td>95.6%<\/td>\n<\/tr>\n<tr>\n<td><strong>Porcentaje de residentes de larga estancia evaluados y a los que se administr\u00f3, adecuadamente, la vacuna antineumoc\u00f3cica.<\/strong><br \/> <small><em> Los porcentajes m\u00e1s altos son mejores<\/em>.<\/small><\/td>\n<td>80.7%<\/td>\n<td>96.9%<\/td>\n<\/tr>\n<tr>\n<td><strong>Porcentaje de residentes de larga estancia que recibieron un medicamento antipsic\u00f3tico<\/strong><br \/> <small><em> Los porcentajes m\u00e1s bajos son mejores<\/em>.<\/small><\/td>\n<td>9.5%<\/td>\n<td>14.1%<\/td>\n<\/tr>\n<\/tbody>\n<\/table><\/div>\n<div class=\"topbottommargin\"> <strong class=\"number\">5<\/strong> <strong class=\"specialheading\">Resumen de la inspecci\u00f3n<\/strong> <\/p>\n<p> <strong>Fecha de la inspecci\u00f3n sanitaria est\u00e1ndar:<\/strong> 22\/02\/2019<br \/> <strong>N\u00famero total de deficiencias sanitarias:<\/strong> 13<br \/> <strong>N\u00famero medio de deficiencias sanitarias en Florida:<\/strong> 6,4  <\/p>\n<\/p><\/div>\n<\/p><\/div>\n<\/p><\/div>\n<div class=\"subpageslist\">\n<ul> <\/ul>\n<\/p><\/div>\n<\/p><\/div>\n","protected":false},"excerpt":{"rendered":"<p>Sin honorarios a menos que ganemos. Llama al 866-352-9626 para una &#8230; <\/p>\n","protected":false},"author":3,"featured_media":0,"parent":0,"menu_order":0,"comment_status":"closed","ping_status":"closed","template":"template-practice-areas.php","meta":{"footnotes":""},"class_list":["post-21809","page","type-page","status-publish","hentry"],"featured_image_src":null,"featured_image_src_square":null,"_links":{"self":[{"href":"https:\/\/flaxmanlaw.com\/es\/wp-json\/wp\/v2\/pages\/21809","targetHints":{"allow":["GET"]}}],"collection":[{"href":"https:\/\/flaxmanlaw.com\/es\/wp-json\/wp\/v2\/pages"}],"about":[{"href":"https:\/\/flaxmanlaw.com\/es\/wp-json\/wp\/v2\/types\/page"}],"author":[{"embeddable":true,"href":"https:\/\/flaxmanlaw.com\/es\/wp-json\/wp\/v2\/users\/3"}],"replies":[{"embeddable":true,"href":"https:\/\/flaxmanlaw.com\/es\/wp-json\/wp\/v2\/comments?post=21809"}],"version-history":[{"count":0,"href":"https:\/\/flaxmanlaw.com\/es\/wp-json\/wp\/v2\/pages\/21809\/revisions"}],"wp:attachment":[{"href":"https:\/\/flaxmanlaw.com\/es\/wp-json\/wp\/v2\/media?parent=21809"}],"curies":[{"name":"wp","href":"https:\/\/api.w.org\/{rel}","templated":true}]}}