{"id":21810,"date":"2024-11-18T12:45:18","date_gmt":"2024-11-18T12:45:18","guid":{"rendered":"https:\/\/flaxmanlaw.wpenginepowered.com\/restricciones-fisicas-a-los-ancianos-abogados-de-abusos-en-residencias-de-ancianos-de-hollywood-florida\/"},"modified":"2024-11-18T12:45:18","modified_gmt":"2024-11-18T12:45:18","slug":"restricciones-fisicas-a-los-ancianos-abogados-de-abusos-en-residencias-de-ancianos-de-hollywood-florida","status":"publish","type":"page","link":"https:\/\/flaxmanlaw.com\/es\/restricciones-fisicas-a-los-ancianos-abogados-de-abusos-en-residencias-de-ancianos-de-hollywood-florida\/","title":{"rendered":"Restricciones f\u00edsicas a los ancianos | Abogados de abusos en residencias de ancianos de Hollywood, Florida"},"content":{"rendered":"<div class=\"bodytext\">\n<h2>Restricciones f\u00edsicas a los ancianos<\/h1><\/h2>\n<div class=\"description\">\n<p>Las residencias de ancianos de Hollywood, Homestead, Miami y el sur de Florida disponen de una serie de herramientas y recursos que les ayudan a mantener la seguridad de los residentes. Una de esas herramientas son las sujeciones f\u00edsicas, que en raras ocasiones pueden ser recomendadas por un m\u00e9dico para evitar que un paciente se haga da\u00f1o. Sin embargo, cuando las residencias de ancianos de Florida tienen pol\u00edticas deficientes que conducen a un uso incorrecto o excesivo de las sujeciones, esta situaci\u00f3n puede convertirse en un caso de abuso y negligencia en residencias de ancianos.  <\/p>\n<p>Si tienes un familiar anciano que ha sufrido da\u00f1os por el uso de sujeciones en una residencia de ancianos, habla con un abogado especializado en reclamaciones por abuso y negligencia en residencias de ancianos del sur de Florida. Puedes averiguar si tienes una reclamaci\u00f3n que te permita solicitar una indemnizaci\u00f3n para pagar el tratamiento m\u00e9dico y los cuidados de tu ser querido. <\/p>\n<p>Para averiguar si tienes una demanda, puedes programar una consulta gratuita sobre accidentes con un abogado del Grupo Legal Flaxman llamando al 866-352-9626. Hablar con un miembro de nuestro equipo sobre su situaci\u00f3n no implica ninguna obligaci\u00f3n, y puede proporcionarle algunas respuestas que pueden guiarle hacia los siguientes pasos. <\/p>\n<p><strong class=\"heading4\">  Restricciones f\u00edsicas a los ancianos  <\/strong><\/p>\n<p>Las investigaciones han demostrado que el uso de sujeciones f\u00edsicas entre los ancianos residentes en residencias <a href=\"negligencia en residencias de ancianos.html\">de<\/a> ancianos puede ser perjudicial para la salud. A pesar de ello, muchos abogados de Hollywood especializados en abusos y negligencias en residencias de ancianos se ocupan regularmente de casos en los que se utilizan sujeciones f\u00edsicas, a veces con consecuencias devastadoras. <\/p>\n<p>Si tu ser querido anciano ha resultado lesionado por el uso incorrecto de sujeciones, contacta al Grupo Legal Flaxman al 866-352-9626 para una consulta gratuita y sin compromiso con un abogado de abuso y negligencia en asilos de ancianos.<\/p>\n<p><strong class=\"heading4\">  Por qu\u00e9 se utilizan las sujeciones  <\/strong><\/p>\n<p>Aunque nadie quiere ver a un ser querido anciano sujeto y aunque los expertos creen que las sujeciones son perjudiciales, las residencias de ancianos pueden utilizar sujeciones f\u00edsicas por varias razones:<\/p>\n<ul class=\"no-spacing-list\">\n<li>La falta de personal puede significar que no haya personal para atender a todos a la vez<\/li>\n<li>El personal puede querer castigar a un residente<\/li>\n<li>El personal puede no tener la formaci\u00f3n necesaria para tratar con un residente m\u00e1s dif\u00edcil<\/li>\n<li>Para reducir la responsabilidad en casos de vagabundeo y fuga<\/li>\n<li>El personal puede estar utilizando sujeciones f\u00edsicas como forma de maltrato<\/li>\n<\/ul>\n<p>A veces, las residencias de ancianos afirman que las sujeciones son necesarias para mantener a los residentes seguros y protegerlos de las ca\u00eddas. En realidad, sin embargo, el equipo m\u00e9dico y el apoyo adecuados pueden ayudar a evitar las ca\u00eddas. Y las sujeciones f\u00edsicas no est\u00e1n exentas de peligros. Pueden causar abrasiones e incluso heridas infectadas en la piel. Pueden causar lesiones graves e incluso fracturas si un residente se resiste.    <\/p>\n<p>Las sujeciones tambi\u00e9n pueden afectar mucho a la salud mental. Una persona mayor sujeta f\u00edsicamente pierde su independencia y dignidad. Pierden libertad de movimientos y pueden sentirse deprimidos, confusos, ansiosos o incluso traumatizados.  <\/p>\n<p>Las sujeciones se han relacionado con una serie de resultados negativos , entre ellos:<\/p>\n<ul class=\"no-spacing-list\">\n<li>Escaras<\/li>\n<li>Incidentes cardiovasculares<\/li>\n<li>Mala circulaci\u00f3n<\/li>\n<li>Atrofia muscular<\/li>\n<li>Incontinencia<\/li>\n<li>Aislamiento<\/li>\n<li>Agitaci\u00f3n<\/li>\n<li>Esguinces<\/li>\n<li>Lesi\u00f3n f\u00edsica<\/li>\n<li>Fracturas<\/li>\n<li>Fallecidos<\/li>\n<\/ul>\n<p><strong class=\"heading4\">  Qu\u00e9 puedes hacer  <\/strong><\/p>\n<p>Si un ser querido de una residencia de ancianos ha estado sometido a restricciones f\u00edsicas y ha sufrido una lesi\u00f3n, ponte en contacto con un abogado especializado en abusos y negligencias en residencias de ancianos de Hollywood o de tu comunidad. Es posible que tengas una demanda contra la residencia de ancianos y que puedas solicitar una indemnizaci\u00f3n para poder pagar el tratamiento m\u00e9dico y los cuidados necesarios para que tu ser querido pueda recuperarse de los malos tratos. <\/p>\n<p><strong>Si desea hablar con un abogado con experiencia en casos de abuso y negligencia en asilos de ancianos, <a href=\"contacta con nosotros.html\">contacte<\/a> al Grupo Legal Flaxman al 866-352-9626.<\/strong> Su consulta inicial con nosotros es gratuita, confidencial y sin compromiso. Nuestras oficinas en Homestead, Hollywood, y Miami le sirven sin importar en qu\u00e9 parte de Florida del Sur se encuentre. <\/p>\n<\/div>\n<div class=\"subpageslist\">\n<ul> <\/ul>\n<\/p><\/div>\n<\/p><\/div>\n","protected":false},"excerpt":{"rendered":"<p>Sin honorarios a menos que ganemos. Llama al 866-352-9626 para una &#8230; <\/p>\n","protected":false},"author":3,"featured_media":0,"parent":0,"menu_order":0,"comment_status":"closed","ping_status":"closed","template":"template-practice-areas.php","meta":{"footnotes":""},"class_list":["post-21810","page","type-page","status-publish","hentry"],"featured_image_src":null,"featured_image_src_square":null,"_links":{"self":[{"href":"https:\/\/flaxmanlaw.com\/es\/wp-json\/wp\/v2\/pages\/21810","targetHints":{"allow":["GET"]}}],"collection":[{"href":"https:\/\/flaxmanlaw.com\/es\/wp-json\/wp\/v2\/pages"}],"about":[{"href":"https:\/\/flaxmanlaw.com\/es\/wp-json\/wp\/v2\/types\/page"}],"author":[{"embeddable":true,"href":"https:\/\/flaxmanlaw.com\/es\/wp-json\/wp\/v2\/users\/3"}],"replies":[{"embeddable":true,"href":"https:\/\/flaxmanlaw.com\/es\/wp-json\/wp\/v2\/comments?post=21810"}],"version-history":[{"count":0,"href":"https:\/\/flaxmanlaw.com\/es\/wp-json\/wp\/v2\/pages\/21810\/revisions"}],"wp:attachment":[{"href":"https:\/\/flaxmanlaw.com\/es\/wp-json\/wp\/v2\/media?parent=21810"}],"curies":[{"name":"wp","href":"https:\/\/api.w.org\/{rel}","templated":true}]}}