{"id":21811,"date":"2024-11-18T12:45:24","date_gmt":"2024-11-18T12:45:24","guid":{"rendered":"https:\/\/flaxmanlaw.wpenginepowered.com\/regents-park-at-aventura-abogados-de-abusos-en-residencias-de-ancianos-de-miami\/"},"modified":"2024-11-18T12:45:24","modified_gmt":"2024-11-18T12:45:24","slug":"regents-park-at-aventura-abogados-de-abusos-en-residencias-de-ancianos-de-miami","status":"publish","type":"page","link":"https:\/\/flaxmanlaw.com\/es\/regents-park-at-aventura-abogados-de-abusos-en-residencias-de-ancianos-de-miami\/","title":{"rendered":"Regents Park at Aventura | Abogados de abusos en residencias de ancianos de Miami"},"content":{"rendered":"<div class=\"bodytext\">\n<h2>Regents Park en Aventura<\/h1><\/h2>\n<div class=\"description\">\n<p>Regents Park at Aventura es una residencia de ancianos organizada como sociedad con \u00e1nimo de lucro. Esta residencia tiene 180 camas certificadas y participa en Medicare y Medicaid. No est\u00e1 en una Comunidad de Jubilados de Atenci\u00f3n Continuada (CCRC) ni en un hospital, y tiene un consejo de residentes.  <\/p>\n<p>En general, Regents Park at Aventura obtiene una calificaci\u00f3n por debajo de la media de Medicare. Esta residencia de ancianos ofrece rehabilitaci\u00f3n a corto plazo, enfermer\u00eda especializada a largo plazo, rehabilitaci\u00f3n, asesoramiento, atenci\u00f3n cardiaca, atenci\u00f3n a la memoria, atenci\u00f3n oncol\u00f3gica, fisioterapia, terapia ocupacional, logopedia, terapia intravenosa, linfedema, terapia neuromuscular, terapia respiratoria, atenci\u00f3n de relevo, programas de atenci\u00f3n a heridas, atenci\u00f3n a la diabetes, tratamiento nutricional, tratamiento del dolor y servicios relacionados. <\/p>\n<p>Regents Park at Aventura se encuentra en 18905 NE 25th Ave en Aventura, Florida. Puedes ponerte en contacto con ellos en el (305) 932-6360 o a trav\u00e9s de su <a href=\"https:\/\/www.regentsparkaventura.com\/\" target=\"_blank\" rel=\"noopener\">sitio web<\/a>. <\/p>\n<p><strong class=\"heading4\">Inspecciones en Regents Park at Aventura<\/strong><\/p>\n<p>Regents Park at Aventura obtiene una valoraci\u00f3n por debajo de la media en las inspecciones sanitarias. Entre 2015 y 2018, el hogar ha recibido una queja que dio lugar a una citaci\u00f3n. La inspecci\u00f3n sanitaria m\u00e1s reciente del verano de 2018 fue el 13\/07\/2017.  <\/p>\n<p>Durante la \u00faltima inspecci\u00f3n sanitaria, se descubri\u00f3 que la residencia de ancianos ten\u00eda nueve citaciones sanitarias, cifra superior a la media de 5,8 en todo el pa\u00eds, por t\u00e9rmino medio, y superior a la media estatal de 4,6. Los inspectores concluyeron que esta residencia de ancianos \u00abno manten\u00eda la dignidad y el respeto por un residente\u00bb al ignorar las reiteradas peticiones de ayuda de un residente para realizar las actividades cotidianas. Adem\u00e1s, los inspectores informaron de que el \u00abcentro no manten\u00eda en buen estado las habitaciones de once de las 36 habitaciones de residentes observadas\u00bb. Seg\u00fan los inspectores, hab\u00eda habitaciones con pintura desconchada, paredes estropeadas, yeso desigual, manchas, paneles rotos y piezas de paneles retiradas, entre otros problemas.   <\/p>\n<p>La inspecci\u00f3n sanitaria m\u00e1s reciente concluy\u00f3 que este \u00abcentro no sigui\u00f3 los planes de cuidados\u00bb de dos residentes. En estos casos, \u00abno se siguieron los procedimientos relativos a los residentes con restricciones de l\u00edquidos prescritas\u00bb ni las restricciones diet\u00e9ticas. Adem\u00e1s, la inspecci\u00f3n sanitaria del 13\/07\/2017 concluy\u00f3 que el \u00abcentro no evalu\u00f3 ni trat\u00f3 adecuadamente el dolor de un residente\u00bb. Seg\u00fan los inspectores, el personal no ofreci\u00f3 al residente los analg\u00e9sicos que se indicaban \u00abseg\u00fan necesidad\u00bb y no observ\u00f3 la automedicaci\u00f3n del residente.   <\/p>\n<p>La inspecci\u00f3n sanitaria m\u00e1s reciente, del 13\/07\/2017, concluy\u00f3 adem\u00e1s que el \u00abcentro no proporcion\u00f3 una justificaci\u00f3n m\u00e9dica de tres residentes revisados para cat\u00e9teres de veinte residentes con cat\u00e9teres\u00bb y tampoco \u00abse asegur\u00f3 de que los residentes con una amplitud de movimiento reducida recibieran el tratamiento y los servicios adecuados para aumentar la amplitud de movimiento.\u00bb Los investigadores determinaron que el personal no ofreci\u00f3 a dos residentes el equipo adecuado, como una f\u00e9rula o un protector de palma, para evitar que empeorara la amplitud de movimiento. <\/p>\n<p>Los inspectores de sanidad tambi\u00e9n informaron en su informe del 13\/07\/2017 de que \u00abel centro no guardaba el equipo respiratorio bajo llave\u00bb. En su lugar, el equipo se guardaba sin cerrar cuando estaban presentes los inspectores. Adem\u00e1s, se descubri\u00f3 que no se prestaban servicios dentales a uno de los tres residentes observados.  <\/p>\n<p>La inspecci\u00f3n sanitaria revel\u00f3 que \u00abel establecimiento no manten\u00eda los equipos esenciales\u00bb, como las m\u00e1quinas de platos, que no indicaban correctamente la temperatura durante el ciclo de lavado, necesaria para garantizar una limpieza adecuada. Los inspectores tambi\u00e9n observaron que la m\u00e1quina de platos de carne, utilizada para preparar platos Kosher, no funcionaba correctamente en el momento de su visita. <\/p>\n<p>Regents Park at Aventura dispone de sistemas de rociadores autom\u00e1ticos en todas las zonas necesarias. La \u00faltima inspecci\u00f3n de seguridad contra incendios que tuvo lugar en el verano de 2018 fue el 11\/07\/2017. En ese momento, se hicieron 3 citaciones, que es la media nacional para residencias de ancianos, pero superior a la media de Florida de dos citaciones. Esta residencia de ancianos recibi\u00f3 de Medicare una calificaci\u00f3n inferior a la media en seguridad contra incendios.   <\/p>\n<p>Entre 2017 y 2018, esta residencia de ancianos recibi\u00f3 una sanci\u00f3n federal y recibi\u00f3 una multa de 23.634 d\u00f3lares el 15\/09\/2016.<\/p>\n<p><strong class=\"heading4\">Dotaci\u00f3n de personal<\/strong><\/p>\n<p>La valoraci\u00f3n del personal de Regents Park at Aventura est\u00e1 por encima de la media. El centro tiene una valoraci\u00f3n del personal de 4 sobre 5 estrellas, lo que est\u00e1 por encima de la media. En esta residencia hay 169,6 residentes de media al d\u00eda, lo que es m\u00e1s que la media nacional de 86,6 residentes o la media de Florida de 107,7.  <\/p>\n<p>Los residentes de esta residencia tienen una media de 1 hora y 34 minutos al d\u00eda con el personal de enfermer\u00eda autorizado. En comparaci\u00f3n con 1 hora y 33 minutos en todo el pa\u00eds y 1 hora y 36 minutos en Florida. Adem\u00e1s, los residentes de esta residencia tienen una media de 2 horas y 39 minutos con auxiliares de enfermer\u00eda. A nivel nacional, los residentes reciben una media de 2 horas y 18 minutos y en Florida la media es de 2 horas y 41 minutos. Los residentes tambi\u00e9n disponen de 6 minutos con el personal de fisioterapia, mientras que a nivel nacional los residentes de residencias de ancianos disponen de 7 minutos, de media, y de 8 minutos en todo Florida.    <\/p>\n<p><strong class=\"heading4\">Calidad de la atenci\u00f3n a los residentes<\/strong><\/p>\n<p>La calidad de la atenci\u00f3n a los residentes en Regents Park at Aventura est\u00e1 muy por encima de la media. Para los residentes de corta estancia, el 72,8% de Regents Park at Aventura mejor\u00f3 en movimiento independiente. En cambio, s\u00f3lo lo hicieron el 70,2% de los residentes de Florida y el 67,9% de los residentes nacionales. El 27,3% de los residentes de corta estancia de Regents Park at Aventura volvieron a ingresar en el hospital, mientras que las medias de Florida y nacional fueron del 24,4% y el 22,4%, respectivamente.   <\/p>\n<p>El 58,6% de los residentes de corta estancia de Regents Park at Aventura fueron dados de alta a la comunidad, en comparaci\u00f3n con el 55,6% de los residentes de residencias de ancianos de Florida y el 56,4% de los de EE.UU. S\u00f3lo el 4,9% de los residentes de Regents Park at Aventura tuvieron que acudir a urgencias, en comparaci\u00f3n con el 10,5% de los residentes de Florida y el 12,3% de los residentes de EE.UU. en residencias de ancianos de corta estancia. <\/p>\n<p>En Regents Park at Aventura, el 9,8% de los residentes declararon un dolor al menos moderado. En Florida, una media del 9,5% de los residentes declararon tal problema, mientras que en todo el pa\u00eds la media fue del 13,1%. El n\u00famero de residentes con \u00falceras por presi\u00f3n nuevas o que empeoraban era del 0,7%, frente al 0,5% y el 0,9% de las medias de Florida y nacional.  <\/p>\n<p>Los residentes de larga estancia de Regents Park at Aventura sufrieron ca\u00eddas en un 0,7%, frente a la media de Florida del 2,8% y la media nacional del 3,4%. Las ITU (infecciones del tracto urinario) eran m\u00e1s frecuentes en esta residencia de ancianos, con alrededor del 5,9% de residentes de larga estancia afectados, mientras que la media de Florida es del 3,2% y la nacional del 3,2%. La incontinencia tambi\u00e9n era superior a la media, con un 70,3%. En cambio, la media de Florida es del 54,2% y la nacional del 48%. El uso de cat\u00e9teres tambi\u00e9n fue mayor, con un 3,2%, que la media nacional del 1,8% y la media estatal del 1,4%.    <\/p>\n<p>En Regents Park at Aventura se utilizaron sujeciones f\u00edsicas con menos frecuencia que la media. El 0% de los residentes de larga estancia fueron sometidos a sujeciones f\u00edsicas, mientras que el 0,3% de los residentes de Florida y el 0,4% de los residentes de residencias de ancianos de EE.UU. s\u00ed las sufren. Adem\u00e1s, el 15,3% de los residentes de esta residencia de ancianos sufrieron un empeoramiento del movimiento independiente, en comparaci\u00f3n con el 17% de todos los pacientes de residencias de ancianos de Florida y el 18,3% de los residentes de todo el pa\u00eds. Alrededor del 13,1% de los residentes de Regents Park at Aventura necesitaron m\u00e1s ayuda con las actividades cotidianas, lo que est\u00e1 a la par con la media de Florida, que es del 13,3%. Alrededor del 7% de los residentes de este centro perdieron peso en exceso, en comparaci\u00f3n con el 7,2% de los residentes de Florida y el 7% de los residentes nacionales que se enfrentan al mismo problema. Ning\u00fan residente de Regents Park at Aventura mostr\u00f3 s\u00edntomas depresivos, mientras que el 1,1% de los residentes de residencias de ancianos de Florida y el 4,7% de los de EE.UU. s\u00ed los presentan.     <\/p>\n<div data-medicare-stats=\"true\" data-resource-id=\"105596\">\n<div class=\"topbottommargin\"><strong class=\"number\">1<\/strong><strong class=\"specialheading\">Estad\u00edsticas vitales<\/strong><\/p>\n<div class=\"p-div\"><strong>N\u00famero de camas:<\/strong>180 camas certificadas<img decoding=\"async\" src=\"files\/iratingicon.png\" class=\"irating\" alt=\"informaci\u00f3n\"><\/p>\n<div class=\"pop-box pb-beds\">\n<p>Camas en la residencia de ancianos que han sido aprobadas por el gobierno federal para participar en Medicare o Medicaid.<\/p>\n<\/div>\n<\/div>\n<div class=\"p-div\"><strong>Acepta:<\/strong>Medicare y Medicaid<img decoding=\"async\" src=\"files\/iratingicon.png\" class=\"irating\" alt=\"informaci\u00f3n\"><\/p>\n<div class=\"pop-box pb-accepts\">\n<p>Muestra si la residencia participa en Medicare, Medicaid o ambos.<\/p>\n<\/div>\n<\/div>\n<\/div>\n<div class=\"topbottommargin\"><strong class=\"number\">2<\/strong><strong class=\"specialheading\">Clasificaciones clave<\/strong><\/p>\n<table class=\"ratingstable\">\n<tbody>\n<tr>\n<td><strong>Resumen de la clasificaci\u00f3n por estrellas<\/strong><\/td>\n<td><\/td>\n<td><\/td>\n<\/tr>\n<tr>\n<td><strong>Valoraci\u00f3n global<\/strong><img decoding=\"async\" src=\"files\/iratingicon.png\" class=\"irating\" alt=\"informaci\u00f3n\"><\/p>\n<div class=\"pop-box pb-rating\">\n<p>Medicare asigna la clasificaci\u00f3n general por estrellas bas\u00e1ndose en los resultados de una residencia de ancianos en 3 medidas distintas: Inspecciones sanitarias, dotaci\u00f3n de personal y medidas de calidad. Cada uno de estos \u00e1mbitos tiene su propia clasificaci\u00f3n por estrellas, y un mayor n\u00famero de estrellas significa una mejor calidad de la asistencia <\/p>\n<\/div>\n<\/td>\n<td><img decoding=\"async\" src=\"photos\/3starsimage.jpg\" alt=\"Tres estrellas\" class=\"amp-include\" width=\"110\" height=\"40\"><\/td>\n<td>Media<\/td>\n<\/tr>\n<tr>\n<td><strong>Inspecci\u00f3n sanitaria<\/strong><img decoding=\"async\" src=\"files\/iratingicon.png\" class=\"irating\" alt=\"informaci\u00f3n\"><\/p>\n<div class=\"pop-box pb-inspection\">\n<p>Medicare asigna la clasificaci\u00f3n por estrellas bas\u00e1ndose en la puntuaci\u00f3n ponderada de una residencia de ancianos en inspecciones sanitarias recientes. M\u00e1s estrellas significa menos riesgos para la salud <\/p>\n<\/div>\n<\/td>\n<td><img decoding=\"async\" src=\"photos\/2starsimage.jpg.png\" alt=\"Dos estrellas\" class=\"amp-include\" width=\"110\" height=\"40\"><\/td>\n<td>Por debajo de la media<\/td>\n<\/tr>\n<tr>\n<td><strong>Dotaci\u00f3n de personal<\/strong><img decoding=\"async\" src=\"files\/iratingicon.png\" class=\"irating\" alt=\"informaci\u00f3n\"><\/p>\n<div class=\"pop-box pb-staffing\">\n<p>Medicare asigna la clasificaci\u00f3n por estrellas en funci\u00f3n de las horas de dotaci\u00f3n de personal de la residencia de ancianos para enfermeras tituladas (RN), enfermeras diplomadas (LPN), enfermeras vocacionales tituladas (LVN) y auxiliares de enfermer\u00eda. M\u00e1s estrellas significa un mejor nivel de dotaci\u00f3n de personal por residente en residencia de ancianos <\/p>\n<\/div>\n<\/td>\n<td><img decoding=\"async\" src=\"photos\/4starsimage.jpg\" alt=\"Cuatro estrellas\" class=\"amp-include\" width=\"110\" height=\"40\"><\/td>\n<td>Superior a la media<\/td>\n<\/tr>\n<tr>\n<td><strong>Dotaci\u00f3n de personal RN<\/strong><\/td>\n<td><img decoding=\"async\" src=\"photos\/3starsimage.jpg\" alt=\"Tres estrellas\" class=\"amp-include\" width=\"110\" height=\"40\"><\/td>\n<td>Media<\/td>\n<\/tr>\n<tr>\n<td><strong>Medidas de calidad<\/strong><img decoding=\"async\" src=\"files\/iratingicon.png\" class=\"irating\" alt=\"informaci\u00f3n\"><\/p>\n<div class=\"pop-box pb-measures\">\n<p>Medicare asigna la clasificaci\u00f3n por estrellas bas\u00e1ndose en los datos de un conjunto selecto de medidas de datos cl\u00ednicos. M\u00e1s estrellas significa mejor calidad asistencial <\/p>\n<\/div>\n<\/td>\n<td><img decoding=\"async\" src=\"photos\/3starsimage.jpg\" alt=\"Tres estrellas\" class=\"amp-include\" width=\"110\" height=\"40\"><\/td>\n<td>Media<\/td>\n<\/tr>\n<\/tbody>\n<\/table>\n<\/div>\n<div class=\"topbottommargin\"><strong class=\"number\">3<\/strong><strong class=\"specialheading\">Estad\u00edsticas clave de la corta estancia<\/strong><\/p>\n<table>\n<thead>\n<tr>\n<td><em>Descripci\u00f3n<\/em><\/td>\n<td><em>Regents Park en Aventura<\/em><\/td>\n<td><em>Florida<br \/>Media<\/em><\/td>\n<\/tr>\n<\/thead>\n<tbody>\n<tr>\n<td><strong>Porcentaje de residentes de corta estancia que declaran dolor de moderado a intenso<\/strong><br \/><small><em>Los porcentajes m\u00e1s bajos son mejores<\/em>.<\/small><\/td>\n<td>14.1%<\/td>\n<td>8.9%<\/td>\n<\/tr>\n<tr>\n<td><strong>Porcentaje de residentes de SNF con \u00falceras por presi\u00f3n nuevas o que han empeorado.<\/strong><br \/><small><em>Los porcentajes m\u00e1s bajos son mejores<\/em>.<\/small><\/td>\n<td>0.6%<\/td>\n<td>No disponible<\/td>\n<\/tr>\n<tr>\n<td><strong>Porcentaje de residentes de corta estancia evaluados y a los que se administr\u00f3, adecuadamente, la vacuna contra la gripe estacional.<\/strong><br \/><small><em>Los porcentajes m\u00e1s altos son mejores<\/em>.<\/small><\/td>\n<td>89.5%<\/td>\n<td>88.3%<\/td>\n<\/tr>\n<tr>\n<td><strong>Porcentaje de residentes de corta estancia evaluados y a los que se administr\u00f3, adecuadamente, la vacuna antineumoc\u00f3cica.<\/strong><br \/><small><em>Los porcentajes m\u00e1s altos son mejores<\/em>.<\/small><\/td>\n<td>98.5%<\/td>\n<td>91.8%<\/td>\n<\/tr>\n<tr>\n<td><strong>Porcentaje de residentes de corta estancia que recibieron medicaci\u00f3n antipsic\u00f3tica por primera vez<\/strong><br \/><small><em>Los porcentajes m\u00e1s bajos son mejores<\/em>.<\/small><\/td>\n<td>2.1%<\/td>\n<td>2.1%<\/td>\n<\/tr>\n<\/tbody>\n<\/table>\n<\/div>\n<div class=\"topbottommargin\"><strong class=\"number\">4<\/strong><strong class=\"specialheading\">Estad\u00edsticas clave de larga estancia<\/strong><\/p>\n<table>\n<thead>\n<tr>\n<td><em>Descripci\u00f3n<\/em><\/td>\n<td><em>Regents Park en Aventura<\/em><\/td>\n<td><em>Florida<br \/>Media<\/em><\/td>\n<\/tr>\n<\/thead>\n<tbody>\n<tr>\n<td><strong>Porcentaje de residentes de larga estancia que sufren una o m\u00e1s ca\u00eddas con lesiones graves<\/strong><br \/><small><em>Los porcentajes m\u00e1s bajos son mejores<\/em>.<\/small><\/td>\n<td>2.9%<\/td>\n<td>2.7%<\/td>\n<\/tr>\n<tr>\n<td><strong>Porcentaje de residentes de larga estancia con infecci\u00f3n urinaria<\/strong><br \/><small><em>Los porcentajes m\u00e1s bajos son mejores<\/em>.<\/small><\/td>\n<td>6.6%<\/td>\n<td>2.7%<\/td>\n<\/tr>\n<tr>\n<td><strong>Porcentaje de residentes de larga estancia que declaran dolor de moderado a intenso<\/strong><br \/><small><em>Los porcentajes m\u00e1s bajos son mejores<\/em>.<\/small><\/td>\n<td>1.1%<\/td>\n<td>4.3%<\/td>\n<\/tr>\n<tr>\n<td><strong>Porcentaje de residentes de larga estancia y alto riesgo con \u00falceras por presi\u00f3n<\/strong><br \/><small><em>Los porcentajes m\u00e1s bajos son mejores<\/em>.<\/small><\/td>\n<td>13.7%<\/td>\n<td>8.0%<\/td>\n<\/tr>\n<tr>\n<td><strong>Porcentaje de residentes de larga estancia y bajo riesgo que pierden el control de sus esf\u00ednteres<\/strong><br \/><small><em>Los porcentajes m\u00e1s bajos son mejores<\/em>.<\/small><\/td>\n<td>71.6%<\/td>\n<td>54.5%<\/td>\n<\/tr>\n<tr>\n<td><strong>Porcentaje de residentes de larga estancia que tienen o han tenido una sonda insertada y dejada en la vejiga<\/strong><br \/><small><em>Los porcentajes m\u00e1s bajos son mejores<\/em>.<\/small><\/td>\n<td>5.5%<\/td>\n<td>1.8%<\/td>\n<\/tr>\n<tr>\n<td><strong>Porcentaje de residentes de larga estancia que fueron sujetados f\u00edsicamente<\/strong><br \/><small><em>Los porcentajes m\u00e1s bajos son mejores<\/em>.<\/small><\/td>\n<td>0.0%<\/td>\n<td>0.2%<\/td>\n<\/tr>\n<tr>\n<td><strong>Porcentaje de residentes de larga estancia cuya capacidad para moverse de forma independiente empeor\u00f3<\/strong><br \/><small><em>Los porcentajes m\u00e1s bajos son mejores<\/em>.<\/small><\/td>\n<td>15.0%<\/td>\n<td>16.4%<\/td>\n<\/tr>\n<tr>\n<td><strong>Porcentaje de residentes de larga estancia cuya necesidad de ayuda para las actividades cotidianas ha aumentado<\/strong><br \/><small><em>Los porcentajes m\u00e1s bajos son mejores<\/em>.<\/small><\/td>\n<td>15.7%<\/td>\n<td>12.7%<\/td>\n<\/tr>\n<tr>\n<td><strong>Porcentaje de residentes de larga estancia que pierden mucho peso<\/strong><br \/><small><em>Los porcentajes m\u00e1s bajos son mejores<\/em>.<\/small><\/td>\n<td>4.6%<\/td>\n<td>5.5%<\/td>\n<\/tr>\n<tr>\n<td><strong>Porcentaje de residentes de larga estancia que tienen s\u00edntomas depresivos<\/strong><br \/><small><em>Los porcentajes m\u00e1s bajos son mejores<\/em>.<\/small><\/td>\n<td>0.0%<\/td>\n<td>1.0%<\/td>\n<\/tr>\n<tr>\n<td><strong>Porcentaje de residentes de larga estancia que recibieron un ansiol\u00edtico o hipn\u00f3tico<\/strong><br \/><small><em>Los porcentajes m\u00e1s bajos son mejores<\/em>.<\/small><\/td>\n<td>15.2%<\/td>\n<td>24.3%<\/td>\n<\/tr>\n<tr>\n<td><strong>Porcentaje de residentes de larga estancia evaluados y a los que se administr\u00f3, adecuadamente, la vacuna contra la gripe estacional.<\/strong><br \/><small><em>Los porcentajes m\u00e1s altos son mejores<\/em>.<\/small><\/td>\n<td>92.5%<\/td>\n<td>95.6%<\/td>\n<\/tr>\n<tr>\n<td><strong>Porcentaje de residentes de larga estancia evaluados y a los que se administr\u00f3, adecuadamente, la vacuna antineumoc\u00f3cica.<\/strong><br \/><small><em>Los porcentajes m\u00e1s altos son mejores<\/em>.<\/small><\/td>\n<td>100.0%<\/td>\n<td>96.9%<\/td>\n<\/tr>\n<tr>\n<td><strong>Porcentaje de residentes de larga estancia que recibieron un medicamento antipsic\u00f3tico<\/strong><br \/><small><em>Los porcentajes m\u00e1s bajos son mejores<\/em>.<\/small><\/td>\n<td>21.8%<\/td>\n<td>14.1%<\/td>\n<\/tr>\n<\/tbody>\n<\/table>\n<\/div>\n<div class=\"topbottommargin\"><strong class=\"number\">5<\/strong><strong class=\"specialheading\">Resumen de la inspecci\u00f3n<\/strong><\/p>\n<p><strong>Fecha de la inspecci\u00f3n sanitaria est\u00e1ndar:<\/strong>22\/06\/2018<br \/><strong>N\u00famero total de deficiencias sanitarias:<\/strong>7<br \/><strong>N\u00famero medio de deficiencias sanitarias en Florida:<\/strong>6,4<\/p>\n<\/div>\n<\/div><\/div>\n<div class=\"subpageslist\">\n<ul> <\/ul>\n<\/p><\/div>\n<\/p><\/div>\n","protected":false},"excerpt":{"rendered":"<p>Sin honorarios a menos que ganemos. Llama al 866-352-9626 para una &#8230; <\/p>\n","protected":false},"author":3,"featured_media":0,"parent":0,"menu_order":0,"comment_status":"closed","ping_status":"closed","template":"template-practice-areas.php","meta":{"footnotes":""},"class_list":["post-21811","page","type-page","status-publish","hentry"],"featured_image_src":null,"featured_image_src_square":null,"_links":{"self":[{"href":"https:\/\/flaxmanlaw.com\/es\/wp-json\/wp\/v2\/pages\/21811","targetHints":{"allow":["GET"]}}],"collection":[{"href":"https:\/\/flaxmanlaw.com\/es\/wp-json\/wp\/v2\/pages"}],"about":[{"href":"https:\/\/flaxmanlaw.com\/es\/wp-json\/wp\/v2\/types\/page"}],"author":[{"embeddable":true,"href":"https:\/\/flaxmanlaw.com\/es\/wp-json\/wp\/v2\/users\/3"}],"replies":[{"embeddable":true,"href":"https:\/\/flaxmanlaw.com\/es\/wp-json\/wp\/v2\/comments?post=21811"}],"version-history":[{"count":0,"href":"https:\/\/flaxmanlaw.com\/es\/wp-json\/wp\/v2\/pages\/21811\/revisions"}],"wp:attachment":[{"href":"https:\/\/flaxmanlaw.com\/es\/wp-json\/wp\/v2\/media?parent=21811"}],"curies":[{"name":"wp","href":"https:\/\/api.w.org\/{rel}","templated":true}]}}