{"id":21812,"date":"2024-11-18T12:45:18","date_gmt":"2024-11-18T12:45:18","guid":{"rendered":"https:\/\/flaxmanlaw.wpenginepowered.com\/deterioro-fisico-abogados-de-accidentes-de-trafico-en-hollywood-florida\/"},"modified":"2025-12-04T04:09:28","modified_gmt":"2025-12-04T04:09:28","slug":"deterioro-fisico-abogados-de-accidentes-de-trafico-en-hollywood-florida","status":"publish","type":"page","link":"https:\/\/flaxmanlaw.com\/es\/deterioro-fisico-abogados-de-accidentes-de-trafico-en-hollywood-florida\/","title":{"rendered":"Discapacidad f\u00edsica"},"content":{"rendered":"<div class=\"bodytext\">\n<h2>Discapacidad f\u00edsica<\/h2>\n<div class=\"description\">\n<p>La conducci\u00f3n bajo los efectos del alcohol no s\u00f3lo se refiere a la conducci\u00f3n bajo los efectos del alcohol. El deterioro f\u00edsico de los conductores tambi\u00e9n puede implicar afecciones m\u00e9dicas debilitantes que pueden afectar a la capacidad de un automovilista para conducir un veh\u00edculo. De hecho, los Institutos Nacionales de la Salud (NIH) informan de que la salud de un conductor puede influir m\u00e1s en su capacidad para conducir que la edad. Cuando los conductores de Hollywood y Florida descuidan su salud o las advertencias de sus m\u00e9dicos, pueden provocar colisiones graves e incluso mortales.<\/p>\n<p>Si usted ha resultado lesionado en una colisi\u00f3n causada por un conductor que pudo haber estado afectado por medicamentos o por una condici\u00f3n m\u00e9dica, contacte al Grupo Legal Flaxman, una firma de abogados con oficinas en Hollywood, Homestead y Miami. Nuestros abogados cuentan con m\u00e1s de sesenta a\u00f1os de experiencia combinada trabajando con demandantes que han resultado gravemente lesionados. Cont\u00e1ctanos hoy mismo para una consulta gratuita sobre accidentes.<\/p>\n<p><strong class=\"heading4\">Tipos de discapacidad f\u00edsica<\/strong><\/p>\n<p>Hay muchas afecciones que pueden afectar a la capacidad de conducir, entre ellas:<\/p>\n<p><strong>Accidentes<\/strong> cerebrovasculares. Los accidentes cerebrovasculares pueden paralizar partes del cuerpo, afectando a la capacidad del conductor para conducir y a su capacidad para controlar los \u00e1ngulos muertos. Cuando ocurren en un coche, pueden hacer que el conductor pierda el control de su veh\u00edculo.<\/p>\n<p><strong>Infartos de miocardio<\/strong>. Cada a\u00f1o, algunos conductores sufren un episodio card\u00edaco mientras conducen. Esto puede hacerles perder el conocimiento al volante o perder el control del coche.<\/p>\n<p><strong>Enfermedad de Parkinson<\/strong>. Esta enfermedad puede afectar a la movilidad y el movimiento, lo que puede afectar a la capacidad de una persona para frenar y dirigir el volante. Esta enfermedad tambi\u00e9n puede provocar temblores, que pueden afectar a la capacidad de conducir.<\/p>\n<p><strong>Trastornos convulsivos<\/strong>. Las convulsiones pueden ser aterradoras, y a\u00fan m\u00e1s cuando le ocurren a un conductor. Un ataque puede causar p\u00e9rdida de conciencia o convulsiones incontrolables que dejan al conductor incapacitado para conducir.<\/p>\n<p><strong>Demencia<\/strong>. El Alzheimer y otras formas de demencia pueden hacer que los conductores se desorienten o confundan, lo que puede provocar un accidente.<\/p>\n<p>En algunos casos, las dolencias f\u00edsicas pueden surgir aparentemente de la nada, sin que los conductores puedan prepararse. Los infartos de miocardio, por ejemplo, pueden producirse a veces sin se\u00f1ales de alarma. En otros casos, sin embargo, los conductores saben que padecen una enfermedad grave y se espera que tomen todas las precauciones debidas al conducir, y deben hablar con sus m\u00e9dicos sobre la capacidad de conducci\u00f3n. En algunos casos, pueden modificar sus veh\u00edculos para hacerlos m\u00e1s accesibles. En otros casos, puede ser m\u00e1s seguro colgar las llaves. Los m\u00e9dicos deben hablar con los pacientes sobre la capacidad para conducir en los casos en que se les diagnostique una enfermedad grave que pueda afectar a la capacidad para conducir.<\/p>\n<p><strong class=\"heading4\">Cuando las colisiones provocan da\u00f1os f\u00edsicos<\/strong><\/p>\n<p>En algunos casos, las propias colisiones de tr\u00e1fico pueden provocar un deterioro f\u00edsico grave. Por ejemplo, las colisiones de tr\u00e1fico pueden provocar:<\/p>\n<ul>\n<li>Amputaciones<\/li>\n<li>Lesi\u00f3n cerebral<\/li>\n<li>Paraplejia o tetraplejia<\/li>\n<li>Lesiones en la cabeza<\/li>\n<li>P\u00e9rdida de movilidad<\/li>\n<li>Par\u00e1lisis<\/li>\n<\/ul>\n<p>En algunos de estos casos, los conductores pueden tener que hacer ajustes en sus coches o recibir rehabilitaci\u00f3n o formaci\u00f3n para poder volver a conducir. En otros casos, es posible que los conductores ya no puedan ponerse al volante debido a sus medicamentos o lesiones. En estos casos, los conductores lesionados pueden solicitar una indemnizaci\u00f3n por sus gastos m\u00e9dicos, salarios perdidos, gastos de transporte y todos los gastos relacionados mediante una demanda civil si sus lesiones fueron causadas por un conductor negligente.<\/p>\n<p>Si tus lesiones fueron causadas por un conductor con discapacidad f\u00edsica, es importante que protejas tus derechos. Buscar una indemnizaci\u00f3n por tus da\u00f1os y lesiones puede ayudarte a pagar los gastos m\u00e9dicos, gastos imprevistos, dolor y sufrimiento, p\u00e9rdida de ingresos y mucho m\u00e1s. Para averiguar si tienes una demanda, contacta con el Grupo Legal Flaxman. Nuestra firma legal es parte de la comunidad de Hollywood y est\u00e1 lista para asesorar y representar a quienes han resultado lesionados sin tener la culpa. <a href=\"contacta con nosotros.html\">Contacte<\/a> hoy mismo al <a href=\"contacta con nosotros.html\">Grupo Legal Flaxman<\/a> si usted ha resultado lesionado y desea una revisi\u00f3n gratuita de su caso. Nuestro equipo estar\u00e1 encantado de hablar sobre c\u00f3mo podr\u00eda usted seguir adelante con una demanda legal.<\/p>\n<\/div>\n<div class=\"subpageslist\"><\/div>\n<\/div>\n","protected":false},"excerpt":{"rendered":"<p>Sin honorarios a menos que ganemos. Llama al 866-352-9626 para una &#8230; <\/p>\n","protected":false},"author":3,"featured_media":0,"parent":0,"menu_order":0,"comment_status":"closed","ping_status":"closed","template":"template-practice-areas.php","meta":{"footnotes":""},"class_list":["post-21812","page","type-page","status-publish","hentry"],"featured_image_src":null,"featured_image_src_square":null,"_links":{"self":[{"href":"https:\/\/flaxmanlaw.com\/es\/wp-json\/wp\/v2\/pages\/21812","targetHints":{"allow":["GET"]}}],"collection":[{"href":"https:\/\/flaxmanlaw.com\/es\/wp-json\/wp\/v2\/pages"}],"about":[{"href":"https:\/\/flaxmanlaw.com\/es\/wp-json\/wp\/v2\/types\/page"}],"author":[{"embeddable":true,"href":"https:\/\/flaxmanlaw.com\/es\/wp-json\/wp\/v2\/users\/3"}],"replies":[{"embeddable":true,"href":"https:\/\/flaxmanlaw.com\/es\/wp-json\/wp\/v2\/comments?post=21812"}],"version-history":[{"count":0,"href":"https:\/\/flaxmanlaw.com\/es\/wp-json\/wp\/v2\/pages\/21812\/revisions"}],"wp:attachment":[{"href":"https:\/\/flaxmanlaw.com\/es\/wp-json\/wp\/v2\/media?parent=21812"}],"curies":[{"name":"wp","href":"https:\/\/api.w.org\/{rel}","templated":true}]}}