{"id":21813,"date":"2024-11-18T12:45:18","date_gmt":"2024-11-18T12:45:18","guid":{"rendered":"https:\/\/flaxmanlaw.wpenginepowered.com\/plantation-resbalon-y-caida-abogados-de-responsabilidad-de-locales-del-condado-de-broward\/"},"modified":"2024-11-18T12:45:18","modified_gmt":"2024-11-18T12:45:18","slug":"plantation-resbalon-y-caida-abogados-de-responsabilidad-de-locales-del-condado-de-broward","status":"publish","type":"page","link":"https:\/\/flaxmanlaw.com\/es\/plantation-resbalon-y-caida-abogados-de-responsabilidad-de-locales-del-condado-de-broward\/","title":{"rendered":"Plantation Resbal\u00f3n y Ca\u00edda | Abogados de Responsabilidad de Locales del Condado de Broward"},"content":{"rendered":"<div class=\"bodytext\">\n<h2>Resbal\u00f3n y ca\u00edda en Plantation<\/h1><\/h2>\n<div class=\"description\">\n<p>Originalmente un suburbio de Fort Lauderdale, Plantation ha crecido hasta convertirse hoy en una ciudad pr\u00f3spera y sede de empresas como Motorola, American Express, Florida Power and Light y otras. Con una biblioteca bien desarrollada y excelentes escuelas, Plantation es un lugar estupendo del condado de Broward para formar una familia. <\/p>\n<p>Aunque Plantation es un gran lugar para vivir, sigue siendo escenario de muchos <a href=\"accidentes por resbalones y ca\u00eddas.html\">accidentes por resbal\u00f3n y ca\u00edda<\/a> cada a\u00f1o. Estas lesiones pueden llegar a ser sorprendentemente caras, ya que en muchos casos las v\u00edctimas pierden semanas o meses de trabajo y a menudo requieren un amplio tratamiento m\u00e9dico para hacer frente a las fracturas \u00f3seas, traumatismos cerebrales, lesiones de espalda y otras lesiones habituales en los accidentes por resbal\u00f3n y ca\u00edda en Plantation. Sin asesoramiento jur\u00eddico, muchos pacientes acaban pagando de su bolsillo decenas de miles de d\u00f3lares -y a veces m\u00e1s- por sus lesiones. Sin embargo, la legislaci\u00f3n de Florida prev\u00e9 recursos en los casos en que un accidente por resbal\u00f3n y ca\u00edda ha sido causado por la negligencia o imprudencia de alguien.   <\/p>\n<p>Por estas razones, es importante <a href=\"contacta con nosotros.html\">contactar al Grupo Legal Flaxman<\/a> si usted ha sufrido un accidente de resbal\u00f3n y ca\u00edda en Plantation. El equipo jur\u00eddico profesional del Grupo Legal Flaxman puede ayudarle en cada paso del camino, desde informarle de sus derechos y opciones legales, hasta perseguir agresivamente la justicia en su nombre. Su primera consulta con el Grupo Legal Flaxman es gratuita y sin compromiso; es la oportunidad perfecta para hacer preguntas y hablar sobre sus opciones con un equipo jur\u00eddico experimentado.  <\/p>\n<p>Si usted ha sufrido lesiones como resultado de un accidente por resbal\u00f3n y ca\u00edda, querr\u00e1 abogados litigantes con reputaci\u00f3n de obtener resultados. Es por eso que usted debe <a href=\"contacta con nosotros.html\">contactar al Grupo Legal Flaxman<\/a> para programar una consulta gratuita y sin compromiso. El equipo jur\u00eddico del Grupo Legal Flaxman ha trabajado exitosamente en miles de casos de lesiones personales en Florida, as\u00ed que tienen una extensa experiencia en casos como el suyo. Charles Flaxman, uno de los fundadores de la firma, ha pasado m\u00e1s de dos d\u00e9cadas ayudando a v\u00edctimas de lesiones personales en Florida del Sur. Su dedicaci\u00f3n a los demandantes por lesiones personales y sus d\u00e9cadas de experiencia pueden ser una baza importante para ti en tu caso.    <\/p>\n<p>Muchas v\u00edctimas de accidentes por resbalones y ca\u00eddas nunca consultan a un abogado tras su accidente. No cometas el mismo error caro. Sin una consulta, puedes renunciar a tus derechos o perder la oportunidad de obtener la indemnizaci\u00f3n que necesitas para reponer los ingresos perdidos o pagar los gastos m\u00e9dicos. Comprende tus derechos para que puedas tomar una decisi\u00f3n informada sobre tu caso. Llama <a href=\"index.html\">al Grupo Legal Flaxman<\/a> para una consulta gratuita sobre accidentes, para que puedas tomar las decisiones correctas para ti y tu familia.    <\/p>\n<p>Plantation, Florida, est\u00e1 a menos de veinte minutos del despacho del Grupo Legal Flaxman. Simplemente conduce hacia el este por Coconut Terrace y gira a la derecha en 59th Avenue (que tambi\u00e9n se conoce como N Fig Tree Lane), luego a la izquierda en 2nd Street (que tambi\u00e9n se conoce como Cypress Road). Despu\u00e9s, gira a la derecha en Royal Palm Court, y gira a la izquierda en W Broward Boulevard. Gira a la derecha en FL-7 y luego a la izquierda en Johnson Street.    El Grupo Legal Flaxman est\u00e1 en el 5715 de la calle Johnson.<\/p>\n<\/p><\/div>\n<\/p><\/div>\n","protected":false},"excerpt":{"rendered":"<p>Sin honorarios a menos que ganemos. Llama al 866-352-9626 para una &#8230; <\/p>\n","protected":false},"author":3,"featured_media":0,"parent":0,"menu_order":0,"comment_status":"closed","ping_status":"closed","template":"template-practice-areas.php","meta":{"footnotes":""},"class_list":["post-21813","page","type-page","status-publish","hentry"],"featured_image_src":null,"featured_image_src_square":null,"_links":{"self":[{"href":"https:\/\/flaxmanlaw.com\/es\/wp-json\/wp\/v2\/pages\/21813","targetHints":{"allow":["GET"]}}],"collection":[{"href":"https:\/\/flaxmanlaw.com\/es\/wp-json\/wp\/v2\/pages"}],"about":[{"href":"https:\/\/flaxmanlaw.com\/es\/wp-json\/wp\/v2\/types\/page"}],"author":[{"embeddable":true,"href":"https:\/\/flaxmanlaw.com\/es\/wp-json\/wp\/v2\/users\/3"}],"replies":[{"embeddable":true,"href":"https:\/\/flaxmanlaw.com\/es\/wp-json\/wp\/v2\/comments?post=21813"}],"version-history":[{"count":0,"href":"https:\/\/flaxmanlaw.com\/es\/wp-json\/wp\/v2\/pages\/21813\/revisions"}],"wp:attachment":[{"href":"https:\/\/flaxmanlaw.com\/es\/wp-json\/wp\/v2\/media?parent=21813"}],"curies":[{"name":"wp","href":"https:\/\/api.w.org\/{rel}","templated":true}]}}