{"id":21814,"date":"2024-11-18T12:45:18","date_gmt":"2024-11-18T12:45:18","guid":{"rendered":"https:\/\/flaxmanlaw.wpenginepowered.com\/abuso-fisico-abogados-de-negligencia-en-residencias-de-ancianos-de-hollywood-florida\/"},"modified":"2024-11-18T12:45:18","modified_gmt":"2024-11-18T12:45:18","slug":"abuso-fisico-abogados-de-negligencia-en-residencias-de-ancianos-de-hollywood-florida","status":"publish","type":"page","link":"https:\/\/flaxmanlaw.com\/es\/abuso-fisico-abogados-de-negligencia-en-residencias-de-ancianos-de-hollywood-florida\/","title":{"rendered":"Abuso F\u00edsico | Abogados de Negligencia en Residencias de Ancianos de Hollywood, Florida"},"content":{"rendered":"<div class=\"bodytext\">\n<h2>Maltrato f\u00edsico<\/h1><\/h2>\n<div class=\"description\">\n<p>El maltrato f\u00edsico a ancianos residentes en <a href=\"negligencia en residencias de ancianos.html\">residencias<\/a> puede incluir violencia f\u00edsica, como pu\u00f1etazos, golpes, palizas y otras formas de impacto f\u00edsico. Para los ancianos, el maltrato f\u00edsico es un grave motivo de preocupaci\u00f3n, porque los ancianos pueden ser m\u00e1s propensos a la osteoporosis y a otras enfermedades preexistentes que pueden hacer que la violencia f\u00edsica sea extremadamente peligrosa. El maltrato f\u00edsico puede provocar fracturas, roturas de cadera, p\u00e9rdida de movilidad e incluso muertes.  <\/p>\n<p>Si sospechas que un ser querido est\u00e1 sufriendo abuso f\u00edsico en un asilo de ancianos en Florida del Sur, contacta a un abogado de demandas por abuso y negligencia en asilos de ancianos llamando al Grupo Legal Flaxman al 866-352-9626. Puedes contactar a un agente en vivo en nuestro n\u00famero 24\/7 y puedes programar una consulta gratuita sobre accidentes, sin compromiso y sin riesgo para ti. <\/p>\n<p><strong class=\"heading4\">  Los peligros del maltrato f\u00edsico  <\/strong><\/p>\n<p>La violencia f\u00edsica puede afectar a una persona mayor de muchas maneras. Puede provocar: <\/p>\n<ul class=\"no-spacing-list\">\n<li>Huesos rotos<\/li>\n<li>Moratones<\/li>\n<li>Caderas rotas<\/li>\n<li>Fractura de manos y pies<\/li>\n<li>Fractura de dedos, que puede limitar gravemente la movilidad<\/li>\n<li>Traumatismos craneoencef\u00e1licos, incluido el traumatismo craneoencef\u00e1lico mortal<\/li>\n<li>Par\u00e1lisis<\/li>\n<li>Complicaciones graves<\/li>\n<li>Dolor f\u00edsico<\/li>\n<li>Trauma emocional<\/li>\n<li>Lesiones medulares<\/li>\n<\/ul>\n<p>Los ancianos pueden tener afecciones m\u00e9dicas subyacentes que les dificulten recuperarse f\u00e1cilmente de las lesiones f\u00edsicas. Si tienen osteoporosis, por ejemplo, pueden ser m\u00e1s vulnerables a las fracturas \u00f3seas y los huesos rotos pueden tardar m\u00e1s en curarse. <\/p>\n<p><strong class=\"heading4\">  Por qu\u00e9 se produce el maltrato f\u00edsico  <\/strong><\/p>\n<p>Los malos tratos f\u00edsicos pueden producirse en residencias de ancianos por falta de personal o por una formaci\u00f3n incorrecta del mismo. Sin embargo, adem\u00e1s del personal, otros residentes tambi\u00e9n pueden maltratar f\u00edsicamente. Independientemente de d\u00f3nde se origine el maltrato, es importante investigar antes de que la violencia vaya a m\u00e1s y pueda causar lesiones graves o mortales.  <\/p>\n<p>Uno de los problemas para detener los malos tratos en residencias de ancianos de Hollywood y otras comunidades es que puede ser dif\u00edcil darse cuenta de cu\u00e1ndo se producen. Hay muchos signos de maltrato f\u00edsico en una residencia de ancianos: <\/p>\n<ul class=\"no-spacing-list\">\n<li>Lesiones inexplicables, como fracturas o hematomas<\/li>\n<li>Lesiones frecuentes que se achacan a ca\u00eddas o accidentes<\/li>\n<li>Comportamiento retra\u00eddo<\/li>\n<li>Cambios repentinos en la personalidad del anciano<\/li>\n<li>Falta de explicaci\u00f3n o investigaci\u00f3n adecuada de las lesiones<\/li>\n<li>Falta de historial m\u00e9dico sobre las lesiones<\/li>\n<\/ul>\n<p>Siempre que se produzca una lesi\u00f3n, debe investigarse cuidadosamente y debe prestarse asistencia m\u00e9dica para ayudar al residente a curarse. Por desgracia, cuando se producen malos tratos f\u00edsicos, los maltratadores pueden tomar medidas para evitar ser detectados. Esto puede significar tratar de impedir que los pacientes ancianos acudan al m\u00e9dico o tratar de restar importancia a la gravedad de la lesi\u00f3n.  <\/p>\n<p><strong class=\"heading4\">  Qu\u00e9 hacer si un familiar es v\u00edctima de malos tratos en una residencia de ancianos  <\/strong><\/p>\n<p>Si sospechas de malos tratos f\u00edsicos en una residencia de ancianos, es importante actuar de inmediato. Contacta a un abogado de abuso en asilos de ancianos en Hollywood o en tu comunidad para recibir apoyo y asesor\u00eda inmediatos. Siempre puedes contactar al Grupo Legal Flaxman en l\u00ednea o llamando al 866-352-9626 para contactar a un abogado de asilos de ancianos en Hollywood y recibir una consulta gratuita sobre accidentes.  <\/p>\n<p>El Grupo Legal Flaxman cuenta con una red de investigadores y otros profesionales que pueden trabajar para fortalecer tu caso y nuestros abogados tienen m\u00e1s de seis d\u00e9cadas de experiencia combinada. Hemos ayudado a miles de familias e individuos lesionados a recibir compensaci\u00f3n y a emprender acciones legales. <a href=\"contacta con nosotros.html\">Cont\u00e1ctanos hoy mismo<\/a> <strong>para una consulta gratuita y sin compromiso para ver qu\u00e9 se puede hacer en tu caso.<\/strong> <\/p>\n<\/div>\n<div class=\"subpageslist\">\n<ul> <\/ul>\n<\/p><\/div>\n<\/p><\/div>\n","protected":false},"excerpt":{"rendered":"<p>Sin honorarios a menos que ganemos. Llama al 866-352-9626 para una &#8230; <\/p>\n","protected":false},"author":3,"featured_media":0,"parent":0,"menu_order":0,"comment_status":"closed","ping_status":"closed","template":"template-practice-areas.php","meta":{"footnotes":""},"class_list":["post-21814","page","type-page","status-publish","hentry"],"featured_image_src":null,"featured_image_src_square":null,"_links":{"self":[{"href":"https:\/\/flaxmanlaw.com\/es\/wp-json\/wp\/v2\/pages\/21814","targetHints":{"allow":["GET"]}}],"collection":[{"href":"https:\/\/flaxmanlaw.com\/es\/wp-json\/wp\/v2\/pages"}],"about":[{"href":"https:\/\/flaxmanlaw.com\/es\/wp-json\/wp\/v2\/types\/page"}],"author":[{"embeddable":true,"href":"https:\/\/flaxmanlaw.com\/es\/wp-json\/wp\/v2\/users\/3"}],"replies":[{"embeddable":true,"href":"https:\/\/flaxmanlaw.com\/es\/wp-json\/wp\/v2\/comments?post=21814"}],"version-history":[{"count":0,"href":"https:\/\/flaxmanlaw.com\/es\/wp-json\/wp\/v2\/pages\/21814\/revisions"}],"wp:attachment":[{"href":"https:\/\/flaxmanlaw.com\/es\/wp-json\/wp\/v2\/media?parent=21814"}],"curies":[{"name":"wp","href":"https:\/\/api.w.org\/{rel}","templated":true}]}}