{"id":21815,"date":"2024-11-18T12:45:18","date_gmt":"2024-11-18T12:45:18","guid":{"rendered":"https:\/\/flaxmanlaw.wpenginepowered.com\/lesiones-personales-en-plantation-abogados-de-accidentes-en-el-condado-de-broward\/"},"modified":"2025-12-04T04:02:15","modified_gmt":"2025-12-04T04:02:15","slug":"lesiones-personales-en-plantation-abogados-de-accidentes-en-el-condado-de-broward","status":"publish","type":"page","link":"https:\/\/flaxmanlaw.com\/es\/lesiones-personales-en-plantation-abogados-de-accidentes-en-el-condado-de-broward\/","title":{"rendered":"Lesiones personales en Plantation | Abogados en Broward"},"content":{"rendered":"<div class=\"bodytext\">\n<h2>Plantation Lesiones Personales<\/h1><\/h2>\n<div class=\"description\">\n<p>Plantation, Florida, debe su nombre a la compa\u00f1\u00eda Everglades Plantation, y el lema de la ciudad es \u00abLa hierba es m\u00e1s verde\u00bb. Situada en el condado de Broward, Florida, Plantation sufri\u00f3 da\u00f1os considerables en 2005, cuando el hurac\u00e1n Wilma toc\u00f3 tierra en la zona. En 2008, la comunidad se hab\u00eda recuperado en gran medida e incluso fue nombrada una de las 100 Mejores Comunidades para J\u00f3venes del pa\u00eds. Plantation es famosa por ser el tel\u00f3n de fondo de varias pel\u00edculas de Hollywood, como Caddyshack y There&#8217;s Something About Mary. Muchos jugadores de la NFL, famosos y atletas viven actualmente en Plantation, que es conocida por sus atractivas y elegantes casas. Plantation tambi\u00e9n es conocida por su fuerte econom\u00eda. La ciudad alberga la sede mundial de DHL y tambi\u00e9n la Universidad Intercontinental Americana, la Universidad de Phoenix, dos grandes centros comerciales y otras empresas.<\/p>\n<p>Si has tenido un accidente en Plantation o has sufrido una lesi\u00f3n personal grave en Plantation, puedes suponer que tu compa\u00f1\u00eda de seguros cubrir\u00e1 todos los da\u00f1os y costes. Muchas v\u00edctimas de lesiones personales en Plantation suponen lo mismo. Por desgracia, en muchos casos, las compa\u00f1\u00edas de seguros s\u00f3lo cubren una parte de los costes inmediatos asociados a una lesi\u00f3n personal. Si has sufrido una lesi\u00f3n personal grave en Plantation que requerir\u00e1 cuidados a largo plazo o complejos, es posible que no se incluyan todos tus gastos en una reclamaci\u00f3n. Por eso es tan importante contratar a un abogado experto en lesiones personales de Plantation. Usted puede hacerlo llamando al Grupo Legal Flaxman para hablar con nuestro equipo jur\u00eddico. Incluso puede programar una consulta sin costo y sin compromiso para hablar sobre su caso de lesiones personales en Plantation.<\/p>\n<p>El compasivo y experimentado equipo jur\u00eddico del <a href=\"sobre nosotros.html\">Grupo Legal Flaxman<\/a> cuenta con una extensa experiencia con aseguradoras y demandas por lesiones personales en Plantation. Podemos investigar tus lesiones, encontrar a todas las partes responsables, ayudarte a comprender tus derechos y trabajar para salvaguardarlos. Tambi\u00e9n podemos trabajar para negociar con su proveedor de seguros para garantizar que usted obtenga la recuperaci\u00f3n m\u00e1s justa posible. Charles Flaxman, del Grupo Legal Flaxman, no s\u00f3lo es un experimentado abogado de lesiones personales en Florida, sino que tambi\u00e9n trabaj\u00f3 en la industria de los seguros durante m\u00e1s de una d\u00e9cada, adquiriendo una visi\u00f3n interna de la industria que ahora le ayuda a ayudar a sus clientes de lesiones personales en Plantation.<\/p>\n<p>El Grupo Legal Flaxman ha ayudado exitosamente a miles de v\u00edctimas de lesiones personales en Florida y Plantation. Este impresionante historial de \u00e9xitos significa que usted est\u00e1 en buenas manos cuando trabaja con el Grupo Legal Flaxman. Para averiguar si usted tiene una demanda por lesiones personales en Plantation y para enterarse de lo que el Grupo Legal Flaxman puede hacer para ayudarle en su demanda, <a href=\"contacta con nosotros.html\">contacte al Grupo Legal F<\/a> laxman para recibir una consulta gratuita por accidente.<\/p>\n<p>El despacho en Hollywood del Grupo Legal Flaxman est\u00e1 ubicado a menos de veinte minutos de Plantation, Florida. Para llegar, empieza conduciendo hacia el este por Coconut Terrace y gira a la derecha en 59th Avenue\/N Fig Tree Lane. Gira a la izquierda en 2nd Street\/Cypress Road y luego a la derecha en Royal Palm Court. Gira a la izquierda en W Broward Boulevard y luego a la derecha en FL-7\/US-441 S. Gira a la izquierda en Johnson Street, donde se encuentra el Grupo Legal Flaxman, en el 5715 de Johnson Street.<\/p>\n<\/div>\n<div class=\"subpageslist\"><strong class=\"heading4 widget-title\"><a href=\"plantation-accidente-de-camion.html\">Accidentes de Cami\u00f3n<\/a><\/strong> <strong class=\"heading4 widget-title\"><a href=\"plantation-accidente-moto.html\">Accidentes de Motocicleta<\/a><\/strong> <strong class=\"heading4 widget-title\"><a href=\"plantaci\u00f3n-deslizamiento-ca\u00edda.html\">Accidentes por resbalones y ca\u00eddas<\/a><\/strong><\/div>\n<\/div>\n","protected":false},"excerpt":{"rendered":"<p>Sin honorarios a menos que ganemos. Llama al 866-352-9626 para una &#8230; <\/p>\n","protected":false},"author":3,"featured_media":0,"parent":0,"menu_order":0,"comment_status":"closed","ping_status":"closed","template":"template-practice-areas.php","meta":{"footnotes":""},"class_list":["post-21815","page","type-page","status-publish","hentry"],"featured_image_src":null,"featured_image_src_square":null,"_links":{"self":[{"href":"https:\/\/flaxmanlaw.com\/es\/wp-json\/wp\/v2\/pages\/21815","targetHints":{"allow":["GET"]}}],"collection":[{"href":"https:\/\/flaxmanlaw.com\/es\/wp-json\/wp\/v2\/pages"}],"about":[{"href":"https:\/\/flaxmanlaw.com\/es\/wp-json\/wp\/v2\/types\/page"}],"author":[{"embeddable":true,"href":"https:\/\/flaxmanlaw.com\/es\/wp-json\/wp\/v2\/users\/3"}],"replies":[{"embeddable":true,"href":"https:\/\/flaxmanlaw.com\/es\/wp-json\/wp\/v2\/comments?post=21815"}],"version-history":[{"count":0,"href":"https:\/\/flaxmanlaw.com\/es\/wp-json\/wp\/v2\/pages\/21815\/revisions"}],"wp:attachment":[{"href":"https:\/\/flaxmanlaw.com\/es\/wp-json\/wp\/v2\/media?parent=21815"}],"curies":[{"name":"wp","href":"https:\/\/api.w.org\/{rel}","templated":true}]}}