{"id":21816,"date":"2024-11-18T12:45:18","date_gmt":"2024-11-18T12:45:18","guid":{"rendered":"https:\/\/flaxmanlaw.wpenginepowered.com\/accidentes-por-cambio-de-carril-inseguro-en-pembroke-pines-abogados-de-accidentes-de-coche-del-condado-de-broward\/"},"modified":"2024-11-18T12:45:18","modified_gmt":"2024-11-18T12:45:18","slug":"accidentes-por-cambio-de-carril-inseguro-en-pembroke-pines-abogados-de-accidentes-de-coche-del-condado-de-broward","status":"publish","type":"page","link":"https:\/\/flaxmanlaw.com\/es\/accidentes-por-cambio-de-carril-inseguro-en-pembroke-pines-abogados-de-accidentes-de-coche-del-condado-de-broward\/","title":{"rendered":"Accidentes por Cambio de Carril Inseguro en Pembroke Pines | Abogados de Accidentes de Coche del Condado de Broward"},"content":{"rendered":"<div class=\"bodytext\">\n<h2>Accidentes por Cambio de Carril Inseguro en Pembroke Pines<\/h1><\/h2>\n<div class=\"description\">\n<p>Los cambios de carril inseguros en Pembroke Pines ocurren todos los d\u00edas en nuestras carreteras y, en la mayor\u00eda de los casos, simplemente dan lugar a unas cuantas palabras y algo de enfado. Al fin y al cabo, no hay motivo para que un conductor intente hacer un cambio de carril en una zona donde no est\u00e1 permitido y no hay motivo para que un conductor no se tome los segundos adicionales para comprobar si hay tr\u00e1fico en sentido contrario o para comprobar su \u00e1ngulo muerto antes de hacer el cambio de carril. Sin embargo, en algunos casos, los cambios de carril imprudentes provocan accidentes graves o incluso mortales.  <\/p>\n<p>Si usted ha resultado gravemente lesionado en un accidente causado por imprudencia, el Grupo Legal Flaxman puede ofrecerle una consulta gratuita y sin compromiso de su caso para que pueda hablar sobre sus opciones legales y su situaci\u00f3n con un abogado de lesiones personales. Simplemente llame a nuestro bufete de servicios integrales al 866-352-9626 para concertar su cita gratuita. <\/p>\n<p><strong class=\"heading4\">Las colisiones automovil\u00edsticas por cambio de carril inseguro en Pembroke Pines y Florida suelen ser complejas<\/strong><\/p>\n<p>En muchos casos, los accidentes por cambio de carril ocurren en un instante y puede ser dif\u00edcil determinar exactamente d\u00f3nde estaba cada coche en el momento del incidente y qu\u00e9 ocurri\u00f3 exactamente durante el choque. A veces, las autoridades tienen dificultades para recrear la escena de la colisi\u00f3n y obtener respuestas reales. <\/p>\n<p>Uno de los grandes retos en estos casos es que, a menudo, el veh\u00edculo que golpea a otro no es en realidad el conductor culpable. Esto puede dificultar la determinaci\u00f3n de la culpa, ya que las autoridades tienden a suponer que el conductor que golpe\u00f3 a otro veh\u00edculo es el culpable. En una colisi\u00f3n t\u00edpica por alcance en Pembroke Pines o Florida, por ejemplo, el coche que golpea al que tiene delante suele considerarse el conductor culpable. En un accidente por cambio de carril, sin embargo, el conductor responsable de la colisi\u00f3n puede ser el conductor impactado. Si un conductor est\u00e1 tan distra\u00eddo que no se\u00f1aliza o no comprueba su \u00e1ngulo muerto antes de cambiar de carril y otro coche choca contra ese veh\u00edculo, el coche que choca contra el veh\u00edculo inicial es la v\u00edctima y el conductor distra\u00eddo el conductor culpable. Sin embargo, demostrarlo puede ser dif\u00edcil.     <\/p>\n<p>De hecho, tras un accidente por cambio de carril no es infrecuente que el conductor culpable culpe a otros conductores de la colisi\u00f3n. En estos casos, es importante trabajar con un abogado cualificado que pueda revisar los detalles del caso, hablar con expertos en reconstrucci\u00f3n de accidentes y testigos, y construir un caso s\u00f3lido que demuestre exactamente lo que ocurri\u00f3 en los segundos previos al accidente. <\/p>\n<p><strong class=\"heading4\">Habla hoy con un abogado de lesiones personales<\/strong><\/p>\n<p>Si has resultado herido en un accidente por cambio de carril o en otro accidente de tr\u00e1fico, es importante que consultes cuanto antes a un equipo jur\u00eddico cualificado. Quieres que se protejan tus derechos y que se inicie una investigaci\u00f3n lo antes posible para poder reunir el mayor n\u00famero de pruebas. <\/p>\n<p>Los abogados del Grupo Legal Flaxman trabajan r\u00e1pidamente para preservar tus derechos y cualquier evidencia que pudiera ser importante en tu caso. Los abogados de nuestra firma de servicios integrales trabajan con ingenieros, testigos expertos, investigadores privados, y un equipo de otros profesionales para establecer exactamente lo que sucedi\u00f3 en su colisi\u00f3n de tr\u00e1fico y para ayudar a protegerle mientras se persigue una justicia justa y una compensaci\u00f3n equitativa en su caso. Si usted desea averiguar si tiene una demanda legal, <a href=\"contacta con nosotros.html\">contacte hoy mismo al Grupo Legal Flaxman<\/a> para una revisi\u00f3n de su caso gratuita y sin compromiso.  <\/p>\n<\/p><\/div>\n<\/p><\/div>\n","protected":false},"excerpt":{"rendered":"<p>Sin honorarios a menos que ganemos. Llama al 866-352-9626 para una &#8230; <\/p>\n","protected":false},"author":3,"featured_media":0,"parent":0,"menu_order":0,"comment_status":"closed","ping_status":"closed","template":"template-practice-areas.php","meta":{"footnotes":""},"class_list":["post-21816","page","type-page","status-publish","hentry"],"featured_image_src":null,"featured_image_src_square":null,"_links":{"self":[{"href":"https:\/\/flaxmanlaw.com\/es\/wp-json\/wp\/v2\/pages\/21816","targetHints":{"allow":["GET"]}}],"collection":[{"href":"https:\/\/flaxmanlaw.com\/es\/wp-json\/wp\/v2\/pages"}],"about":[{"href":"https:\/\/flaxmanlaw.com\/es\/wp-json\/wp\/v2\/types\/page"}],"author":[{"embeddable":true,"href":"https:\/\/flaxmanlaw.com\/es\/wp-json\/wp\/v2\/users\/3"}],"replies":[{"embeddable":true,"href":"https:\/\/flaxmanlaw.com\/es\/wp-json\/wp\/v2\/comments?post=21816"}],"version-history":[{"count":0,"href":"https:\/\/flaxmanlaw.com\/es\/wp-json\/wp\/v2\/pages\/21816\/revisions"}],"wp:attachment":[{"href":"https:\/\/flaxmanlaw.com\/es\/wp-json\/wp\/v2\/media?parent=21816"}],"curies":[{"name":"wp","href":"https:\/\/api.w.org\/{rel}","templated":true}]}}