{"id":21818,"date":"2024-11-18T12:45:18","date_gmt":"2024-11-18T12:45:18","guid":{"rendered":"https:\/\/flaxmanlaw.wpenginepowered.com\/accidente-de-motorista-con-seguro-insuficiente-en-pembroke-pines-abogados-de-accidentes-de-coche-en-el-condado-de-broward\/"},"modified":"2024-11-18T12:45:18","modified_gmt":"2024-11-18T12:45:18","slug":"accidente-de-motorista-con-seguro-insuficiente-en-pembroke-pines-abogados-de-accidentes-de-coche-en-el-condado-de-broward","status":"publish","type":"page","link":"https:\/\/flaxmanlaw.com\/es\/accidente-de-motorista-con-seguro-insuficiente-en-pembroke-pines-abogados-de-accidentes-de-coche-en-el-condado-de-broward\/","title":{"rendered":"Accidente de motorista con seguro insuficiente en Pembroke Pines | Abogados de accidentes de coche en el condado de Broward"},"content":{"rendered":"<div class=\"bodytext\">\n<h2>Accidente de motorista con seguro insuficiente en Pembroke Pines<\/h1><\/h2>\n<div class=\"description\">\n<p>Seg\u00fan USA Today, hasta el 24% de los conductores de Florida conduc\u00edan sin seguro de coche en 2011. Esto no incluye la cantidad mucho mayor de conductores que ten\u00edan alg\u00fan seguro, pero no el suficiente para ayudar realmente a las v\u00edctimas que han resultado heridas en un accidente de tr\u00e1fico en Pembroke Pines o en sus comunidades. Si te ves implicado en un accidente de coche con uno de estos tipos de conductores, puede ser especialmente perturbador saber que el seguro por s\u00ed solo puede no cubrir el coste total de tus lesiones.  <\/p>\n<p>\u00bfA d\u00f3nde puede acudir si se ha visto involucrado en un accidente de atropellamiento y fuga en Pembroke Pines o en un accidente con un automovilista sin seguro o con seguro insuficiente? Los abogados del Grupo Legal Flaxman siempre est\u00e1n listos para ofrecer consultas gratuitas y sin compromiso de su caso a cualquier persona que haya resultado lesionada. Nuestro equipo de abogados puede revisar tu situaci\u00f3n y ayudarte a explorar todas tus opciones legales. Si has resultado lesionado, no dudes en contactar hoy mismo con nuestro bufete de servicios integrales para concertar tu cita gratuita.   <\/p>\n<p><strong class=\"heading4\">Qu\u00e9 puedes hacer para prevenir las colisiones con infraseguro en Pembroke Pines o en tu comunidad<\/strong><\/p>\n<p>Estar implicado en una colisi\u00f3n con un motorista sin seguro o con seguro insuficiente es muy molesto. Hay varias cosas que querr\u00e1s hacer para protegerte de esta situaci\u00f3n: <\/p>\n<p><strong>1) Si tienes un accidente de tr\u00e1fico, toma las medidas necesarias para conseguir la m\u00e1xima indemnizaci\u00f3n.<\/strong>  Si tienes un accidente de coche y sospechas que el otro conductor no tiene un seguro adecuado, busca la m\u00e1xima indemnizaci\u00f3n. Esto puede significar conseguir tantas pruebas e informaci\u00f3n sobre tu caso como sea posible. Haz fotos del lugar del accidente y consigue los datos de contacto de los testigos. Consigue informaci\u00f3n de contacto y del seguro del otro conductor y denuncia el accidente de inmediato. Antes de hacer nada, consulta con un abogado especializado en lesiones personales para averiguar qu\u00e9 opciones tienes.    <\/p>\n<p><strong>2) Contrata una cobertura de motorista con seguro insuficiente y sin seguro.<\/strong>  Una de las mejores formas de protegerte a ti y a tu familia es contratar una cobertura de motorista sin seguro o con seguro insuficiente en tu propia p\u00f3liza de accidentes de coche. Si alguna vez te das a la fuga o te ves implicado en un accidente con un conductor que no tiene un seguro adecuado para cubrir tus lesiones, este tipo de cobertura puede intervenir y cubrir tus gastos m\u00e9dicos y los que no cubra la p\u00f3liza de seguro del otro conductor. <\/p>\n<p><strong>3) No aceptes nunca ning\u00fan acuerdo ni firmes ning\u00fan documento tras una colisi\u00f3n sin hablar con un abogado especializado en lesiones personales.<\/strong>  Aunque tengas cobertura de motorista sin seguro o con seguro insuficiente, o creas que tus lesiones no son graves, es importante que consultes a un abogado especializado en lesiones personales antes de aceptar cualquier indemnizaci\u00f3n o prestaci\u00f3n del seguro. Quieres asegurarte de que la cantidad de dinero que recibas cubrir\u00e1 el coste total de tus lesiones y p\u00e9rdidas. No querr\u00e1s encontrarte en una situaci\u00f3n en la que tus prestaciones se agoten antes de que te hayas curado del todo y antes de que se compensen todos tus gastos.  <\/p>\n<p><strong class=\"heading4\">\u00bfTe gustar\u00eda hablar hoy con un abogado de lesiones personales sobre tu caso?<\/strong><\/p>\n<p>Los abogados del Grupo Legal Flaxman estar\u00e1n encantados de reunirse con usted en una evaluaci\u00f3n gratuita de su caso para hablar sobre su situaci\u00f3n. Nuestras l\u00edneas telef\u00f3nicas gratuitas al 866-352-9626 est\u00e1n atendidas las 24 horas del d\u00eda, los siete d\u00edas de la semana y nuestra firma de servicios integrales puede manejar cada detalle de su caso. Nuestros abogados tienen un historial de haber conseguido m\u00e1s de 100 millones de d\u00f3lares en nombre de miles de demandantes por lesiones personales en todo el sur de Florida.  <\/p>\n<\/p><\/div>\n<\/p><\/div>\n","protected":false},"excerpt":{"rendered":"<p>Sin honorarios a menos que ganemos. Llama al 866-352-9626 para una &#8230; <\/p>\n","protected":false},"author":3,"featured_media":0,"parent":0,"menu_order":0,"comment_status":"closed","ping_status":"closed","template":"template-practice-areas.php","meta":{"footnotes":""},"class_list":["post-21818","page","type-page","status-publish","hentry"],"featured_image_src":null,"featured_image_src_square":null,"_links":{"self":[{"href":"https:\/\/flaxmanlaw.com\/es\/wp-json\/wp\/v2\/pages\/21818","targetHints":{"allow":["GET"]}}],"collection":[{"href":"https:\/\/flaxmanlaw.com\/es\/wp-json\/wp\/v2\/pages"}],"about":[{"href":"https:\/\/flaxmanlaw.com\/es\/wp-json\/wp\/v2\/types\/page"}],"author":[{"embeddable":true,"href":"https:\/\/flaxmanlaw.com\/es\/wp-json\/wp\/v2\/users\/3"}],"replies":[{"embeddable":true,"href":"https:\/\/flaxmanlaw.com\/es\/wp-json\/wp\/v2\/comments?post=21818"}],"version-history":[{"count":0,"href":"https:\/\/flaxmanlaw.com\/es\/wp-json\/wp\/v2\/pages\/21818\/revisions"}],"wp:attachment":[{"href":"https:\/\/flaxmanlaw.com\/es\/wp-json\/wp\/v2\/media?parent=21818"}],"curies":[{"name":"wp","href":"https:\/\/api.w.org\/{rel}","templated":true}]}}