{"id":21819,"date":"2024-11-18T12:45:18","date_gmt":"2024-11-18T12:45:18","guid":{"rendered":"https:\/\/flaxmanlaw.wpenginepowered.com\/preguntas-frecuentes-sobre-lesiones-personales-abogados-de-accidentes-de-fort-lauderdale-grupo-legal-flaxman\/"},"modified":"2025-12-04T03:54:49","modified_gmt":"2025-12-04T03:54:49","slug":"preguntas-frecuentes-sobre-lesiones-personales-abogados-de-accidentes-de-fort-lauderdale-grupo-legal-flaxman","status":"publish","type":"page","link":"https:\/\/flaxmanlaw.com\/es\/preguntas-frecuentes-sobre-lesiones-personales-abogados-de-accidentes-de-fort-lauderdale-grupo-legal-flaxman\/","title":{"rendered":"Preguntas sobre Lesiones Personales"},"content":{"rendered":"<div class=\"bodytext\">\n<h2>Preguntas frecuentes sobre lesiones personales<\/h2>\n<div class=\"description\">\n<p>Cada a\u00f1o se atiende a m\u00e1s de 8 millones de pacientes en los servicios de urgencias de Florida y muchos m\u00e1s acuden a m\u00e9dicos, centros de urgencias o cl\u00ednicas debido a lesiones o accidentes inesperados. Para algunos de estos pacientes, las lesiones graves pueden ser mortales. Para otros, significa un largo camino hacia la recuperaci\u00f3n, que incluye facturas m\u00e9dicas y p\u00e9rdida de ingresos. De hecho, los gastos m\u00e9dicos inesperados son una de las principales causas de dificultades econ\u00f3micas, raz\u00f3n por la que muchos lesionados buscan una reclamaci\u00f3n legal y una indemnizaci\u00f3n.<\/p>\n<p>En el Grupo Legal Flaxman, a menudo escuchamos de residentes de Florida que han resultado lesionados y que no est\u00e1n seguros de qu\u00e9 hacer a continuaci\u00f3n. Es por ello que hemos elaborado esta secci\u00f3n de Preguntas Frecuentes con las preguntas que escuchamos m\u00e1s a menudo. Si su pregunta no est\u00e1 contestada aqu\u00ed o si desea informaci\u00f3n m\u00e1s espec\u00edfica sobre su propio caso potencial, <a href=\"contacta con nosotros.html\">contacte al Grupo Legal Flaxman para una consulta gratuita sobre accidentes<\/a>.<\/p>\n<ul id=\"top\" class=\"no-spacing-list\">\n<li><a href=\"lesiones-personales-faqs.html#Qu\u00e9SonLasLesionesPersonales\">\u00bfQu\u00e9 es una lesi\u00f3n personal?<\/a><\/li>\n<li><a href=\"lesiones personales-preguntas.html#\u00bfTodasLasLesionesDanDemanda?\">\u00bfTodas las lesiones dan lugar a reclamaciones?<\/a><\/li>\n<li><a href=\"lesiones-personales-faqs.html#Qu\u00e9TiposDeLesionesPersonalesComunes\">\u00bfCu\u00e1les son los tipos habituales de lesiones personales?<\/a><\/li>\n<li><a href=\"lesiones-personales-faqs.html#QuienEsDemandable\">\u00bfQui\u00e9n es responsable?<\/a><\/li>\n<li><a href=\"lesiones-personales-faqs.html#\u00bfCu\u00e1ntoPodr\u00edaValerMiDemandaPorDa\u00f1osPersonales?\">\u00bfCu\u00e1nto puede valer mi demanda por lesiones personales?<\/a><\/li>\n<li><a href=\"lesionespersonales-faqs.html#PorQu\u00e9Deber\u00edaInterponerUnaDemandaPorDa\u00f1osPersonales\">\u00bfPor qu\u00e9 debo presentar una demanda por lesiones personales?<\/a><\/li>\n<li><a href=\"lesiones-personales-faqs.html#C\u00f3moElegirUnAbogadoDeLesionesPersonales\">\u00bfC\u00f3mo elijo un abogado de lesiones personales?<\/a><\/li>\n<\/ul>\n<p><strong id=\"WhatIsaPersonalInjury\" class=\"heading4\">\u00bfQu\u00e9 es una lesi\u00f3n personal?<\/strong><\/p>\n<p>En t\u00e9rminos generales, las lesiones personales se refieren a una pr\u00e1ctica del derecho civil. Las demandas por lesiones personales son demandas civiles presentadas por demandantes que han sufrido lesiones y que solicitan una indemnizaci\u00f3n por p\u00e9rdidas salariales, facturas m\u00e9dicas, dolor y sufrimiento, gastos accesorios y otras p\u00e9rdidas relacionadas con su lesi\u00f3n.<\/p>\n<p><a href=\"preguntas frecuentes sobre lesiones personales#top\">Volver arriba<\/a><\/p>\n<p><strong id=\"DoAllInjuriesLeadtoClaims\" class=\"heading4\">\u00bfTodas las lesiones dan lugar a reclamaciones?<\/strong><\/p>\n<p>El mero hecho de sufrir lesiones no significa que tengas derecho a reclamar. Para tener una reclamaci\u00f3n legal, debes poder demostrar que tus lesiones fueron causadas por la negligencia de alguien y que la acci\u00f3n u omisi\u00f3n de la parte responsable provoc\u00f3 tus lesiones, que causaron p\u00e9rdidas econ\u00f3micas.<\/p>\n<p>No siempre es f\u00e1cil saber si tienes una reclamaci\u00f3n. Hablar con un abogado especializado en reclamaciones por lesiones personales es una forma de evaluar si tienes una reclamaci\u00f3n e incluso cu\u00e1nto puede valer tu reclamaci\u00f3n.<\/p>\n<p><a href=\"preguntas frecuentes sobre lesiones personales#top\">Volver arriba<\/a><\/p>\n<p><strong id=\"WhatAretheCommonPersonalInjuryTypes\" class=\"heading4\">\u00bfCu\u00e1les son los tipos habituales de lesiones personales?<\/strong><\/p>\n<p>Las lesiones pueden producirse en cualquier lugar, y entre las lesiones habituales que dan lugar a reclamaciones se incluyen:<\/p>\n<ul class=\"no-spacing-list\">\n<li>Resbalones y ca\u00eddas<\/li>\n<li>Lesiones causadas por productos inseguros<\/li>\n<li>Lesiones deportivas<\/li>\n<li>Lesiones en la escuela y la guarder\u00eda<\/li>\n<li>Lesiones en residencias de ancianos y residencias asistidas<\/li>\n<li>Lesiones laborales<\/li>\n<li>Tropiezos y ca\u00eddas<\/li>\n<li>Lesiones por accidente de tr\u00e1fico<\/li>\n<li>Lesiones causadas por la violencia<\/li>\n<li>Lesiones por accidente de navegaci\u00f3n<\/li>\n<li>Lesiones por accidente de peat\u00f3n<\/li>\n<li>Lesiones de m\u00e9dula espinal y espalda<\/li>\n<li>Traumatismo craneoencef\u00e1lico<\/li>\n<li>Quemaduras<\/li>\n<li>Lesiones en piscinas<\/li>\n<li>Lesiones de nacimiento<\/li>\n<li>Lesiones en bicicleta<\/li>\n<li>Lesiones por accidente de moto<\/li>\n<li>Lesiones por accidente de cami\u00f3n<\/li>\n<li>Lesi\u00f3n facial<\/li>\n<li>Fracturas<\/li>\n<li>Amputaciones<\/li>\n<\/ul>\n<p><a href=\"preguntas frecuentes sobre lesiones personales#top\">Volver arriba<\/a><\/p>\n<p><strong id=\"WhoIsLiable\" class=\"heading4\">\u00bfQui\u00e9n es responsable?<\/strong><\/p>\n<p>La responsabilidad en un caso de lesiones personales puede depender de qui\u00e9n ten\u00eda la obligaci\u00f3n de atender al demandante y de si esa parte tom\u00f3 todas las medidas razonables para evitar las lesiones. Por ejemplo, si est\u00e1s comprando en una tienda y te caes porque el suelo est\u00e1 resbaladizo, puedes presentar una demanda contra el propietario porque ten\u00eda la obligaci\u00f3n de mantener las instalaciones seguras para los clientes y no limpi\u00f3 el derrame.<\/p>\n<p>En algunos casos, puede haber varias partes responsables. Por ejemplo, en un accidente de coche puede considerarse responsable al otro conductor, pero tambi\u00e9n puedes reclamar contra el fabricante de tu coche si un fallo mec\u00e1nico contribuy\u00f3 al accidente. En algunos casos, los jurados declaran al demandante parcialmente responsable o responsable de las lesiones, pero esto a\u00fan puede permitirle obtener una indemnizaci\u00f3n por da\u00f1os y perjuicios por sus lesiones.<\/p>\n<p><a href=\"preguntas frecuentes sobre lesiones personales#top\">Volver arriba<\/a><\/p>\n<p><strong id=\"HowMuchCouldMyPersonalInjuryClaimBeWorth\" class=\"heading4\">\u00bfCu\u00e1nto puede valer mi demanda por lesiones personales?<\/strong><\/p>\n<p>La cuant\u00eda de la indemnizaci\u00f3n que puedes solicitar y conseguir depender\u00e1, por lo general, de la lesi\u00f3n y de las particularidades de tu caso. Cuantas m\u00e1s p\u00e9rdidas sufras, como p\u00e9rdida salarial y gastos m\u00e9dicos, m\u00e1s podr\u00e1s reclamar. Sin embargo, no hay garant\u00eda de que consigas esa cantidad o, de hecho, ninguna.<\/p>\n<p>Para hacerte una idea de la solidez de tu caso y de la cuant\u00eda econ\u00f3mica que puedes reclamar, consulta a un abogado experto en lesiones personales. Un abogado con experiencia ha visto muchos casos similares y tiene una idea de cu\u00e1nto puede valer una reclamaci\u00f3n.<\/p>\n<p><a href=\"preguntas frecuentes sobre lesiones personales#top\">Volver arriba<\/a><\/p>\n<p><strong id=\"WhyShouldIPursueaPersonalInjuryClaim\" class=\"heading4\">\u00bfPor qu\u00e9 debo presentar una demanda por lesiones personales?<\/strong><\/p>\n<p>Si has sufrido lesiones por la negligencia de alguien, no tienes obligaci\u00f3n de reclamar. Puedes aceptar una oferta del seguro por tus p\u00e9rdidas o pagar los costes de tu bolsillo. Sin embargo, muchas personas deciden reclamar una indemnizaci\u00f3n, en parte porque los costes de una lesi\u00f3n grave son muy elevados. Los gastos m\u00e9dicos continuados, los gastos imprevistos, los da\u00f1os materiales, la p\u00e9rdida de ingresos y otras p\u00e9rdidas derivadas de una lesi\u00f3n o accidente grave pueden causar graves dificultades econ\u00f3micas.<\/p>\n<p>Tambi\u00e9n hay otras razones para presentar una demanda. Algunos demandantes quieren que las partes responsables rindan cuentas, a veces para que las partes responsables hagan cambios que reduzcan el riesgo de lesiones para los dem\u00e1s. Para algunos demandantes, una demanda es parte del proceso de curaci\u00f3n y una forma de buscar justicia y una sensaci\u00f3n de cierre.<\/p>\n<p><a href=\"preguntas frecuentes sobre lesiones personales#top\">Volver arriba<\/a><\/p>\n<p><strong id=\"HowDoIChooseaPersonalInjuryLawyer\" class=\"heading4\">\u00bfC\u00f3mo elijo un abogado de lesiones personales?<\/strong><\/p>\n<p>Un abogado especializado en reclamaciones por lesiones personales puede facilitarte el proceso de recuperaci\u00f3n econ\u00f3mica, porque un abogado con experiencia puede orientarte y ocuparse de muchos detalles del complejo proceso de reclamaci\u00f3n. Al elegir un abogado, busca uno con experiencia que haya trabajado en casos similares al tuyo y haya tenido \u00e9xito tanto en el juicio como en las negociaciones. Busca a alguien con quien te comuniques bien y que te haga sentir c\u00f3modo. Vais a trabajar juntos durante meses o, potencialmente, m\u00e1s de un a\u00f1o, as\u00ed que querr\u00e1s forjar una s\u00f3lida relaci\u00f3n de trabajo.<\/p>\n<p>El Grupo Legal Flaxman es una firma legal con oficinas en Miami, Homestead y Hollywood. Servimos a toda el \u00e1rea de Florida del Sur y ya hemos recuperado m\u00e1s de 100 millones de d\u00f3lares para nuestros clientes. Aportamos m\u00e1s de 60 a\u00f1os de experiencia combinada, incluyendo una extensa experiencia en juicios y negociaciones. Si usted ha sufrido una lesi\u00f3n y le gustar\u00eda saber si tiene una demanda, <a href=\"contacta con nosotros.html\">contacte al Grupo Legal Flaxman para una consulta gratuita sobre accidentes<\/a>. Tu consulta inicial no conlleva ninguna obligaci\u00f3n; es una oportunidad para hacer preguntas e informarte sobre tus opciones para que puedas tomar una decisi\u00f3n sobre qu\u00e9 hacer a continuaci\u00f3n bas\u00e1ndote en el conocimiento.<\/p>\n<p><a href=\"preguntas frecuentes sobre lesiones personales#top\">Volver arriba<\/a><\/p>\n<\/div>\n<\/div>\n","protected":false},"excerpt":{"rendered":"<p>Sin honorarios a menos que ganemos. Llama al 866-352-9626 para una &#8230; <\/p>\n","protected":false},"author":3,"featured_media":0,"parent":0,"menu_order":0,"comment_status":"closed","ping_status":"closed","template":"template-practice-areas.php","meta":{"footnotes":""},"class_list":["post-21819","page","type-page","status-publish","hentry"],"featured_image_src":null,"featured_image_src_square":null,"_links":{"self":[{"href":"https:\/\/flaxmanlaw.com\/es\/wp-json\/wp\/v2\/pages\/21819","targetHints":{"allow":["GET"]}}],"collection":[{"href":"https:\/\/flaxmanlaw.com\/es\/wp-json\/wp\/v2\/pages"}],"about":[{"href":"https:\/\/flaxmanlaw.com\/es\/wp-json\/wp\/v2\/types\/page"}],"author":[{"embeddable":true,"href":"https:\/\/flaxmanlaw.com\/es\/wp-json\/wp\/v2\/users\/3"}],"replies":[{"embeddable":true,"href":"https:\/\/flaxmanlaw.com\/es\/wp-json\/wp\/v2\/comments?post=21819"}],"version-history":[{"count":0,"href":"https:\/\/flaxmanlaw.com\/es\/wp-json\/wp\/v2\/pages\/21819\/revisions"}],"wp:attachment":[{"href":"https:\/\/flaxmanlaw.com\/es\/wp-json\/wp\/v2\/media?parent=21819"}],"curies":[{"name":"wp","href":"https:\/\/api.w.org\/{rel}","templated":true}]}}