{"id":21821,"date":"2024-11-18T12:45:18","date_gmt":"2024-11-18T12:45:18","guid":{"rendered":"https:\/\/flaxmanlaw.wpenginepowered.com\/demandas-por-lesiones-personales-en-colorado-denver-co-abogados-de-litigios-entre-propietarios-e-inquilinos\/"},"modified":"2024-12-19T13:17:28","modified_gmt":"2024-12-19T13:17:28","slug":"demandas-por-lesiones-personales-en-colorado-denver-co-abogados-de-litigios-entre-propietarios-e-inquilinos","status":"publish","type":"page","link":"https:\/\/flaxmanlaw.com\/es\/demandas-por-lesiones-personales-en-colorado-denver-co-abogados-de-litigios-entre-propietarios-e-inquilinos\/","title":{"rendered":"Demandas por lesiones personales en Colorado | Denver, CO Abogados de litigios entre propietarios e inquilinos"},"content":{"rendered":"<div class=\"bodytext\">\n<h2>Demandas por lesiones personales en Colorado<\/h1><\/h2>\n<div class=\"description\">\n<p>En un caso de negligencia m\u00e9dica, los abogados pueden trabajar con testigos expertos para establecer la negligencia m\u00e9dica.<\/p>\n<p>En cada tipo de reclamaci\u00f3n por lesiones personales, tambi\u00e9n hay diferentes plazos de prescripci\u00f3n, que se refieren a los plazos que tienes para presentar una reclamaci\u00f3n.<\/p>\n<p>Un abogado experto en lesiones personales de Colorado se asegurar\u00e1 de que presentes la demanda dentro del plazo legal para que puedas solicitar una indemnizaci\u00f3n por tus p\u00e9rdidas.<\/p>\n<p><strong class=\"heading4\">Demandas por lesiones personales en Colorado<\/strong><\/p>\n<p>En Colorado, si usted ha sufrido una lesi\u00f3n debido a la negligencia de alguien, puede tener derecho a una indemnizaci\u00f3n por salarios perdidos, gastos m\u00e9dicos, dolor y sufrimiento, y otras p\u00e9rdidas. En el Grupo Legal Flaxman, estamos orgullosos de servir a Boulder, Basalt, Denver, y todas las dem\u00e1s comunidades de Colorado.<\/p>\n<p>Si te has lesionado en cualquier lugar de Colorado, siempre puedes <a href=\"contacta con nosotros.html\">ponerte en contacto con nosotros<\/a> para solicitar un <strong>consulta gratuita y sin compromiso. No hay riesgo <\/strong> para obtener informaci\u00f3n sobre si puedes tener derecho a reclamar.<\/p>\n<p><strong class=\"heading4\">Tipos de demandas por lesiones personales en Colorado<\/strong><\/p>\n<p>En Colorado, las demandas por lesiones personales pueden derivarse de cualquier lesi\u00f3n causada por negligencia. Los tipos habituales de demandas por lesiones personales son:<\/p>\n<ul class=\"no-spacing-list\">\n<li>Accidentes de tr\u00e1fico<\/li>\n<li>Accidentes por resbalones y ca\u00eddas<\/li>\n<li>Accidentes de cami\u00f3n, bicicleta o motocicleta<\/li>\n<li>Accidentes de peatones<\/li>\n<li>Mordeduras de perro<\/li>\n<li>Negligencia m\u00e9dica<\/li>\n<li>Responsabilidad del producto<\/li>\n<li>Accidentes de esqu\u00ed y snowboard<\/li>\n<li>Responsabilidad civil<\/li>\n<li>Muerte por negligencia<\/li>\n<\/ul>\n<p>Independientemente de tu tipo de accidente, investigamos a fondo cada reclamaci\u00f3n. Por ejemplo, tras un accidente de coche, un abogado puede trabajar con profesionales en reconstrucci\u00f3n de accidentes para descubrir qu\u00e9 caus\u00f3 el choque. En un caso de negligencia m\u00e9dica, los abogados pueden trabajar con testigos expertos para establecer la responsabilidad.<\/p>\n<p>En cada tipo de demanda por lesiones personales, existen tambi\u00e9n diferentes plazos de prescripci\u00f3n, que se refieren a la cantidad de tiempo que tienes para presentar una demanda. Un abogado experto en lesiones personales de Colorado puede asegurarse de que presentas la demanda dentro de los plazos de prescripci\u00f3n.<\/p>\n<p><strong class=\"heading4\">\u00bfQu\u00e9 debo hacer si sufro una lesi\u00f3n grave en Colorado?<\/strong><\/p>\n<p>Si has sufrido lesiones en cualquier tipo de accidente, estos son los pasos que debes dar:<\/p>\n<ul>\n<li><strong>Busca atenci\u00f3n m\u00e9dica.<\/strong> Busca atenci\u00f3n m\u00e9dica inmediatamente, aunque no est\u00e9s seguro de haberte lesionado o tus lesiones parezcan leves. Algunas lesiones graves, incluidas las lesiones craneales potencialmente mortales, pueden no presentar s\u00edntomas de inmediato. Adem\u00e1s, es importante documentar tus lesiones.<\/li>\n<li><strong>Informa del incidente.<\/strong> Dependiendo de la situaci\u00f3n, puede que tengas que denunciar la lesi\u00f3n. Si sufres un resbal\u00f3n y una ca\u00edda en una tienda, por ejemplo, informa del accidente al encargado. Consigue una copia del informe del incidente. En un accidente de coche, no hables con ninguna compa\u00f1\u00eda de seguros, ni siquiera con la tuya. Ponte en contacto inmediatamente con nuestro despacho para que podamos proteger tus derechos.<\/li>\n<li><strong>Re\u00fane pruebas.<\/strong> Si puedes, haz fotos del lugar del accidente, de los heridos y de los bienes u objetos implicados en el accidente. Consigue los nombres e informaci\u00f3n de contacto de los testigos. En cuanto puedas, anota todo lo que recuerdes y guarda los recibos o documentos relacionados con tus lesiones.<\/li>\n<li><strong>Ponte en contacto con un abogado de Colorado especializado en lesiones personales.<\/strong> El Grupo Legal Flaxman cuenta con m\u00e1s de 60 a\u00f1os de experiencia en lesiones personales. Ponte en contacto con nosotros inmediatamente y te explicaremos todo el proceso y estaremos a tu disposici\u00f3n 24 horas al d\u00eda, 7 d\u00edas a la semana.<\/li>\n<\/ul>\n<p><strong class=\"heading4\">\u00bfCu\u00e1nto vale mi caso de lesiones personales en Colorado?<\/strong><\/p>\n<p>Si has sufrido lesiones debido a la negligencia de otra parte, puedes solicitar una indemnizaci\u00f3n por da\u00f1os y perjuicios, que puede incluir cualquier p\u00e9rdida que hayas sufrido, como:<\/p>\n<ul>\n<li>Gastos m\u00e9dicos, incluidos los gastos hospitalarios, las facturas del m\u00e9dico, el coste de los dispositivos m\u00e9dicos, los costes de la medicaci\u00f3n y los costes de la fisioterapia continuada.<\/li>\n<li>Salarios perdidos, incluida la reducci\u00f3n de la capacidad de ganancia, la p\u00e9rdida de ingresos mientras no puedas trabajar y la p\u00e9rdida de prestaciones.<\/li>\n<li>Dolor y sufrimiento, incluida la angustia emocional, la p\u00e9rdida del disfrute de la vida y el dolor f\u00edsico.<\/li>\n<li>Da\u00f1os materiales, incluidos los da\u00f1os a tu coche, tel\u00e9fono, casa y otros bienes personales.<\/li>\n<li>Gastos imprevistos, como el coste de los cuidados a domicilio si necesitas ayuda con las tareas cotidianas.<\/li>\n<\/ul>\n<p>El valor de cada caso de accidente es diferente. Hablar con un abogado de lesiones personales en Colorado puede ayudarte. Los abogados del Grupo Legal Flaxman han trabajado con miles de clientes con lesiones similares a las tuyas. Habiendo trabajado para las compa\u00f1\u00edas de seguros, tenemos una experiencia \u00fanica para calcular tus p\u00e9rdidas.<\/p>\n<p>Si usted ha resultado lesionado en Colorado, <strong>Contacte al Grupo Legal Flaxman al 970-999-0530 para una consulta gratuita y sin compromiso.<\/strong> Revisaremos su situaci\u00f3n y le ayudaremos a comprender sus opciones.<\/p>\n<\/div>\n<div class=\"subpageslist\"><strong class=\"heading4 widget-title\"><a href=\"accidentes-de-coche-en-colorado.html\">Accidentes de tr\u00e1fico en Colorado<\/a><\/strong> <strong class=\"heading4 widget-title\"><a href=\"accidentes-esqui-en-colorado.html\">Accidentes de esqu\u00ed en Colorado<\/a><\/strong> <strong class=\"heading4 widget-title\"><a href=\"reclamaciones-por-mordeduras-de-perro-en-colorado.html\">Mordeduras de perro en Colorado<\/a><\/strong><\/div>\n<\/div>\n","protected":false},"excerpt":{"rendered":"<p>Sin honorarios a menos que ganemos. Llama al 866-352-9626 para una &#8230; <\/p>\n","protected":false},"author":3,"featured_media":0,"parent":0,"menu_order":0,"comment_status":"closed","ping_status":"closed","template":"template-practice-areas-lt.php","meta":{"footnotes":""},"class_list":["post-21821","page","type-page","status-publish","hentry"],"featured_image_src":null,"featured_image_src_square":null,"_links":{"self":[{"href":"https:\/\/flaxmanlaw.com\/es\/wp-json\/wp\/v2\/pages\/21821","targetHints":{"allow":["GET"]}}],"collection":[{"href":"https:\/\/flaxmanlaw.com\/es\/wp-json\/wp\/v2\/pages"}],"about":[{"href":"https:\/\/flaxmanlaw.com\/es\/wp-json\/wp\/v2\/types\/page"}],"author":[{"embeddable":true,"href":"https:\/\/flaxmanlaw.com\/es\/wp-json\/wp\/v2\/users\/3"}],"replies":[{"embeddable":true,"href":"https:\/\/flaxmanlaw.com\/es\/wp-json\/wp\/v2\/comments?post=21821"}],"version-history":[{"count":0,"href":"https:\/\/flaxmanlaw.com\/es\/wp-json\/wp\/v2\/pages\/21821\/revisions"}],"wp:attachment":[{"href":"https:\/\/flaxmanlaw.com\/es\/wp-json\/wp\/v2\/media?parent=21821"}],"curies":[{"name":"wp","href":"https:\/\/api.w.org\/{rel}","templated":true}]}}