{"id":21823,"date":"2024-11-18T12:45:18","date_gmt":"2024-11-18T12:45:18","guid":{"rendered":"https:\/\/flaxmanlaw.wpenginepowered.com\/muerte-por-negligencia-en-pembroke-pines-abogados-de-lesiones-personales-en-el-condado-de-broward\/"},"modified":"2024-11-18T12:45:18","modified_gmt":"2024-11-18T12:45:18","slug":"muerte-por-negligencia-en-pembroke-pines-abogados-de-lesiones-personales-en-el-condado-de-broward","status":"publish","type":"page","link":"https:\/\/flaxmanlaw.com\/es\/muerte-por-negligencia-en-pembroke-pines-abogados-de-lesiones-personales-en-el-condado-de-broward\/","title":{"rendered":"Muerte por negligencia en Pembroke Pines | Abogados de lesiones personales en el condado de Broward"},"content":{"rendered":"<div class=\"bodytext\">\n<h2>Muerte por negligencia en Pembroke Pines<\/h1><\/h2>\n<div class=\"description\">\n<p>Pembroke Pines es la segunda ciudad m\u00e1s grande del condado de Broward, en Florida. El lema de la ciudad es \u00ab\u00danete a nosotros &#8211; Progresa con nosotros\u00bb y la comunidad ha sido nombrada por varias organizaciones y revistas como una de las mejores ciudades para vivir en EEUU y como una de las mejores ciudades para criar hijos. En el pasado, Pembroke Pines ha sido galardonada con el \u00abAll-America City Award\u00bb de la Liga C\u00edvica Nacional y con premios de la Conferencia de Alcaldes de EEUU. El Departamento de Educaci\u00f3n de Florida tambi\u00e9n ha concedido a algunas de las escuelas de la ciudad el Premio a la Escuela de Cinco Estrellas, que es una de las razones por las que Pembroke Pines es popular entre las familias.  <\/p>\n<p>Aunque en Pembroke Pines se producen muertes todos los d\u00edas, puede ser especialmente doloroso para los familiares darse cuenta de que han perdido a un ser querido debido a la negligencia o imprudencia de alguien. Este tipo de muertes evitables suelen ser especialmente dif\u00edciles de superar para las familias, porque son repentinas, evitables y provocan mucha rabia y disgusto. <\/p>\n<p>La legislaci\u00f3n de Florida permite a algunos familiares directos presentar demandas <a href=\"muerte por negligencia.html\">por homicidio culposo<\/a> en Pembroke Pines en los casos en que la negligencia de alguien haya provocado un accidente mortal de coche, un error m\u00e9dico, un accidente de bicicleta u otro tipo de accidente en Pembroke Pines. En algunos de estos casos, una demanda por homicidio culposo en Pembroke Pines puede permitir a la familia recuperar dinero para los gastos m\u00e9dicos finales, el coste del funeral, el dolor y el sufrimiento, da\u00f1os punitivos y otros costes relacionados con la lesi\u00f3n. <\/p>\n<p>Sin embargo, al interponer una demanda por homicidio culposo en Pembroke Pines, es muy importante contratar al abogado de lesiones personales en Pembroke Pines adecuado. Las demandas por homicidio culposo pueden ser complejas, ya que existen plazos de prescripci\u00f3n y s\u00f3lo determinados familiares pueden presentar una demanda por homicidio culposo en Florida. Adem\u00e1s, para presentar con \u00e9xito una demanda por homicidio culposo en Pembroke Pines, los demandantes deben demostrar que la causa de la muerte fue una negligencia y no un simple accidente. A menudo se requiere una atenci\u00f3n considerable a los detalles, as\u00ed como pruebas considerables, para argumentar con \u00e9xito una indemnizaci\u00f3n por homicidio culposo. Un abogado experto y cualificado en homicidio culposo de Pembroke Pines tendr\u00e1 los conocimientos jur\u00eddicos y los recursos necesarios para emprender agresivamente este tipo de demanda, de modo que obtengas la indemnizaci\u00f3n m\u00e1s justa posible.    <\/p>\n<p>Si crees que puedes tener una demanda por homicidio culposo en Pembroke Pines, <a href=\"contacta con nosotros.html\">contacta<\/a> al Grupo Legal Flaxman para hablar sobre tu caso con un abogado de lesiones personales. El <a href=\"index.html\">Grupo Legal Flaxman<\/a> ha trabajado con miles de demandantes por lesiones personales y homicidio culposo a lo largo de los a\u00f1os, y el equipo legal de la firma cuenta con d\u00e9cadas de experiencia en diversos casos de lesiones personales. Con tres oficinas en el \u00e1rea de Florida del Sur, as\u00ed como un tel\u00e9fono atendido las 24 horas del d\u00eda, los siete d\u00edas de la semana, el Grupo Legal Flaxman se dedica a ayudar a los demandantes por lesiones personales en Florida del Sur a obtener la justicia que merecen. <a href=\"contacta con nosotros.html\">Contacte<\/a> hoy mismo al Grupo Legal Flaxman para programar su consulta gratuita y sin compromiso para hablar sobre su caso. Descubra lo que el Grupo Legal Flaxman puede hacer por usted y su familia.  <\/p>\n<\/p><\/div>\n<\/p><\/div>\n","protected":false},"excerpt":{"rendered":"<p>Sin honorarios a menos que ganemos. Llama al 866-352-9626 para una &#8230; <\/p>\n","protected":false},"author":3,"featured_media":0,"parent":0,"menu_order":0,"comment_status":"closed","ping_status":"closed","template":"template-practice-areas.php","meta":{"footnotes":""},"class_list":["post-21823","page","type-page","status-publish","hentry"],"featured_image_src":null,"featured_image_src_square":null,"_links":{"self":[{"href":"https:\/\/flaxmanlaw.com\/es\/wp-json\/wp\/v2\/pages\/21823","targetHints":{"allow":["GET"]}}],"collection":[{"href":"https:\/\/flaxmanlaw.com\/es\/wp-json\/wp\/v2\/pages"}],"about":[{"href":"https:\/\/flaxmanlaw.com\/es\/wp-json\/wp\/v2\/types\/page"}],"author":[{"embeddable":true,"href":"https:\/\/flaxmanlaw.com\/es\/wp-json\/wp\/v2\/users\/3"}],"replies":[{"embeddable":true,"href":"https:\/\/flaxmanlaw.com\/es\/wp-json\/wp\/v2\/comments?post=21823"}],"version-history":[{"count":0,"href":"https:\/\/flaxmanlaw.com\/es\/wp-json\/wp\/v2\/pages\/21823\/revisions"}],"wp:attachment":[{"href":"https:\/\/flaxmanlaw.com\/es\/wp-json\/wp\/v2\/media?parent=21823"}],"curies":[{"name":"wp","href":"https:\/\/api.w.org\/{rel}","templated":true}]}}