{"id":21824,"date":"2024-11-18T12:45:18","date_gmt":"2024-11-18T12:45:18","guid":{"rendered":"https:\/\/flaxmanlaw.wpenginepowered.com\/lesiones-laborales-en-pembroke-pines-abogados-de-indemnizacion-laboral-en-el-condado-de-broward\/"},"modified":"2024-11-18T12:45:18","modified_gmt":"2024-11-18T12:45:18","slug":"lesiones-laborales-en-pembroke-pines-abogados-de-indemnizacion-laboral-en-el-condado-de-broward","status":"publish","type":"page","link":"https:\/\/flaxmanlaw.com\/es\/lesiones-laborales-en-pembroke-pines-abogados-de-indemnizacion-laboral-en-el-condado-de-broward\/","title":{"rendered":"Lesiones Laborales en Pembroke Pines | Abogados de Indemnizaci\u00f3n Laboral en el Condado de Broward"},"content":{"rendered":"<div class=\"bodytext\">\n<h2>Lesiones laborales en Pembroke Pines<\/h1><\/h2>\n<div class=\"description\">\n<p>Pembroke Pines, en el condado de Broward, est\u00e1 situada a s\u00f3lo veinte minutos de Fort Lauderdale y a veinticinco minutos de Miami. La ciudad ha recibido muchos premios, entre ellos el \u00abAll-America City Award\u00bb de 2004 y el \u00abCity Livability Award\u00bb de 2005 de la Conferencia de Alcaldes de EE UU. Algunas escuelas de la ciudad tambi\u00e9n han sido reconocidas por el Departamento de Educaci\u00f3n de Florida con el premio Escuela Cinco Estrellas.  <\/p>\n<p><strong class=\"heading4\">Tipos de lesiones laborales en Pembroke Pines y otras comunidades<\/strong><\/p>\n<p>Cada a\u00f1o se lesionan en el trabajo 700.000 trabajadores en todo Florida. Las lesiones laborales en Pembroke Pines y en toda Florida var\u00edan mucho, pero pueden incluir: <\/p>\n<ul>\n<li>accidentes de coche en Pembroke Pines y otras comunidades en los que est\u00e9n implicados coches de empresa o propiedad de la empresa<\/li>\n<li>accidentes por resbalones y ca\u00eddas<\/li>\n<li>violencia laboral<\/li>\n<li>exposici\u00f3n a materiales t\u00f3xicos<\/li>\n<li>amputaciones<\/li>\n<li>fracturas<\/li>\n<li>lesiones por quemaduras<\/li>\n<li>enfermedades laborales, como el pulm\u00f3n negro<\/li>\n<\/ul>\n<p>Si te lesionas en el trabajo en Florida, es importante que avises inmediatamente a tu supervisor. Por ley, tu reclamaci\u00f3n de indemnizaci\u00f3n por accidente laboral en Pembroke Pines o Florida puede ser rechazada si esperas m\u00e1s de 30 d\u00edas para notificar a tu lugar de trabajo cualquier lesi\u00f3n. En algunos casos, puedes esperar 30 d\u00edas desde el momento en que te diste cuenta de tu lesi\u00f3n. Por ejemplo, si has estado expuesto a una sustancia t\u00f3xica, es posible que no notes las repercusiones en tu salud hasta pasado un tiempo.   <\/p>\n<p><strong class=\"heading4\">El Proceso de Indemnizaci\u00f3n Laboral en Pembroke Pines y Florida<\/strong><\/p>\n<p>Una vez que informes de tu lesi\u00f3n en tu lugar de trabajo, se te pedir\u00e1 que rellenes un formulario de Primer Aviso de Lesi\u00f3n, que se remitir\u00e1 a tu empresa y a tu compa\u00f1\u00eda de seguros. Es importante ser muy detallado al rellenar este formulario y enumerar todas las posibles lesiones. Es posible que no obtengas prestaciones por lesiones que hayas olvidado mencionar o que no te hayan parecido lo bastante graves como para mencionarlas en este formulario. Tambi\u00e9n querr\u00e1s hacer fotos de tus lesiones y de los da\u00f1os materiales que se hayan producido tras el accidente laboral. Aunque no est\u00e1s obligado legalmente a hacerlo, puede ayudar a reforzar tu reclamaci\u00f3n.    <\/p>\n<p>Una vez que la aseguradora revise tu caso, se tomar\u00e1 una decisi\u00f3n sobre tus prestaciones y normalmente se te reembolsar\u00e1n los gastos de asistencia sanitaria, as\u00ed como parte de tu salario. Sin embargo, a veces hay problemas con las reclamaciones de indemnizaci\u00f3n por accidente laboral. Como Florida tiene un \u00edndice especialmente alto de fraude a las aseguradoras, \u00e9stas a veces revisan cuidadosamente las reclamaciones y en algunos casos pueden acusar de fraudulenta una reclamaci\u00f3n v\u00e1lida. En estos casos, puede resultar dif\u00edcil probar tu caso y obtener la indemnizaci\u00f3n que mereces. Por lo general, te conviene trabajar con un abogado especializado en lesiones personales que tenga experiencia en casos de indemnizaci\u00f3n laboral y en casos de lesiones personales en el sur de Florida.    <\/p>\n<p>\u00bfTienes problemas para conseguir prestaciones de indemnizaci\u00f3n por accidente laboral en Pembroke Pines o en tu comunidad? \u00bfEst\u00e1s confundido sobre los probables costos totales de tus lesiones?<a href=\"contacta con nosotros.html\"> Contacta<\/a> al Grupo Legal Flaxman para programar una consulta gratuita sobre accidentes y hablar sobre tu caso. El equipo jur\u00eddico del Grupo Legal Flaxman puede ayudarle a comprender c\u00f3mo afecta la ley a su demanda y puede ayudarle a determinar la mejor manera de proceder para obtener la compensaci\u00f3n m\u00e1s justa para pagar salarios perdidos, costos m\u00e9dicos, y otros gastos. Tu consulta inicial con el <a href=\"index.html\">Grupo Legal<\/a> Flaxman no cuesta nada y no conlleva ninguna obligaci\u00f3n, as\u00ed que no arriesgas nada al conocer los hechos sobre tu caso.   <\/p>\n<\/p><\/div>\n<\/p><\/div>\n","protected":false},"excerpt":{"rendered":"<p>Sin honorarios a menos que ganemos. Llama al 866-352-9626 para una &#8230; <\/p>\n","protected":false},"author":3,"featured_media":0,"parent":0,"menu_order":0,"comment_status":"closed","ping_status":"closed","template":"template-practice-areas.php","meta":{"footnotes":""},"class_list":["post-21824","page","type-page","status-publish","hentry"],"featured_image_src":null,"featured_image_src_square":null,"_links":{"self":[{"href":"https:\/\/flaxmanlaw.com\/es\/wp-json\/wp\/v2\/pages\/21824","targetHints":{"allow":["GET"]}}],"collection":[{"href":"https:\/\/flaxmanlaw.com\/es\/wp-json\/wp\/v2\/pages"}],"about":[{"href":"https:\/\/flaxmanlaw.com\/es\/wp-json\/wp\/v2\/types\/page"}],"author":[{"embeddable":true,"href":"https:\/\/flaxmanlaw.com\/es\/wp-json\/wp\/v2\/users\/3"}],"replies":[{"embeddable":true,"href":"https:\/\/flaxmanlaw.com\/es\/wp-json\/wp\/v2\/comments?post=21824"}],"version-history":[{"count":0,"href":"https:\/\/flaxmanlaw.com\/es\/wp-json\/wp\/v2\/pages\/21824\/revisions"}],"wp:attachment":[{"href":"https:\/\/flaxmanlaw.com\/es\/wp-json\/wp\/v2\/media?parent=21824"}],"curies":[{"name":"wp","href":"https:\/\/api.w.org\/{rel}","templated":true}]}}