{"id":21826,"date":"2024-11-18T12:45:18","date_gmt":"2024-11-18T12:45:18","guid":{"rendered":"https:\/\/flaxmanlaw.wpenginepowered.com\/resbalones-y-caidas-en-pembroke-pines-abogados-de-responsabilidad-de-locales-en-el-condado-de-broward\/"},"modified":"2024-11-18T12:45:18","modified_gmt":"2024-11-18T12:45:18","slug":"resbalones-y-caidas-en-pembroke-pines-abogados-de-responsabilidad-de-locales-en-el-condado-de-broward","status":"publish","type":"page","link":"https:\/\/flaxmanlaw.com\/es\/resbalones-y-caidas-en-pembroke-pines-abogados-de-responsabilidad-de-locales-en-el-condado-de-broward\/","title":{"rendered":"Resbalones y Ca\u00eddas en Pembroke Pines | Abogados de Responsabilidad de Locales en el Condado de Broward"},"content":{"rendered":"<div class=\"bodytext\">\n<h2>Resbal\u00f3n y ca\u00edda en Pembroke Pines<\/h1><\/h2>\n<div class=\"description\">\n<p>Pembroke Pines, en el condado de Broward de Florida, ha recibido numerosos premios y distinciones como una de las ciudades m\u00e1s habitables de la regi\u00f3n. Adem\u00e1s, las escuelas de Pembroke Pines han obtenido el reconocimiento del Departamento de Educaci\u00f3n de Florida. En 2010, BusinessWeek clasific\u00f3 a la comunidad como el mejor lugar para criar hijos. Era la segunda vez que Pembroke Pines recib\u00eda este honor. Con abundantes espacios verdes y calles seguras y limpias, Pembroke Pines se considera un lugar maravilloso para vivir.    <\/p>\n<p>Sin embargo, incluso las comunidades con premios ven su parte justa de accidentes, y \u00e9ste es el caso de Pembroke Pines. Los accidentes, como los de resbal\u00f3n y ca\u00edda, causan muchas lesiones cada a\u00f1o. Este tipo de accidentes puede provocar lesiones sorprendentemente graves. Cada a\u00f1o, los <a href=\"accidentes por resbalones y ca\u00eddas.html\">accidentes por resbal\u00f3n y ca\u00edda en Pembroke<\/a> Pines provocan lesiones cerebrales, lesiones de espalda, fracturas, huesos rotos y otras lesiones que pueden requerir semanas o incluso meses de atenci\u00f3n m\u00e9dica. En algunos casos, las lesiones son permanentes y pueden afectar a la v\u00edctima de por vida. Los accidentes por resbal\u00f3n y ca\u00edda en Pembroke Pines pueden provocar estr\u00e9s, p\u00e9rdida de ingresos, facturas m\u00e9dicas, dolor y sufrimiento, y dificultades econ\u00f3micas. Un buen abogado de lesiones personales del sur de Florida no puede eliminar el dolor y el sufrimiento que sientes, pero un abogado puede ayudarte a proteger tus derechos tras el accidente y puede perseguir tu caso para que obtengas la indemnizaci\u00f3n a la que puedes tener derecho seg\u00fan la legislaci\u00f3n de Florida. Esto puede ayudar al menos a eliminar la carga financiera que recae sobre ti y tu familia tras el accidente.       <\/p>\n<p>Si has sufrido tu accidente por resbal\u00f3n y ca\u00edda en un local comercial, tu accidente puede ser un caso de responsabilidad de local en Pembroke Pines. Es decir, si el propietario no cuid\u00f3 la propiedad y esta negligencia provoc\u00f3 tu accidente, puedes tener derecho a una indemnizaci\u00f3n mayor de la que imaginas. Adem\u00e1s, si tu accidente fue causado por la negligencia del propietario de un local comercial, tienes una oportunidad muy real de asegurarte de que otros no resulten tambi\u00e9n perjudicados por esta negligencia. En muchos casos, es dif\u00edcil determinar qui\u00e9n es responsable. Por eso es importante concertar una consulta gratuita sobre accidentes con el Grupo Legal Flaxman si has sufrido un accidente. El experimentado y bien informado equipo legal del Grupo Legal Flaxman puede ayudarte a entender tus derechos y puede ayudar a descubrir a todas las partes responsables.       <strong> <\/strong><\/p>\n<p><a href=\"index.html\">El Grupo Legal Flaxman<\/a> cuenta con agresivos abogados litigantes listos para luchar por tus derechos. Charles Flaxman, uno de los abogados fundadores del Grupo Legal Flaxman, tiene m\u00e1s de 25 a\u00f1os de experiencia como abogado de lesiones personales, as\u00ed como diez a\u00f1os de experiencia como ajustador de demandas en la industria de seguros. Esta experiencia \u00fanica asegura que \u00e9l entiende los casos desde ambos lados de la corte y asegura que \u00e9l tiene el conocimiento interno para negociar agresivamente en su nombre con las aseguradoras. Charles Flaxman y el Grupo Legal Flaxman han completado exitosamente miles de casos de lesiones personales en Florida, as\u00ed que cuando usted trabaja con el Grupo Legal Flaxman puede disfrutar de la tranquilidad de saber que est\u00e1 representado por profesionales experimentados y conocedores.   <\/p>\n<p>El Grupo Legal Flaxman cuenta con la asistencia de expertos en cuidados de la salud, investigadores privados, expertos actuarios y otros profesionales que trabajan para conseguirte la compensaci\u00f3n que mereces. Con el Grupo Legal Flaxman, usted nunca estar\u00e1 solo despu\u00e9s de su accidente por resbal\u00f3n y ca\u00edda, porque tiene un equipo legal compasivo y profesional detr\u00e1s de usted en cada paso del camino. El equipo jur\u00eddico del Grupo Legal Flaxman cuenta con una extensa experiencia en casos de resbal\u00f3n y ca\u00edda y de lesiones personales en Pembroke Pines. Nuestra experiencia puede trabajar para usted para que pueda trabajar en recuperarse y sanar.   <\/p>\n<p>Pembroke Pines, Florida, est\u00e1 a s\u00f3lo unos siete minutos de las oficinas en Hollywood del Grupo Legal Flaxman. Para llegar a las oficinas, dir\u00edgete al este por SW 8th Street y gira a la izquierda en SW 68th Boulevard, luego a la derecha en Hollywood Boulevard. Despu\u00e9s, gira a la izquierda en FL-7 N y a la derecha en Johnson Street. Las oficinas del Grupo Legal Flaxman est\u00e1n en el 5715 de Johnson Street.   <\/p>\n<\/p><\/div>\n<\/p><\/div>\n","protected":false},"excerpt":{"rendered":"<p>Sin honorarios a menos que ganemos. Llama al 866-352-9626 para una &#8230; <\/p>\n","protected":false},"author":3,"featured_media":0,"parent":0,"menu_order":0,"comment_status":"closed","ping_status":"closed","template":"template-practice-areas.php","meta":{"footnotes":""},"class_list":["post-21826","page","type-page","status-publish","hentry"],"featured_image_src":null,"featured_image_src_square":null,"_links":{"self":[{"href":"https:\/\/flaxmanlaw.com\/es\/wp-json\/wp\/v2\/pages\/21826","targetHints":{"allow":["GET"]}}],"collection":[{"href":"https:\/\/flaxmanlaw.com\/es\/wp-json\/wp\/v2\/pages"}],"about":[{"href":"https:\/\/flaxmanlaw.com\/es\/wp-json\/wp\/v2\/types\/page"}],"author":[{"embeddable":true,"href":"https:\/\/flaxmanlaw.com\/es\/wp-json\/wp\/v2\/users\/3"}],"replies":[{"embeddable":true,"href":"https:\/\/flaxmanlaw.com\/es\/wp-json\/wp\/v2\/comments?post=21826"}],"version-history":[{"count":0,"href":"https:\/\/flaxmanlaw.com\/es\/wp-json\/wp\/v2\/pages\/21826\/revisions"}],"wp:attachment":[{"href":"https:\/\/flaxmanlaw.com\/es\/wp-json\/wp\/v2\/media?parent=21826"}],"curies":[{"name":"wp","href":"https:\/\/api.w.org\/{rel}","templated":true}]}}