{"id":21827,"date":"2024-11-18T12:45:18","date_gmt":"2024-11-18T12:45:18","guid":{"rendered":"https:\/\/flaxmanlaw.wpenginepowered.com\/accidentes-de-vuelco-en-pembroke-pines-abogados-de-accidentes-de-coche-en-el-condado-de-broward\/"},"modified":"2024-11-18T12:45:18","modified_gmt":"2024-11-18T12:45:18","slug":"accidentes-de-vuelco-en-pembroke-pines-abogados-de-accidentes-de-coche-en-el-condado-de-broward","status":"publish","type":"page","link":"https:\/\/flaxmanlaw.com\/es\/accidentes-de-vuelco-en-pembroke-pines-abogados-de-accidentes-de-coche-en-el-condado-de-broward\/","title":{"rendered":"Accidentes de vuelco en Pembroke Pines | Abogados de accidentes de coche en el condado de Broward"},"content":{"rendered":"<div class=\"bodytext\">\n<h2>Accidentes por vuelco en Pembroke Pines<\/h1><\/h2>\n<div class=\"description\">\n<p>Seg\u00fan la Administraci\u00f3n Nacional de Seguridad del Tr\u00e1fico en Carretera, los accidentes por vuelco en Florida suelen afectar a camiones ligeros. De hecho, de los 550 accidentes con vuelco que provocan v\u00edctimas mortales cada a\u00f1o, m\u00e1s de 350 suelen afectar a camiones ligeros, m\u00e1s de 160 a turismos, 20 a camiones grandes y seis a otros tipos de veh\u00edculos. B\u00e1sicamente, cualquier tipo de veh\u00edculo puede provocar un accidente por vuelco, por lo que es importante estar preparado.  <\/p>\n<p>Los abogados del Grupo Legal Flaxman han manejado casos de lesiones personales y accidentes automovil\u00edsticos en Pembroke Pines, Hollywood, Homestead, y en todo Florida del Sur. Al asegurar la compensaci\u00f3n para los demandantes, nuestros abogados han visto de primera mano la angustia y las dificultades financieras que las lesiones graves pueden causar. Si usted ha resultado lesionado en una volcadura, por favor al menos obtenga asesor\u00eda legal antes de aceptar un arreglo u oferta del seguro que podr\u00eda no cubrir todos sus costos. El Grupo Legal Flaxman ofrece consultas gratuitas y sin compromiso, as\u00ed que no tienes nada que perder al obtener asesor\u00eda legal sobre tu caso.   <\/p>\n<p><strong class=\"heading4\">\u00bfQu\u00e9 caus\u00f3 tu accidente con vuelco?<\/strong><\/p>\n<p>Los accidentes por vuelco son situaciones complicadas y, en muchos casos, en estos accidentes intervienen factores ambientales, otros conductores, las condiciones de la carretera y aspectos complicados del veh\u00edculo que s\u00f3lo un ingeniero puede revisar. Si has resultado herido en un accidente con vuelco, es muy probable que la negligencia o imprudencia del fabricante de tu veh\u00edculo o del municipio donde se produjo el accidente haya desempe\u00f1ado un papel en el mismo. Cada a\u00f1o, hay personas que resultan gravemente heridas o mueren porque los municipios no proporcionan unas condiciones viarias seguras o porque los fabricantes de veh\u00edculos crean coches inseguros que pueden volcar f\u00e1cilmente en un accidente o no protegen a los ocupantes en caso de accidente. Si has resultado herido en un accidente con vuelco, es importante que consultes a un abogado especializado en lesiones personales para obtener orientaci\u00f3n y asesoramiento jur\u00eddico.   <\/p>\n<p><strong class=\"heading4\">\u00bfPuedes reclamar da\u00f1os y perjuicios tras tu accidente de coche o moto en Pembroke Pines?<\/strong><\/p>\n<p>Muchos demandantes se sorprenden al descubrir que tienen un caso e incluso pueden presentar demandas contra varias partes responsables. En algunos casos, pueden reclamar indemnizaciones por salarios perdidos, p\u00e9rdida de ingresos futuros, gastos m\u00e9dicos, da\u00f1os materiales, dolor y sufrimiento, y mucho m\u00e1s. Para saber si tienes un caso, deber\u00e1s consultar a un abogado especializado en lesiones personales.  <\/p>\n<p>Cuando hablas con los abogados <strong>del Grupo Legal Flaxman<\/strong>, tienes la seguridad y la tranquilidad de saber que est\u00e1s tratando con un equipo legal profesional y compasivo. Nuestros abogados cuentan con m\u00e1s de seis d\u00e9cadas de experiencia en los tribunales y en la negociaci\u00f3n con las aseguradoras. Luchamos agresivamente en nombre de los clientes, pero tambi\u00e9n comprendemos lo traum\u00e1ticos que son los accidentes de coche y hacemos todo lo posible por ofrecer un entorno afectuoso. Nos ponemos a disposici\u00f3n de los clientes y trabajamos duro para ofrecerles el mejor apoyo posible.   <\/p>\n<p>Nuestro bufete de servicios jur\u00eddicos integrales se ocupa de todos los detalles para que nuestros clientes puedan centrarse en sus familias y en curarse tras un accidente grave. Adem\u00e1s, nuestra <a href=\"contacta con nosotros.html\">consulta inicial<\/a> es gratuita y sin compromiso, para que puedas obtener asesoramiento e informaci\u00f3n jur\u00eddica sin tener que preocuparte por costes o compromisos. <\/p>\n<\/p><\/div>\n<\/p><\/div>\n","protected":false},"excerpt":{"rendered":"<p>Sin honorarios a menos que ganemos. Llama al 866-352-9626 para una &#8230; <\/p>\n","protected":false},"author":3,"featured_media":0,"parent":0,"menu_order":0,"comment_status":"closed","ping_status":"closed","template":"template-practice-areas.php","meta":{"footnotes":""},"class_list":["post-21827","page","type-page","status-publish","hentry"],"featured_image_src":null,"featured_image_src_square":null,"_links":{"self":[{"href":"https:\/\/flaxmanlaw.com\/es\/wp-json\/wp\/v2\/pages\/21827","targetHints":{"allow":["GET"]}}],"collection":[{"href":"https:\/\/flaxmanlaw.com\/es\/wp-json\/wp\/v2\/pages"}],"about":[{"href":"https:\/\/flaxmanlaw.com\/es\/wp-json\/wp\/v2\/types\/page"}],"author":[{"embeddable":true,"href":"https:\/\/flaxmanlaw.com\/es\/wp-json\/wp\/v2\/users\/3"}],"replies":[{"embeddable":true,"href":"https:\/\/flaxmanlaw.com\/es\/wp-json\/wp\/v2\/comments?post=21827"}],"version-history":[{"count":0,"href":"https:\/\/flaxmanlaw.com\/es\/wp-json\/wp\/v2\/pages\/21827\/revisions"}],"wp:attachment":[{"href":"https:\/\/flaxmanlaw.com\/es\/wp-json\/wp\/v2\/media?parent=21827"}],"curies":[{"name":"wp","href":"https:\/\/api.w.org\/{rel}","templated":true}]}}