{"id":21831,"date":"2024-11-18T12:45:18","date_gmt":"2024-11-18T12:45:18","guid":{"rendered":"https:\/\/flaxmanlaw.wpenginepowered.com\/accidentes-por-alcance-en-pembroke-pines-abogados-de-accidentes-de-coche-en-el-condado-de-broward\/"},"modified":"2024-11-18T12:45:18","modified_gmt":"2024-11-18T12:45:18","slug":"accidentes-por-alcance-en-pembroke-pines-abogados-de-accidentes-de-coche-en-el-condado-de-broward","status":"publish","type":"page","link":"https:\/\/flaxmanlaw.com\/es\/accidentes-por-alcance-en-pembroke-pines-abogados-de-accidentes-de-coche-en-el-condado-de-broward\/","title":{"rendered":"Accidentes por alcance en Pembroke Pines | Abogados de accidentes de coche en el condado de Broward"},"content":{"rendered":"<div class=\"bodytext\">\n<h2>Accidentes por alcance en Pembroke Pines<\/h1><\/h2>\n<div class=\"description\">\n<p>Los accidentes por alcance son colisiones de tr\u00e1fico aterradoras en Pembroke Pines y otras comunidades de Florida. A menudo, no hay aviso. Puedes estar parado ante una se\u00f1al de tr\u00e1fico o un sem\u00e1foro s\u00f3lo para descubrir que un veh\u00edculo choca contra la parte trasera de tu veh\u00edculo, empuj\u00e1ndote hacia delante en el tr\u00e1fico o contra el coche que tienes delante. Este tipo de accidentes suelen ser graves porque pueden convertirse en accidentes en cadena en los que se ven implicados varios coches. Aunque s\u00f3lo afecten a dos veh\u00edculos, la fuerza del impacto puede causar lesiones graves a los ocupantes de tu veh\u00edculo.    <\/p>\n<p>Si usted ha resultado lesionado debido a la imprudencia o negligencia de alguien, la ley de Florida le permite buscar una compensaci\u00f3n que puede ayudarle a pagar los gastos m\u00e9dicos, la p\u00e9rdida de ingresos, y otras p\u00e9rdidas y da\u00f1os que pueda sufrir como resultado de sus lesiones. Para saber m\u00e1s y averiguar qu\u00e9 es posible en tu caso, contacta con el Grupo Legal Flaxman en cualquier momento para concertar una revisi\u00f3n gratuita y sin compromiso de tu caso. <\/p>\n<p><strong class=\"heading4\">Por qu\u00e9 se producen accidentes de coche y moto por alcance en Pembroke Pines y Florida<\/strong><\/p>\n<p>Puede haber muchas razones para que se produzca un accidente grave por derivaci\u00f3n trasera:<\/p>\n<ul>\n<li>Conducci\u00f3n distra\u00edda<\/li>\n<li>Conducci\u00f3n bajo los efectos del alcohol<\/li>\n<li>Fallo de frenado<\/li>\n<li>T\u00e9cnicas de frenado incorrectas<\/li>\n<li>No ceder el paso<\/li>\n<li>Para ir a la cola<\/li>\n<\/ul>\n<p>En muchos casos, los accidentes por alcance pueden evitarse. Suelen estar provocados por un conductor que no est\u00e1 atento a la carretera o al coche que tiene delante. Si has resultado herido porque un coche o un cami\u00f3n choc\u00f3 contra la parte trasera de tu veh\u00edculo, mereces respuestas. Habla con un abogado de lesiones personales. En este tipo de accidentes de tr\u00e1fico, a menudo existe la posibilidad de obtener una indemnizaci\u00f3n en nombre de las v\u00edctimas lesionadas.    <\/p>\n<p><strong class=\"heading4\">\u00bfQui\u00e9n te ayudar\u00e1 tras una colisi\u00f3n de tr\u00e1fico?<\/strong><\/p>\n<p>Si has sufrido una colisi\u00f3n de tr\u00e1fico grave, necesitar\u00e1s ayuda. Necesitar\u00e1s ayuda para obtener atenci\u00f3n m\u00e9dica, una indemnizaci\u00f3n y resolver el proceso del seguro. Puedes contar con tu compa\u00f1\u00eda de seguros para que te ayude tras un accidente, pero ten en cuenta que la compa\u00f1\u00eda de seguros es responsable principalmente ante sus accionistas, no necesariamente ante ti.  <\/p>\n<p>Aunque pagues fielmente las primas del seguro, necesitas asesoramiento jur\u00eddico antes de aceptar cualquier oferta que te haga el seguro. No querr\u00e1s encontrarte en la situaci\u00f3n de necesitar una intervenci\u00f3n quir\u00fargica unos meses despu\u00e9s de la colisi\u00f3n y descubrir que el dinero de tu seguro se ha agotado y no tienes a qui\u00e9n recurrir para pagar los gastos m\u00e9dicos necesarios. <\/p>\n<p>Los abogados del <a href=\"index.html\">Grupo Legal Flaxman<\/a> ya han recuperado m\u00e1s de $100 millones de d\u00f3lares a favor de clientes en todo Florida del Sur. De hecho, nuestros abogados cuentan con m\u00e1s de seis d\u00e9cadas de experiencia legal combinada y nuestro director y fundador, Charles Flaxman, tiene m\u00e1s de 30 a\u00f1os de experiencia como abogado litigante, as\u00ed como 10 a\u00f1os de experiencia en la industria de seguros. Puedes poner su pericia -y la experiencia de todo nuestro personal jur\u00eddico- a trabajar en tu caso hoy mismo <a href=\"contacta con nosotros.html\">poni\u00e9ndote en contacto con<\/a> el bufete de servicios integrales para concertar una revisi\u00f3n gratuita y sin compromiso de tu caso.  <\/p>\n<\/p><\/div>\n<\/p><\/div>\n","protected":false},"excerpt":{"rendered":"<p>Sin honorarios a menos que ganemos. Llama al 866-352-9626 para una &#8230; <\/p>\n","protected":false},"author":3,"featured_media":0,"parent":0,"menu_order":0,"comment_status":"closed","ping_status":"closed","template":"template-practice-areas.php","meta":{"footnotes":""},"class_list":["post-21831","page","type-page","status-publish","hentry"],"featured_image_src":null,"featured_image_src_square":null,"_links":{"self":[{"href":"https:\/\/flaxmanlaw.com\/es\/wp-json\/wp\/v2\/pages\/21831","targetHints":{"allow":["GET"]}}],"collection":[{"href":"https:\/\/flaxmanlaw.com\/es\/wp-json\/wp\/v2\/pages"}],"about":[{"href":"https:\/\/flaxmanlaw.com\/es\/wp-json\/wp\/v2\/types\/page"}],"author":[{"embeddable":true,"href":"https:\/\/flaxmanlaw.com\/es\/wp-json\/wp\/v2\/users\/3"}],"replies":[{"embeddable":true,"href":"https:\/\/flaxmanlaw.com\/es\/wp-json\/wp\/v2\/comments?post=21831"}],"version-history":[{"count":0,"href":"https:\/\/flaxmanlaw.com\/es\/wp-json\/wp\/v2\/pages\/21831\/revisions"}],"wp:attachment":[{"href":"https:\/\/flaxmanlaw.com\/es\/wp-json\/wp\/v2\/media?parent=21831"}],"curies":[{"name":"wp","href":"https:\/\/api.w.org\/{rel}","templated":true}]}}