{"id":21833,"date":"2024-11-18T12:45:18","date_gmt":"2024-11-18T12:45:18","guid":{"rendered":"https:\/\/flaxmanlaw.wpenginepowered.com\/accidente-en-el-transporte-publico-de-pembroke-pines-abogados-de-lesiones-del-condado-de-broward\/"},"modified":"2024-11-18T12:45:18","modified_gmt":"2024-11-18T12:45:18","slug":"accidente-en-el-transporte-publico-de-pembroke-pines-abogados-de-lesiones-del-condado-de-broward","status":"publish","type":"page","link":"https:\/\/flaxmanlaw.com\/es\/accidente-en-el-transporte-publico-de-pembroke-pines-abogados-de-lesiones-del-condado-de-broward\/","title":{"rendered":"Accidente en el transporte p\u00fablico de Pembroke Pines | Abogados de lesiones del condado de Broward"},"content":{"rendered":"<div class=\"bodytext\">\n<h2>Accidente en el transporte p\u00fablico de Pembroke Pines<\/h1><\/h2>\n<div class=\"description\">\n<p>Los accidentes de transporte p\u00fablico en Pembroke Pines y otras comunidades de Florida suelen ser muy dif\u00edciles para las v\u00edctimas implicadas. Por supuesto, cuando subimos a un autob\u00fas o a un tren esperamos que las autoridades de transporte hayan hecho todo lo razonablemente posible para mantenernos a salvo. Por desgracia, cuando los residentes de Florida sufren lesiones a bordo de autobuses, trenes y otros veh\u00edculos de transporte colectivo, a veces se encuentran con que les resulta dif\u00edcil obtener una indemnizaci\u00f3n por sus lesiones.  <\/p>\n<p>La realidad es que los sistemas de transporte p\u00fablico gozan de inmunidad frente a algunos tipos de responsabilidad. Esto puede hacer que obtener una indemnizaci\u00f3n justa sea m\u00e1s dif\u00edcil, pero ciertamente no imposible. Los abogados del Grupo Legal Flaxman han manejado antes casos de transporte masivo y accidentes de tr\u00e1fico y entienden c\u00f3mo construir casos s\u00f3lidos que mejoren las posibilidades de los clientes de obtener una compensaci\u00f3n justa. Si desea revisar sus opciones legales en una evaluaci\u00f3n gratuita de su caso, contacte a nuestra firma de servicios integrales al 866-352-9626.   <\/p>\n<p><strong class=\"heading4\">\u00bfPor qu\u00e9 se producen los accidentes de tr\u00e1fico?<\/strong><\/p>\n<p>En muchos casos, los accidentes de transporte p\u00fablico se producen por distracci\u00f3n o falta de formaci\u00f3n del operador o por desconocimiento de una zona. En algunos casos, estos accidentes se deben a condiciones de conducci\u00f3n inseguras o a fallos mec\u00e1nicos. Los fallos de los frenos y los problemas con los neum\u00e1ticos pueden ser un problema en los autobuses, por ejemplo. Si se descubre que la empresa propietaria del autob\u00fas o del tren ha sido negligente en el mantenimiento del autob\u00fas o del tren o ha sido negligente en la contrataci\u00f3n de operadores seguros para sus veh\u00edculos de transporte colectivo, puede haber partes responsables en tu caso y puedes tener una reclamaci\u00f3n legal que te permita pedir una indemnizaci\u00f3n por tus lesiones.   <\/p>\n<p>La realidad es que las agencias de transporte p\u00fablico y otras partes responsables est\u00e1n protegidas por poderosas compa\u00f1\u00edas de seguros, as\u00ed como por equipos de abogados. T\u00fa, como persona que ha sufrido lesiones, mereces al menos lo mismo. Hablar con un abogado de lesiones personales en Pembroke Pines o en tu comunidad te asegura tener a alguien que te ofrezca asesoramiento jur\u00eddico sobre tu situaci\u00f3n y te asegura tener a alguien que luche por tus derechos.  <\/p>\n<p><strong class=\"heading4\">\u00bfEst\u00e1s protegido tras una lesi\u00f3n grave o una colisi\u00f3n?<\/strong><\/p>\n<p>Las agencias de transporte p\u00fablico suelen tener sus propios investigadores, as\u00ed como equipos de abogados. Por esta raz\u00f3n, es importante que te pongas en contacto con un abogado especializado en lesiones personales para que pueda actuar r\u00e1pidamente en tu nombre y llevar a cabo su propia investigaci\u00f3n para obtener informaci\u00f3n sobre cualquier posible responsabilidad por parte de la agencia de transporte p\u00fablico y de cualquier otra parte. Un abogado puede investigar  <\/p>\n<ul>\n<li>Trabajar con investigadores privados<\/li>\n<li>Tomar declaraci\u00f3n a los testigos<\/li>\n<li>Entrevistar a los empleados<\/li>\n<li>Comprobar los antecedentes de las agencias de transporte p\u00fablico y de los empleados para verificar si han cometido infracciones de seguridad anteriormente<\/li>\n<\/ul>\n<p>Los abogados <a href=\"index.html\">del Grupo Legal Flaxman<\/a> han manejado miles de casos de lesiones personales, tr\u00e1nsito masivo y accidentes de tr\u00e1fico. Nuestros abogados est\u00e1n al lado de los clientes durante su d\u00eda en el tribunal y persiguen agresivamente los derechos de los clientes a una compensaci\u00f3n justa y completa. No dejamos piedra sin remover y utilizamos todos los recursos legales permitidos por la ley para buscar justicia y compensaci\u00f3n para quienes han resultado lesionados sin tener culpa alguna en tranv\u00edas, trenes, autobuses, metros y otros sistemas de transporte masivo.  <\/p>\n<\/p><\/div>\n<\/p><\/div>\n","protected":false},"excerpt":{"rendered":"<p>Sin honorarios a menos que ganemos. Llama al 866-352-9626 para una &#8230; <\/p>\n","protected":false},"author":3,"featured_media":0,"parent":0,"menu_order":0,"comment_status":"closed","ping_status":"closed","template":"template-practice-areas.php","meta":{"footnotes":""},"class_list":["post-21833","page","type-page","status-publish","hentry"],"featured_image_src":null,"featured_image_src_square":null,"_links":{"self":[{"href":"https:\/\/flaxmanlaw.com\/es\/wp-json\/wp\/v2\/pages\/21833","targetHints":{"allow":["GET"]}}],"collection":[{"href":"https:\/\/flaxmanlaw.com\/es\/wp-json\/wp\/v2\/pages"}],"about":[{"href":"https:\/\/flaxmanlaw.com\/es\/wp-json\/wp\/v2\/types\/page"}],"author":[{"embeddable":true,"href":"https:\/\/flaxmanlaw.com\/es\/wp-json\/wp\/v2\/users\/3"}],"replies":[{"embeddable":true,"href":"https:\/\/flaxmanlaw.com\/es\/wp-json\/wp\/v2\/comments?post=21833"}],"version-history":[{"count":0,"href":"https:\/\/flaxmanlaw.com\/es\/wp-json\/wp\/v2\/pages\/21833\/revisions"}],"wp:attachment":[{"href":"https:\/\/flaxmanlaw.com\/es\/wp-json\/wp\/v2\/media?parent=21833"}],"curies":[{"name":"wp","href":"https:\/\/api.w.org\/{rel}","templated":true}]}}