{"id":21834,"date":"2024-11-18T12:45:18","date_gmt":"2024-11-18T12:45:18","guid":{"rendered":"https:\/\/flaxmanlaw.wpenginepowered.com\/accidente-de-autobus-escolar-en-pembroke-pines-abogados-de-lesiones-del-condado-de-broward\/"},"modified":"2024-11-18T12:45:18","modified_gmt":"2024-11-18T12:45:18","slug":"accidente-de-autobus-escolar-en-pembroke-pines-abogados-de-lesiones-del-condado-de-broward","status":"publish","type":"page","link":"https:\/\/flaxmanlaw.com\/es\/accidente-de-autobus-escolar-en-pembroke-pines-abogados-de-lesiones-del-condado-de-broward\/","title":{"rendered":"Accidente de autob\u00fas escolar en Pembroke Pines | Abogados de lesiones del condado de Broward"},"content":{"rendered":"<div class=\"bodytext\">\n<h2>Accidente de autob\u00fas escolar en Pembroke Pines<\/h1><\/h2>\n<div class=\"description\">\n<p>Si tu hijo ha resultado herido en un accidente de autob\u00fas escolar en Pembroke Pines o en cualquier comunidad de Florida, es importante que busques asesoramiento jur\u00eddico inmediatamente. Existe un plazo de prescripci\u00f3n que te obliga a presentar r\u00e1pidamente una reclamaci\u00f3n legal en estos casos. Adem\u00e1s, es posible que las partes responsables y sus abogados o compa\u00f1\u00edas de seguros te ofrezcan un acuerdo o te pidan que firmes documentaci\u00f3n. Firmar esta documentaci\u00f3n puede, en algunos casos, limitar tu capacidad de reclamar una indemnizaci\u00f3n m\u00e1s adelante, si descubres que las lesiones de tu hijo eran m\u00e1s graves de lo que pensabas inicialmente.   <\/p>\n<p>Los abogados del Grupo Legal Flaxman comprenden lo dif\u00edcil que puede ser el tiempo inmediatamente posterior a una lesi\u00f3n grave. Nuestros abogados han trabajado con miles de sobrevivientes de accidentes de tr\u00e1fico y lesiones personales y nuestra firma de servicios integrales se complace en ofrecer asesor\u00eda legal r\u00e1pida y completa, as\u00ed como una representaci\u00f3n agresiva para los nuevos clientes. Si deseas programar una consulta gratuita sobre accidentes con nuestro equipo jur\u00eddico, ponte en contacto con nuestro bufete de abogados hoy mismo.  <\/p>\n<p><strong class=\"heading4\">\u00bfPor qu\u00e9 buscar asesoramiento jur\u00eddico tras una lesi\u00f3n infantil en Pembroke Pines o en tu comunidad?<\/strong><\/p>\n<p>Si tu hijo ha resultado herido en un accidente de autob\u00fas escolar, lo \u00faltimo que puedes estar considerando son las opciones legales. Sin embargo, buscar asesoramiento jur\u00eddico en tu situaci\u00f3n sirve para varias cosas: <\/p>\n<ul>\n<li>Se asegura de que comprendas el valor y la fuerza probables de tu caso<\/li>\n<li>Asegura que entiendes cu\u00e1nto pueden costar las lesiones de tu hijo, para que puedas tomar una decisi\u00f3n informada sobre cualquier acuerdo u oferta del seguro.<\/li>\n<li>Puede quitarte algo de presi\u00f3n permiti\u00e9ndote conseguir un abogado de lesiones personales que se ocupe de las compa\u00f1\u00edas de seguros, del proceso del seguro, del proceso de acuerdo o del proceso legal<\/li>\n<li>Puede ayudarte a ti y a tu familia a decidir qu\u00e9 medidas ser\u00edan las mejores para proteger a tu familia y a tu hijo.<\/li>\n<li>Puede ayudarte a buscar una indemnizaci\u00f3n para que puedas permitirte la mejor atenci\u00f3n m\u00e9dica de calidad y otros servicios para tu hijo mientras se recupera de sus lesiones.<\/li>\n<\/ul>\n<p>Aunque decidas no presentar una demanda judicial, hablar con un abogado de lesiones personales es importante para evaluar todas tus opciones legales. Aunque decidas no buscar un caso legal, un abogado de lesiones personales en Pembroke Pines o en tu comunidad puede ayudarte con el proceso del seguro o puede negociar con las compa\u00f1\u00edas de seguros o los abogados para garantizar que tu hijo reciba una oferta de indemnizaci\u00f3n justa y completa. <\/p>\n<p><strong class=\"heading4\">Causas comunes de los accidentes de autob\u00fas escolar<\/strong><\/p>\n<p>Hay muchas razones por las que puede producirse una colisi\u00f3n de autobuses escolares, pero las m\u00e1s comunes son:<\/p>\n<ul>\n<li>Distracci\u00f3n del conductor<\/li>\n<li>Conductores poco cualificados o poco formados<\/li>\n<li>Conducci\u00f3n bajo los efectos del alcohol<\/li>\n<li>Mal dise\u00f1o de las carreteras<\/li>\n<li>Mal estado de la carretera o condiciones meteorol\u00f3gicas<\/li>\n<li>Fallo mec\u00e1nico<\/li>\n<li>Mal dise\u00f1o del autob\u00fas escolar<\/li>\n<li>Las acciones imprudentes de otros conductores que comparten la carretera con el autob\u00fas escolar<\/li>\n<li>Mala selecci\u00f3n de conductores<\/li>\n<li>Malas pol\u00edticas para desembarcar y embarcar en el autob\u00fas escolar<\/li>\n<li>Un conductor que no comprueba antes de apartarse de la acera<\/li>\n<li>Un conductor aparca incorrectamente, de modo que los alumnos no pueden salir y entrar del autob\u00fas con seguridad<\/li>\n<\/ul>\n<p>Si usted desea asesor\u00eda legal despu\u00e9s de que su hijo ha resultado lesionado por un autob\u00fas escolar, no dude en <a href=\"contacta con nosotros.html\">contactar<\/a> al Grupo Legal Flaxman. Si desea que alguien est\u00e9 a su lado mientras usted lucha por la justicia en su caso, contacte hoy mismo al <a href=\"index.html\">Grupo Legal Flaxman <\/a>para programar una revisi\u00f3n de su caso gratuita y sin compromiso. <\/p>\n<\/p><\/div>\n<\/p><\/div>\n","protected":false},"excerpt":{"rendered":"<p>Sin honorarios a menos que ganemos. Llama al 866-352-9626 para una &#8230; <\/p>\n","protected":false},"author":3,"featured_media":0,"parent":0,"menu_order":0,"comment_status":"closed","ping_status":"closed","template":"template-practice-areas.php","meta":{"footnotes":""},"class_list":["post-21834","page","type-page","status-publish","hentry"],"featured_image_src":null,"featured_image_src_square":null,"_links":{"self":[{"href":"https:\/\/flaxmanlaw.com\/es\/wp-json\/wp\/v2\/pages\/21834","targetHints":{"allow":["GET"]}}],"collection":[{"href":"https:\/\/flaxmanlaw.com\/es\/wp-json\/wp\/v2\/pages"}],"about":[{"href":"https:\/\/flaxmanlaw.com\/es\/wp-json\/wp\/v2\/types\/page"}],"author":[{"embeddable":true,"href":"https:\/\/flaxmanlaw.com\/es\/wp-json\/wp\/v2\/users\/3"}],"replies":[{"embeddable":true,"href":"https:\/\/flaxmanlaw.com\/es\/wp-json\/wp\/v2\/comments?post=21834"}],"version-history":[{"count":0,"href":"https:\/\/flaxmanlaw.com\/es\/wp-json\/wp\/v2\/pages\/21834\/revisions"}],"wp:attachment":[{"href":"https:\/\/flaxmanlaw.com\/es\/wp-json\/wp\/v2\/media?parent=21834"}],"curies":[{"name":"wp","href":"https:\/\/api.w.org\/{rel}","templated":true}]}}