{"id":21835,"date":"2024-11-18T12:45:18","date_gmt":"2024-11-18T12:45:18","guid":{"rendered":"https:\/\/flaxmanlaw.wpenginepowered.com\/responsabilidad-por-productos-defectuosos-en-pembroke-pines-abogados-de-productos-defectuosos-en-el-condado-de-broward\/"},"modified":"2025-05-06T10:22:40","modified_gmt":"2025-05-06T10:22:40","slug":"responsabilidad-por-productos-defectuosos-en-pembroke-pines-abogados-de-productos-defectuosos-en-el-condado-de-broward","status":"publish","type":"page","link":"https:\/\/flaxmanlaw.com\/es\/responsabilidad-por-productos-defectuosos-en-pembroke-pines-abogados-de-productos-defectuosos-en-el-condado-de-broward\/","title":{"rendered":"Productos Defectuosos en Pembroke Pines"},"content":{"rendered":"<div class=\"bodytext\">\n<h2>Responsabilidad por productos defectuosos en Pembroke Pines<\/h2>\n<div class=\"description\">\n<p>Pembroke Pines es una comunidad del sur de Florida situada en el condado de Broward, cerca de los famosos Everglades de Florida. Considerado uno de los lugares m\u00e1s deseables para vivir en Florida, Pembroke Pines es famoso por sus magn\u00edficos colegios, su clima templado, su s\u00f3lida econom\u00eda y sus atractivas zonas residenciales. La zona tambi\u00e9n tiene muchas empresas y oportunidades econ\u00f3micas.<\/p>\n<p>Los clientes de Pembroke Pines compran productos todos los d\u00edas, como herramientas y productos para el lugar de trabajo, electrodom\u00e9sticos, productos de higiene personal y mucho m\u00e1s. Hay muchas leyes en vigor para garantizar que estos productos sean seguros y los clientes tienen diversas opciones cuando se trata de reclamar sobre productos que no son seguros. Si observas que un producto no es seguro, puedes ponerte en contacto con el fabricante o con la empresa o minorista que te vende el producto. Sin embargo, si has sufrido lesiones graves o has perdido a un ser querido a causa de un producto defectuoso, la legislaci\u00f3n de Florida te ofrece la posibilidad de recurrir a un abogado de lesiones personales de Pembroke Pines.<\/p>\n<p>La legislaci\u00f3n de Florida te permite presentar una demanda <a href=\"productos-responsabilidad.html\">por responsabilidad civil por productos defectuosos en Pembroke Pines<\/a> en los casos en que un producto defectuoso haya causado una lesi\u00f3n debido a un proceso de fabricaci\u00f3n defectuoso, un dise\u00f1o defectuoso o se\u00f1ales de advertencia inadecuadas en el producto. Si has utilizado un producto conforme a lo previsto, pero te ha causado lesiones graves, es posible que tengas derecho a reclamar. Puedes solicitar una indemnizaci\u00f3n por p\u00e9rdida de ingresos, dolor y sufrimiento, da\u00f1os materiales, gastos m\u00e9dicos y otros. Si tus lesiones han sido causadas por un producto defectuoso, puede ser importante que hables con un abogado especializado en lesiones personales y que interpongas una demanda judicial si tienes una reclamaci\u00f3n s\u00f3lida. Reclamar judicialmente responsabiliza a las empresas de su proceso de fabricaci\u00f3n y dise\u00f1o, y puede garantizar que otros clientes no sufran lesiones por el mismo producto defectuoso. Reclamar judicialmente tambi\u00e9n garantiza que no tengas que pagar de tu bolsillo el coste, a veces considerable, de las lesiones. Si la empresa ha sido negligente al crear y vender el producto, los clientes tienen todo el derecho a recurrir para asegurarse de que otros no resulten lesionados.<\/p>\n<p>Las empresas est\u00e1n protegidas por poderosas compa\u00f1\u00edas de seguros, por lo que si tienes un caso s\u00f3lido de responsabilidad por productos defectuosos en Pembroke Pines, es importante que trabajes con un abogado cualificado en lesiones personales de Pembroke Pines especializado en esta \u00e1rea. Un buen abogado puede investigar a la empresa y al fabricante, documentar tus lesiones, reunir pruebas del producto defectuoso y construir el caso m\u00e1s s\u00f3lido posible. Un buen abogado de lesiones personales de Pembroke Pines puede buscar una indemnizaci\u00f3n justa para ti mediante negociaciones extrajudiciales o a trav\u00e9s de un juicio, seg\u00fan sea necesario.<\/p>\n<p>Si usted ha resultado gravemente lesionado y cree que puede tener un caso de responsabilidad por productos defectuosos en Pembroke Pines, <a href=\"contacta con nosotros.html\">contacte<\/a> hoy mismo al Grupo Legal Flaxman para recibir una evaluaci\u00f3n gratuita de su caso. El Grupo Legal Flaxman es una firma de servicios integrales con oficinas en Miami, Homestead y Hollywood. El equipo jur\u00eddico del Grupo Legal Flaxman es profesional y compasivo, y tiene un historial probado de ayudar a las v\u00edctimas de lesiones personales en Florida del Sur a obtener una compensaci\u00f3n justa por sus lesiones. El equipo jur\u00eddico del <a href=\"index.html\">Grupo Legal<\/a> Flaxman respalda a las v\u00edctimas de lesiones personales en Pembroke Pines, trabajando duro para dar a las v\u00edctimas la mejor oportunidad posible de obtener una compensaci\u00f3n.<\/p>\n<\/div>\n<\/div>\n","protected":false},"excerpt":{"rendered":"<p>Sin honorarios a menos que ganemos. Llama al 866-352-9626 para una &#8230; <\/p>\n","protected":false},"author":3,"featured_media":0,"parent":0,"menu_order":0,"comment_status":"closed","ping_status":"closed","template":"template-practice-areas.php","meta":{"footnotes":""},"class_list":["post-21835","page","type-page","status-publish","hentry"],"featured_image_src":null,"featured_image_src_square":null,"_links":{"self":[{"href":"https:\/\/flaxmanlaw.com\/es\/wp-json\/wp\/v2\/pages\/21835","targetHints":{"allow":["GET"]}}],"collection":[{"href":"https:\/\/flaxmanlaw.com\/es\/wp-json\/wp\/v2\/pages"}],"about":[{"href":"https:\/\/flaxmanlaw.com\/es\/wp-json\/wp\/v2\/types\/page"}],"author":[{"embeddable":true,"href":"https:\/\/flaxmanlaw.com\/es\/wp-json\/wp\/v2\/users\/3"}],"replies":[{"embeddable":true,"href":"https:\/\/flaxmanlaw.com\/es\/wp-json\/wp\/v2\/comments?post=21835"}],"version-history":[{"count":0,"href":"https:\/\/flaxmanlaw.com\/es\/wp-json\/wp\/v2\/pages\/21835\/revisions"}],"wp:attachment":[{"href":"https:\/\/flaxmanlaw.com\/es\/wp-json\/wp\/v2\/media?parent=21835"}],"curies":[{"name":"wp","href":"https:\/\/api.w.org\/{rel}","templated":true}]}}