{"id":21837,"date":"2024-11-18T12:45:18","date_gmt":"2024-11-18T12:45:18","guid":{"rendered":"https:\/\/flaxmanlaw.wpenginepowered.com\/autobuses-privados-de-pembroke-pines-abogados-de-lesiones-del-condado-de-broward\/"},"modified":"2024-11-18T12:45:18","modified_gmt":"2024-11-18T12:45:18","slug":"autobuses-privados-de-pembroke-pines-abogados-de-lesiones-del-condado-de-broward","status":"publish","type":"page","link":"https:\/\/flaxmanlaw.com\/es\/autobuses-privados-de-pembroke-pines-abogados-de-lesiones-del-condado-de-broward\/","title":{"rendered":"Autobuses privados de Pembroke Pines | Abogados de lesiones del condado de Broward"},"content":{"rendered":"<div class=\"bodytext\">\n<h2>Autobuses Privados Pembroke Pines<\/h1><\/h2>\n<div class=\"description\">\n<p>Muchas colisiones de tr\u00e1fico en Pembroke Pines y el sur de Florida implican a veh\u00edculos privados de pasajeros. Sin embargo, si alguna vez te ves implicado en una colisi\u00f3n mientras eres pasajero de un autob\u00fas lanzadera o privado, descubrir\u00e1s que el proceso de reclamaci\u00f3n ser\u00e1 diferente. Es posible que no puedas recurrir a la compa\u00f1\u00eda de seguros de tu coche y que la empresa de autobuses de enlace tome medidas inmediatas para limitar su responsabilidad. Si utilizas un autob\u00fas de enlace con el aeropuerto u otro autob\u00fas privado porque no vives en la zona, puede ser especialmente aterrador estar lejos de casa y enfrentarte al proceso de reclamaci\u00f3n tras sufrir una lesi\u00f3n grave. No te equivoques: en este tipo de situaci\u00f3n, necesitas asesoramiento jur\u00eddico.    <\/p>\n<p>El bufete de abogados <a href=\"contacta con nosotros.html\">del Grupo Legal Flaxman<\/a> aboga en nombre de aquellos que han resultado lesionados en accidentes de autobuses de l\u00ednea y privados, y por las familias de aquellos que han fallecido en este tipo de colisiones. Buscamos da\u00f1os y compensaci\u00f3n en demandas legales por lesiones personales y homicidio culposo. Si usted ha resultado lesionado o si ha perdido a un ser querido en un accidente de transbordador de aeropuerto, autob\u00fas privado, autob\u00fas tur\u00edstico, o en cualquier colisi\u00f3n de veh\u00edculos motorizados, contacte inmediatamente al Grupo Legal Flaxman para recibir asesor\u00eda legal minuciosa, compasiva y honesta. Tu primera consulta con nosotros es absolutamente gratuita y sin compromiso.   <\/p>\n<p><strong class=\"heading4\">Causas de Accidentes de Autobuses Privados y Lanzaderas en Pembroke Pines y el Sur de Florida<\/strong><\/p>\n<p>Hay muchas razones por las que se producen colisiones de autobuses lanzadera, entre ellas:<\/p>\n<ul>\n<li>Fallo mec\u00e1nico<\/li>\n<li>Mal mantenimiento de los autobuses lanzadera<\/li>\n<li>Aver\u00eda de frenos<\/li>\n<li>Neum\u00e1ticos desinflados o sobreinflados<\/li>\n<li>Sobrecargar un autob\u00fas lanzadera con un n\u00famero excesivo de pasajeros<\/li>\n<li>Dise\u00f1o de carreteras<\/li>\n<li>Construcci\u00f3n<\/li>\n<li>Mala visibilidad<\/li>\n<li>Error del conductor<\/li>\n<li>Otros automovilistas<\/li>\n<li>Mal tiempo<\/li>\n<li>Conducci\u00f3n bajo los efectos del alcohol<\/li>\n<li>Conducci\u00f3n distra\u00edda<\/li>\n<li>Conductor en pr\u00e1cticas<\/li>\n<li>Conductores mal seleccionados<\/li>\n<\/ul>\n<p>Incluso puede haber m\u00e1s de una causa de tu colisi\u00f3n. Para averiguar cu\u00e1l ha sido la causa de tu accidente, es posible que desees una investigaci\u00f3n exhaustiva de las causas de la colisi\u00f3n. Un abogado de lesiones personales puede trabajar con las compa\u00f1\u00edas de seguros, pero tambi\u00e9n puede iniciar una investigaci\u00f3n independiente utilizando investigadores, ingenieros, peritos m\u00e9dicos, expertos en reconstrucci\u00f3n de accidentes y otros profesionales que pueden averiguar meticulosamente todas las causas de una colisi\u00f3n. Si decides presentar una demanda civil, esto puede ser especialmente importante, ya que puede ayudarte a descubrir qui\u00e9nes pueden ser las partes responsables en tu caso.   <\/p>\n<p><strong class=\"heading4\">Consigue asesoramiento jur\u00eddico hoy<\/strong><\/p>\n<p>Los abogados <a href=\"contacta con nosotros.html\">del Grupo Legal Flaxman<\/a> han trabajado con miles de demandantes en el Condado de Miami-Dade, en South Miami Heights, en el Condado de Broward, en el Condado de Palm Beach, y en las regiones circundantes, y como resultado, nuestros abogados comprenden las devastadoras consecuencias emocionales, financieras y f\u00edsicas de las lesiones por colisi\u00f3n de autob\u00fas de enlace. Nuestros abogados trabajan d\u00eda y noche y hacen todo lo posible por conseguir una indemnizaci\u00f3n y justicia en nombre de nuestros clientes. Si has sufrido lesiones y deseas asesoramiento jur\u00eddico y representaci\u00f3n legal personalizados, honestos y compasivos, ponte en contacto con nuestro bufete de abogados para que revisemos tu caso gratuitamente. Siempre puedes ponerte en contacto con nosotros a trav\u00e9s <a href=\"contacta con nosotros.html\">del sitio web<\/a> de nuestro bufete o llamando a nuestro tel\u00e9fono de atenci\u00f3n 24 horas, el 866-352-9626.   <\/p>\n<\/p><\/div>\n<\/p><\/div>\n","protected":false},"excerpt":{"rendered":"<p>Sin honorarios a menos que ganemos. Llama al 866-352-9626 para una &#8230; <\/p>\n","protected":false},"author":3,"featured_media":0,"parent":0,"menu_order":0,"comment_status":"closed","ping_status":"closed","template":"template-practice-areas.php","meta":{"footnotes":""},"class_list":["post-21837","page","type-page","status-publish","hentry"],"featured_image_src":null,"featured_image_src_square":null,"_links":{"self":[{"href":"https:\/\/flaxmanlaw.com\/es\/wp-json\/wp\/v2\/pages\/21837","targetHints":{"allow":["GET"]}}],"collection":[{"href":"https:\/\/flaxmanlaw.com\/es\/wp-json\/wp\/v2\/pages"}],"about":[{"href":"https:\/\/flaxmanlaw.com\/es\/wp-json\/wp\/v2\/types\/page"}],"author":[{"embeddable":true,"href":"https:\/\/flaxmanlaw.com\/es\/wp-json\/wp\/v2\/users\/3"}],"replies":[{"embeddable":true,"href":"https:\/\/flaxmanlaw.com\/es\/wp-json\/wp\/v2\/comments?post=21837"}],"version-history":[{"count":0,"href":"https:\/\/flaxmanlaw.com\/es\/wp-json\/wp\/v2\/pages\/21837\/revisions"}],"wp:attachment":[{"href":"https:\/\/flaxmanlaw.com\/es\/wp-json\/wp\/v2\/media?parent=21837"}],"curies":[{"name":"wp","href":"https:\/\/api.w.org\/{rel}","templated":true}]}}