{"id":21839,"date":"2024-11-18T12:45:18","date_gmt":"2024-11-18T12:45:18","guid":{"rendered":"https:\/\/flaxmanlaw.wpenginepowered.com\/lesiones-personales-en-pembroke-pines-abogados-de-accidentes-en-el-condado-de-broward\/"},"modified":"2025-12-04T04:02:37","modified_gmt":"2025-12-04T04:02:37","slug":"lesiones-personales-en-pembroke-pines-abogados-de-accidentes-en-el-condado-de-broward","status":"publish","type":"page","link":"https:\/\/flaxmanlaw.com\/es\/lesiones-personales-en-pembroke-pines-abogados-de-accidentes-en-el-condado-de-broward\/","title":{"rendered":"Lesiones personales en Pembroke Pines | Abogados en Broward"},"content":{"rendered":"<div class=\"bodytext\">\n<h2>Pembroke Pines Lesiones Personales<\/h1><\/h2>\n<div class=\"description\">\n<p>Pembroke Pines es una comunidad galardonada del condado de Broward, Florida. La segunda ciudad m\u00e1s grande del condado de Broward, Pembroke Pines ha sido nombrada una de las mejores ciudades para vivir en EE.UU. y tambi\u00e9n ha ganado el prestigioso \u00abAll-America City Award\u00bb de la Liga C\u00edvica Nacional. Adem\u00e1s, la comunidad tambi\u00e9n ha ganado el \u00abPremio a los logros sobresalientes 2005\u00bb de los \u00abPremios a la habitabilidad de la ciudad\u00bb. Muchas escuelas de la comunidad han recibido el \u00abPremio a la Escuela Cinco Estrellas\u00bb por su implicaci\u00f3n y excelencia en la comunidad. \u00ab\u00danete a nosotros y progresa con nosotros\u00bb es el lema de Pembroke Pines.<\/p>\n<p>Desde su incorporaci\u00f3n en 1960, la comunidad ha sido conocida por su belleza natural y sus numerosos pinos, que es una de las razones por las que la comunidad recibi\u00f3 el nombre de Pembroke Pines. Inicialmente, la zona era en gran parte rural y agr\u00edcola. Tras la II Guerra Mundial, muchos militares se establecieron en la zona, aunque no fue hasta 1992 cuando Pembroke Pines experiment\u00f3 un gran auge demogr\u00e1fico. Cuando el hurac\u00e1n Andrew azot\u00f3 Florida ese a\u00f1o, muchos residentes de Florida se trasladaron a Pembroke Pines desde sus hogares originales.<\/p>\n<p>El <a href=\"sobre nosotros.html\">Grupo Legal F<\/a> laxman se enorgullece de haber trabajado con muchos residentes de Pembroke Pines en casos de lesiones personales. Ayudar a la comunidad de Pembroke Pines ha sido una experiencia gratificante para el Grupo Legal Flaxman. Si usted o un ser querido ha sufrido lesiones personales en Pembroke Pines, puede llamar al Grupo Legal Flaxman en cualquier momento para programar una consulta gratuita y sin compromiso para hablar sobre su caso de lesiones personales en Pembroke Pines.<\/p>\n<p>El compasivo y experimentado equipo puede ayudarle a comprender sus derechos y opciones, puede ayudarle a revisar documentos relacionados con su caso de lesiones personales en Pembroke Pines, puede ayudarle a negociar con su aseguradora, y puede ayudarle a investigar su accidente. El equipo jur\u00eddico del Grupo Legal Flaxman tambi\u00e9n tiene experiencia en calcular con precisi\u00f3n los verdaderos costos de un caso de lesiones personales en Pembroke Pines, en encontrar testigos expertos y otros profesionales para un caso, en representar a v\u00edctimas de lesiones personales en Pembroke Pines en demandas legales, y en encontrar a todas las partes responsables en un accidente. Si usted necesita una firma legal de servicios integrales con experimentados abogados de Pembroke Pines a su lado, <a href=\"contacta con nosotros.html\">contacte al Grupo Legal Flaxman<\/a> para recibir asistencia.<\/p>\n<p>El Grupo Legal Flaxman cuenta con d\u00e9cadas de experiencia en casos de lesiones personales en Pembroke Pines y en casos de lesiones personales en Florida. Nuestro equipo jur\u00eddico ha ayudado a miles de v\u00edctimas de lesiones personales en toda Florida y en Pembroke Pines despu\u00e9s de accidentes automovil\u00edsticos, accidentes de cami\u00f3n, y muchos otros tipos de accidentes. El Grupo Legal Flaxman tiene un historial probado de juicios exitosos y excelentes recomendaciones de clientes pasados que fueron ayudados por el Grupo Legal Flaxman en sus casos. Si usted necesita un abogado de lesiones personales en Pembroke Pines, llame hoy mismo al Grupo Legal Flaxman para hablar con nuestro equipo jur\u00eddico.<\/p>\n<p>Conducir desde Pembroke Pines, Florida, hasta las oficinas en Hollywood del Grupo Legal Flaxman toma s\u00f3lo unos siete minutos. Para hacer el trayecto, empieza conduciendo hacia el este por SW 8th Street y gira a la izquierda en SW 68th Boulevard. Gira a la derecha en Hollywood Boulevard y luego a la izquierda en FL-7 N. Gira a la derecha en Johnson Street. El grupo Flaxman Law est\u00e1 situado a mano izquierda, en el 5715 de Johnson Street. Si no puedes visitarnos f\u00e1cilmente, el equipo legal del Grupo Legal Flaxman puede visitarte en tu casa, negocio, o en el hospital. Si necesitas programar una consulta, contacta hoy mismo al Grupo Legal Flaxman.<\/p>\n<\/div>\n<div class=\"subpageslist\"><strong class=\"heading4 widget-title\"><a href=\"pembroke-pines-accidente-de-camion.html\">Accidentes de cami\u00f3n<\/a><\/strong> <strong class=\"heading4 widget-title\"><a href=\"pembroke-pines-accidente-moto.html\">Accidentes de moto<\/a><\/strong> <strong class=\"heading4 widget-title\"><a href=\"pembroke-pines-muerte por negligencia.html\">Muerte por negligencia<\/a><\/strong> <strong class=\"heading4 widget-title\"><a href=\"pembroke-pines-lesion-cabeza.html\">Lesi\u00f3n en la cabeza<\/a><\/strong> <strong class=\"heading4 widget-title\"><a href=\"pembroke-pines-accidente-de-bicicleta.html\">Accidentes de bicicleta<\/a><\/strong> <strong class=\"heading4 widget-title\"><a href=\"pembroke-pines-productos-responsabilidad.html\">Responsabilidad por productos defectuosos<\/a><\/strong> <strong class=\"heading4 widget-title\"><a href=\"pembroke-pines-bus-accident.html\">Accidentes de autob\u00fas<\/a><\/strong> <strong class=\"heading4 widget-title\"><a href=\"pembroke-pines-medical-malpractice.html\">Negligencia m\u00e9dica<\/a><\/strong> <strong class=\"heading4 widget-title\"><a href=\"pembroke-pines-nursing-home-abuse.html\">Abuso en residencias de ancianos<\/a><\/strong> <strong class=\"heading4 widget-title\"><a href=\"pembroke-pines-ni\u00f1o-lesiones.html\">Lesiones infantiles<\/a><\/strong> <strong class=\"heading4 widget-title\"><a href=\"pembroke-pines-farmacia-negligencia.html\">Negligencia farmac\u00e9utica<\/a><\/strong> <strong class=\"heading4 widget-title\"><a href=\"pembroke-pines-impacto lateral.html\">Impacto lateral<\/a><\/strong> <strong class=\"heading4 widget-title\"><a href=\"pembroke-pines-ley-de-seguros.html\">Derecho de seguros<\/a><\/strong> <strong class=\"heading4 widget-title\"><a href=\"pembroke-pines-atropellado-por-un-conductor-borracho.html\">Atropellado por un conductor ebrio<\/a><\/strong> <strong class=\"heading4 widget-title\"><a href=\"pembroke-pines-accidente con fuga.html\">Accidentes con fuga<\/a><\/strong> <strong class=\"heading4 widget-title\"><a href=\"pembroke-pines-amputaciones.html\">Amputaciones<\/a><\/strong> <strong class=\"heading4 widget-title\"><a href=\"pembroke-pines-lesiones de parto.html\">Lesiones en el parto<\/a><\/strong> <strong class=\"heading4 widget-title\"><a href=\"pembroke-pines-perro-muerde.html\">Mordeduras de perro<\/a><\/strong> <strong class=\"heading4 widget-title\"><a href=\"pembroke-pines-autom\u00f3vil-motocicleta.html\">Autom\u00f3vil y Motocicleta<\/a><\/strong> <strong class=\"heading4 widget-title\"><a href=\"pembroke-pines-slip-and-fall.html\">Accidentes por resbalones y ca\u00eddas<\/a><\/strong> <strong class=\"heading4 widget-title\"><a href=\"pembroke-pines-lesiones laborales.html\">Lesiones laborales<\/a><\/strong> <strong class=\"heading4 widget-title\"><a href=\"pembroke-pines-fracaso-accidentes.html\">Accidentes por no ceder el paso<\/a><\/strong> <strong class=\"heading4 widget-title\"><a href=\"pembroke-pines-choque frontal.html\">Colisi\u00f3n frontal<\/a><\/strong> <strong class=\"heading4 widget-title\"><a href=\"pembroke-pines-accidente-de-motorista-sin-seguro.html\">Accidentes de motoristas con seguro insuficiente<\/a><\/strong> <strong class=\"heading4 widget-title\"><a href=\"pembroke-pines-peligros-de-la-carretera.html\">Peligros de la carretera<\/a><\/strong> <strong class=\"heading4 widget-title\"><a href=\"pembroke-pines-dise\u00f1o-carretera-pobre.html\">Mal dise\u00f1o de las carreteras<\/a><\/strong> <strong class=\"heading4 widget-title\"><a href=\"pembroke-pines-fallo-mecanico.html\">Fallo mec\u00e1nico<\/a><\/strong> <strong class=\"heading4 widget-title\"><a href=\"pembroke-pines-reacci\u00f3n-en-cadena-accidentes.html\">Accidentes en cadena<\/a><\/strong> <strong class=\"heading4 widget-title\"><a href=\"pembroke-pines-accidentes-por-volcadura.html\">Accidentes por vuelco<\/a><\/strong> <strong class=\"heading4 widget-title\"><a href=\"pembroke-pines-conduccion distraida.html\">Conducci\u00f3n distra\u00edda<\/a><\/strong> <strong class=\"heading4 widget-title\"><a href=\"colisiones en pembroke-pines-broadside.html\">Colisiones en Broadside<\/a><\/strong> <strong class=\"heading4 widget-title\"><a href=\"pembroke-pines-accidentes de cambio de carril inseguro.html\">Accidentes por cambio de carril inseguro<\/a><\/strong> <strong class=\"heading4 widget-title\"><a href=\"pembroke-pines-intersecci\u00f3n-accidentes.html\">Accidentes en intersecciones<\/a><\/strong> <strong class=\"heading4 widget-title\"><a href=\"pembroke-pines-seguridad-pasajeros.html\">Seguridad de los pasajeros<\/a><\/strong> <strong class=\"heading4 widget-title\"><a href=\"pembroke-pines-colisiones por giro a la izquierda.html\">Colisiones por giro a la izquierda<\/a><\/strong> <strong class=\"heading4 widget-title\"><a href=\"pembroke-pines-accidentes-de-choque-trasero.html\">Accidentes por alcance<\/a><\/strong> <strong class=\"heading4 widget-title\"><a href=\"pembroke-pines-equipamiento-pesado-fracasos.html\">Aver\u00edas de maquinaria pesada<\/a><\/strong> <strong class=\"heading4 widget-title\"><a href=\"pembroke-pines-drogas-peligrosas.html\">Drogas peligrosas<\/a><\/strong> <strong class=\"heading4 widget-title\"><a href=\"pembroke-pines-abandono-fisico.html\">Negligencia f\u00edsica<\/a><\/strong> <strong class=\"heading4 widget-title\"><a href=\"pembroke-pines-medical-neglect.html\">Negligencia m\u00e9dica<\/a><\/strong> <strong class=\"heading4 widget-title\"><a href=\"pembroke-pines-supervisi\u00f3n-inadecuada.html\">Supervisi\u00f3n inadecuada<\/a><\/strong> <strong class=\"heading4 widget-title\"><a href=\"pembroke-pines-vivienda-asistida-negligencia.html\">Negligencia en residencias asistidas<\/a><\/strong> <strong class=\"heading4 widget-title\"><a href=\"pembroke-pines-abuso-de-ancianos.html\">Abuso de ancianos<\/a><\/strong> <strong class=\"heading4 widget-title\"><a href=\"pembroke-pines-abuso-fisico.html\">Maltrato f\u00edsico<\/a><\/strong> <strong class=\"heading4 widget-title\"><a href=\"pembroke-pines-agresion-sexual.html\">Agresi\u00f3n sexual<\/a><\/strong> <strong class=\"heading4 widget-title\"><a href=\"pembroke-pines-lesion cerebral.html\">Lesi\u00f3n cerebral<\/a><\/strong> <strong class=\"heading4 widget-title\"><a href=\"pembroke-pines-school-bus-accident.html\">Accidente de autob\u00fas escolar<\/a><\/strong> <strong class=\"heading4 widget-title\"><a href=\"pembroke-pines-transporte-publico-accidente.html\">Accidentes en el transporte p\u00fablico<\/a><\/strong> <strong class=\"heading4 widget-title\"><a href=\"pembroke-pines-buses-privados.html\">Autobuses privados<\/a><\/strong> <strong class=\"heading4 widget-title\"><a href=\"pembroke-pines-premises-liability.html\">Responsabilidad de los locales<\/a><\/strong> <strong class=\"heading4 widget-title\"><a href=\"pembroke-pines-seguridad-inadecuada.html\">Seguridad inadecuada<\/a><\/strong> <strong class=\"heading4 widget-title\"><a href=\"pembroke-pines-dwi-dui-car-accidents.html\">Accidentes de tr\u00e1fico por DWI\/DUI<\/a><\/strong><\/div>\n<\/div>\n","protected":false},"excerpt":{"rendered":"<p>Sin honorarios a menos que ganemos. Llama al 866-352-9626 para una &#8230; <\/p>\n","protected":false},"author":3,"featured_media":54932,"parent":0,"menu_order":0,"comment_status":"closed","ping_status":"closed","template":"","meta":{"footnotes":""},"class_list":["post-21839","page","type-page","status-publish","has-post-thumbnail","hentry"],"featured_image_src":"https:\/\/flaxmanlaw.com\/wp-content\/uploads\/2025\/12\/personal-injury-lawyers-Pembroke-Pines-600x400.jpg","featured_image_src_square":"https:\/\/flaxmanlaw.com\/wp-content\/uploads\/2025\/12\/personal-injury-lawyers-Pembroke-Pines-600x600.jpg","_links":{"self":[{"href":"https:\/\/flaxmanlaw.com\/es\/wp-json\/wp\/v2\/pages\/21839","targetHints":{"allow":["GET"]}}],"collection":[{"href":"https:\/\/flaxmanlaw.com\/es\/wp-json\/wp\/v2\/pages"}],"about":[{"href":"https:\/\/flaxmanlaw.com\/es\/wp-json\/wp\/v2\/types\/page"}],"author":[{"embeddable":true,"href":"https:\/\/flaxmanlaw.com\/es\/wp-json\/wp\/v2\/users\/3"}],"replies":[{"embeddable":true,"href":"https:\/\/flaxmanlaw.com\/es\/wp-json\/wp\/v2\/comments?post=21839"}],"version-history":[{"count":0,"href":"https:\/\/flaxmanlaw.com\/es\/wp-json\/wp\/v2\/pages\/21839\/revisions"}],"wp:featuredmedia":[{"embeddable":true,"href":"https:\/\/flaxmanlaw.com\/es\/wp-json\/wp\/v2\/media\/54932"}],"wp:attachment":[{"href":"https:\/\/flaxmanlaw.com\/es\/wp-json\/wp\/v2\/media?parent=21839"}],"curies":[{"name":"wp","href":"https:\/\/api.w.org\/{rel}","templated":true}]}}